{"id":25501,"date":"2022-10-11T14:01:48","date_gmt":"2022-10-11T12:01:48","guid":{"rendered":"https:\/\/hawos.de\/product\/flour-catcher-for-various-hand-mills\/"},"modified":"2025-10-05T21:48:18","modified_gmt":"2025-10-05T19:48:18","slug":"mehlauffangbehaelter-fuer-verschiedene-handmuehlen","status":"publish","type":"product","link":"https:\/\/hawos.de\/en\/produkte\/mehlauffangbehaelter-fuer-verschiedene-handmuehlen\/","title":{"rendered":"Mehlauffangbeh\u00e4lter f\u00fcr verschiedene Handm\u00fchlen"},"content":{"rendered":"<p>Alles im Blick durch den transparenten Auffangbeh\u00e4lter aus schlagfestem Makrolon\u00ae.<br \/>\nDie Form passt sich optimal an die hawos Molere an, standfest, perfekt in H\u00f6he und Breite.<\/p>\n","protected":false},"excerpt":{"rendered":"<p>Alles im Blick durch den transparenten Auffangbeh\u00e4lter aus schlagfestem Makrolon\u00ae. Die Form passt sich optimal an die hawos Molere an, standfest, perfekt in H\u00f6he und Breite.<\/p>\n","protected":false},"featured_media":25492,"comment_status":"open","ping_status":"closed","template":"","meta":{"_acf_changed":false,"_glsr_average":0,"_glsr_ranking":0,"_glsr_reviews":0},"product_brand":[],"product_cat":[757],"product_tag":[],"class_list":{"0":"post-25501","1":"product","2":"type-product","3":"status-publish","4":"has-post-thumbnail","6":"product_cat-flour-catcher","8":"first","9":"instock","10":"taxable","11":"shipping-taxable","12":"purchasable","13":"product-type-simple"},"bundled_by":[],"bundle_stock_status":"instock","bundle_stock_quantity":2,"bundle_virtual":false,"bundle_layout":"","bundle_add_to_cart_form_location":"","bundle_editable_in_cart":false,"bundle_sold_individually_context":"","bundle_item_grouping":"","bundle_min_size":"","bundle_max_size":"","bundle_price":[],"bundled_items":[],"bundle_sell_ids":[],"exclude_global_add_ons":[],"addons":[],"acf":[],"_links":{"self":[{"href":"https:\/\/hawos.de\/en\/wp-json\/wp\/v2\/product\/25501","targetHints":{"allow":["GET"]}}],"collection":[{"href":"https:\/\/hawos.de\/en\/wp-json\/wp\/v2\/product"}],"about":[{"href":"https:\/\/hawos.de\/en\/wp-json\/wp\/v2\/types\/product"}],"replies":[{"embeddable":true,"href":"https:\/\/hawos.de\/en\/wp-json\/wp\/v2\/comments?post=25501"}],"wp:featuredmedia":[{"embeddable":true,"href":"https:\/\/hawos.de\/en\/wp-json\/wp\/v2\/media\/25492"}],"wp:attachment":[{"href":"https:\/\/hawos.de\/en\/wp-json\/wp\/v2\/media?parent=25501"}],"wp:term":[{"taxonomy":"product_brand","embeddable":true,"href":"https:\/\/hawos.de\/en\/wp-json\/wp\/v2\/product_brand?post=25501"},{"taxonomy":"product_cat","embeddable":true,"href":"https:\/\/hawos.de\/en\/wp-json\/wp\/v2\/product_cat?post=25501"},{"taxonomy":"product_tag","embeddable":true,"href":"https:\/\/hawos.de\/en\/wp-json\/wp\/v2\/product_tag?post=25501"}],"curies":[{"name":"wp","href":"https:\/\/api.w.org\/{rel}","templated":true}]}}