{"id":13324,"date":"2020-01-28T23:59:51","date_gmt":"2020-01-28T22:59:51","guid":{"rendered":"https:\/\/hawos.de\/product\/adapter-fuer-hawos-rotare-und-routine\/"},"modified":"2026-02-17T10:13:47","modified_gmt":"2026-02-17T09:13:47","slug":"adapter-fuer-hawos-rotare-und-routine","status":"publish","type":"product","link":"https:\/\/hawos.de\/en\/produkte\/adapter-fuer-hawos-rotare-und-routine\/","title":{"rendered":"Adapter f\u00fcr hawos Rotare und Routine"},"content":{"rendered":"<h1>Adapter f\u00fcr Messerschmidt und Jupiter Vors\u00e4tze<\/h1>\n<p>Mach mehr aus Deiner Getreidem\u00fchle.<\/p>\n<p>Mit diesem Adapter k\u00f6nnen Sie alle Messerschmidt Vors\u00e4tze wie Flockenquetsche, Gem\u00fcseschneider und Fleischwolf mit originalem Anschluss an die hawos Rotare und hawos Routine anschlie\u00dfen.<\/p>\n<p>&nbsp;<\/p>\n<p>&nbsp;<\/p>\n","protected":false},"excerpt":{"rendered":"<p>Adapter f\u00fcr Messerschmidt und Jupiter Vors\u00e4tze Mach mehr aus Deiner Getreidem\u00fchle. Mit diesem Adapter k\u00f6nnen Sie alle Messerschmidt Vors\u00e4tze wie Flockenquetsche, Gem\u00fcseschneider und Fleischwolf mit originalem Anschluss an die hawos Rotare und hawos Routine anschlie\u00dfen. &nbsp; &nbsp;<\/p>\n","protected":false},"featured_media":9835,"comment_status":"closed","ping_status":"closed","template":"","meta":{"_acf_changed":false,"_glsr_average":0,"_glsr_ranking":0,"_glsr_reviews":0},"product_brand":[],"product_cat":[528],"product_tag":[],"class_list":{"0":"post-13324","1":"product","2":"type-product","3":"status-publish","4":"has-post-thumbnail","6":"product_cat-accessories","8":"first","9":"instock","10":"taxable","11":"shipping-taxable","12":"purchasable","13":"product-type-simple"},"bundled_by":[],"bundle_stock_status":"instock","bundle_stock_quantity":1,"bundle_virtual":false,"bundle_layout":"","bundle_add_to_cart_form_location":"","bundle_editable_in_cart":false,"bundle_sold_individually_context":"","bundle_item_grouping":"","bundle_min_size":"","bundle_max_size":"","bundle_price":[],"bundled_items":[],"bundle_sell_ids":[],"exclude_global_add_ons":[],"addons":[],"acf":[],"_links":{"self":[{"href":"https:\/\/hawos.de\/en\/wp-json\/wp\/v2\/product\/13324","targetHints":{"allow":["GET"]}}],"collection":[{"href":"https:\/\/hawos.de\/en\/wp-json\/wp\/v2\/product"}],"about":[{"href":"https:\/\/hawos.de\/en\/wp-json\/wp\/v2\/types\/product"}],"replies":[{"embeddable":true,"href":"https:\/\/hawos.de\/en\/wp-json\/wp\/v2\/comments?post=13324"}],"wp:featuredmedia":[{"embeddable":true,"href":"https:\/\/hawos.de\/en\/wp-json\/wp\/v2\/media\/9835"}],"wp:attachment":[{"href":"https:\/\/hawos.de\/en\/wp-json\/wp\/v2\/media?parent=13324"}],"wp:term":[{"taxonomy":"product_brand","embeddable":true,"href":"https:\/\/hawos.de\/en\/wp-json\/wp\/v2\/product_brand?post=13324"},{"taxonomy":"product_cat","embeddable":true,"href":"https:\/\/hawos.de\/en\/wp-json\/wp\/v2\/product_cat?post=13324"},{"taxonomy":"product_tag","embeddable":true,"href":"https:\/\/hawos.de\/en\/wp-json\/wp\/v2\/product_tag?post=13324"}],"curies":[{"name":"wp","href":"https:\/\/api.w.org\/{rel}","templated":true}]}}