{"id":25447,"date":"2011-09-07T13:30:55","date_gmt":"2011-09-07T11:30:55","guid":{"rendered":"https:\/\/hawos.de\/alt-neu\/"},"modified":"2025-04-15T12:04:57","modified_gmt":"2025-04-15T10:04:57","slug":"alt-neu","status":"publish","type":"page","link":"https:\/\/hawos.de\/en\/alt-neu\/","title":{"rendered":"alt-neu"},"content":{"rendered":"\t<div class=\"img has-hover x md-x lg-x y md-y lg-y\" id=\"image_2035029583\">\n\t\t\t\t\t\t\t\t<div class=\"img-inner dark\" >\n\t\t\t<img decoding=\"async\" width=\"1020\" height=\"398\" src=\"https:\/\/hawos.de\/wp-content\/uploads\/2025\/04\/hawos_alt-neu.webp\" class=\"attachment-large size-large\" alt=\"hawos Alt gegen neu Getreidem\u00fchlen 10% Nachlass.\" srcset=\"https:\/\/hawos.de\/wp-content\/uploads\/2025\/04\/hawos_alt-neu.webp 1050w, https:\/\/hawos.de\/wp-content\/uploads\/2025\/04\/hawos_alt-neu-800x312.webp 800w, https:\/\/hawos.de\/wp-content\/uploads\/2025\/04\/hawos_alt-neu-768x300.webp 768w, https:\/\/hawos.de\/wp-content\/uploads\/2025\/04\/hawos_alt-neu-400x156.webp 400w, https:\/\/hawos.de\/wp-content\/uploads\/2025\/04\/hawos_alt-neu-510x199.webp 510w\" sizes=\"(max-width: 1020px) 100vw, 1020px\" title=\"\">\t\t\t\t\t\t\n\t\t\t\t\t<\/div>\n\t\t\t\t\t\t\t\t\n<style>\n#image_2035029583 {\n  width: 100%;\n}\n<\/style>\n\t<\/div>\n\t\n<h1>\u00a0<\/h1>\n<h1>hawos Initiative \u201eAlt gegen neu\u201c \u2013 mit gutem Gewissen<\/h1>\n<h2>\u201eIn gute H\u00e4nde abzugeben\u201c:<\/h2>\n<p>\u00a0<\/p>\n<h3><em>Nachhaltig leben <\/em><\/h3>\n<p>Wir h\u00f6ren oft: &#8220;Die neuen Maschinen sind sch\u00f6ner und leiser, aber meine alte funktioniert noch.&#8221; Die Getreidem\u00fchle hat Sie viele Jahre als treuer Helfer in der Vollwertk\u00fcche begleitet und soll nicht einfach &#8220;in die Tonne&#8221;.\u00a0 Hierzu sind diese auch viel zu Schade!<\/p>\n<p><strong>Unser Angebot:<\/strong> <br \/>Schicken Sie uns Ihre alte elektrische Getreidem\u00fchle, egal wie alt, welcher Hersteller oder Zustand, und wir geben Ihnen 10 % Rabatt* beim Kauf einer neuen hawos-M\u00fchle.<\/p>\n<p><strong>Was passiert dann mit meiner alten M\u00fchle?<\/strong> <br \/>Wir pr\u00fcfen das Ger\u00e4t, setzen es gegebenenfalls wieder in Stand und suchen einen neuen Verwendungszweck. Oft haben wir Anfragen von Kinderg\u00e4rten, Gro\u00dffamilien oder einkommensarmen Familien nach einer preiswerten oder sogar kostenlosen gebrauchten Getreidem\u00fchle. Kann die M\u00fchle nicht wieder funktionsf\u00e4hig gemacht werden, freut sich vielleicht jemand \u00fcber Ersatzteile.<\/p>\n<p><strong>Wie ist der Ablauf?<\/strong> <br \/>Kontaktieren Sie uns per Mail oder Telefon. Wir lassen Ihnen einen Paketaufkleber zukommen, mit dem Sie das Paket f\u00fcr Sie kostenfrei** an uns einschicken k\u00f6nnen. Wir pr\u00fcfen die M\u00fchle auf Herz und Nieren und &#8211; wenn m\u00f6glich &#8211; peppen sie wieder auf.<br \/>Wir schicken Ihnen die neue hawos Getreidem\u00fchle mit 10 % Erm\u00e4\u00dfigung* zu.<br \/><em><span style=\"font-size: 85%;\">\u00a0 * Nicht kombinierbar mit anderen Aktionen<\/span><\/em><br \/><em><span style=\"font-size: 85%;\">** Kostenfrei nur innerhalb Deutschland\u00a0<\/span><\/em><\/p>\n<p>Weitere Informationen gibt es unter Tel. 06172 40 12 00 oder per e-mail unter <a href=\"mailto:service@hawos.de\">service@hawos.de<\/a><\/p>\n<p><strong>Die Postanschrift f\u00fcr eingehende Ger\u00e4te lautet: <\/strong><\/p>\n<p>hawos Kornm\u00fchlen GmbH<\/p>\n<p>Massenheimer Weg 25<br \/>61352 Bad Homburg v.d.H. \u00a0<\/p>\n<p>\u00a0<\/p>\n<div class=\"row\"  id=\"row-120940820\">\n\n\t<div id=\"col-475969938\" class=\"col medium-6 small-12 large-6\"  >\n\t\t\t\t<div class=\"col-inner\"  >\n\t\t\t\n\t\t\t\n<noscript class=\"ninja-forms-noscript-message\">\n\tNotice: JavaScript is required for this content.<\/noscript>\n<div id=\"nf-form-11-cont\" class=\"nf-form-cont\" aria-live=\"polite\" aria-labelledby=\"nf-form-title-11\" aria-describedby=\"nf-form-errors-11\" role=\"form\">\n\n    <div class=\"nf-loading-spinner\"><\/div>\n\n<\/div>\n        <!-- That data is being printed as a workaround to page builders reordering the order of the scripts loaded-->\n        <script>var formDisplay=1;var nfForms=nfForms||[];var form=[];form.id='11';form.settings={\"objectType\":\"Form Setting\",\"editActive\":true,\"title\":\"Alt gegen Neu Kontaktformular\",\"created_at\":\"2023-09-20 11:54:16\",\"form_title\":\"Alt gegen Neu Kontaktformular\",\"default_label_pos\":\"above\",\"show_title\":\"1\",\"clear_complete\":\"1\",\"hide_complete\":\"1\",\"logged_in\":\"0\",\"seq_num\":\"0\",\"key\":\"CF5e707f790328c\",\"conditions\":[],\"formContentData\":[{\"formContentData\":[{\"cells\":[{\"order\":0,\"fields\":[\"name\",\"vorname\",\"strae__hausnummer\",\"plz\",\"ort\",\"e_mail\",\"telefon\",\"anmerkung\",\"ich_habe_die_less_than_a_href_https_hawos_de_datenschutzerklaerung_greater_than_datenschutzerklaerung_less_than_a_greater_than_zur_kenntnis_genommen_und_akzeptiert_ich_stimme_zu_das_meine_formularangaben_zur_kontaktaufnahme_bzw_zur_bearbeitung_meines_anliegens_gespeichert_werden_1700213117567\",\"absenden\"],\"width\":\"100\"}],\"order\":1}],\"order\":0,\"type\":\"part\",\"clean\":true,\"title\":\"Part Title\",\"key\":\"oxhhjfmv\",\"editActive\":true,\"drawerDisabled\":false}],\"calculations\":[],\"allow_public_link\":0,\"embed_form\":\"\",\"wrapper_class\":\"\",\"element_class\":\"\",\"form_title_heading_level\":\"3\",\"add_submit\":1,\"currency\":\"\",\"unique_field_error\":\"Ein Formular mit diesem Wert wurde bereits eingereicht.\",\"not_logged_in_msg\":\"\",\"sub_limit_msg\":\"Das Formular hat sein Beitragslimit erreicht.\",\"container_styles_show_advanced_css\":0,\"title_styles_show_advanced_css\":0,\"row_styles_show_advanced_css\":0,\"row-odd_styles_show_advanced_css\":0,\"success-msg_styles_show_advanced_css\":0,\"error_msg_styles_show_advanced_css\":0,\"mp_breadcrumb\":1,\"mp_progress_bar\":1,\"mp_display_titles\":0,\"breadcrumb_container_styles_show_advanced_css\":0,\"breadcrumb_buttons_styles_show_advanced_css\":0,\"breadcrumb_button_hover_styles_show_advanced_css\":0,\"breadcrumb_active_button_styles_show_advanced_css\":0,\"progress_bar_container_styles_show_advanced_css\":0,\"progress_bar_fill_styles_show_advanced_css\":0,\"part_titles_styles_show_advanced_css\":0,\"navigation_container_styles_show_advanced_css\":0,\"previous_button_styles_show_advanced_css\":0,\"next_button_styles_show_advanced_css\":0,\"navigation_hover_styles_show_advanced_css\":0,\"drawerDisabled\":false,\"ninjaForms\":\"Ninja Forms\",\"changeEmailErrorMsg\":\"Please enter a valid email address!\",\"changeDateErrorMsg\":\"Please enter a valid date!\",\"confirmFieldErrorMsg\":\"These fields must match!\",\"fieldNumberNumMinError\":\"Number Min Error\",\"fieldNumberNumMaxError\":\"Number Max Error\",\"fieldNumberIncrementBy\":\"Please increment by \",\"fieldTextareaRTEInsertLink\":\"Insert Link\",\"fieldTextareaRTEInsertMedia\":\"Insert Media\",\"fieldTextareaRTESelectAFile\":\"Select a file\",\"formErrorsCorrectErrors\":\"Please correct errors before submitting this form.\",\"formHoneypot\":\"If you are a human seeing this field, please leave it empty.\",\"validateRequiredField\":\"This is a required field.\",\"honeypotHoneypotError\":\"Honeypot Error\",\"fileUploadOldCodeFileUploadInProgress\":\"File Upload in Progress.\",\"fileUploadOldCodeFileUpload\":\"FILE UPLOAD\",\"currencySymbol\":\"&euro;\",\"fieldsMarkedRequired\":\"Fields marked with an <span class=\\\"ninja-forms-req-symbol\\\">*<\\\/span> are required\",\"thousands_sep\":\",\",\"decimal_point\":\".\",\"siteLocale\":\"en_US\",\"dateFormat\":\"d\\\/m\\\/Y\",\"startOfWeek\":\"1\",\"of\":\"of\",\"previousMonth\":\"Previous Month\",\"nextMonth\":\"Next Month\",\"months\":[\"January\",\"February\",\"March\",\"April\",\"May\",\"June\",\"July\",\"August\",\"September\",\"October\",\"November\",\"December\"],\"monthsShort\":[\"Jan\",\"Feb\",\"Mar\",\"Apr\",\"May\",\"Jun\",\"Jul\",\"Aug\",\"Sep\",\"Oct\",\"Nov\",\"Dec\"],\"weekdays\":[\"Sunday\",\"Monday\",\"Tuesday\",\"Wednesday\",\"Thursday\",\"Friday\",\"Saturday\"],\"weekdaysShort\":[\"Sun\",\"Mon\",\"Tue\",\"Wed\",\"Thu\",\"Fri\",\"Sat\"],\"weekdaysMin\":[\"Su\",\"Mo\",\"Tu\",\"We\",\"Th\",\"Fr\",\"Sa\"],\"recaptchaConsentMissing\":\"reCaptcha validation couldn&#039;t load.\",\"recaptchaMissingCookie\":\"reCaptcha v3 validation couldn&#039;t load the cookie needed to submit the form.\",\"recaptchaConsentEvent\":\"Accept reCaptcha cookies before sending the form.\",\"currency_symbol\":\"\",\"beforeForm\":\"\",\"beforeFields\":\"\",\"afterFields\":\"\",\"afterForm\":\"\"};form.fields=[{\"objectType\":\"Field\",\"objectDomain\":\"fields\",\"editActive\":false,\"order\":1,\"idAttribute\":\"id\",\"label\":\"Name\",\"type\":\"textbox\",\"field_label\":\"Name\",\"key\":\"name\",\"field_key\":\"name\",\"placeholder\":\"\",\"default\":\"\",\"desc_text\":\"\",\"personally_identifiable\":1,\"required\":1,\"label_pos\":\"above\",\"container_class\":\"\",\"element_class\":\"\",\"input_limit\":\"\",\"input_limit_type\":\"characters\",\"input_limit_msg\":\"verbleibende(s) Zeichen\",\"manual_key\":false,\"admin_label\":\"\",\"help_text\":\"\",\"mask\":\"\",\"custom_mask\":\"\",\"custom_name_attribute\":\"\",\"wrap_styles_show_advanced_css\":0,\"label_styles_show_advanced_css\":0,\"element_styles_show_advanced_css\":0,\"cellcid\":\"c4600\",\"value\":\"\",\"id\":103,\"beforeField\":\"\",\"afterField\":\"\",\"parentType\":\"textbox\",\"element_templates\":[\"textbox\",\"input\"],\"old_classname\":\"\",\"wrap_template\":\"wrap\"},{\"objectType\":\"Field\",\"objectDomain\":\"fields\",\"editActive\":false,\"order\":2,\"idAttribute\":\"id\",\"label\":\"Vorname\",\"type\":\"textbox\",\"field_label\":\"Vorname\",\"key\":\"vorname\",\"field_key\":\"vorname\",\"placeholder\":\"\",\"default\":\"\",\"desc_text\":\"\",\"personally_identifiable\":1,\"required\":1,\"label_pos\":\"above\",\"container_class\":\"\",\"element_class\":\"\",\"input_limit\":\"\",\"input_limit_type\":\"characters\",\"input_limit_msg\":\"verbleibende(s) Zeichen\",\"manual_key\":false,\"admin_label\":\"\",\"help_text\":\"\",\"mask\":\"\",\"custom_mask\":\"\",\"custom_name_attribute\":\"\",\"wrap_styles_show_advanced_css\":0,\"label_styles_show_advanced_css\":0,\"element_styles_show_advanced_css\":0,\"cellcid\":\"c4600\",\"value\":\"\",\"id\":104,\"beforeField\":\"\",\"afterField\":\"\",\"parentType\":\"textbox\",\"element_templates\":[\"textbox\",\"input\"],\"old_classname\":\"\",\"wrap_template\":\"wrap\"},{\"objectType\":\"Field\",\"objectDomain\":\"fields\",\"editActive\":false,\"order\":3,\"idAttribute\":\"id\",\"label\":\"Stra\\u00dfe \\\/ Hausnummer\",\"type\":\"textbox\",\"field_label\":\"Stra\\u00dfe \\\/ Hausnummer\",\"key\":\"strae__hausnummer\",\"field_key\":\"strae__hausnummer\",\"placeholder\":\"\",\"default\":\"\",\"desc_text\":\"\",\"personally_identifiable\":1,\"required\":1,\"label_pos\":\"above\",\"container_class\":\"\",\"element_class\":\"\",\"input_limit\":\"\",\"input_limit_type\":\"characters\",\"input_limit_msg\":\"verbleibende(s) Zeichen\",\"manual_key\":false,\"admin_label\":\"\",\"help_text\":\"\",\"mask\":\"\",\"custom_mask\":\"\",\"custom_name_attribute\":\"\",\"wrap_styles_show_advanced_css\":0,\"label_styles_show_advanced_css\":0,\"element_styles_show_advanced_css\":0,\"cellcid\":\"c4600\",\"value\":\"\",\"id\":105,\"beforeField\":\"\",\"afterField\":\"\",\"parentType\":\"textbox\",\"element_templates\":[\"textbox\",\"input\"],\"old_classname\":\"\",\"wrap_template\":\"wrap\"},{\"objectType\":\"Field\",\"objectDomain\":\"fields\",\"editActive\":false,\"order\":4,\"idAttribute\":\"id\",\"label\":\"PLZ\",\"type\":\"textbox\",\"field_label\":\"PLZ\",\"key\":\"plz\",\"field_key\":\"plz\",\"placeholder\":\"\",\"default\":\"\",\"desc_text\":\"\",\"personally_identifiable\":1,\"required\":1,\"label_pos\":\"above\",\"container_class\":\"\",\"element_class\":\"\",\"input_limit\":\"\",\"input_limit_type\":\"characters\",\"input_limit_msg\":\"verbleibende(s) Zeichen\",\"manual_key\":false,\"admin_label\":\"\",\"help_text\":\"\",\"mask\":\"\",\"custom_mask\":\"\",\"custom_name_attribute\":\"\",\"wrap_styles_show_advanced_css\":0,\"label_styles_show_advanced_css\":0,\"element_styles_show_advanced_css\":0,\"cellcid\":\"c4600\",\"value\":\"\",\"id\":106,\"beforeField\":\"\",\"afterField\":\"\",\"parentType\":\"textbox\",\"element_templates\":[\"textbox\",\"input\"],\"old_classname\":\"\",\"wrap_template\":\"wrap\"},{\"objectType\":\"Field\",\"objectDomain\":\"fields\",\"editActive\":false,\"order\":5,\"idAttribute\":\"id\",\"label\":\"Ort\",\"type\":\"textbox\",\"field_label\":\"Ort\",\"key\":\"ort\",\"field_key\":\"ort\",\"placeholder\":\"\",\"default\":\"\",\"desc_text\":\"\",\"personally_identifiable\":1,\"required\":1,\"label_pos\":\"above\",\"container_class\":\"\",\"element_class\":\"\",\"input_limit\":\"\",\"input_limit_type\":\"characters\",\"input_limit_msg\":\"verbleibende(s) Zeichen\",\"manual_key\":false,\"admin_label\":\"\",\"help_text\":\"\",\"mask\":\"\",\"custom_mask\":\"\",\"custom_name_attribute\":\"\",\"wrap_styles_show_advanced_css\":0,\"label_styles_show_advanced_css\":0,\"element_styles_show_advanced_css\":0,\"cellcid\":\"c4600\",\"value\":\"\",\"id\":107,\"beforeField\":\"\",\"afterField\":\"\",\"parentType\":\"textbox\",\"element_templates\":[\"textbox\",\"input\"],\"old_classname\":\"\",\"wrap_template\":\"wrap\"},{\"objectType\":\"Field\",\"objectDomain\":\"fields\",\"editActive\":false,\"order\":6,\"idAttribute\":\"id\",\"label\":\"E-Mail\",\"type\":\"email\",\"field_label\":\"E-Mail\",\"key\":\"e_mail\",\"field_key\":\"e_mail\",\"placeholder\":\"\",\"default\":\"\",\"desc_text\":\"\",\"personally_identifiable\":1,\"required\":1,\"label_pos\":\"above\",\"container_class\":\"\",\"element_class\":\"\",\"admin_label\":\"\",\"help_text\":\"\",\"custom_name_attribute\":\"email\",\"wrap_styles_show_advanced_css\":0,\"label_styles_show_advanced_css\":0,\"element_styles_show_advanced_css\":0,\"cellcid\":\"c4600\",\"value\":\"\",\"id\":108,\"beforeField\":\"\",\"afterField\":\"\",\"parentType\":\"email\",\"element_templates\":[\"email\",\"input\"],\"old_classname\":\"\",\"wrap_template\":\"wrap\"},{\"objectType\":\"Field\",\"objectDomain\":\"fields\",\"editActive\":false,\"order\":7,\"idAttribute\":\"id\",\"label\":\"Telefon\",\"type\":\"phone\",\"field_label\":\"Telefon\",\"key\":\"telefon\",\"field_key\":\"telefon\",\"placeholder\":\"\",\"default\":\"\",\"desc_text\":\"\",\"personally_identifiable\":0,\"required\":0,\"label_pos\":\"above\",\"container_class\":\"\",\"element_class\":\"\",\"input_limit\":\"\",\"input_limit_type\":\"characters\",\"input_limit_msg\":\"verbleibende(s) Zeichen\",\"manual_key\":false,\"admin_label\":\"\",\"help_text\":\"\",\"mask\":\"\",\"custom_mask\":\"\",\"custom_name_attribute\":\"phone\",\"wrap_styles_show_advanced_css\":0,\"label_styles_show_advanced_css\":0,\"element_styles_show_advanced_css\":0,\"cellcid\":\"c4600\",\"value\":\"\",\"id\":112,\"beforeField\":\"\",\"afterField\":\"\",\"parentType\":\"textbox\",\"element_templates\":[\"tel\",\"textbox\",\"input\"],\"old_classname\":\"\",\"wrap_template\":\"wrap\"},{\"objectType\":\"Field\",\"objectDomain\":\"fields\",\"editActive\":false,\"order\":8,\"idAttribute\":\"id\",\"label\":\"Anmerkung\",\"type\":\"textarea\",\"field_label\":\"Anmerkung\",\"key\":\"anmerkung\",\"field_key\":\"anmerkung\",\"placeholder\":\"\",\"default\":\"\",\"desc_text\":\"\",\"personally_identifiable\":0,\"required\":0,\"label_pos\":\"above\",\"container_class\":\"\",\"element_class\":\"\",\"input_limit\":\"\",\"input_limit_type\":\"characters\",\"input_limit_msg\":\"verbleibende(s) Zeichen\",\"manual_key\":false,\"admin_label\":\"\",\"help_text\":\"\",\"textarea_rte\":\"\",\"disable_rte_mobile\":\"\",\"textarea_media\":\"\",\"wrap_styles_show_advanced_css\":0,\"label_styles_show_advanced_css\":0,\"element_styles_show_advanced_css\":0,\"cellcid\":\"c4600\",\"value\":\"\",\"id\":109,\"beforeField\":\"\",\"afterField\":\"\",\"parentType\":\"textarea\",\"element_templates\":[\"textarea\",\"input\"],\"old_classname\":\"\",\"wrap_template\":\"wrap\"},{\"objectType\":\"Field\",\"objectDomain\":\"fields\",\"editActive\":false,\"order\":9,\"idAttribute\":\"id\",\"label\":\"Ich habe die <a href=\\\"https:\\\/\\\/hawos.de\\\/datenschutzerklaerung\\\/\\\">Datenschutzerkl\\u00e4rung<\\\/a> zur Kenntnis genommen und akzeptiert. Ich stimme zu, das meine Formularangaben zur Kontaktaufnahme bzw. zur Bearbeitung meines Anliegens gespeichert werden.\",\"type\":\"checkbox\",\"field_label\":\"Datenschutzerkl\\u00e4rung\",\"key\":\"ich_habe_die_less_than_a_href_https_hawos_de_datenschutzerklaerung_greater_than_datenschutzerklaerung_less_than_a_greater_than_zur_kenntnis_genommen_und_akzeptiert_ich_stimme_zu_das_meine_formularangaben_zur_kontaktaufnahme_bzw_zur_bearbeitung_meines_anliegens_gespeichert_werden_1700213117567\",\"field_key\":\"datenschutzerklaerung\",\"placeholder\":\"\",\"default\":\"\",\"desc_text\":\"\",\"personally_identifiable\":0,\"required\":1,\"label_pos\":\"right\",\"container_class\":\"\",\"checked_value\":\"Datenschutz ausgew\\u00e4hlt\",\"unchecked_value\":\"Datenschutz nicht ausgew\\u00e4hlt\",\"default_value\":\"\",\"element_class\":\"\",\"manual_key\":false,\"admin_label\":\"\",\"help_text\":\"\",\"checked_calc_value\":\"\",\"unchecked_calc_value\":\"\",\"wrap_styles_border\":\"\",\"wrap_styles_width\":\"\",\"wrap_styles_margin\":\"\",\"wrap_styles_padding\":\"\",\"wrap_styles_float\":\"\",\"wrap_styles_show_advanced_css\":0,\"label_styles_border\":\"\",\"label_styles_width\":\"\",\"label_styles_font-size\":\"\",\"label_styles_margin\":\"\",\"label_styles_padding\":\"\",\"label_styles_float\":\"\",\"label_styles_show_advanced_css\":0,\"element_styles_border\":\"\",\"element_styles_width\":\"\",\"element_styles_font-size\":\"\",\"element_styles_margin\":\"\",\"element_styles_padding\":\"\",\"element_styles_float\":\"\",\"element_styles_show_advanced_css\":0,\"cellcid\":\"c4600\",\"value\":\"\",\"drawerDisabled\":false,\"id\":110,\"beforeField\":\"\",\"afterField\":\"\",\"parentType\":\"checkbox\",\"element_templates\":[\"checkbox\",\"input\"],\"old_classname\":\"\",\"wrap_template\":\"wrap\"},{\"objectType\":\"Field\",\"objectDomain\":\"fields\",\"editActive\":false,\"order\":10,\"idAttribute\":\"id\",\"label\":\"Absenden\",\"type\":\"submit\",\"field_label\":\"Absenden\",\"key\":\"absenden\",\"field_key\":\"absenden\",\"placeholder\":\"\",\"default\":\"\",\"desc_text\":\"\",\"personally_identifiable\":0,\"required\":0,\"label_pos\":\"above\",\"container_class\":\"\",\"processing_label\":\"Processing\",\"element_class\":\"\",\"wrap_styles_show_advanced_css\":0,\"element_styles_show_advanced_css\":0,\"submit_element_hover_styles_show_advanced_css\":0,\"cellcid\":\"c4600\",\"value\":\"\",\"wrap_styles_border\":\"\",\"wrap_styles_width\":\"\",\"wrap_styles_margin\":\"\",\"wrap_styles_padding\":\"\",\"wrap_styles_float\":\"\",\"element_styles_border\":\"\",\"element_styles_width\":\"\",\"element_styles_font-size\":\"\",\"element_styles_margin\":\"\",\"element_styles_padding\":\"\",\"element_styles_float\":\"\",\"submit_element_hover_styles_border\":\"\",\"submit_element_hover_styles_width\":\"\",\"submit_element_hover_styles_font-size\":\"\",\"submit_element_hover_styles_margin\":\"\",\"submit_element_hover_styles_padding\":\"\",\"submit_element_hover_styles_float\":\"\",\"drawerDisabled\":false,\"id\":111,\"beforeField\":\"\",\"afterField\":\"\",\"parentType\":\"textbox\",\"element_templates\":[\"submit\",\"button\",\"input\"],\"old_classname\":\"\",\"wrap_template\":\"wrap-no-label\"}];nfForms.push(form);<\/script>\n        <script id=\"tmpl-nf-mp-form-content\" type=\"text\/template\">\n\t<div class=\"nf-mp-header\"><\/div>\n\t<div class=\"nf-mp-body\"><\/div>\n\t<div class=\"nf-mp-footer\"><\/div>\n<\/script>\n\n<script id=\"tmpl-nf-mp-header\" type=\"text\/template\">\n\t{{{ data.renderProgressBar() }}}\n\t{{{ data.renderBreadcrumbs() }}}\n\t{{{ data.renderPartTitle() }}}\n<\/script>\n<script id=\"tmpl-nf-mp-part-title\" type=\"text\/template\">\n\t<h3>\n\t\t{{{ data.title }}}\n\t<\/h3>\n<\/script>\n\n<script id=\"tmpl-nf-mp-footer\" type=\"text\/template\">\n\t{{{ data.renderNextPrevious() }}}\n<\/script>\n\n<script id=\"tmpl-nf-mp-next-previous\" type=\"text\/template\">\n\t<ul class=\"nf-next-previous\">\n\t\t<# if ( data.showPrevious ) { #>\n\t\t<li class=\"nf-previous-item\">\n\t\t\t<input type=\"button\" class=\"nf-previous\" value=\"{{{ data.prevLabel }}}\" \/>\n\t\t<\/li>\n\t\t<# } #>\n\n\t\t<# if ( data.showNext ) { #>\n\t\t<li class=\"nf-next-item\">\n\t\t\t<input type=\"button\" class=\"nf-next\" value=\"{{{ data.nextLabel }}}\" \/>\n\t\t<\/li>\n\t\t<# } #>\n\t<\/ul>\n<\/script>\n\n<script id=\"tmpl-nf-mp-breadcrumbs\" type=\"text\/template\">\n\t<ul class=\"nf-breadcrumbs\">\n\t\t<# _.each( data.parts, function( part, index ) { #>\n\t\t<li class=\"{{{ ( data.currentIndex == index ) ? 'active' : '' }}} {{{ ( part.errors ) ? 'errors' : '' }}}\">\n\t\t\t<a href=\"#\" class=\"nf-breadcrumb\" data-index=\"{{{ index }}}\">{{{ ( part.errors ) ? '' : '' }}} {{{ part.title }}}<\/a>\n\t\t<\/li>\n\t\t<# } ); #>\n\t<\/ul>\n<\/script>\n\n<script id=\"tmpl-nf-mp-progress-bar\" type=\"text\/template\">\n    <div class=\"nf-progress-container\">\n        <div class=\"nf-progress\" style=\"width: {{{ data.percent }}}%;\"><\/div>\n    <\/div>\n<\/script>        <script id=\"nf-tmpl-cell\" type=\"text\/template\">\n            <nf-fields><\/nf-fields>\n        <\/script>\n\n        <script id=\"nf-tmpl-row\" type=\"text\/template\">\n            <nf-cells><\/nf-cells>\n        <\/script>\n\n        \n\t\t<\/div>\n\t\t\t\t\t<\/div>\n\n\t\n<\/div>\n","protected":false},"excerpt":{"rendered":"<p>\u00a0 hawos Initiative \u201eAlt gegen neu\u201c \u2013 mit gutem Gewissen \u201eIn gute H\u00e4nde abzugeben\u201c: \u00a0 Nachhaltig leben Wir h\u00f6ren oft: &#8220;Die neuen Maschinen sind sch\u00f6ner und leiser, aber meine alte funktioniert noch.&#8221; Die Getreidem\u00fchle hat Sie viele Jahre als treuer Helfer in der Vollwertk\u00fcche begleitet und soll nicht einfach &#8220;in die Tonne&#8221;.\u00a0 Hierzu sind diese [&#8230;]\n","protected":false},"author":3,"featured_media":0,"parent":0,"menu_order":2,"comment_status":"closed","ping_status":"closed","template":"","meta":{"_acf_changed":false,"_glsr_average":0,"_glsr_ranking":0,"_glsr_reviews":0,"footnotes":""},"class_list":["post-25447","page","type-page","status-publish","hentry"],"acf":[],"_links":{"self":[{"href":"https:\/\/hawos.de\/en\/wp-json\/wp\/v2\/pages\/25447","targetHints":{"allow":["GET"]}}],"collection":[{"href":"https:\/\/hawos.de\/en\/wp-json\/wp\/v2\/pages"}],"about":[{"href":"https:\/\/hawos.de\/en\/wp-json\/wp\/v2\/types\/page"}],"author":[{"embeddable":true,"href":"https:\/\/hawos.de\/en\/wp-json\/wp\/v2\/users\/3"}],"replies":[{"embeddable":true,"href":"https:\/\/hawos.de\/en\/wp-json\/wp\/v2\/comments?post=25447"}],"version-history":[{"count":2,"href":"https:\/\/hawos.de\/en\/wp-json\/wp\/v2\/pages\/25447\/revisions"}],"predecessor-version":[{"id":31357,"href":"https:\/\/hawos.de\/en\/wp-json\/wp\/v2\/pages\/25447\/revisions\/31357"}],"wp:attachment":[{"href":"https:\/\/hawos.de\/en\/wp-json\/wp\/v2\/media?parent=25447"}],"curies":[{"name":"wp","href":"https:\/\/api.w.org\/{rel}","templated":true}]}}