{"id":2309,"date":"2010-02-03T09:39:32","date_gmt":"2010-02-03T08:39:32","guid":{"rendered":"https:\/\/wp.hawos.de\/anleitungen\/archiv\/"},"modified":"2019-02-19T17:49:53","modified_gmt":"2019-02-19T16:49:53","slug":"archiv","status":"publish","type":"page","link":"https:\/\/hawos.de\/en\/archiv\/","title":{"rendered":"Archiv"},"content":{"rendered":"<p>Hier finden Sie Bedienungsanleitungen von fr\u00fcheren hawos-Modellen.<\/p>\n<p>&nbsp;<\/p>\n<table style=\"text-align: center; width: 468px;\" border=\"0\">\n<tbody style=\"text-align: left;\">\n<tr style=\"text-align: left;\">\n<td style=\"text-align: left; width: 157px;\"><a href=\"https:\/\/hawos.de\/wp-content\/uploads\/pdf\/anleitungen\/archiv\/BQMO.pdf\" target=\"_blank\" rel=\"noopener\">Anleitung Billy, Queen, M\u00fchle, Oktagon<\/a><\/td>\n<td style=\"text-align: left; width: 4px;\"><\/td>\n<td style=\"text-align: left; width: 107px;\"><a href=\"https:\/\/hawos.de\/wp-content\/uploads\/pdf\/anleitungen\/archiv\/Profi.pdf\" target=\"_blank\" rel=\"noopener\">hawos Profi<\/a><\/td>\n<td style=\"text-align: left; width: 4px;\"><\/td>\n<td style=\"text-align: left; width: 162px;\"><a href=\"https:\/\/hawos.de\/wp-content\/uploads\/pdf\/anleitungen\/archiv\/Extra.pdf\" target=\"_blank\" rel=\"noopener\">hawos Extra<\/a><b> 1989-1996<br \/>\n<\/b><\/td>\n<\/tr>\n<tr style=\"text-align: left;\">\n<td style=\"text-align: left; width: 157px;\"><a href=\"https:\/\/hawos.de\/wp-content\/uploads\/pdf\/anleitungen\/archiv\/BQMO.pdf\" target=\"_blank\" rel=\"noopener\"><img decoding=\"async\" class=\" size-full wp-image-471\" src=\"https:\/\/hawos.de\/wp-content\/uploads\/2010\/02\/bedienungsanleitung_hawos_muehlen.jpg\" alt=\"bedienungsanleitung_hawos_muehlen\" width=\"162\" height=\"114\" title=\"\"><\/a><\/td>\n<td style=\"text-align: left; width: 4px;\"><\/td>\n<td style=\"text-align: left; width: 107px;\"><a href=\"https:\/\/hawos.de\/wp-content\/uploads\/pdf\/anleitungen\/archiv\/Profi.pdf\" target=\"_blank\" rel=\"noopener\"><img decoding=\"async\" class=\" size-full wp-image-475\" src=\"https:\/\/hawos.de\/wp-content\/uploads\/2010\/02\/profi.jpg\" alt=\"profi\" width=\"160\" height=\"114\" title=\"\"><\/a><\/td>\n<td style=\"text-align: left; width: 4px;\"><\/td>\n<td style=\"text-align: left; width: 162px;\"><a href=\"https:\/\/hawos.de\/wp-content\/uploads\/pdf\/anleitungen\/archiv\/Extra.pdf\" target=\"_blank\" rel=\"noopener\"><img decoding=\"async\" class=\" size-full wp-image-477\" src=\"https:\/\/hawos.de\/wp-content\/uploads\/2010\/02\/extra.jpg\" alt=\"extra\" width=\"114\" height=\"162\" title=\"\"><\/a><\/td>\n<\/tr>\n<tr style=\"text-align: left;\">\n<td style=\"text-align: left; width: 157px;\"><\/td>\n<td style=\"text-align: left; width: 4px;\"><\/td>\n<td style=\"text-align: left; width: 107px;\"><\/td>\n<td style=\"text-align: left; width: 4px;\"><\/td>\n<td style=\"text-align: left; width: 162px;\"><\/td>\n<\/tr>\n<tr style=\"text-align: left;\">\n<td style=\"text-align: left; width: 157px;\"><a href=\"https:\/\/hawos.de\/wp-content\/uploads\/pdf\/anleitungen\/archiv\/Muehle1+2.pdf\" target=\"_blank\" rel=\"noopener\">hawos M\u00fchle 1+2<\/a><\/td>\n<td style=\"text-align: left; width: 4px;\"><\/td>\n<td style=\"text-align: left; width: 107px;\"><a href=\"https:\/\/hawos.de\/wp-content\/uploads\/pdf\/anleitungen\/archiv\/M3.pdf\" target=\"_blank\" rel=\"noopener\">hawos M\u00fchle 3<\/a><\/td>\n<td style=\"text-align: left; width: 4px;\"><\/td>\n<td style=\"text-align: left; width: 162px;\"><a href=\"https:\/\/hawos.de\/wp-content\/uploads\/pdf\/anleitungen\/archiv\/kleine-grosse\/kleine.pdf\" target=\"_blank\" rel=\"noopener\">hawos Kleine \/Gro\u00dfe<\/a>\u00a0<strong>bis 1990<\/strong><\/td>\n<\/tr>\n<tr style=\"text-align: left;\">\n<td style=\"text-align: left; width: 157px;\"><a href=\"https:\/\/hawos.de\/wp-content\/uploads\/pdf\/anleitungen\/archiv\/Muehle1+2.pdf\" target=\"_blank\" rel=\"noopener\"><img decoding=\"async\" class=\" size-full wp-image-485\" src=\"https:\/\/hawos.de\/wp-content\/uploads\/2010\/02\/muehle1_2.jpg\" alt=\"muehle1_2\" width=\"80\" height=\"161\" title=\"\"><\/a><\/td>\n<td style=\"text-align: left; width: 4px;\"><\/td>\n<td style=\"text-align: left; width: 107px;\"><a href=\"https:\/\/hawos.de\/wp-content\/uploads\/pdf\/anleitungen\/archiv\/M3.pdf\" target=\"_blank\" rel=\"noopener\"><img decoding=\"async\" class=\" size-full wp-image-487\" src=\"https:\/\/hawos.de\/wp-content\/uploads\/2010\/02\/muehle3.jpg\" alt=\"muehle3\" width=\"80\" height=\"161\" title=\"\"><\/a><\/td>\n<td style=\"text-align: left; width: 4px;\"><\/td>\n<td style=\"text-align: left; width: 162px;\">&nbsp;<\/p>\n<p><a href=\"https:\/\/hawos.de\/wp-content\/uploads\/pdf\/anleitungen\/archiv\/kleine-grosse\/kleine.pdf\" target=\"_blank\" rel=\"noopener\"><img decoding=\"async\" class=\" size-full wp-image-489\" src=\"https:\/\/hawos.de\/wp-content\/uploads\/2010\/02\/einhand.jpg\" alt=\"einhand\" width=\"160\" height=\"112\" title=\"\"><\/a><\/p>\n<p>Anleitung zum Steinewechsel: <a href=\"https:\/\/hawos.de\/wp-content\/uploads\/pdf\/anleitungen\/archiv\/kleine-grosse\/demontage-kleine-grosse.pdf\" target=\"_blank\" rel=\"noopener\">hier<\/a><\/p>\n<p>Disassembly instructions: <a href=\"https:\/\/hawos.de\/wp-content\/uploads\/pdf\/anleitungen\/archiv\/kleine-grosse\/disassembly-kleine-grosse.pdf\" target=\"_blank\" rel=\"noopener\">here<\/a><\/p>\n<p>&nbsp;<\/td>\n<\/tr>\n<tr style=\"text-align: left;\">\n<td style=\"text-align: left; width: 157px;\"><a href=\"https:\/\/hawos.de\/wp-content\/uploads\/pdf\/anleitungen\/archiv\/hawofant\/gebrauchsanleitung_hawofant.pdf\" target=\"_blank\" rel=\"noopener\">hawos hawofant<\/a><b> 1990-1996<br \/>\n<\/b><\/td>\n<td style=\"text-align: left; width: 4px;\"><\/td>\n<td style=\"text-align: left; width: 107px;\"><\/td>\n<td style=\"text-align: left; width: 4px;\"><\/td>\n<td style=\"text-align: left; width: 162px;\"><\/td>\n<\/tr>\n<tr style=\"text-align: left;\">\n<td style=\"text-align: left; width: 157px;\"><a href=\"https:\/\/hawos.de\/wp-content\/uploads\/pdf\/anleitungen\/archiv\/hawofant\/gebrauchsanleitung_hawofant.pdf\" target=\"_blank\" rel=\"noopener\"><img decoding=\"async\" class=\" size-full wp-image-497\" src=\"https:\/\/hawos.de\/wp-content\/uploads\/2010\/02\/hawofant.jpg\" alt=\"hawofant\" width=\"110\" height=\"201\" title=\"\"><\/a><\/td>\n<td style=\"text-align: left; width: 4px;\"><\/td>\n<td style=\"text-align: left; width: 107px;\"><\/td>\n<td style=\"text-align: left; width: 4px;\"><\/td>\n<td style=\"text-align: left; width: 162px;\"><\/td>\n<\/tr>\n<\/tbody>\n<\/table>\n","protected":false},"excerpt":{"rendered":"<p>Hier finden Sie Bedienungsanleitungen von fr\u00fcheren hawos-Modellen. &nbsp; Anleitung Billy, Queen, M\u00fchle, Oktagon hawos Profi hawos Extra 1989-1996 hawos M\u00fchle 1+2 hawos M\u00fchle 3 hawos Kleine \/Gro\u00dfe\u00a0bis 1990 &nbsp; Anleitung zum Steinewechsel: hier Disassembly instructions: here &nbsp; hawos hawofant 1990-1996<\/p>\n","protected":false},"author":2,"featured_media":0,"parent":0,"menu_order":7,"comment_status":"closed","ping_status":"closed","template":"","meta":{"_acf_changed":false,"_glsr_average":0,"_glsr_ranking":0,"_glsr_reviews":0,"footnotes":""},"class_list":["post-2309","page","type-page","status-publish","hentry"],"acf":[],"_links":{"self":[{"href":"https:\/\/hawos.de\/en\/wp-json\/wp\/v2\/pages\/2309","targetHints":{"allow":["GET"]}}],"collection":[{"href":"https:\/\/hawos.de\/en\/wp-json\/wp\/v2\/pages"}],"about":[{"href":"https:\/\/hawos.de\/en\/wp-json\/wp\/v2\/types\/page"}],"author":[{"embeddable":true,"href":"https:\/\/hawos.de\/en\/wp-json\/wp\/v2\/users\/2"}],"replies":[{"embeddable":true,"href":"https:\/\/hawos.de\/en\/wp-json\/wp\/v2\/comments?post=2309"}],"version-history":[{"count":0,"href":"https:\/\/hawos.de\/en\/wp-json\/wp\/v2\/pages\/2309\/revisions"}],"wp:attachment":[{"href":"https:\/\/hawos.de\/en\/wp-json\/wp\/v2\/media?parent=2309"}],"curies":[{"name":"wp","href":"https:\/\/api.w.org\/{rel}","templated":true}]}}