{"id":22723,"date":"2021-11-15T10:31:20","date_gmt":"2021-11-15T09:31:20","guid":{"rendered":"https:\/\/hawos.de\/product\/tisch-staender-fuer-glassilo\/"},"modified":"2021-11-15T10:31:20","modified_gmt":"2021-11-15T09:31:20","slug":"tisch-staender-fuer-glassilo","status":"publish","type":"product","link":"https:\/\/hawos.de\/da\/produkte\/tisch-staender-fuer-glassilo\/","title":{"rendered":"Tisch-St\u00e4nder f\u00fcr Glassilo"},"content":{"rendered":"<p>Die praktischen hawos Glassilo Tischst\u00e4nder gibt es wahlweise als Modell f\u00fcr jeweils 2 Silos oder f\u00fcr 3 Silos nebeneinander.<\/p>\n<p><strong>Bitte beachten:<\/strong> Die Tischst\u00e4nder sind f\u00fcr unsere Silos in\u00a015 cm Glasdurchmesser\u00a0vorgesehen. Die Glasl\u00e4nge (37cm oder 50cm) ist frei w\u00e4hlbar. H\u00e4ngen Sie hier ganz bequem und flexibel Ihre Silos ein.<\/p>\n<p>Der Tischst\u00e4nder kann nach Lust und Laune \u00fcberall da platziert werden, wo eine stabile, gerade Fl\u00e4che ist, z.B. auf Regalen und Tischen.<\/p>\n<p>Ma\u00dfen Tisch-St\u00e4nder: Die St\u00e4nder sind 72 cm hoch, 28 cm tief, der 2er ist 38 cm breit und der 3er ist 55 cm breit.<br \/>\nMassiv Buche Leimholz 18 mm dick, der Boden (die 28 cm Tiefe) ist 36 mm dick.<\/p>\n<p>Die Silos h\u00e4ngen so, dass der obere Haltering mit der R\u00fcckwand des St\u00e4nders abschlie\u00dft. Der Rest Glasr\u00f6hre mit Deckel steht dann oben \u00fcber.<\/p>\n","protected":false},"excerpt":{"rendered":"<p>Bei den Tisch-St\u00e4nder sind die Glassilo nicht enthalten!<\/p>\n","protected":false},"featured_media":22688,"comment_status":"open","ping_status":"closed","template":"","meta":{"_acf_changed":false,"_glsr_average":0,"_glsr_ranking":0,"_glsr_reviews":0},"product_brand":[],"product_cat":[655],"product_tag":[],"class_list":{"0":"post-22723","1":"product","2":"type-product","3":"status-publish","4":"has-post-thumbnail","6":"product_cat-glassilo-zubehoer-da","8":"first","9":"instock","10":"taxable","11":"shipping-taxable","12":"purchasable","13":"product-type-variable"},"bundled_by":[],"bundle_stock_status":"instock","bundle_stock_quantity":null,"bundle_virtual":false,"bundle_layout":"","bundle_add_to_cart_form_location":"","bundle_editable_in_cart":false,"bundle_sold_individually_context":"","bundle_item_grouping":"","bundle_min_size":"","bundle_max_size":"","bundle_price":[],"bundled_items":[],"bundle_sell_ids":[],"exclude_global_add_ons":[],"addons":[],"acf":[],"_links":{"self":[{"href":"https:\/\/hawos.de\/da\/wp-json\/wp\/v2\/product\/22723","targetHints":{"allow":["GET"]}}],"collection":[{"href":"https:\/\/hawos.de\/da\/wp-json\/wp\/v2\/product"}],"about":[{"href":"https:\/\/hawos.de\/da\/wp-json\/wp\/v2\/types\/product"}],"replies":[{"embeddable":true,"href":"https:\/\/hawos.de\/da\/wp-json\/wp\/v2\/comments?post=22723"}],"wp:featuredmedia":[{"embeddable":true,"href":"https:\/\/hawos.de\/da\/wp-json\/wp\/v2\/media\/22688"}],"wp:attachment":[{"href":"https:\/\/hawos.de\/da\/wp-json\/wp\/v2\/media?parent=22723"}],"wp:term":[{"taxonomy":"product_brand","embeddable":true,"href":"https:\/\/hawos.de\/da\/wp-json\/wp\/v2\/product_brand?post=22723"},{"taxonomy":"product_cat","embeddable":true,"href":"https:\/\/hawos.de\/da\/wp-json\/wp\/v2\/product_cat?post=22723"},{"taxonomy":"product_tag","embeddable":true,"href":"https:\/\/hawos.de\/da\/wp-json\/wp\/v2\/product_tag?post=22723"}],"curies":[{"name":"wp","href":"https:\/\/api.w.org\/{rel}","templated":true}]}}