{"id":22212,"date":"2021-09-08T11:42:42","date_gmt":"2021-09-08T09:42:42","guid":{"rendered":"https:\/\/hawos.de\/product\/schild-zur-beschriftung-der-glassilos-edelstahl\/"},"modified":"2025-11-24T10:53:31","modified_gmt":"2025-11-24T09:53:31","slug":"schild-zur-beschriftung-der-glassilos-edelstahl","status":"publish","type":"product","link":"https:\/\/hawos.de\/da\/produkte\/schild-zur-beschriftung-der-glassilos-edelstahl\/","title":{"rendered":"Schild zur Beschriftung der Glassilos Edelstahl"},"content":{"rendered":"<h2>Schild zur Beschriftung der hawos Glassilos mit eingefr\u00e4\u00dftem Aufh\u00e4ngeloch<\/h2>\n<p>Unser Beschriftungsschild ist aus Metall gefertigt und l\u00e4sst sich sowohl h\u00e4ndisch beschriften als auch etikettieren- je nach Geschmack und Bedarf. Es kann beliebig an dem oberen oder unteren Holzring befestigt werden.<\/p>\n<p><strong>Format:<\/strong> 90 x 47,5 x 1 mm<\/p>\n<h3>Lieferumfang<\/h3>\n<ul>\n<li>1x Schild<\/li>\n<li>1x Schraube<\/li>\n<\/ul>\n<p>&nbsp;<\/p>\n","protected":false},"excerpt":{"rendered":"<p>Schild zur Beschriftung der hawos Glassilos mit eingefr\u00e4\u00dftem Aufh\u00e4ngeloch Unser Beschriftungsschild ist aus Metall gefertigt und l\u00e4sst sich sowohl h\u00e4ndisch beschriften als auch etikettieren- je nach Geschmack und Bedarf. Es kann beliebig an dem oberen oder unteren Holzring befestigt werden. Format: 90 x 47,5 x 1 mm Lieferumfang 1x Schild 1x Schraube &nbsp;<\/p>\n","protected":false},"featured_media":22225,"comment_status":"open","ping_status":"closed","template":"","meta":{"_acf_changed":false,"_glsr_average":0,"_glsr_ranking":0,"_glsr_reviews":0},"product_brand":[],"product_cat":[655],"product_tag":[],"class_list":{"0":"post-22212","1":"product","2":"type-product","3":"status-publish","4":"has-post-thumbnail","6":"product_cat-glassilo-zubehoer-da","8":"first","9":"instock","10":"taxable","11":"shipping-taxable","12":"purchasable","13":"product-type-simple"},"bundled_by":[],"bundle_stock_status":"instock","bundle_stock_quantity":100,"bundle_virtual":false,"bundle_layout":"","bundle_add_to_cart_form_location":"","bundle_editable_in_cart":false,"bundle_sold_individually_context":"","bundle_item_grouping":"","bundle_min_size":"","bundle_max_size":"","bundle_price":[],"bundled_items":[],"bundle_sell_ids":[],"exclude_global_add_ons":[],"addons":[],"acf":[],"_links":{"self":[{"href":"https:\/\/hawos.de\/da\/wp-json\/wp\/v2\/product\/22212","targetHints":{"allow":["GET"]}}],"collection":[{"href":"https:\/\/hawos.de\/da\/wp-json\/wp\/v2\/product"}],"about":[{"href":"https:\/\/hawos.de\/da\/wp-json\/wp\/v2\/types\/product"}],"replies":[{"embeddable":true,"href":"https:\/\/hawos.de\/da\/wp-json\/wp\/v2\/comments?post=22212"}],"wp:featuredmedia":[{"embeddable":true,"href":"https:\/\/hawos.de\/da\/wp-json\/wp\/v2\/media\/22225"}],"wp:attachment":[{"href":"https:\/\/hawos.de\/da\/wp-json\/wp\/v2\/media?parent=22212"}],"wp:term":[{"taxonomy":"product_brand","embeddable":true,"href":"https:\/\/hawos.de\/da\/wp-json\/wp\/v2\/product_brand?post=22212"},{"taxonomy":"product_cat","embeddable":true,"href":"https:\/\/hawos.de\/da\/wp-json\/wp\/v2\/product_cat?post=22212"},{"taxonomy":"product_tag","embeddable":true,"href":"https:\/\/hawos.de\/da\/wp-json\/wp\/v2\/product_tag?post=22212"}],"curies":[{"name":"wp","href":"https:\/\/api.w.org\/{rel}","templated":true}]}}