{"id":19186,"date":"2017-04-15T21:02:01","date_gmt":"2017-04-15T19:02:01","guid":{"rendered":"https:\/\/hawos.de\/product\/hawos-easy\/"},"modified":"2026-03-22T10:13:40","modified_gmt":"2026-03-22T09:13:40","slug":"hawos-easy","status":"publish","type":"product","link":"https:\/\/hawos.de\/da\/produkte\/hawos-easy\/","title":{"rendered":"hawos Easy"},"content":{"rendered":"<h2>hawos Easy Getreidem\u00fchle<\/h2>\n<p>Das Prinzip von hawos Easy \u2013 einfach, sicher, robust. Durch drehen des Handrades kann die Mahlfeinheit jederzeit ver\u00e4ndert werden. Besonders robust und sorgf\u00e4ltig gebaut, mit den f\u00fcr hawos typischen hohen Anforderungen an Komfort und Sicherheit. Durch die kleine Stellfl\u00e4che von nur 15 x 15 cm passt Easy auch in die kleinste K\u00fcche und sieht mit einem Geh\u00e4use aus Buche-Multiplex mit abgerundeten Ecken auch noch gut aus. Perfekt eingepasst ist der bewegliche Trichtereinsatz, in den der obere feststehende Mahlstein eingelassen ist. hawos Easy ist bis ins Detail solide Handarbeit.\u00a0Innovative Technik und besonders hohe Anforderungen an Sicherheit und Komfort zeichnen diese praktische Haushaltsgetreidem\u00fchle aus.\u00a0hawos Easy ben\u00f6tigt nur 15 x 15 cm Stellfl\u00e4che.\u00a0Mit ihr mahlen Sie Ihren Haushaltsbedarf an frischem Mehl leise und m\u00fchelos. Das besorgt spielend leicht der starke 360-Watt-Industriemotor, der auch bei extremer Belastung (zum Beispiel bei Mais oder Kichererbsen) noch kraftvoll arbeitet. <div class=\"row\"  id=\"row-1974345204\"> \n\t<div id=\"col-1267784396\" class=\"col medium-4 small-12 large-4\"  >\n\t\t\t\t<div class=\"col-inner\"  >\n\t\t\t\n\t\t\t \t<div class=\"img has-hover x md-x lg-x y md-y lg-y\" id=\"image_482814365\">\n\t\t\t\t\t\t\t\t<div class=\"img-inner dark\" >\n\t\t\t<img decoding=\"async\" width=\"500\" height=\"216\" src=\"https:\/\/hawos.de\/wp-content\/uploads\/2009\/12\/hawos_easy.jpg\" class=\"attachment-large size-large\" alt=\"\" title=\"\">\t\t\t\t\t\t\n\t\t\t\t\t<\/div>\n\t\t\t\t\t\t\t\t\n<style>\n#image_482814365 {\n  width: 100%;\n}\n<\/style>\n\t<\/div>\n\t \t\t<\/div>\n\t\t\t\t\t<\/div>\n\n\t \n\t<div id=\"col-1539699729\" class=\"col medium-8 small-12 large-8\"  >\n\t\t\t\t<div class=\"col-inner\"  >\n\t\t\t\n\t\t\t Im Test: 1x sehr gut, 6x gut, 1x befriedigend \t\t<\/div>\n\t\t\t\t\t<\/div>\n\n\t <\/div> <div class=\"row\"  id=\"row-499229291\"> \n\t<div id=\"col-28581313\" class=\"col medium-8 small-12 large-8\"  >\n\t\t\t\t<div class=\"col-inner\"  >\n\t\t\t\n\t\t\t\n<h3>Produktdetails<\/h3>\n<table cellpadding=\"5px\">\n<tbody>\n<tr>\n<td><strong>Geh\u00e4use<\/strong><\/td>\n<td>Buche Multiplex<\/td>\n<\/tr>\n<tr>\n<td><strong>Mahlleistung (Weizen)<\/strong> <strong>-fein<\/strong> <strong>-grob<\/strong><\/td>\n<td>ca. 100 g\/min ca. 250 g\/min<\/td>\n<\/tr>\n<tr>\n<td><strong>Trichterf\u00fcllmenge (Weizen)<\/strong><\/td>\n<td>ca. 560 g<\/td>\n<\/tr>\n<tr>\n<td><strong>Mahlstein \u00f8 (Korund Keramik Steine)<\/strong><\/td>\n<td>70 mm<\/td>\n<\/tr>\n<tr>\n<td><strong>Gewicht<\/strong><\/td>\n<td>7.9 kg<\/td>\n<\/tr>\n<tr>\n<td><strong>Motorleistung<\/strong><\/td>\n<td>360 W<\/td>\n<\/tr>\n<tr>\n<td><strong>Netzspannung<\/strong><\/td>\n<td>230 V (110V Verf\u00fcgbar)<\/td>\n<\/tr>\n<tr>\n<td><strong>Unterstellh\u00f6he f\u00fcr Sch\u00fcssel<\/strong><\/td>\n<td>14 cm<\/td>\n<\/tr>\n<tr>\n<td><strong>Standfl\u00e4che (B x T x H)<\/strong><\/td>\n<td>150 x 150 x 330 mm<\/td>\n<\/tr>\n<tr>\n<td><strong>Oberfl\u00e4chenbehandlung<\/strong><\/td>\n<td>Lein\u00f6lfirnis<\/td>\n<\/tr>\n<tr>\n<td><strong>Garantie<\/strong><\/td>\n<td>10 Jahre bei privater Nutzung<\/td>\n<\/tr>\n<tr>\n<td><strong>Besonderheiten<\/strong><\/td>\n<td>Einhandbedienung<\/td>\n<\/tr>\n<\/tbody>\n<\/table>\n\t\t<\/div>\n\t\t\t\t\t<\/div>\n\n\t <\/div> <strong>Hinweis f\u00fcr Allergiker:<\/strong> Alle hawos-M\u00fchlen sind glutenfrei eingemahlen!<\/p>\n<h3><\/h3>\n<h3>Sonderzubeh\u00f6r:<\/h3>\n<p><strong>Das Passende Zubeh\u00f6r zu ihrer hawos Easy:<\/strong> Unser formsch\u00f6ner und praktischer Mehlbeh\u00e4lter. Der Beh\u00e4lter ist aus bruchfestem, durchsichtigen Makrolon\u00ae und f\u00fcgt sich optimal der Form der Easy an.<\/p>\n<p><a href=\"https:\/\/hawos.de\/produkte\/mehlauffangbehaelter-mit-rundausschnitt\/\"><strong>Mehlauffangbeh\u00e4lter mit Rundausschnitt<\/strong><\/a><\/p>\n<p style=\"text-align: center;\"><a href=\"https:\/\/hawos.de\/produkte\/mehlauffangbehaelter-mit-rundausschnitt\/\"><img decoding=\"async\" class=\" alignleft size-full wp-image-1026\" style=\"float: left;\" src=\"https:\/\/hawos.de\/wp-content\/uploads\/2017\/04\/behaelter.jpg\" alt=\"765048\" width=\"30%\" height=\"NaN\" title=\"\" srcset=\"https:\/\/hawos.de\/wp-content\/uploads\/2017\/04\/behaelter.jpg 1024w, https:\/\/hawos.de\/wp-content\/uploads\/2017\/04\/behaelter-267x400.jpg 267w, https:\/\/hawos.de\/wp-content\/uploads\/2017\/04\/behaelter-768x1152.jpg 768w, https:\/\/hawos.de\/wp-content\/uploads\/2017\/04\/behaelter-533x800.jpg 533w, https:\/\/hawos.de\/wp-content\/uploads\/2017\/04\/behaelter-400x600.jpg 400w, https:\/\/hawos.de\/wp-content\/uploads\/2017\/04\/behaelter-510x765.jpg 510w\" sizes=\"(max-width: 1024px) 100vw, 1024px\" \/><\/a><\/p>\n\n\t<section class=\"section hide-for-small\" id=\"section_1345699208\">\n\t\t<div class=\"section-bg fill\" >\n\t\t\t<img decoding=\"async\" width=\"988\" height=\"438\" src=\"https:\/\/hawos.de\/wp-content\/uploads\/2022\/10\/Vollkorn-Backbuch-2.jpg\" class=\"bg attachment-original size-original\" alt=\"\" title=\"\">\t\t\t\t\t\t\n\t\t\t\n\n\t\t<\/div>\n\n\t\t\n\n\t\t<div class=\"section-content relative\">\n\t\t\t\n\n<div class=\"row hide-for-small\"  id=\"row-181363471\">\n\n\n\t<div id=\"col-481252712\" class=\"col hide-for-small small-12 large-12\"  >\n\t\t\t\t<div class=\"col-inner\"  >\n\t\t\t\n\t\t\t\n\n\t<div id=\"text-3684378010\" class=\"text\">\n\t\t\n\n<h4>Das k\u00f6nnte Dir auch gefallen<\/h4>\n\t\t\n<style>\n#text-3684378010 {\n  font-size: 1rem;\n}\n<\/style>\n\t<\/div>\n\t\n<div class=\"is-divider divider clearfix\" style=\"margin-top:0px;margin-bottom:0px;max-width:50%;\"><\/div>\n\n\n\t\t<\/div>\n\t\t\t\t\t<\/div>\n\n\t\n\n\t<div id=\"col-1844138400\" class=\"col hide-for-small medium-12 small-12 large-6\"  >\n\t\t\t\t<div class=\"col-inner\"  >\n\t\t\t\n\t\t\t\n\n\t<div id=\"text-3824467374\" class=\"text\">\n\t\t\n\n<h3 class=\"uppercase\">Das gro\u00dfe Vollkorn-Backbuch<\/h3>\n\t\t\n<style>\n#text-3824467374 {\n  font-size: 1.65rem;\n  text-align: left;\n}\n<\/style>\n\t<\/div>\n\t\n\t<div id=\"text-3821689377\" class=\"text\">\n\t\t\n\n<p>Nat\u00fcrlich \u2022 Vollwertig \u2022 Bek\u00f6mmlich<br \/>von <strong>Ute Olk<\/strong><br \/>\u00a0<\/p>\n\t\t\n<style>\n#text-3821689377 {\n  font-size: 1rem;\n  text-align: left;\n}\n<\/style>\n\t<\/div>\n\t\n\t<div id=\"stack-4035652920\" class=\"stack stack-row justify-start items-stretch sm:stack-col\">\n\t\t\n\n<a href=\"https:\/\/hawos.de\/produkte\/das-grosse-vollkorn-backbuch\/\" class=\"button success\" style=\"padding:5px 30px 5px 30px;\">\n\t\t<span>zum Buch<\/span>\n\t<\/a>\n\n\n\n\t\t\n<style>\n#stack-4035652920 > * {\n  --stack-gap: 0.5rem;\n}\n<\/style>\n\t<\/div>\n\t\n\n\t\t<\/div>\n\t\t\t\t\n<style>\n#col-1844138400 > .col-inner {\n  padding: 0px 0px 0px 0;\n}\n@media (min-width:550px) {\n  #col-1844138400 > .col-inner {\n    padding: 0px 10% 0px 10%;\n  }\n}\n<\/style>\n\t<\/div>\n\n\t\n\n<\/div>\n\n\t\t<\/div>\n\n\t\t\n<style>\n#section_1345699208 {\n  padding-top: 30px;\n  padding-bottom: 30px;\n  min-height: 350px;\n}\n#section_1345699208 .section-bg-overlay {\n  background-color: rgba(255, 255, 255, 0.651);\n}\n#section_1345699208 .section-bg img {\n  object-position: 79% 43%;\n}\n@media (min-width:550px) {\n  #section_1345699208 .section-bg-overlay {\n    background-color: rgba(255, 255, 255, 0.5);\n  }\n}\n<\/style>\n\t<\/section>\n\t\n\n\t<section class=\"section show-for-small\" id=\"section_373250184\">\n\t\t<div class=\"section-bg fill\" >\n\t\t\t\t\t\t\t\t\t\n\t\t\t\n\n\t\t<\/div>\n\n\t\t\n\n\t\t<div class=\"section-content relative\">\n\t\t\t\n\n<div class=\"row\"  id=\"row-896963813\">\n\n\n\t<div id=\"col-1708683217\" class=\"col medium-6 small-12 large-6\"  >\n\t\t\t\t<div class=\"col-inner\"  >\n\t\t\t\n\t\t\t\n\n<h4><b>Das k\u00f6nnte Dir auch gefallen<\/b><\/h4>\n\n\t\t<\/div>\n\t\t\t\t\t<\/div>\n\n\t\n\n\t<div id=\"col-2036044774\" class=\"col medium-6 small-6 large-6\"  >\n\t\t\t\t<div class=\"col-inner\"  >\n\t\t\t\n\t\t\t\n\n<h3><strong>Das gro\u00dfe Vollkorn-Backbuch<\/strong><\/h3>\n<p>Nat\u00fcrlich \u2022 Vollwertig \u2022 Bek\u00f6mmlich<\/p>\n<p>von <strong>UTE OLK<\/strong><\/p>\n\n\t\t<\/div>\n\t\t\t\t\t<\/div>\n\n\t\n\n\t<div id=\"col-1705034628\" class=\"col medium-6 small-6 large-6\"  >\n\t\t\t\t<div class=\"col-inner\"  >\n\t\t\t\n\t\t\t\n\n\t<div class=\"img has-hover x md-x lg-x y md-y lg-y\" id=\"image_589330982\">\n\t\t\t\t\t\t\t\t<div class=\"img-inner dark\" >\n\t\t\t<img decoding=\"async\" width=\"1000\" height=\"1000\" src=\"https:\/\/hawos.de\/wp-content\/uploads\/2022\/10\/Vollkorn-Backbuch-Ute-Olk-BU004.jpg\" class=\"attachment-original size-original\" alt=\"Das gro\u00dfe Vollkorn-Backbuch von Ute Olk\" srcset=\"https:\/\/hawos.de\/wp-content\/uploads\/2022\/10\/Vollkorn-Backbuch-Ute-Olk-BU004.jpg 1000w, https:\/\/hawos.de\/wp-content\/uploads\/2022\/10\/Vollkorn-Backbuch-Ute-Olk-BU004-400x400.jpg 400w, https:\/\/hawos.de\/wp-content\/uploads\/2022\/10\/Vollkorn-Backbuch-Ute-Olk-BU004-800x800.jpg 800w, https:\/\/hawos.de\/wp-content\/uploads\/2022\/10\/Vollkorn-Backbuch-Ute-Olk-BU004-280x280.jpg 280w, https:\/\/hawos.de\/wp-content\/uploads\/2022\/10\/Vollkorn-Backbuch-Ute-Olk-BU004-768x768.jpg 768w, https:\/\/hawos.de\/wp-content\/uploads\/2022\/10\/Vollkorn-Backbuch-Ute-Olk-BU004-32x32.jpg 32w, https:\/\/hawos.de\/wp-content\/uploads\/2022\/10\/Vollkorn-Backbuch-Ute-Olk-BU004-510x510.jpg 510w, https:\/\/hawos.de\/wp-content\/uploads\/2022\/10\/Vollkorn-Backbuch-Ute-Olk-BU004-100x100.jpg 100w\" sizes=\"(max-width: 1000px) 100vw, 1000px\" title=\"\">\t\t\t\t\t\t\n\t\t\t\t\t<\/div>\n\t\t\t\t\t\t\t\t\n<style>\n#image_589330982 {\n  width: 100%;\n}\n<\/style>\n\t<\/div>\n\t\n\n\n\t\t<\/div>\n\t\t\t\t\t<\/div>\n\n\t\n\n\t<div id=\"col-1078077781\" class=\"col medium-6 small-12 large-6\"  >\n\t\t\t\t<div class=\"col-inner text-center\"  >\n\t\t\t\n\t\t\t\n\n<a href=\"https:\/\/hawos.de\/produkte\/das-grosse-vollkorn-backbuch\/\" class=\"button success expand\" >\n\t\t<span>ZUM Buch<\/span>\n\t<\/a>\n\n\n\n\t\t<\/div>\n\t\t\t\t\t<\/div>\n\n\t\n\n<\/div>\n\n\t\t<\/div>\n\n\t\t\n<style>\n#section_373250184 {\n  padding-top: 30px;\n  padding-bottom: 30px;\n  background-color: rgb(249, 249, 249);\n}\n<\/style>\n\t<\/section>\n\t\n","protected":false},"excerpt":{"rendered":"<p>Klein und stark, f\u00fcr Singles oder Einsteiger<\/p>\n","protected":false},"featured_media":11458,"comment_status":"open","ping_status":"closed","template":"","meta":{"_acf_changed":false,"_glsr_average":0,"_glsr_ranking":0,"_glsr_reviews":0},"product_brand":[],"product_cat":[597],"product_tag":[],"class_list":{"0":"post-19186","1":"product","2":"type-product","3":"status-publish","4":"has-post-thumbnail","6":"product_cat-kornkvaern-da","8":"first","9":"instock","10":"taxable","11":"shipping-taxable","12":"purchasable","13":"product-type-simple"},"bundled_by":[],"bundle_stock_status":"instock","bundle_stock_quantity":21,"bundle_virtual":false,"bundle_layout":"","bundle_add_to_cart_form_location":"","bundle_editable_in_cart":false,"bundle_sold_individually_context":"","bundle_item_grouping":"","bundle_min_size":"","bundle_max_size":"","bundle_price":[],"bundled_items":[],"bundle_sell_ids":[],"exclude_global_add_ons":[],"addons":[],"acf":[],"_links":{"self":[{"href":"https:\/\/hawos.de\/da\/wp-json\/wp\/v2\/product\/19186","targetHints":{"allow":["GET"]}}],"collection":[{"href":"https:\/\/hawos.de\/da\/wp-json\/wp\/v2\/product"}],"about":[{"href":"https:\/\/hawos.de\/da\/wp-json\/wp\/v2\/types\/product"}],"replies":[{"embeddable":true,"href":"https:\/\/hawos.de\/da\/wp-json\/wp\/v2\/comments?post=19186"}],"wp:featuredmedia":[{"embeddable":true,"href":"https:\/\/hawos.de\/da\/wp-json\/wp\/v2\/media\/11458"}],"wp:attachment":[{"href":"https:\/\/hawos.de\/da\/wp-json\/wp\/v2\/media?parent=19186"}],"wp:term":[{"taxonomy":"product_brand","embeddable":true,"href":"https:\/\/hawos.de\/da\/wp-json\/wp\/v2\/product_brand?post=19186"},{"taxonomy":"product_cat","embeddable":true,"href":"https:\/\/hawos.de\/da\/wp-json\/wp\/v2\/product_cat?post=19186"},{"taxonomy":"product_tag","embeddable":true,"href":"https:\/\/hawos.de\/da\/wp-json\/wp\/v2\/product_tag?post=19186"}],"curies":[{"name":"wp","href":"https:\/\/api.w.org\/{rel}","templated":true}]}}