{"id":19172,"date":"2017-04-15T23:55:56","date_gmt":"2017-04-15T21:55:56","guid":{"rendered":"https:\/\/hawos.de\/product\/hawos-novum\/"},"modified":"2026-04-02T14:43:04","modified_gmt":"2026-04-02T12:43:04","slug":"hawos-novum","status":"publish","type":"product","link":"https:\/\/hawos.de\/da\/produkte\/hawos-novum\/","title":{"rendered":"hawos Novum"},"content":{"rendered":"<h2>hawos Novum kornkv\u00e6rn<\/h2>\n<p>Ekstremt stille Takket v\u00e6re det geniale slibeleje (patenteret) slibes hawos Novum ekstremt stille. Sk\u00e5lens h\u00f8jde er 16 cm (den elegante, praktiske plastsk\u00e5l er inkluderet). Modulteknologi hawos Novum best\u00e5r kun af nogle f\u00e5 dele. Det modul\u00e6re design muligg\u00f8r nem demontering og montering &#8211; uden specialv\u00e6rkt\u00f8j (f.eks. Til grundig reng\u00f8ring). Integreret b\u00f8rnesikkerhedsanordning Utilsigtet aktivering med tragt fjernet er umulig med hawos Novum.<\/p>\n<h3>hawos Novum bringer farve ind i dit k\u00f8kken<\/h3>\n<p>Bevist i teknologi og us\u00e6dvanligt i design. Plasthuset er is\u00e6r i\u00f8jnefaldende &#8211; specielt designet til moderne k\u00f8kkener. Den unikke form og udvalgte farvekombinationer g\u00f8r Novum umiskendelig. Hawos Novum formaler let og sk\u00e6llet mel til din husstand. Denne kornm\u00f8lle er meget robust p\u00e5 grund af det slagfast plasthus og er designet til daglig brug i k\u00f8kkenet. Det originale design er fremragende. Den buede form passer perfekt ind i designet af moderne k\u00f8kkener. B\u00e5de form og farve skaber en vellykket kombination af teknologi og design.<\/p>\n<h3>H\u00f8j ydeevne for den kr\u00e6vende husstand<\/h3>\n<p>hawos Novum er udstyret med den afpr\u00f8vede hawos m\u00f8lleteknologi. Motoren med 230 volt forbindelse har en ydelse p\u00e5 360 watt. Det er str\u00f8m til intensiv kontinuerlig brug.<\/p>\n<div class=\"row\"  id=\"row-2045703334\">\n\n\t<div id=\"col-906572746\" class=\"col medium-4 small-12 large-4\"  >\n\t\t\t\t<div class=\"col-inner\"  >\n\t\t\t\n\t\t\t\n\t<div class=\"img has-hover x md-x lg-x y md-y lg-y\" id=\"image_2077628833\">\n\t\t\t\t\t\t\t\t<div class=\"img-inner dark\" >\n\t\t\t<img decoding=\"async\" width=\"1020\" height=\"631\" src=\"https:\/\/hawos.de\/wp-content\/uploads\/2007\/07\/novum-1293x800.jpg\" class=\"attachment-large size-large\" alt=\"\" srcset=\"https:\/\/hawos.de\/wp-content\/uploads\/2007\/07\/novum-1293x800.jpg 1293w, https:\/\/hawos.de\/wp-content\/uploads\/2007\/07\/novum-646x400.jpg 646w, https:\/\/hawos.de\/wp-content\/uploads\/2007\/07\/novum-768x475.jpg 768w, https:\/\/hawos.de\/wp-content\/uploads\/2007\/07\/novum-400x248.jpg 400w, https:\/\/hawos.de\/wp-content\/uploads\/2007\/07\/novum-510x316.jpg 510w, https:\/\/hawos.de\/wp-content\/uploads\/2007\/07\/novum.jpg 1024w\" sizes=\"(max-width: 1020px) 100vw, 1020px\" title=\"\">\t\t\t\t\t\t\n\t\t\t\t\t<\/div>\n\t\t\t\t\t\t\t\t\n<style>\n#image_2077628833 {\n  width: 100%;\n}\n<\/style>\n\t<\/div>\n\t\n\t\t<\/div>\n\t\t\t\t\t<\/div>\n\n\t\n\n\t<div id=\"col-313360577\" class=\"col medium-8 small-12 large-8\"  >\n\t\t\t\t<div class=\"col-inner\"  >\n\t\t\t\n\t\t\t\n<p>Fem melfabrikker fra forskellige producenter blev testet.<\/p>\n\t\t<\/div>\n\t\t\t\t\t<\/div>\n\n\t\n<\/div>\n<div class=\"row\"  id=\"row-1493093735\">\n\n\t<div id=\"col-1598076424\" class=\"col medium-8 small-12 large-8\"  >\n\t\t\t\t<div class=\"col-inner\"  >\n\t\t\t\n\t\t\t\n<h3>De &#8220;indre v\u00e6rdier&#8221; i hawos-kvalitet<\/h3>\n<table>\n<tbody>\n<tr>\n<td><strong>Geh\u00e4use<\/strong><\/td>\n<td>Kunststoff<\/td>\n<\/tr>\n<tr>\n<td><strong>Mahlleistung (Weizen)<\/strong><br \/>\n<strong>-fein<\/strong><br \/>\n<strong>-grob<\/strong><\/td>\n<td>ca. 125 g\/min<br \/>\nca. 250-300 g\/min<\/td>\n<\/tr>\n<tr>\n<td><strong>Trichterf\u00fcllmenge (Weizen)<\/strong><\/td>\n<td>ca. 600 g<\/td>\n<\/tr>\n<tr>\n<td><strong>Mahlstein \u00f8 (Korund Keramik Steine)<\/strong><\/td>\n<td>100 mm<\/td>\n<\/tr>\n<tr>\n<td><strong>Mahlwerkslagerung<\/strong><\/td>\n<td>Elastische Lagerung, daher sehr leises Mahlen<\/td>\n<\/tr>\n<tr>\n<td><strong>Gewicht<\/strong><\/td>\n<td>7,1 kg<\/td>\n<\/tr>\n<tr>\n<td><strong>Motorleistung<\/strong><\/td>\n<td>360 W<\/td>\n<\/tr>\n<tr>\n<td><strong>Netzspannung<\/strong><\/td>\n<td>230 V (110V Verf\u00fcgbar)<\/td>\n<\/tr>\n<tr>\n<td><strong>Unterstellh\u00f6he f\u00fcr Sch\u00fcssel<\/strong><\/td>\n<td>16 cm<\/td>\n<\/tr>\n<tr>\n<td><strong>Standfl\u00e4che (B x T x H)<\/strong><\/td>\n<td>200 x 200 x 380 mm<\/td>\n<\/tr>\n<tr>\n<td><strong>Lautst\u00e4rke<\/strong><\/td>\n<td>ca. 72 dB<\/td>\n<\/tr>\n<tr>\n<td><strong>Garantie<\/strong><\/td>\n<td>10 Jahre<\/td>\n<\/tr>\n<tr>\n<td><strong>Besonderheiten<\/strong><\/td>\n<td>Einhandbedienung<\/td>\n<\/tr>\n<\/tbody>\n<\/table>\n\t\t<\/div>\n\t\t\t\t\t<\/div>\n\n\t\n<\/div>\n<p><strong>Bem\u00e6rkning til allergikere: Alle hawos-m\u00f8ller er formalet glutenfri!<\/strong><\/p>\n","protected":false},"excerpt":{"rendered":"<p>Den afpr\u00f8vede hawos-teknologi med den kraftige 360 \u200b\u200bwatt motor og de ekstremt h\u00e5rde korund \/ keramiske m\u00f8llesten er gemt i et farverigt plasthus &#8211; specielt designet til moderne k\u00f8kkener.<br \/>\nDen unikke form og udvalgte farvekombinationer g\u00f8r Novum til en umiskendelig m\u00f8llefabrik. V\u00e6lg din yndlingsfarve!<\/p>\n","protected":false},"featured_media":31155,"comment_status":"open","ping_status":"closed","template":"","meta":{"_acf_changed":false,"_glsr_average":0,"_glsr_ranking":0,"_glsr_reviews":0},"product_brand":[],"product_cat":[597],"product_tag":[],"class_list":{"0":"post-19172","1":"product","2":"type-product","3":"status-publish","4":"has-post-thumbnail","6":"product_cat-kornkvaern-da","7":"pa_farbe-blau-da","8":"pa_farbe-gruen-da","9":"pa_farbe-lila-da","10":"pa_farbe-orange-da","11":"pa_farbe-rot-da","12":"pa_farbe-weiss-da","14":"first","15":"instock","16":"taxable","17":"shipping-taxable","18":"purchasable","19":"product-type-variable"},"bundled_by":[],"bundle_stock_status":"instock","bundle_stock_quantity":45,"bundle_virtual":false,"bundle_layout":"","bundle_add_to_cart_form_location":"","bundle_editable_in_cart":false,"bundle_sold_individually_context":"","bundle_item_grouping":"","bundle_min_size":"","bundle_max_size":"","bundle_price":[],"bundled_items":[],"bundle_sell_ids":[],"exclude_global_add_ons":[],"addons":[],"acf":[],"_links":{"self":[{"href":"https:\/\/hawos.de\/da\/wp-json\/wp\/v2\/product\/19172","targetHints":{"allow":["GET"]}}],"collection":[{"href":"https:\/\/hawos.de\/da\/wp-json\/wp\/v2\/product"}],"about":[{"href":"https:\/\/hawos.de\/da\/wp-json\/wp\/v2\/types\/product"}],"replies":[{"embeddable":true,"href":"https:\/\/hawos.de\/da\/wp-json\/wp\/v2\/comments?post=19172"}],"wp:featuredmedia":[{"embeddable":true,"href":"https:\/\/hawos.de\/da\/wp-json\/wp\/v2\/media\/31155"}],"wp:attachment":[{"href":"https:\/\/hawos.de\/da\/wp-json\/wp\/v2\/media?parent=19172"}],"wp:term":[{"taxonomy":"product_brand","embeddable":true,"href":"https:\/\/hawos.de\/da\/wp-json\/wp\/v2\/product_brand?post=19172"},{"taxonomy":"product_cat","embeddable":true,"href":"https:\/\/hawos.de\/da\/wp-json\/wp\/v2\/product_cat?post=19172"},{"taxonomy":"product_tag","embeddable":true,"href":"https:\/\/hawos.de\/da\/wp-json\/wp\/v2\/product_tag?post=19172"}],"curies":[{"name":"wp","href":"https:\/\/api.w.org\/{rel}","templated":true}]}}