{"id":19169,"date":"2017-04-16T00:15:44","date_gmt":"2017-04-15T22:15:44","guid":{"rendered":"https:\/\/hawos.de\/product\/hawos-billy\/"},"modified":"2025-12-16T10:57:45","modified_gmt":"2025-12-16T09:57:45","slug":"hawos-billy","status":"publish","type":"product","link":"https:\/\/hawos.de\/da\/produkte\/hawos-billy\/","title":{"rendered":"hawos Billy"},"content":{"rendered":"<h2>hawos Billy\u00a0kornkv\u00e6rn<\/h2>\n<p>En fremragende blanding af tr\u00e6 for endnu l\u00e6ngere holdbarhed og avantgarde tilbageholdenhed. Slibev\u00e6relset er lavet af hygiejnisk, livreddende plast. K\u00f8rselsretningen for hvert tr\u00e6lag i multiplex-huset drejes 90 \u00b0 og limes under ekstremt st\u00e6rkt tryk. Dette f\u00f8rer til et s\u00e6rligt h\u00f8jt stabilitetsniveau, der ikke kan opn\u00e5s med limet tr\u00e6.<\/p>\n<p>Hawos Billy 1 har samme motor- og slibekraft som Novum, M\u00fchle 1, Queen 1 og Oktagon 1.<br \/>\nHawos Billy 2 har det tekniske udstyr som Mill 2, Queen 2 og Octagon 2.<\/p>\n<div class=\"row\"  id=\"row-772466327\">\n\n\t<div id=\"col-1680966759\" class=\"col medium-8 small-12 large-8\"  >\n\t\t\t\t<div class=\"col-inner\"  >\n\t\t\t\n\t\t\t\n<h3>Die &#8220;inneren Werte&#8221; in hawos-Qualit\u00e4t<\/h3>\n<table style=\"width: 40.267368847478224%; height: 340px;\">\n<tbody>\n<tr style=\"height: 21px;\">\n<td style=\"height: 21px;\"><\/td>\n<td style=\"height: 21px;\"><strong>Billy 1<\/strong><\/td>\n<td style=\"height: 21px;\"><strong>Billy 2<\/strong><\/td>\n<\/tr>\n<tr style=\"height: 21px;\">\n<td style=\"height: 21px;\"><strong>Geh\u00e4use<\/strong><\/td>\n<td style=\"text-align: left; height: 21px;\" colspan=\"2\">Birke Multiplex<\/td>\n<\/tr>\n<tr style=\"height: 63px;\">\n<td style=\"height: 63px;\"><strong>Mahlleistung (Weizen)<\/strong><br \/>\n<strong>-fein<\/strong><br \/>\n<strong>-grob<\/strong><\/td>\n<td style=\"height: 63px;\">ca. 125 g\/min<br \/>\nca. 250-300 g\/min<\/td>\n<td style=\"height: 63px;\">ca. 220 g\/min<br \/>\nca. 400-500 g\/min<\/td>\n<\/tr>\n<tr style=\"height: 21px;\">\n<td style=\"height: 21px;\"><strong>Trichterf\u00fcllmenge (Weizen)<\/strong><\/td>\n<td style=\"height: 21px;\">ca. 1300 g<\/td>\n<td style=\"height: 21px;\">ca. 1500 g<\/td>\n<\/tr>\n<tr style=\"height: 21px;\">\n<td style=\"height: 21px;\"><strong>Mahlstein \u00f8 (Korund Keramik Steine)<\/strong><\/td>\n<td style=\"text-align: left; height: 21px;\" colspan=\"2\">100 mm<\/td>\n<\/tr>\n<tr style=\"height: 21px;\">\n<td style=\"height: 21px;\"><strong>Gewicht<\/strong><\/td>\n<td style=\"text-align: left; height: 21px;\">8.8 kg<\/td>\n<td style=\"text-align: left; height: 21px;\">10.6 kg<\/td>\n<\/tr>\n<tr style=\"height: 21px;\">\n<td style=\"height: 21px;\"><strong>Motorleistung<\/strong><\/td>\n<td style=\"text-align: left; height: 21px;\">360 W<\/td>\n<td style=\"text-align: left; height: 21px;\">600 W<\/td>\n<\/tr>\n<tr>\n<td><strong>Lautst\u00e4rke<\/strong><\/td>\n<td style=\"text-align: left;\">ca. 70 dB<\/td>\n<td style=\"text-align: left;\">ca. 72 dB<\/td>\n<\/tr>\n<tr style=\"height: 21px;\">\n<td style=\"height: 21px;\"><strong>Netzspannung<\/strong><\/td>\n<td style=\"text-align: left; height: 21px;\">230 V<\/td>\n<td style=\"text-align: left; height: 21px;\">230 V<\/td>\n<\/tr>\n<tr style=\"height: 21px;\">\n<td style=\"height: 21px;\"><strong>Unterstellh\u00f6he f\u00fcr Sch\u00fcssel<\/strong><\/td>\n<td style=\"text-align: left; height: 21px;\">12 cm<\/td>\n<td style=\"text-align: left; height: 21px;\">17 cm<\/td>\n<\/tr>\n<tr style=\"height: 21px;\">\n<td style=\"height: 21px;\"><strong>Standfl\u00e4che (B x T x H)<\/strong><\/td>\n<td style=\"text-align: left; height: 21px;\">210 x 210 x 385 mm<\/td>\n<td style=\"text-align: left; height: 21px;\">210 x 210 x 450 mm<\/td>\n<\/tr>\n<tr style=\"height: 21px;\">\n<td style=\"height: 21px;\"><strong>Oberfl\u00e4chenbehandlung<\/strong><\/td>\n<td style=\"text-align: left; height: 21px;\" colspan=\"2\">Lein\u00f6lfirnis<\/td>\n<\/tr>\n<tr style=\"height: 21px;\">\n<td style=\"height: 21px;\"><strong>Garantie<\/strong><\/td>\n<td style=\"text-align: left; height: 21px;\" colspan=\"2\">10 Jahre<\/td>\n<\/tr>\n<\/tbody>\n<\/table>\n\t\t<\/div>\n\t\t\t\t\t<\/div>\n\n\t\n<\/div>\n<p id=\"tw-target-text\" dir=\"ltr\" data-placeholder=\"\u00dcbersetzung\"><strong><span lang=\"da\">Bem\u00e6rkning til allergikere: Alle hawos-m\u00f8ller er formalet glutenfri!<\/span><\/strong><\/p>\n","protected":false},"excerpt":{"rendered":"<p>Solid multiplex til huset!<\/p>\n","protected":false},"featured_media":31042,"comment_status":"open","ping_status":"closed","template":"","meta":{"_acf_changed":false,"_glsr_average":0,"_glsr_ranking":0,"_glsr_reviews":0},"product_brand":[],"product_cat":[597],"product_tag":[],"class_list":{"0":"post-19169","1":"product","2":"type-product","3":"status-publish","4":"has-post-thumbnail","6":"product_cat-kornkvaern-da","7":"pa_model-billy-1-da","8":"pa_model-billy-2-da","10":"first","11":"instock","12":"taxable","13":"shipping-taxable","14":"purchasable","15":"product-type-variable"},"bundled_by":[],"bundle_stock_status":"instock","bundle_stock_quantity":null,"bundle_virtual":false,"bundle_layout":"","bundle_add_to_cart_form_location":"","bundle_editable_in_cart":false,"bundle_sold_individually_context":"","bundle_item_grouping":"","bundle_min_size":"","bundle_max_size":"","bundle_price":[],"bundled_items":[],"bundle_sell_ids":[],"exclude_global_add_ons":[],"addons":[],"acf":[],"_links":{"self":[{"href":"https:\/\/hawos.de\/da\/wp-json\/wp\/v2\/product\/19169","targetHints":{"allow":["GET"]}}],"collection":[{"href":"https:\/\/hawos.de\/da\/wp-json\/wp\/v2\/product"}],"about":[{"href":"https:\/\/hawos.de\/da\/wp-json\/wp\/v2\/types\/product"}],"replies":[{"embeddable":true,"href":"https:\/\/hawos.de\/da\/wp-json\/wp\/v2\/comments?post=19169"}],"wp:featuredmedia":[{"embeddable":true,"href":"https:\/\/hawos.de\/da\/wp-json\/wp\/v2\/media\/31042"}],"wp:attachment":[{"href":"https:\/\/hawos.de\/da\/wp-json\/wp\/v2\/media?parent=19169"}],"wp:term":[{"taxonomy":"product_brand","embeddable":true,"href":"https:\/\/hawos.de\/da\/wp-json\/wp\/v2\/product_brand?post=19169"},{"taxonomy":"product_cat","embeddable":true,"href":"https:\/\/hawos.de\/da\/wp-json\/wp\/v2\/product_cat?post=19169"},{"taxonomy":"product_tag","embeddable":true,"href":"https:\/\/hawos.de\/da\/wp-json\/wp\/v2\/product_tag?post=19169"}],"curies":[{"name":"wp","href":"https:\/\/api.w.org\/{rel}","templated":true}]}}