{"id":19165,"date":"2017-04-16T08:28:14","date_gmt":"2017-04-16T06:28:14","guid":{"rendered":"https:\/\/hawos.de\/product\/hawos-muehle\/"},"modified":"2025-12-09T07:04:13","modified_gmt":"2025-12-09T06:04:13","slug":"hawos-muehle","status":"publish","type":"product","link":"https:\/\/hawos.de\/da\/produkte\/hawos-muehle\/","title":{"rendered":"hawos M\u00fchle"},"content":{"rendered":"<div class=\"row\"  id=\"row-1237962256\">\n\n\t<div id=\"col-1328641483\" class=\"col medium-8 small-12 large-8\"  >\n\t\t\t\t<div class=\"col-inner\"  >\n\t\t\t\n\t\t\t\n<h2>hawos M\u00fchle\u00a0kornkv\u00e6rn<\/h2>\n<p>hawos M\u00fchle 1 &amp; M\u00fchle 2 er klassikere i et firkantet grundformat, udstyret med robust modul\u00e6r teknologi. Kassen er lavet af massivt b\u00f8getr\u00e6 i mange arbejdstrin med perfekt h\u00e5ndv\u00e6rk; det livlige, individuelle korn understreges efter den sidste ber\u00f8ring med linolielak. Deres h\u00f8je ydeevne, nemme justerbarhed og den elastisk monterede kv\u00e6rn g\u00f8r hawos M\u00fchle 1 &amp; M\u00fchle 2 til meget stille hj\u00e6lpere i hvert k\u00f8kken.<\/p>\n<p>Hawos m\u00f8lle 1 har samme motor- og slibekraft som Novum, Billy 1, Queen 1 og Oktagon 1.<br \/>\nHawos m\u00f8lle 2 har det samme tekniske udstyr som Billy 2, Queen 2 og Oktagon 2.<\/p>\n<h3>Die \u201einneren Werte\u201c in hawos-Qualit\u00e4t<\/h3>\n<table>\n<tbody>\n<tr>\n<td><\/td>\n<td><strong>M\u00fchle 1<\/strong><\/td>\n<td><strong>M\u00fchle 2<\/strong><\/td>\n<\/tr>\n<tr>\n<td><strong>Geh\u00e4use<\/strong><\/td>\n<td colspan=\"2\">Buche Vollholz<\/td>\n<\/tr>\n<tr>\n<td><strong>Mahlleistung (Weizen)<\/strong><br \/>\n<strong>-fein<\/strong><br \/>\n<strong>-grob<\/strong><\/td>\n<td>ca. 125 g\/min<br \/>\nca. 250-300 g\/min<\/td>\n<td>ca. 220 g\/min<br \/>\nca. 400-500 g\/min<\/td>\n<\/tr>\n<tr>\n<td><strong>Trichterf\u00fcllmenge (Weizen)<\/strong><\/td>\n<td>ca. 1300 g<\/td>\n<td>ca. 1500 g<\/td>\n<\/tr>\n<tr>\n<td><strong>Mahlstein \u00f8 (Korund Keramik Steine)<\/strong><\/td>\n<td colspan=\"2\">100 mm<\/td>\n<\/tr>\n<tr>\n<td><strong>Gewicht<\/strong><\/td>\n<td>9.9 kg<\/td>\n<td>11.6 kg<\/td>\n<\/tr>\n<tr>\n<td><strong>Motorleistung<\/strong><\/td>\n<td>360 W<\/td>\n<td>600 W<\/td>\n<\/tr>\n<tr>\n<td><strong>Lautst\u00e4rke<\/strong><\/td>\n<td>ca. 70 dB<\/td>\n<td>ca. 72 dB<\/td>\n<\/tr>\n<tr>\n<td><strong>Netzspannung<\/strong><\/td>\n<td>230 V<\/td>\n<td>230 V<\/td>\n<\/tr>\n<tr>\n<td><strong>Unterstellh\u00f6he f\u00fcr Sch\u00fcssel<\/strong><\/td>\n<td>12 cm<\/td>\n<td>17 cm<\/td>\n<\/tr>\n<tr>\n<td><strong>Standfl\u00e4che (B x T x H)<\/strong><\/td>\n<td>210 x 210 x 385 mm<\/td>\n<td>210 x 210 x 450 mm<\/td>\n<\/tr>\n<tr>\n<td><strong>Oberfl\u00e4chenbehandlung<\/strong><\/td>\n<td colspan=\"2\">Lein\u00f6lfirnis<\/td>\n<\/tr>\n<tr>\n<td><strong>Garantie<\/strong><\/td>\n<td colspan=\"2\">10 Jahre<\/td>\n<\/tr>\n<\/tbody>\n<\/table>\n\t\t<\/div>\n\t\t\t\t\t<\/div>\n\n\t\n\n\t<div id=\"col-1340275463\" class=\"col medium-4 small-12 large-4\"  >\n\t\t\t\t<div class=\"col-inner\"  >\n\t\t\t\n\t\t\t\n\t<div class=\"img has-hover x md-x lg-x y md-y lg-y\" id=\"image_748588202\">\n\t\t\t\t\t\t\t\t<div class=\"img-inner dark\" >\n\t\t\t<img decoding=\"async\" width=\"378\" height=\"529\" src=\"https:\/\/hawos.de\/wp-content\/uploads\/2017\/04\/muehle1_innenleben.jpg\" class=\"attachment-large size-large\" alt=\"\" srcset=\"https:\/\/hawos.de\/wp-content\/uploads\/2017\/04\/muehle1_innenleben.jpg 378w, https:\/\/hawos.de\/wp-content\/uploads\/2017\/04\/muehle1_innenleben-286x400.jpg 286w\" sizes=\"(max-width: 378px) 100vw, 378px\" title=\"\">\t\t\t\t\t\t\n\t\t\t\t\t<\/div>\n\t\t\t\t\t\t\t\t\n<style>\n#image_748588202 {\n  width: 100%;\n}\n<\/style>\n\t<\/div>\n\t\n\t\t<\/div>\n\t\t\t\t\t<\/div>\n\n\t\n<\/div>\n<p><strong>Hinweis f\u00fcr Allergiker:<\/strong>\u00a0Alle hawos-M\u00fchlen sind glutenfrei eingemahlen!<\/p>\n","protected":false},"excerpt":{"rendered":"<p>Massivt b\u00f8g til huset!<\/p>\n","protected":false},"featured_media":31068,"comment_status":"open","ping_status":"closed","template":"","meta":{"_acf_changed":false,"_glsr_average":0,"_glsr_ranking":0,"_glsr_reviews":0},"product_brand":[],"product_cat":[597],"product_tag":[],"class_list":{"0":"post-19165","1":"product","2":"type-product","3":"status-publish","4":"has-post-thumbnail","6":"product_cat-kornkvaern-da","7":"pa_model-muehle-1-da","8":"pa_model-muehle-2-da","10":"first","11":"instock","12":"taxable","13":"shipping-taxable","14":"purchasable","15":"product-type-variable"},"bundled_by":[],"bundle_stock_status":"instock","bundle_stock_quantity":null,"bundle_virtual":false,"bundle_layout":"","bundle_add_to_cart_form_location":"","bundle_editable_in_cart":false,"bundle_sold_individually_context":"","bundle_item_grouping":"","bundle_min_size":"","bundle_max_size":"","bundle_price":[],"bundled_items":[],"bundle_sell_ids":[],"exclude_global_add_ons":[],"addons":[],"acf":[],"_links":{"self":[{"href":"https:\/\/hawos.de\/da\/wp-json\/wp\/v2\/product\/19165","targetHints":{"allow":["GET"]}}],"collection":[{"href":"https:\/\/hawos.de\/da\/wp-json\/wp\/v2\/product"}],"about":[{"href":"https:\/\/hawos.de\/da\/wp-json\/wp\/v2\/types\/product"}],"replies":[{"embeddable":true,"href":"https:\/\/hawos.de\/da\/wp-json\/wp\/v2\/comments?post=19165"}],"wp:featuredmedia":[{"embeddable":true,"href":"https:\/\/hawos.de\/da\/wp-json\/wp\/v2\/media\/31068"}],"wp:attachment":[{"href":"https:\/\/hawos.de\/da\/wp-json\/wp\/v2\/media?parent=19165"}],"wp:term":[{"taxonomy":"product_brand","embeddable":true,"href":"https:\/\/hawos.de\/da\/wp-json\/wp\/v2\/product_brand?post=19165"},{"taxonomy":"product_cat","embeddable":true,"href":"https:\/\/hawos.de\/da\/wp-json\/wp\/v2\/product_cat?post=19165"},{"taxonomy":"product_tag","embeddable":true,"href":"https:\/\/hawos.de\/da\/wp-json\/wp\/v2\/product_tag?post=19165"}],"curies":[{"name":"wp","href":"https:\/\/api.w.org\/{rel}","templated":true}]}}