{"id":19162,"date":"2017-04-16T09:01:57","date_gmt":"2017-04-16T07:01:57","guid":{"rendered":"https:\/\/hawos.de\/product\/hawos-queen\/"},"modified":"2025-12-23T16:21:26","modified_gmt":"2025-12-23T15:21:26","slug":"hawos-queen","status":"publish","type":"product","link":"https:\/\/hawos.de\/da\/produkte\/hawos-queen\/","title":{"rendered":"hawos Queen"},"content":{"rendered":"<h2>hawos Queen\u00a0kornkv\u00e6rn<\/h2>\n<p>Hos dronningen er<\/p>\n<h2>hawos Queen<\/h2>\n<p>Hos dronningen er hawos Queen skjult i et massivt multiplex hus lavet af b\u00f8g. Med denne fremragende blanding af tr\u00e6 drejes retningsretningen for hvert lag 90 \u00b0 og limes under ekstremt st\u00e6rkt tryk. Den resulterende h\u00f8je stabilitet suppleres af den elastisk monterede kv\u00e6rn til en funktionel og behageligt stille arbejdsm\u00f8lle, der passer perfekt ind i ethvert moderne k\u00f8kken! Slibekammeret er lavet af f\u00f8devaresikker plastik (ikke multiplex). Queen &#8211; den kongelige. Det kombinerer sk\u00f8nhed og elegance med fremragende indre v\u00e6rdier, ligesom man forventer af en dronning. Huset lavet af multiplex b\u00f8g har den typisk r\u00f8dlig mat glitrende overflade, og selv de sk\u00e5rne kanter har samme farve. Queen &#8211; dronningen af \u200b\u200bhawos kornfabrikker<\/p>\n<p>Hawos Queen 1 har samme motor- og slibekraft som Novum, Billy 1, M\u00fchle 1 og Oktagon 1.<br \/>\nHawos Queen 2 har det samme tekniske udstyr som Billy 2, M\u00fchle 2 og Oktagon 2.<\/p>\n<div class=\"row\"  id=\"row-1453227878\">\n\n\t<div id=\"col-50279851\" class=\"col medium-8 small-12 large-8\"  >\n\t\t\t\t<div class=\"col-inner\"  >\n\t\t\t\n\t\t\t\n<h3>De &#8220;indre v\u00e6rdier&#8221; i hawos-kvalitet<\/h3>\n<table style=\"width: 100%;\">\n<tbody>\n<tr>\n<td style=\"width: 45.9357%;\"><\/td>\n<td style=\"width: 27.7883%;\"><strong>Queen 1<\/strong><\/td>\n<td style=\"width: 24.3856%;\"><strong>Queen 2<\/strong><\/td>\n<\/tr>\n<tr>\n<td style=\"width: 45.9357%;\"><strong>Geh\u00e4use<\/strong><\/td>\n<td style=\"width: 52.1739%;\" colspan=\"2\">Buche Mulitplex<\/td>\n<\/tr>\n<tr>\n<td style=\"width: 45.9357%;\"><strong>Mahlleistung (Weizen)<\/strong><br \/>\n<strong>-fein<\/strong><br \/>\n<strong>-grob<\/strong><\/td>\n<td style=\"width: 27.7883%;\">ca. 125 g\/min<br \/>\nca. 250-300 g\/min<\/td>\n<td style=\"width: 24.3856%;\">ca. 220 g\/min<br \/>\nca. 400-500 g\/min<\/td>\n<\/tr>\n<tr>\n<td style=\"width: 45.9357%;\"><strong>Trichterf\u00fcllmenge (Weizen)<\/strong><\/td>\n<td style=\"width: 27.7883%;\">ca. 1300 g<\/td>\n<td style=\"width: 24.3856%;\">ca. 1500 g<\/td>\n<\/tr>\n<tr>\n<td style=\"width: 45.9357%;\"><strong>Mahlstein \u00f8 (Korund Keramik Steine)<\/strong><\/td>\n<td style=\"width: 52.1739%;\" colspan=\"2\">100 mm<\/td>\n<\/tr>\n<tr>\n<td style=\"width: 45.9357%;\"><strong>Gewicht<\/strong><\/td>\n<td style=\"width: 27.7883%;\">9.8 kg<\/td>\n<td style=\"width: 24.3856%;\">11.5 kg<\/td>\n<\/tr>\n<tr>\n<td style=\"width: 45.9357%;\"><strong>Motorleistung<\/strong><\/td>\n<td style=\"width: 27.7883%;\">360 W<\/td>\n<td style=\"width: 24.3856%;\">600 W<\/td>\n<\/tr>\n<tr>\n<td style=\"width: 45.9357%;\"><strong>Lautst\u00e4rke<\/strong><\/td>\n<td style=\"width: 27.7883%;\">ca. 70 dB<\/td>\n<td style=\"width: 24.3856%;\">ca. 72 dB<\/td>\n<\/tr>\n<tr>\n<td style=\"width: 45.9357%;\"><strong>Netzspannung<\/strong><\/td>\n<td style=\"width: 27.7883%;\">230 V<\/td>\n<td style=\"width: 24.3856%;\">230 V<\/td>\n<\/tr>\n<tr>\n<td style=\"width: 45.9357%;\"><strong>Unterstellh\u00f6he f\u00fcr Sch\u00fcssel<\/strong><\/td>\n<td style=\"width: 27.7883%;\">12 cm<\/td>\n<td style=\"width: 24.3856%;\">17 cm<\/td>\n<\/tr>\n<tr>\n<td style=\"width: 45.9357%;\"><strong>Standfl\u00e4che (B x T x H)<\/strong><\/td>\n<td style=\"width: 27.7883%;\">210 x 210 x 385 mm<\/td>\n<td style=\"width: 24.3856%;\">210 x 210 x 450 mm<\/td>\n<\/tr>\n<tr>\n<td style=\"width: 45.9357%;\"><strong>Oberfl\u00e4chenbehandlung<\/strong><\/td>\n<td style=\"width: 52.1739%;\" colspan=\"2\">Lein\u00f6lfirnis<\/td>\n<\/tr>\n<tr>\n<td style=\"width: 45.9357%;\"><strong>Garantie<\/strong><\/td>\n<td style=\"width: 52.1739%;\" colspan=\"2\">10 Jahre<\/td>\n<\/tr>\n<\/tbody>\n<\/table>\n\t\t<\/div>\n\t\t\t\t\t<\/div>\n\n\t\n<\/div>\n<p>Bem\u00e6rkning til allergikere: Alle hawos-m\u00f8ller er formalet glutenfri!<\/p>\n","protected":false},"excerpt":{"rendered":"<p>Forbindelsen mellem sk\u00f8nhed og elegance med<br \/>\nfremragende indre v\u00e6rdier, ligesom man kunne forvente af en Queen<br \/>\nforventet. Huset lavet af multiplex b\u00f8g har den typiske r\u00f8dlige farve<br \/>\nmat glitrende overflade.<\/p>\n","protected":false},"featured_media":31130,"comment_status":"open","ping_status":"closed","template":"","meta":{"_acf_changed":false,"_glsr_average":0,"_glsr_ranking":0,"_glsr_reviews":0},"product_brand":[],"product_cat":[597],"product_tag":[],"class_list":{"0":"post-19162","1":"product","2":"type-product","3":"status-publish","4":"has-post-thumbnail","6":"product_cat-kornkvaern-da","7":"pa_model-queen-1-da","8":"pa_model-queen-2-da","10":"first","11":"instock","12":"taxable","13":"shipping-taxable","14":"purchasable","15":"product-type-variable"},"bundled_by":[],"bundle_stock_status":"instock","bundle_stock_quantity":null,"bundle_virtual":false,"bundle_layout":"","bundle_add_to_cart_form_location":"","bundle_editable_in_cart":false,"bundle_sold_individually_context":"","bundle_item_grouping":"","bundle_min_size":"","bundle_max_size":"","bundle_price":[],"bundled_items":[],"bundle_sell_ids":[],"exclude_global_add_ons":[],"addons":[],"acf":[],"_links":{"self":[{"href":"https:\/\/hawos.de\/da\/wp-json\/wp\/v2\/product\/19162","targetHints":{"allow":["GET"]}}],"collection":[{"href":"https:\/\/hawos.de\/da\/wp-json\/wp\/v2\/product"}],"about":[{"href":"https:\/\/hawos.de\/da\/wp-json\/wp\/v2\/types\/product"}],"replies":[{"embeddable":true,"href":"https:\/\/hawos.de\/da\/wp-json\/wp\/v2\/comments?post=19162"}],"wp:featuredmedia":[{"embeddable":true,"href":"https:\/\/hawos.de\/da\/wp-json\/wp\/v2\/media\/31130"}],"wp:attachment":[{"href":"https:\/\/hawos.de\/da\/wp-json\/wp\/v2\/media?parent=19162"}],"wp:term":[{"taxonomy":"product_brand","embeddable":true,"href":"https:\/\/hawos.de\/da\/wp-json\/wp\/v2\/product_brand?post=19162"},{"taxonomy":"product_cat","embeddable":true,"href":"https:\/\/hawos.de\/da\/wp-json\/wp\/v2\/product_cat?post=19162"},{"taxonomy":"product_tag","embeddable":true,"href":"https:\/\/hawos.de\/da\/wp-json\/wp\/v2\/product_tag?post=19162"}],"curies":[{"name":"wp","href":"https:\/\/api.w.org\/{rel}","templated":true}]}}