{"id":19139,"date":"2017-04-16T10:11:52","date_gmt":"2017-04-16T08:11:52","guid":{"rendered":"https:\/\/hawos.de\/product\/hawos-oktagon\/"},"modified":"2026-03-09T12:12:36","modified_gmt":"2026-03-09T11:12:36","slug":"hawos-oktagon","status":"publish","type":"product","link":"https:\/\/hawos.de\/da\/produkte\/hawos-oktagon\/","title":{"rendered":"hawos Oktagon"},"content":{"rendered":"<div class=\"row\"  id=\"row-1418122997\">\n\n\t<div id=\"col-1959366469\" class=\"col medium-8 small-12 large-8\"  >\n\t\t\t\t<div class=\"col-inner\"  >\n\t\t\t\n\t\t\t\n<h2>hawos Oktagon\u00a0kornkv\u00e6rn<\/h2>\n<p>&#8220;Alt passer sammen her&#8221;. Indvendigt og udvendigt: Den nemme betjening, den trinl\u00f8st justerbare kv\u00e6rn, ekstremt h\u00e5rde slibesten og en kraftig 360\/600 watt motor samt indstillingsskalaen i massiv messing. Vores &#8220;Oktagon&#8221; -model scorer med st\u00e6rk ydeevne og topresultater ved slibning af korn og krydderier. Selv med en fin indstilling er slibest\u00f8j stadig behagelig. Med en krop lavet af massivt, dampet b\u00f8getr\u00e6 er det en juvel i perfekt h\u00e5ndv\u00e6rk til ethvert k\u00f8kken. Med sine otte hj\u00f8rner er Oktagon-modellen en rigtig i\u00f8jnefaldende: smuk og god!<\/p>\n<div class=\"row\"  id=\"row-1923807416\">\n\n\t<div id=\"col-1612397083\" class=\"col medium-4 small-12 large-4\"  >\n\t\t\t\t<div class=\"col-inner\"  >\n\t\t\t\n\t\t\t\n\t<div class=\"img has-hover x md-x lg-x y md-y lg-y\" id=\"image_874117735\">\n\t\t\t\t\t\t\t\t<div class=\"img-inner dark\" >\n\t\t\t<img decoding=\"async\" width=\"500\" height=\"272\" src=\"https:\/\/hawos.de\/wp-content\/uploads\/2007\/07\/hawos_oktagon1.jpg\" class=\"attachment-large size-large\" alt=\"\" srcset=\"https:\/\/hawos.de\/wp-content\/uploads\/2007\/07\/hawos_oktagon1.jpg 500w, https:\/\/hawos.de\/wp-content\/uploads\/2007\/07\/hawos_oktagon1-400x218.jpg 400w\" sizes=\"(max-width: 500px) 100vw, 500px\" title=\"\">\t\t\t\t\t\t\n\t\t\t\t\t<\/div>\n\t\t\t\t\t\t\t\t\n<style>\n#image_874117735 {\n  width: 100%;\n}\n<\/style>\n\t<\/div>\n\t\n\t\t<\/div>\n\t\t\t\t\t<\/div>\n\n\t\n\n\t<div id=\"col-1879863356\" class=\"col medium-8 small-12 large-8\"  >\n\t\t\t\t<div class=\"col-inner\"  >\n\t\t\t\n\t\t\t\n<p>Oktagon 1 var testvinderen i kornfabrikstesten i magasinet &#8220;Testmagazin&#8221;, nummer 3\/2010 (8 kornfabrikker fra forskellige producenter blev testet). Hvorfor v\u00e6re tilfreds med mindre?<\/p>\n\t\t<\/div>\n\t\t\t\t\t<\/div>\n\n\t\n<\/div>\n\t\t<\/div>\n\t\t\t\t\t<\/div>\n\n\t\n\n\t<div id=\"col-809865102\" class=\"col medium-4 small-12 large-4\"  >\n\t\t\t\t<div class=\"col-inner\"  >\n\t\t\t\n\t\t\t\n\t<div class=\"img has-hover x md-x lg-x y md-y lg-y\" id=\"image_1328191966\">\n\t\t\t\t\t\t\t\t<div class=\"img-inner dark\" >\n\t\t\t<img decoding=\"async\" width=\"502\" height=\"800\" src=\"https:\/\/hawos.de\/wp-content\/uploads\/2009\/12\/oktagon-schnitt-502x800.jpg\" class=\"attachment-large size-large\" alt=\"\" srcset=\"https:\/\/hawos.de\/wp-content\/uploads\/2009\/12\/oktagon-schnitt-502x800.jpg 502w, https:\/\/hawos.de\/wp-content\/uploads\/2009\/12\/oktagon-schnitt-251x400.jpg 251w, https:\/\/hawos.de\/wp-content\/uploads\/2009\/12\/oktagon-schnitt-768x1224.jpg 768w, https:\/\/hawos.de\/wp-content\/uploads\/2009\/12\/oktagon-schnitt-400x637.jpg 400w, https:\/\/hawos.de\/wp-content\/uploads\/2009\/12\/oktagon-schnitt-510x813.jpg 510w, https:\/\/hawos.de\/wp-content\/uploads\/2009\/12\/oktagon-schnitt.jpg 1004w\" sizes=\"(max-width: 502px) 100vw, 502px\" title=\"\">\t\t\t\t\t\t\n\t\t\t\t\t<\/div>\n\t\t\t\t\t\t\t\t\n<style>\n#image_1328191966 {\n  width: 100%;\n}\n<\/style>\n\t<\/div>\n\t\n\t\t<\/div>\n\t\t\t\t\t<\/div>\n\n\t\n<\/div>\n<div class=\"row\"  id=\"row-1723781563\">\n\n\t<div id=\"col-322265943\" class=\"col medium-8 small-12 large-8\"  >\n\t\t\t\t<div class=\"col-inner\"  >\n\t\t\t\n\t\t\t\n<h3><strong>De &#8220;indre v\u00e6rdier&#8221; i hawos-kvalitet<\/strong><\/h3>\n<div>\n<div>\n<table style=\"width: 100%; height: 339px;\" cellpadding=\"2\">\n<tbody>\n<tr style=\"height: 21px;\">\n<td style=\"width: 46.124763705103966%; height: 21px;\"><\/td>\n<td style=\"width: 27.599243856332702%; height: 21px;\"><strong>Oktagon 1<\/strong><\/td>\n<td style=\"width: 24.38563327032136%; height: 21px;\"><strong>Oktagon 2<\/strong><\/td>\n<\/tr>\n<tr style=\"height: 10px;\">\n<td style=\"width: 46.124763705103966%; height: 10px;\"><strong>Geh\u00e4use<\/strong><\/td>\n<td style=\"width: 51.98487712665406%; height: 10px;\" colspan=\"2\">Buche Vollholz (ged\u00e4mpft)<\/td>\n<\/tr>\n<tr style=\"height: 10px;\">\n<td style=\"width: 46.124763705103966%; height: 10px;\"><strong>Mahlleistung (Weizen)<\/strong><br \/>\n<strong>&#8211; fein<\/strong><br \/>\n<strong>&#8211; grob<\/strong><\/td>\n<td style=\"width: 27.599243856332702%; height: 10px;\">ca. 125 g\/min<br \/>\nca. 250-300 g\/min<\/td>\n<td style=\"width: 24.38563327032136%; height: 10px;\">ca. 220 g\/min<br \/>\nca. 400-500 g\/min<\/td>\n<\/tr>\n<tr style=\"height: 21px;\">\n<td style=\"width: 46.124763705103966%; height: 21px;\"><strong>Trichterf\u00fcllmenge (Weizen)<\/strong><\/td>\n<td style=\"width: 27.599243856332702%; height: 21px;\">ca. 1100 g<\/td>\n<td style=\"width: 24.38563327032136%; height: 21px;\">ca. 1100 g<\/td>\n<\/tr>\n<tr style=\"height: 42px;\">\n<td style=\"width: 46.124763705103966%; height: 42px;\"><strong>Mahlstein \u00f8 (Korund Keramik Steine)<\/strong><\/td>\n<td style=\"width: 51.98487712665406%; height: 42px;\" colspan=\"2\">100 mm<\/td>\n<\/tr>\n<tr style=\"height: 21px;\">\n<td style=\"width: 46.124763705103966%; height: 21px;\"><strong>Gewicht<\/strong><\/td>\n<td style=\"width: 27.599243856332702%; height: 21px;\">8.8 kg<\/td>\n<td style=\"width: 24.38563327032136%; height: 21px;\">10.3 kg<\/td>\n<\/tr>\n<tr style=\"height: 21px;\">\n<td style=\"width: 46.124763705103966%; height: 21px;\"><strong>Motorleistung<\/strong><\/td>\n<td style=\"width: 27.599243856332702%; height: 21px;\">360 W<\/td>\n<td style=\"width: 24.38563327032136%; height: 21px;\">600 W<\/td>\n<\/tr>\n<tr>\n<td><strong>Lautst\u00e4rke<\/strong><\/td>\n<td>ca. 68 dB<\/td>\n<td>ca. 70 dB<\/td>\n<\/tr>\n<tr style=\"height: 42px;\">\n<td><strong>Netzspannung<\/strong><\/td>\n<td>230 V<\/td>\n<td>230 V<\/td>\n<\/tr>\n<tr style=\"height: 21px;\">\n<td style=\"width: 46.124763705103966%; height: 21px;\"><strong>Unterstellh\u00f6he f\u00fcr Sch\u00fcssel<\/strong><\/td>\n<td style=\"width: 27.599243856332702%; height: 21px;\">16 cm<\/td>\n<td style=\"width: 24.38563327032136%; height: 21px;\">17 cm<\/td>\n<\/tr>\n<tr style=\"height: 42px;\">\n<td style=\"width: 46.124763705103966%; height: 42px;\"><strong>Standfl\u00e4che (B x T x H)<\/strong><\/td>\n<td style=\"width: 27.599243856332702%; height: 42px;\">200 x 200 x 410 mm<\/td>\n<td style=\"width: 24.38563327032136%; height: 42px;\">200 x 200 x 450 mm<\/td>\n<\/tr>\n<tr style=\"height: 21px;\">\n<td style=\"width: 46.124763705103966%; height: 21px;\"><strong>Oberfl\u00e4chenbehandlung<\/strong><\/td>\n<td style=\"width: 51.98487712665406%; height: 21px;\" colspan=\"2\">Lein\u00f6lfirnis<\/td>\n<\/tr>\n<tr style=\"height: 21px;\">\n<td style=\"width: 46.124763705103966%; height: 21px;\"><strong>Garantie<\/strong><\/td>\n<td style=\"width: 51.98487712665406%; height: 21px;\" colspan=\"2\">10 Jahre<\/td>\n<\/tr>\n<\/tbody>\n<\/table>\n<\/div>\n<div><\/div>\n<\/div>\n\t\t<\/div>\n\t\t\t\t\t<\/div>\n\n\t\n<\/div>\n<p><strong>Bem\u00e6rkning til allergikere: Alle hawos-m\u00f8ller er formalet glutenfri!<\/strong><\/p>\n<p>Hawos Oktagon 1 har samme motor og slibekraft som Novum, Billy 1, Mill 1 og Queen 1. Hawos Oktagon 2 har det samme tekniske udstyr som Billy 2, Mill 2 og Queen 2.<\/p>\n","protected":false},"excerpt":{"rendered":"<p>Hawos Oktagoner et held og lykke i den harmoniske harmoni mellem design, natur og perfekt h\u00e5ndv\u00e6rk, fordi hawos-ottekant har en optisk hemmelighed: ottekant pr\u00e6senterer sig p\u00e5 ny fra enhver vinkel, lys og skygge p\u00e5 tre eller fire synlige sider, som altid giver liv til tr\u00e6tegningerne, nogle gange lyse lyst, skyggefuldt og fl\u00f8jlsagtig ved siden af \u200b\u200bdet; undertiden tr\u00e6struktur i forgrunden, undertiden forsvindende vibrerende linjer til siden &#8211; afh\u00e6ngigt af forekomsten af \u200b\u200blys.<\/p>\n","protected":false},"featured_media":31093,"comment_status":"open","ping_status":"closed","template":"","meta":{"_acf_changed":false,"_glsr_average":0,"_glsr_ranking":0,"_glsr_reviews":0},"product_brand":[],"product_cat":[597],"product_tag":[],"class_list":{"0":"post-19139","1":"product","2":"type-product","3":"status-publish","4":"has-post-thumbnail","6":"product_cat-kornkvaern-da","7":"pa_model-oktagon-1-da","8":"pa_model-oktagon-2-da","10":"first","11":"instock","12":"taxable","13":"shipping-taxable","14":"purchasable","15":"product-type-variable"},"bundled_by":[],"bundle_stock_status":"instock","bundle_stock_quantity":null,"bundle_virtual":false,"bundle_layout":"","bundle_add_to_cart_form_location":"","bundle_editable_in_cart":false,"bundle_sold_individually_context":"","bundle_item_grouping":"","bundle_min_size":"","bundle_max_size":"","bundle_price":[],"bundled_items":[],"bundle_sell_ids":[],"exclude_global_add_ons":[],"addons":[],"acf":[],"_links":{"self":[{"href":"https:\/\/hawos.de\/da\/wp-json\/wp\/v2\/product\/19139","targetHints":{"allow":["GET"]}}],"collection":[{"href":"https:\/\/hawos.de\/da\/wp-json\/wp\/v2\/product"}],"about":[{"href":"https:\/\/hawos.de\/da\/wp-json\/wp\/v2\/types\/product"}],"replies":[{"embeddable":true,"href":"https:\/\/hawos.de\/da\/wp-json\/wp\/v2\/comments?post=19139"}],"wp:featuredmedia":[{"embeddable":true,"href":"https:\/\/hawos.de\/da\/wp-json\/wp\/v2\/media\/31093"}],"wp:attachment":[{"href":"https:\/\/hawos.de\/da\/wp-json\/wp\/v2\/media?parent=19139"}],"wp:term":[{"taxonomy":"product_brand","embeddable":true,"href":"https:\/\/hawos.de\/da\/wp-json\/wp\/v2\/product_brand?post=19139"},{"taxonomy":"product_cat","embeddable":true,"href":"https:\/\/hawos.de\/da\/wp-json\/wp\/v2\/product_cat?post=19139"},{"taxonomy":"product_tag","embeddable":true,"href":"https:\/\/hawos.de\/da\/wp-json\/wp\/v2\/product_tag?post=19139"}],"curies":[{"name":"wp","href":"https:\/\/api.w.org\/{rel}","templated":true}]}}