{"id":19131,"date":"2017-04-16T14:23:23","date_gmt":"2017-04-16T12:23:23","guid":{"rendered":"https:\/\/hawos.de\/product\/hawos-molere\/"},"modified":"2026-01-30T22:48:24","modified_gmt":"2026-01-30T21:48:24","slug":"hawos-molere","status":"publish","type":"product","link":"https:\/\/hawos.de\/da\/produkte\/hawos-molere\/","title":{"rendered":"hawos Molere"},"content":{"rendered":"<h2>hawos Molere Handgetreidem\u00fchle<\/h2>\n<p>Weg vom Energieverbrauch und hin zur einfachen Bedienbarkeit war die Herausforderung an hawos-Entwickler Steffen Reuther. Dabei heraus gekommen ist ein handliches Modell f\u00fcr den K\u00fcchenalltag. Der Mahlstein aus Korund\/Keramik ist robust und sorgt f\u00fcr ein Top-Mahlergebnis. Der abnehmbare Trichter sitzt auf einem rechteckigen, stabilen Holzblock, hinter dem sich der Mahlstein verbirgt. Der Feinheitsgrad wird durch zwei Fl\u00fcgelmuttern eingestellt. Die Kurbel ist ergonomisch geformt und l\u00e4sst sich leicht drehen. Zwei Tischzwingen sorgen f\u00fcr einen festen Stand der Handm\u00fchle. Ein Auffanggef\u00e4\u00df aus hochwertigem Glas wird mitgeliefert. Neben sortenreinen Getreidek\u00f6rnern k\u00f6nnen auch verschiedene Getreidearten gemischt und verarbeitet werden. Robuste Bauweise und einfache Bedienung.<\/p>\n<p>hawos Molere gibt es wahlweise in Buche Vollholz oder Buche Multiplex.<\/p>\n<div class=\"row\"  id=\"row-1267201586\">\n\n\t<div id=\"col-1383158413\" class=\"col medium-8 small-12 large-8\"  >\n\t\t\t\t<div class=\"col-inner\"  >\n\t\t\t\n\t\t\t\n<h3>Die &#8220;inneren Werte&#8221; in hawos-Qualit\u00e4t<\/h3>\n<div>\n<div>\n<table>\n<tbody>\n<tr>\n<td><strong>Geh\u00e4use<\/strong><\/td>\n<td>Buche Multiplex oder Buche Vollholz<\/td>\n<\/tr>\n<tr>\n<td><strong>Mahlleistung (Weizen)<\/strong><br \/>\n<strong>&#8211; Fein<\/strong><br \/>\n<strong>&#8211; Grob<\/strong><\/td>\n<td>Bei ca. 100 Umdrehungen \/ min<br \/>\nca. 25 g\/min<br \/>\nca. 50 g\/min<\/td>\n<\/tr>\n<tr>\n<td><strong>Trichterf\u00fcllmenge (Weizen)<\/strong><\/td>\n<td>ca. 200 g<\/td>\n<\/tr>\n<tr>\n<td><strong>Mahlstein \u00f8 (Korund\/Keramik)<\/strong><\/td>\n<td>70 mm<\/td>\n<\/tr>\n<tr>\n<td><strong>Gewicht<\/strong><\/td>\n<td>2,1 kg<\/td>\n<\/tr>\n<tr>\n<td><strong>Unterstellh\u00f6he f\u00fcr Sch\u00fcssel<\/strong><\/td>\n<td>10 cm<\/td>\n<\/tr>\n<tr>\n<td><strong>Mahlbereich<\/strong><\/td>\n<td>Von grobem Schrot f\u00fcr M\u00fcsli bis feines Mehl<\/td>\n<\/tr>\n<tr>\n<td><strong>Standfl\u00e4che (B x T x H)<\/strong><\/td>\n<td>150 x 120 x 255 mm<\/td>\n<\/tr>\n<tr>\n<td><strong>Oberfl\u00e4chenbehandlung<\/strong><\/td>\n<td>Lein\u00f6lfirnis<\/td>\n<\/tr>\n<tr>\n<td><strong>Garantie<\/strong><\/td>\n<td>10 Jahre bei privater Nutzung<\/td>\n<\/tr>\n<tr>\n<td><strong>Besonderheiten<\/strong><\/td>\n<td>Trichter abnehmbar<br \/>\nAuffangschale aus Glas inklusive<\/td>\n<\/tr>\n<\/tbody>\n<\/table>\n<\/div>\n<div><\/div>\n<\/div>\n\t\t<\/div>\n\t\t\t\t\t<\/div>\n\n\t\n<\/div>\n<p><strong>Hinweis f\u00fcr Allergiker:<\/strong> Die hawos-Handm\u00fchlen werden nicht eingemahlen geliefert!<\/p>\n\n\t<section class=\"section hide-for-small\" id=\"section_2052397841\">\n\t\t<div class=\"section-bg fill\" >\n\t\t\t<img decoding=\"async\" width=\"988\" height=\"438\" src=\"https:\/\/hawos.de\/wp-content\/uploads\/2022\/10\/Vollkorn-Backbuch-2.jpg\" class=\"bg attachment-original size-original\" alt=\"\" title=\"\">\t\t\t\t\t\t\n\t\t\t\n\n\t\t<\/div>\n\n\t\t\n\n\t\t<div class=\"section-content relative\">\n\t\t\t\n\n<div class=\"row hide-for-small\"  id=\"row-1571632782\">\n\n\n\t<div id=\"col-1090712504\" class=\"col hide-for-small small-12 large-12\"  >\n\t\t\t\t<div class=\"col-inner\"  >\n\t\t\t\n\t\t\t\n\n\t<div id=\"text-4070872412\" class=\"text\">\n\t\t\n\n<h4>Das k\u00f6nnte Dir auch gefallen<\/h4>\n\t\t\n<style>\n#text-4070872412 {\n  font-size: 1rem;\n}\n<\/style>\n\t<\/div>\n\t\n<div class=\"is-divider divider clearfix\" style=\"margin-top:0px;margin-bottom:0px;max-width:50%;\"><\/div>\n\n\n\t\t<\/div>\n\t\t\t\t\t<\/div>\n\n\t\n\n\t<div id=\"col-749594535\" class=\"col hide-for-small medium-12 small-12 large-6\"  >\n\t\t\t\t<div class=\"col-inner\"  >\n\t\t\t\n\t\t\t\n\n\t<div id=\"text-358361179\" class=\"text\">\n\t\t\n\n<h3 class=\"uppercase\">Das gro\u00dfe Vollkorn-Backbuch<\/h3>\n\t\t\n<style>\n#text-358361179 {\n  font-size: 1.65rem;\n  text-align: left;\n}\n<\/style>\n\t<\/div>\n\t\n\t<div id=\"text-2130714623\" class=\"text\">\n\t\t\n\n<p>Nat\u00fcrlich \u2022 Vollwertig \u2022 Bek\u00f6mmlich<br \/>von <strong>Ute Olk<\/strong><br \/>\u00a0<\/p>\n\t\t\n<style>\n#text-2130714623 {\n  font-size: 1rem;\n  text-align: left;\n}\n<\/style>\n\t<\/div>\n\t\n\t<div id=\"stack-1866855060\" class=\"stack stack-row justify-start items-stretch sm:stack-col\">\n\t\t\n\n<a href=\"https:\/\/hawos.de\/produkte\/das-grosse-vollkorn-backbuch\/\" class=\"button success\" style=\"padding:5px 30px 5px 30px;\">\n\t\t<span>zum Buch<\/span>\n\t<\/a>\n\n\n\n\t\t\n<style>\n#stack-1866855060 > * {\n  --stack-gap: 0.5rem;\n}\n<\/style>\n\t<\/div>\n\t\n\n\t\t<\/div>\n\t\t\t\t\n<style>\n#col-749594535 > .col-inner {\n  padding: 0px 0px 0px 0;\n}\n@media (min-width:550px) {\n  #col-749594535 > .col-inner {\n    padding: 0px 10% 0px 10%;\n  }\n}\n<\/style>\n\t<\/div>\n\n\t\n\n<\/div>\n\n\t\t<\/div>\n\n\t\t\n<style>\n#section_2052397841 {\n  padding-top: 30px;\n  padding-bottom: 30px;\n  min-height: 350px;\n}\n#section_2052397841 .section-bg-overlay {\n  background-color: rgba(255, 255, 255, 0.651);\n}\n#section_2052397841 .section-bg img {\n  object-position: 79% 43%;\n}\n@media (min-width:550px) {\n  #section_2052397841 .section-bg-overlay {\n    background-color: rgba(255, 255, 255, 0.5);\n  }\n}\n<\/style>\n\t<\/section>\n\t\n\n\t<section class=\"section show-for-small\" id=\"section_119461277\">\n\t\t<div class=\"section-bg fill\" >\n\t\t\t\t\t\t\t\t\t\n\t\t\t\n\n\t\t<\/div>\n\n\t\t\n\n\t\t<div class=\"section-content relative\">\n\t\t\t\n\n<div class=\"row\"  id=\"row-863294100\">\n\n\n\t<div id=\"col-1145210479\" class=\"col medium-6 small-12 large-6\"  >\n\t\t\t\t<div class=\"col-inner\"  >\n\t\t\t\n\t\t\t\n\n<h4><b>Das k\u00f6nnte Dir auch gefallen<\/b><\/h4>\n\n\t\t<\/div>\n\t\t\t\t\t<\/div>\n\n\t\n\n\t<div id=\"col-529269416\" class=\"col medium-6 small-6 large-6\"  >\n\t\t\t\t<div class=\"col-inner\"  >\n\t\t\t\n\t\t\t\n\n<h3><strong>Das gro\u00dfe Vollkorn-Backbuch<\/strong><\/h3>\n<p>Nat\u00fcrlich \u2022 Vollwertig \u2022 Bek\u00f6mmlich<\/p>\n<p>von <strong>UTE OLK<\/strong><\/p>\n\n\t\t<\/div>\n\t\t\t\t\t<\/div>\n\n\t\n\n\t<div id=\"col-1939122311\" class=\"col medium-6 small-6 large-6\"  >\n\t\t\t\t<div class=\"col-inner\"  >\n\t\t\t\n\t\t\t\n\n\t<div class=\"img has-hover x md-x lg-x y md-y lg-y\" id=\"image_233638809\">\n\t\t\t\t\t\t\t\t<div class=\"img-inner dark\" >\n\t\t\t<img decoding=\"async\" width=\"1000\" height=\"1000\" src=\"https:\/\/hawos.de\/wp-content\/uploads\/2022\/10\/Vollkorn-Backbuch-Ute-Olk-BU004.jpg\" class=\"attachment-original size-original\" alt=\"Das gro\u00dfe Vollkorn-Backbuch von Ute Olk\" srcset=\"https:\/\/hawos.de\/wp-content\/uploads\/2022\/10\/Vollkorn-Backbuch-Ute-Olk-BU004.jpg 1000w, https:\/\/hawos.de\/wp-content\/uploads\/2022\/10\/Vollkorn-Backbuch-Ute-Olk-BU004-400x400.jpg 400w, https:\/\/hawos.de\/wp-content\/uploads\/2022\/10\/Vollkorn-Backbuch-Ute-Olk-BU004-800x800.jpg 800w, https:\/\/hawos.de\/wp-content\/uploads\/2022\/10\/Vollkorn-Backbuch-Ute-Olk-BU004-280x280.jpg 280w, https:\/\/hawos.de\/wp-content\/uploads\/2022\/10\/Vollkorn-Backbuch-Ute-Olk-BU004-768x768.jpg 768w, https:\/\/hawos.de\/wp-content\/uploads\/2022\/10\/Vollkorn-Backbuch-Ute-Olk-BU004-32x32.jpg 32w, https:\/\/hawos.de\/wp-content\/uploads\/2022\/10\/Vollkorn-Backbuch-Ute-Olk-BU004-510x510.jpg 510w, https:\/\/hawos.de\/wp-content\/uploads\/2022\/10\/Vollkorn-Backbuch-Ute-Olk-BU004-100x100.jpg 100w\" sizes=\"(max-width: 1000px) 100vw, 1000px\" title=\"\">\t\t\t\t\t\t\n\t\t\t\t\t<\/div>\n\t\t\t\t\t\t\t\t\n<style>\n#image_233638809 {\n  width: 100%;\n}\n<\/style>\n\t<\/div>\n\t\n\n\n\t\t<\/div>\n\t\t\t\t\t<\/div>\n\n\t\n\n\t<div id=\"col-2017689157\" class=\"col medium-6 small-12 large-6\"  >\n\t\t\t\t<div class=\"col-inner text-center\"  >\n\t\t\t\n\t\t\t\n\n<a href=\"https:\/\/hawos.de\/produkte\/das-grosse-vollkorn-backbuch\/\" class=\"button success expand\" >\n\t\t<span>ZUM Buch<\/span>\n\t<\/a>\n\n\n\n\t\t<\/div>\n\t\t\t\t\t<\/div>\n\n\t\n\n<\/div>\n\n\t\t<\/div>\n\n\t\t\n<style>\n#section_119461277 {\n  padding-top: 30px;\n  padding-bottom: 30px;\n  background-color: rgb(249, 249, 249);\n}\n<\/style>\n\t<\/section>\n\t\n","protected":false},"excerpt":{"rendered":"<p>hawos Molere &#8211; die Handm\u00fchle<\/p>\n","protected":false},"featured_media":19314,"comment_status":"open","ping_status":"closed","template":"","meta":{"_acf_changed":false,"_glsr_average":0,"_glsr_ranking":0,"_glsr_reviews":0},"product_brand":[],"product_cat":[659],"product_tag":[],"class_list":{"0":"post-19131","1":"product","2":"type-product","3":"status-publish","4":"has-post-thumbnail","6":"product_cat-handmuehlen-da","7":"pa_model-buche-multiplex-da","8":"pa_model-buche-vollholz-da","10":"first","11":"instock","12":"taxable","13":"shipping-taxable","14":"purchasable","15":"product-type-variable"},"bundled_by":[],"bundle_stock_status":"instock","bundle_stock_quantity":null,"bundle_virtual":false,"bundle_layout":"","bundle_add_to_cart_form_location":"","bundle_editable_in_cart":false,"bundle_sold_individually_context":"","bundle_item_grouping":"","bundle_min_size":"","bundle_max_size":"","bundle_price":[],"bundled_items":[],"bundle_sell_ids":[],"exclude_global_add_ons":[],"addons":[],"acf":[],"_links":{"self":[{"href":"https:\/\/hawos.de\/da\/wp-json\/wp\/v2\/product\/19131","targetHints":{"allow":["GET"]}}],"collection":[{"href":"https:\/\/hawos.de\/da\/wp-json\/wp\/v2\/product"}],"about":[{"href":"https:\/\/hawos.de\/da\/wp-json\/wp\/v2\/types\/product"}],"replies":[{"embeddable":true,"href":"https:\/\/hawos.de\/da\/wp-json\/wp\/v2\/comments?post=19131"}],"wp:featuredmedia":[{"embeddable":true,"href":"https:\/\/hawos.de\/da\/wp-json\/wp\/v2\/media\/19314"}],"wp:attachment":[{"href":"https:\/\/hawos.de\/da\/wp-json\/wp\/v2\/media?parent=19131"}],"wp:term":[{"taxonomy":"product_brand","embeddable":true,"href":"https:\/\/hawos.de\/da\/wp-json\/wp\/v2\/product_brand?post=19131"},{"taxonomy":"product_cat","embeddable":true,"href":"https:\/\/hawos.de\/da\/wp-json\/wp\/v2\/product_cat?post=19131"},{"taxonomy":"product_tag","embeddable":true,"href":"https:\/\/hawos.de\/da\/wp-json\/wp\/v2\/product_tag?post=19131"}],"curies":[{"name":"wp","href":"https:\/\/api.w.org\/{rel}","templated":true}]}}