{"id":19125,"date":"2017-04-16T14:47:56","date_gmt":"2017-04-16T12:47:56","guid":{"rendered":"https:\/\/hawos.de\/product\/hawos-rotare\/"},"modified":"2026-01-26T08:39:22","modified_gmt":"2026-01-26T07:39:22","slug":"hawos-rotare","status":"publish","type":"product","link":"https:\/\/hawos.de\/da\/produkte\/hawos-rotare\/","title":{"rendered":"hawos Rotare"},"content":{"rendered":"<h2>hawos Rotare Handgetreidem\u00fchle<\/h2>\n<p>\u00dcberall auf der Welt. Ob im Kindergarten bei der Herstellung des vollwertigen Fr\u00fchst\u00fccks oder im tropischen Urwald, jederzeit frisches Mehl einfach selber machen. Die starke Handm\u00fchle mahlt m\u00fchelos &#8211; nat\u00fcrlich auch Mais oder Reis. Der 3-fach \u00fcbersetzte Kettenantrieb in Verbindung mit den 125 mm gro\u00dfen Mahlsteinen sorgt f\u00fcr lockeres, feines Mehl ohne gro\u00dfen Kraftaufwand. Robuste Bauweise und einfache Bedienung. Mit dem bew\u00e4hrten Mahlsystem aus der Gewerbem\u00fchle Pegasus.<\/p>\n<div class=\"row\"  id=\"row-2044226851\">\n\n\t<div id=\"col-1035844270\" class=\"col medium-8 small-12 large-8\"  >\n\t\t\t\t<div class=\"col-inner\"  >\n\t\t\t\n\t\t\t\n<h3>Die \u201einneren Werte\u201c in hawos-Qualit\u00e4t<\/h3>\n<table>\n<tbody>\n<tr>\n<td><strong>Geh\u00e4use<\/strong><\/td>\n<td>Buche Multiplex<\/td>\n<\/tr>\n<tr>\n<td><strong>Mahlleistung (Weizen)<\/strong> <strong>\u2013 Fein<\/strong> <strong>\u2013 Grob<\/strong><\/td>\n<td>Bei ca. 100 Umdrehungen \/ min ca. 75 g\/min ca. 250 g\/min<\/td>\n<\/tr>\n<tr>\n<td><strong>Trichterf\u00fcllmenge (Weizen)<\/strong><\/td>\n<td>ca. 1850 g<\/td>\n<\/tr>\n<tr>\n<td><strong>Mahlstein \u00f8 (Korund\/Keramik)<\/strong><\/td>\n<td>125 mm<\/td>\n<\/tr>\n<tr>\n<td><strong>Gewicht<\/strong><\/td>\n<td>14 kg<\/td>\n<\/tr>\n<tr>\n<td><strong>Unterstellh\u00f6he f\u00fcr Sch\u00fcssel<\/strong><\/td>\n<td>11 cm<\/td>\n<\/tr>\n<tr>\n<td><strong>Mahlbereich<\/strong><\/td>\n<td>Von grobem Schrot f\u00fcr M\u00fcsli bis feines Mehl<\/td>\n<\/tr>\n<tr>\n<td><strong>Standfl\u00e4che (B x T x H)<\/strong><\/td>\n<td>440 x 270 x 410 mm<\/td>\n<\/tr>\n<tr>\n<td><strong>Oberfl\u00e4chenbehandlung<\/strong><\/td>\n<td>Lein\u00f6lfirnis<\/td>\n<\/tr>\n<tr>\n<td><strong>Garantie<\/strong><\/td>\n<td>10 Jahre bei privater Nutzung<\/td>\n<\/tr>\n<tr>\n<td><strong>Besonderheiten<\/strong><\/td>\n<td>Mahlsystem aus der Gewerbem\u00fchle Pegasus<\/td>\n<\/tr>\n<\/tbody>\n<\/table>\n<p>&nbsp;<\/p>\n<p><strong>Hinweis f\u00fcr Allergiker:<\/strong> Die hawos-Handm\u00fchlen werden nicht eingemahlen geliefert!<\/p>\n\t\t<\/div>\n\t\t\t\t\t<\/div>\n\n\t\n<\/div>\n<div class=\"container section-title-container\" ><h3 class=\"section-title section-title-center\"><b aria-hidden=\"true\"><\/b><span class=\"section-title-main\" >Optionales Zubeh\u00f6r<\/span><b aria-hidden=\"true\"><\/b><\/h3><\/div>\n<div class=\"row\"  id=\"row-255973983\">\n\n\t<div id=\"col-892352375\" class=\"col medium-4 small-12 large-4\"  >\n\t\t\t\t<div class=\"col-inner\"  >\n\t\t\t\n\t\t\t\n\t<div class=\"box has-hover   has-hover box-text-bottom\" >\n\n\t\t<div class=\"box-image\" >\n\t\t\t<a href=\"https:\/\/hawos.de\/produkte\/riemenscheibe-fuer-rotare\/\" >\t\t\t<div class=\"image-cover\" style=\"padding-top:75%;\">\n\t\t\t\t<img decoding=\"async\" width=\"1000\" height=\"669\" src=\"https:\/\/hawos.de\/wp-content\/uploads\/2019\/02\/Rotare_Motor-scheibe.jpg\" class=\"attachment- size-\" alt=\"\" srcset=\"https:\/\/hawos.de\/wp-content\/uploads\/2019\/02\/Rotare_Motor-scheibe.jpg 1000w, https:\/\/hawos.de\/wp-content\/uploads\/2019\/02\/Rotare_Motor-scheibe-598x400.jpg 598w, https:\/\/hawos.de\/wp-content\/uploads\/2019\/02\/Rotare_Motor-scheibe-768x514.jpg 768w, https:\/\/hawos.de\/wp-content\/uploads\/2019\/02\/Rotare_Motor-scheibe-400x268.jpg 400w, https:\/\/hawos.de\/wp-content\/uploads\/2019\/02\/Rotare_Motor-scheibe-510x341.jpg 510w\" sizes=\"(max-width: 1000px) 100vw, 1000px\" title=\"\">\t\t\t\t\t\t\t\t\t\t\t<\/div>\n\t\t\t<\/a>\t\t<\/div>\n\n\t\t<div class=\"box-text text-center\" >\n\t\t\t<div class=\"box-text-inner\">\n\t\t\t\t\n<h4><a href=\"https:\/\/hawos.de\/produkte\/riemenscheibe-fuer-rotare\/\">Riemenscheibe f\u00fcr Rotare<\/a><\/h4>\n<p>Erweitert die M\u00f6glichkeiten des Antriebes.<\/p>\n\t\t\t<\/div>\n\t\t<\/div>\n\t<\/div>\n\t\n\t\t<\/div>\n\t\t\t\t\t<\/div>\n\n\t\n\n\t<div id=\"col-478381310\" class=\"col medium-4 small-12 large-4\"  >\n\t\t\t\t<div class=\"col-inner\"  >\n\t\t\t\n\t\t\t\n\t<div class=\"box has-hover   has-hover box-text-bottom\" >\n\n\t\t<div class=\"box-image\" >\n\t\t\t<a href=\"https:\/\/hawos.de\/produkte\/elektroantrieb-fuer-rotare\/\" >\t\t\t<div class=\"image-cover\" style=\"padding-top:75%;\">\n\t\t\t\t<img decoding=\"async\" width=\"1000\" height=\"1499\" src=\"https:\/\/hawos.de\/wp-content\/uploads\/2019\/02\/rotare-elektro-frei1-1.jpg\" class=\"attachment- size-\" alt=\"\" srcset=\"https:\/\/hawos.de\/wp-content\/uploads\/2019\/02\/rotare-elektro-frei1-1.jpg 1000w, https:\/\/hawos.de\/wp-content\/uploads\/2019\/02\/rotare-elektro-frei1-1-267x400.jpg 267w, https:\/\/hawos.de\/wp-content\/uploads\/2019\/02\/rotare-elektro-frei1-1-768x1151.jpg 768w, https:\/\/hawos.de\/wp-content\/uploads\/2019\/02\/rotare-elektro-frei1-1-534x800.jpg 534w, https:\/\/hawos.de\/wp-content\/uploads\/2019\/02\/rotare-elektro-frei1-1-400x600.jpg 400w, https:\/\/hawos.de\/wp-content\/uploads\/2019\/02\/rotare-elektro-frei1-1-510x764.jpg 510w\" sizes=\"(max-width: 1000px) 100vw, 1000px\" title=\"\">\t\t\t\t\t\t\t\t\t\t\t<\/div>\n\t\t\t<\/a>\t\t<\/div>\n\n\t\t<div class=\"box-text text-center\" >\n\t\t\t<div class=\"box-text-inner\">\n\t\t\t\t\n<h4><a href=\"https:\/\/hawos.de\/produkte\/elektroantrieb-fuer-rotare\/\">Elektroantrieb f\u00fcr Rotare<\/a><\/h4>\n<p>Im Handumdrehen kann ein Elektroantrieb installiert werden &#8211; perfekt wenn es mal etwas mehr sein soll.<\/p>\n\t\t\t<\/div>\n\t\t<\/div>\n\t<\/div>\n\t\n\t\t<\/div>\n\t\t\t\t\t<\/div>\n\n\t\n\n\t<div id=\"col-1835568724\" class=\"col medium-4 small-12 large-4\"  >\n\t\t\t\t<div class=\"col-inner\"  >\n\t\t\t\n\t\t\t\n\t<div class=\"box has-hover   has-hover box-text-bottom\" >\n\n\t\t<div class=\"box-image\" >\n\t\t\t<a href=\"https:\/\/hawos.de\/produkte\/adapter-fuer-hawos-rotare-und-routine\/\" >\t\t\t<div class=\"image-cover\" style=\"padding-top:75%;\">\n\t\t\t\t<img decoding=\"async\" width=\"1745\" height=\"1744\" src=\"https:\/\/hawos.de\/wp-content\/uploads\/2020\/02\/TM005.jpg\" class=\"attachment- size-\" alt=\"\" srcset=\"https:\/\/hawos.de\/wp-content\/uploads\/2020\/02\/TM005.jpg 1745w, https:\/\/hawos.de\/wp-content\/uploads\/2020\/02\/TM005-400x400.jpg 400w, https:\/\/hawos.de\/wp-content\/uploads\/2020\/02\/TM005-800x800.jpg 800w, https:\/\/hawos.de\/wp-content\/uploads\/2020\/02\/TM005-280x280.jpg 280w, https:\/\/hawos.de\/wp-content\/uploads\/2020\/02\/TM005-768x768.jpg 768w, https:\/\/hawos.de\/wp-content\/uploads\/2020\/02\/TM005-1536x1536.jpg 1536w, https:\/\/hawos.de\/wp-content\/uploads\/2020\/02\/TM005-32x32.jpg 32w, https:\/\/hawos.de\/wp-content\/uploads\/2020\/02\/TM005-510x510.jpg 510w, https:\/\/hawos.de\/wp-content\/uploads\/2020\/02\/TM005-100x100.jpg 100w\" sizes=\"(max-width: 1745px) 100vw, 1745px\" title=\"\">\t\t\t\t\t\t\t\t\t\t\t<\/div>\n\t\t\t<\/a>\t\t<\/div>\n\n\t\t<div class=\"box-text text-center\" >\n\t\t\t<div class=\"box-text-inner\">\n\t\t\t\t\n<h4><a href=\"https:\/\/hawos.de\/produkte\/adapter-fuer-hawos-rotare-und-routine\/\">Vorsatz Adapter<\/a><\/h4>\n<p>Messerschmidt Vors\u00e4tze und Jupiter Vors\u00e4tze mit originalem Anschluss an die hawos Rotare anschlie\u00dfen.<\/p>\n\t\t\t<\/div>\n\t\t<\/div>\n\t<\/div>\n\t\n\t\t<\/div>\n\t\t\t\t\t<\/div>\n\n\t\n<\/div>\n\n\t<section class=\"section hide-for-small\" id=\"section_1256816244\">\n\t\t<div class=\"section-bg fill\" >\n\t\t\t<img decoding=\"async\" width=\"988\" height=\"438\" src=\"https:\/\/hawos.de\/wp-content\/uploads\/2022\/10\/Vollkorn-Backbuch-2.jpg\" class=\"bg attachment-original size-original\" alt=\"\" title=\"\">\t\t\t\t\t\t\n\t\t\t\n\n\t\t<\/div>\n\n\t\t\n\n\t\t<div class=\"section-content relative\">\n\t\t\t\n\n<div class=\"row hide-for-small\"  id=\"row-1536372494\">\n\n\n\t<div id=\"col-994418302\" class=\"col hide-for-small small-12 large-12\"  >\n\t\t\t\t<div class=\"col-inner\"  >\n\t\t\t\n\t\t\t\n\n\t<div id=\"text-917962511\" class=\"text\">\n\t\t\n\n<h4>Das k\u00f6nnte Dir auch gefallen<\/h4>\n\t\t\n<style>\n#text-917962511 {\n  font-size: 1rem;\n}\n<\/style>\n\t<\/div>\n\t\n<div class=\"is-divider divider clearfix\" style=\"margin-top:0px;margin-bottom:0px;max-width:50%;\"><\/div>\n\n\n\t\t<\/div>\n\t\t\t\t\t<\/div>\n\n\t\n\n\t<div id=\"col-907643706\" class=\"col hide-for-small medium-12 small-12 large-6\"  >\n\t\t\t\t<div class=\"col-inner\"  >\n\t\t\t\n\t\t\t\n\n\t<div id=\"text-2073619483\" class=\"text\">\n\t\t\n\n<h3 class=\"uppercase\">Das gro\u00dfe Vollkorn-Backbuch<\/h3>\n\t\t\n<style>\n#text-2073619483 {\n  font-size: 1.65rem;\n  text-align: left;\n}\n<\/style>\n\t<\/div>\n\t\n\t<div id=\"text-3878919876\" class=\"text\">\n\t\t\n\n<p>Nat\u00fcrlich \u2022 Vollwertig \u2022 Bek\u00f6mmlich<br \/>von <strong>Ute Olk<\/strong><br \/>\u00a0<\/p>\n\t\t\n<style>\n#text-3878919876 {\n  font-size: 1rem;\n  text-align: left;\n}\n<\/style>\n\t<\/div>\n\t\n\t<div id=\"stack-3274388863\" class=\"stack stack-row justify-start items-stretch sm:stack-col\">\n\t\t\n\n<a href=\"https:\/\/hawos.de\/produkte\/das-grosse-vollkorn-backbuch\/\" class=\"button success\" style=\"padding:5px 30px 5px 30px;\">\n\t\t<span>zum Buch<\/span>\n\t<\/a>\n\n\n\n\t\t\n<style>\n#stack-3274388863 > * {\n  --stack-gap: 0.5rem;\n}\n<\/style>\n\t<\/div>\n\t\n\n\t\t<\/div>\n\t\t\t\t\n<style>\n#col-907643706 > .col-inner {\n  padding: 0px 0px 0px 0;\n}\n@media (min-width:550px) {\n  #col-907643706 > .col-inner {\n    padding: 0px 10% 0px 10%;\n  }\n}\n<\/style>\n\t<\/div>\n\n\t\n\n<\/div>\n\n\t\t<\/div>\n\n\t\t\n<style>\n#section_1256816244 {\n  padding-top: 30px;\n  padding-bottom: 30px;\n  min-height: 350px;\n}\n#section_1256816244 .section-bg-overlay {\n  background-color: rgba(255, 255, 255, 0.651);\n}\n#section_1256816244 .section-bg img {\n  object-position: 79% 43%;\n}\n@media (min-width:550px) {\n  #section_1256816244 .section-bg-overlay {\n    background-color: rgba(255, 255, 255, 0.5);\n  }\n}\n<\/style>\n\t<\/section>\n\t\n\n\t<section class=\"section show-for-small\" id=\"section_538051404\">\n\t\t<div class=\"section-bg fill\" >\n\t\t\t\t\t\t\t\t\t\n\t\t\t\n\n\t\t<\/div>\n\n\t\t\n\n\t\t<div class=\"section-content relative\">\n\t\t\t\n\n<div class=\"row\"  id=\"row-1930994058\">\n\n\n\t<div id=\"col-1545225102\" class=\"col medium-6 small-12 large-6\"  >\n\t\t\t\t<div class=\"col-inner\"  >\n\t\t\t\n\t\t\t\n\n<h4><b>Das k\u00f6nnte Dir auch gefallen<\/b><\/h4>\n\n\t\t<\/div>\n\t\t\t\t\t<\/div>\n\n\t\n\n\t<div id=\"col-592584775\" class=\"col medium-6 small-6 large-6\"  >\n\t\t\t\t<div class=\"col-inner\"  >\n\t\t\t\n\t\t\t\n\n<h3><strong>Das gro\u00dfe Vollkorn-Backbuch<\/strong><\/h3>\n<p>Nat\u00fcrlich \u2022 Vollwertig \u2022 Bek\u00f6mmlich<\/p>\n<p>von <strong>UTE OLK<\/strong><\/p>\n\n\t\t<\/div>\n\t\t\t\t\t<\/div>\n\n\t\n\n\t<div id=\"col-2132792736\" class=\"col medium-6 small-6 large-6\"  >\n\t\t\t\t<div class=\"col-inner\"  >\n\t\t\t\n\t\t\t\n\n\t<div class=\"img has-hover x md-x lg-x y md-y lg-y\" id=\"image_1470320474\">\n\t\t\t\t\t\t\t\t<div class=\"img-inner dark\" >\n\t\t\t<img decoding=\"async\" width=\"1000\" height=\"1000\" src=\"https:\/\/hawos.de\/wp-content\/uploads\/2022\/10\/Vollkorn-Backbuch-Ute-Olk-BU004.jpg\" class=\"attachment-original size-original\" alt=\"Das gro\u00dfe Vollkorn-Backbuch von Ute Olk\" srcset=\"https:\/\/hawos.de\/wp-content\/uploads\/2022\/10\/Vollkorn-Backbuch-Ute-Olk-BU004.jpg 1000w, https:\/\/hawos.de\/wp-content\/uploads\/2022\/10\/Vollkorn-Backbuch-Ute-Olk-BU004-400x400.jpg 400w, https:\/\/hawos.de\/wp-content\/uploads\/2022\/10\/Vollkorn-Backbuch-Ute-Olk-BU004-800x800.jpg 800w, https:\/\/hawos.de\/wp-content\/uploads\/2022\/10\/Vollkorn-Backbuch-Ute-Olk-BU004-280x280.jpg 280w, https:\/\/hawos.de\/wp-content\/uploads\/2022\/10\/Vollkorn-Backbuch-Ute-Olk-BU004-768x768.jpg 768w, https:\/\/hawos.de\/wp-content\/uploads\/2022\/10\/Vollkorn-Backbuch-Ute-Olk-BU004-32x32.jpg 32w, https:\/\/hawos.de\/wp-content\/uploads\/2022\/10\/Vollkorn-Backbuch-Ute-Olk-BU004-510x510.jpg 510w, https:\/\/hawos.de\/wp-content\/uploads\/2022\/10\/Vollkorn-Backbuch-Ute-Olk-BU004-100x100.jpg 100w\" sizes=\"(max-width: 1000px) 100vw, 1000px\" title=\"\">\t\t\t\t\t\t\n\t\t\t\t\t<\/div>\n\t\t\t\t\t\t\t\t\n<style>\n#image_1470320474 {\n  width: 100%;\n}\n<\/style>\n\t<\/div>\n\t\n\n\n\t\t<\/div>\n\t\t\t\t\t<\/div>\n\n\t\n\n\t<div id=\"col-880624410\" class=\"col medium-6 small-12 large-6\"  >\n\t\t\t\t<div class=\"col-inner text-center\"  >\n\t\t\t\n\t\t\t\n\n<a href=\"https:\/\/hawos.de\/produkte\/das-grosse-vollkorn-backbuch\/\" class=\"button success expand\" >\n\t\t<span>ZUM Buch<\/span>\n\t<\/a>\n\n\n\n\t\t<\/div>\n\t\t\t\t\t<\/div>\n\n\t\n\n<\/div>\n\n\t\t<\/div>\n\n\t\t\n<style>\n#section_538051404 {\n  padding-top: 30px;\n  padding-bottom: 30px;\n  background-color: rgb(249, 249, 249);\n}\n<\/style>\n\t<\/section>\n\t\n","protected":false},"excerpt":{"rendered":"<p>hawos Rotare &#8211; die Handm\u00fchle im Gro\u00dfformat<\/p>\n","protected":false},"featured_media":4370,"comment_status":"open","ping_status":"closed","template":"","meta":{"_acf_changed":false,"_glsr_average":0,"_glsr_ranking":0,"_glsr_reviews":0},"product_brand":[],"product_cat":[659],"product_tag":[],"class_list":{"0":"post-19125","1":"product","2":"type-product","3":"status-publish","4":"has-post-thumbnail","6":"product_cat-handmuehlen-da","8":"first","9":"instock","10":"taxable","11":"shipping-taxable","12":"purchasable","13":"product-type-simple"},"bundled_by":[],"bundle_stock_status":"instock","bundle_stock_quantity":27,"bundle_virtual":false,"bundle_layout":"","bundle_add_to_cart_form_location":"","bundle_editable_in_cart":false,"bundle_sold_individually_context":"","bundle_item_grouping":"","bundle_min_size":"","bundle_max_size":"","bundle_price":[],"bundled_items":[],"bundle_sell_ids":[],"exclude_global_add_ons":[],"addons":[],"acf":[],"_links":{"self":[{"href":"https:\/\/hawos.de\/da\/wp-json\/wp\/v2\/product\/19125","targetHints":{"allow":["GET"]}}],"collection":[{"href":"https:\/\/hawos.de\/da\/wp-json\/wp\/v2\/product"}],"about":[{"href":"https:\/\/hawos.de\/da\/wp-json\/wp\/v2\/types\/product"}],"replies":[{"embeddable":true,"href":"https:\/\/hawos.de\/da\/wp-json\/wp\/v2\/comments?post=19125"}],"wp:featuredmedia":[{"embeddable":true,"href":"https:\/\/hawos.de\/da\/wp-json\/wp\/v2\/media\/4370"}],"wp:attachment":[{"href":"https:\/\/hawos.de\/da\/wp-json\/wp\/v2\/media?parent=19125"}],"wp:term":[{"taxonomy":"product_brand","embeddable":true,"href":"https:\/\/hawos.de\/da\/wp-json\/wp\/v2\/product_brand?post=19125"},{"taxonomy":"product_cat","embeddable":true,"href":"https:\/\/hawos.de\/da\/wp-json\/wp\/v2\/product_cat?post=19125"},{"taxonomy":"product_tag","embeddable":true,"href":"https:\/\/hawos.de\/da\/wp-json\/wp\/v2\/product_tag?post=19125"}],"curies":[{"name":"wp","href":"https:\/\/api.w.org\/{rel}","templated":true}]}}