{"id":19105,"date":"2017-04-16T15:09:56","date_gmt":"2017-04-16T13:09:56","guid":{"rendered":"https:\/\/hawos.de\/product\/hawos-pegasus\/"},"modified":"2023-05-08T09:45:40","modified_gmt":"2023-05-08T07:45:40","slug":"hawos-pegasus","status":"publish","type":"product","link":"https:\/\/hawos.de\/da\/produkte\/hawos-pegasus\/","title":{"rendered":"hawos Pegasus"},"content":{"rendered":"<h2>hawos Pegasus Getreidem\u00fchle f\u00fcr Gewerbe<\/h2>\n<p>hawos Pegasus ist die ideale Getreidem\u00fchle f\u00fcr Naturkostl\u00e4den, Reformh\u00e4user, Hotelk\u00fcchen, Kantinen und Selbstvermarkter mit gr\u00f6\u00dferem Bedarf an frischem Mahlgut. Diese M\u00fchle ist schnell, arbeitet leise (72 dB) und verf\u00fcgt \u00fcber einen besonders gro\u00dfen Trichter (2500 g).<\/p>\n<p>F\u00fcr die Selbstbedienung im Verkaufsraum ist die Pegasus bestens geeignet: Feinheitsstufe w\u00e4hlen, Getreide einf\u00fcllen, T\u00fcte unter den Auslauf stellen oder mit Klemmfeder befestigen und anschalten, mahlen, abschalten.<\/p>\n<p>Besonders feines und flockiges Mehl mahlt hawos Pegasus m\u00fchelos f\u00fcr Sie und Ihre Kunden. Diese Getreidem\u00fchle ist sehr robust und f\u00fcr harten Einsatz im Gewerbe konstruiert.<\/p>\n<p>Herausragend ist die originelle Bauart mit dem speziellen \u00dcberbau. Durch diese konstruktive Eigenart beugt sich der Trichter mit dem Mehlauslauf immer \u00fcber den M\u00fchlentisch. Mehlbeh\u00e4lter bis zur Gr\u00f6\u00dfe von S\u00e4cken lassen sich unterstellen und mit Mehl aus der Pegasus direkt bef\u00fcllen.<\/p>\n<p><strong>Ideal f\u00fcr den Dauerlauf<\/strong><br \/>\nhawos Pegasus arbeitet im Leerlauf sowie mit Getreide im Mahlwerk immer ohne Steinkontakt. Die Mahlsteine k\u00f6nnen also nicht heisslaufen. Eine Reinigung der Mahlkammer ist schnell und einfach m\u00f6glich. Der ben\u00f6tigte Inbusschl\u00fcssel steckt griffbereit im M\u00fchlengeh\u00e4use. Im eventuellen Werksservicefall ist das Mahlsystem leicht aus dem oberen Teil der M\u00fchle zu entnehmen (Riemen runter &#8211; Mahlsystem raus). Der Versand der kompletten M\u00fchle ist somit nicht notwendig.<\/p>\n<div class=\"row\"  id=\"row-1975519105\">\n\n\t<div id=\"col-371643919\" class=\"col medium-8 small-12 large-8\"  >\n\t\t\t\t<div class=\"col-inner\"  >\n\t\t\t\n\t\t\t\n<h3>Die &#8220;inneren Werte&#8221; in hawos-Qualit\u00e4t<\/h3>\n<table>\n<tbody>\n<tr>\n<td><strong>Geh\u00e4use<\/strong><\/td>\n<td>Buche Multiplex<\/td>\n<\/tr>\n<tr>\n<td><strong>Mahlleistung (Weizen)<\/strong><br \/>\n<strong>-fein<\/strong><br \/>\n<strong>-grob<\/strong><\/td>\n<td>ca. 350 g\/min<br \/>\nca. 700 g\/min<\/td>\n<\/tr>\n<tr>\n<td><strong>Trichterf\u00fcllmenge (Weizen)<\/strong><\/td>\n<td>ca. 2500 g (erweiterbar)<\/td>\n<\/tr>\n<tr>\n<td><strong>Mahlstein \u00f8 (Korund Keramik Steine)<\/strong><\/td>\n<td>125 mm<\/td>\n<\/tr>\n<tr>\n<td><strong>Mahlwerkslagerung<\/strong><\/td>\n<td>Vertikal gelagert<\/td>\n<\/tr>\n<tr>\n<td><strong>Gewicht<\/strong><\/td>\n<td>35 kg<\/td>\n<\/tr>\n<tr>\n<td><strong>Motorleistung<\/strong><\/td>\n<td>750 W<\/td>\n<\/tr>\n<tr>\n<td><strong>Netzspannung<\/strong><\/td>\n<td>230 V oder 400 V<\/td>\n<\/tr>\n<tr>\n<td><strong>Unterstellh\u00f6he f\u00fcr Sch\u00fcssel<\/strong><\/td>\n<td>17 cm<\/td>\n<\/tr>\n<tr>\n<td><strong>Standfl\u00e4che (B x T)<\/strong><br \/>\n<strong>Ma\u00dfe (B x T x H)<\/strong><\/td>\n<td>270 x 380<br \/>\n270 x 660 x 650 mm<\/td>\n<\/tr>\n<tr>\n<td><strong>Lautst\u00e4rke<\/strong><\/td>\n<td>ca. 72 dB<\/td>\n<\/tr>\n<tr>\n<td><strong>Ein\/Aus Schalter<\/strong><\/td>\n<td>Mit Motorschutzfunktion<\/td>\n<\/tr>\n<tr>\n<td><strong>Oberfl\u00e4chenbehandlung<\/strong><\/td>\n<td>Lein\u00f6lfirnis<\/td>\n<\/tr>\n<tr>\n<td><strong>Garantie<\/strong><\/td>\n<td>2 Jahre<\/td>\n<\/tr>\n<tr>\n<td><strong>Serienm\u00e4\u00dfiges Zubeh\u00f6r<\/strong><\/td>\n<td>T\u00fctenklemme, Trichterdeckel, Inbusschl\u00fcssel<\/td>\n<\/tr>\n<\/tbody>\n<\/table>\n\t\t<\/div>\n\t\t\t\t\t<\/div>\n\n\t\n<\/div>\n<p><strong>Hinweis f\u00fcr Allergiker:<\/strong> Alle hawos-M\u00fchlen sind glutenfrei eingemahlen!<\/p>\n","protected":false},"excerpt":{"rendered":"<p>hawos Pegasus Getreidem\u00fchle f\u00fcr Gewerbe hawos Pegasus ist die ideale Getreidem\u00fchle f\u00fcr Naturkostl\u00e4den, Reformh\u00e4user, Hotelk\u00fcchen, Kantinen und Selbstvermarkter mit gr\u00f6\u00dferem Bedarf an frischem Mahlgut. Diese M\u00fchle ist schnell, arbeitet leise (72 dB) und verf\u00fcgt \u00fcber einen besonders gro\u00dfen Trichter (2500 g). F\u00fcr die Selbstbedienung im Verkaufsraum ist die Pegasus bestens geeignet: Feinheitsstufe w\u00e4hlen, Getreide einf\u00fcllen, [&#8230;]\n","protected":false},"featured_media":27195,"comment_status":"open","ping_status":"closed","template":"","meta":{"_acf_changed":false,"_glsr_average":0,"_glsr_ranking":0,"_glsr_reviews":0},"product_brand":[],"product_cat":[652],"product_tag":[],"class_list":{"0":"post-19105","1":"product","2":"type-product","3":"status-publish","4":"has-post-thumbnail","6":"product_cat-gewerbemuehlen-da","7":"pa_model-hawos-pegasus-ladenmuehle-110-volt-usa-da","8":"pa_model-hawos-pegasus-ladenmuehle-230-volt-da","9":"pa_model-pegasus-ladenmuehle-400-volt-drehstrom-da","11":"first","12":"instock","13":"taxable","14":"shipping-taxable","15":"purchasable","16":"product-type-variable","17":"has-default-attributes"},"bundled_by":[],"bundle_stock_status":"instock","bundle_stock_quantity":null,"bundle_virtual":false,"bundle_layout":"","bundle_add_to_cart_form_location":"","bundle_editable_in_cart":false,"bundle_sold_individually_context":"","bundle_item_grouping":"","bundle_min_size":"","bundle_max_size":"","bundle_price":[],"bundled_items":[],"bundle_sell_ids":[],"exclude_global_add_ons":[],"addons":[],"acf":[],"_links":{"self":[{"href":"https:\/\/hawos.de\/da\/wp-json\/wp\/v2\/product\/19105","targetHints":{"allow":["GET"]}}],"collection":[{"href":"https:\/\/hawos.de\/da\/wp-json\/wp\/v2\/product"}],"about":[{"href":"https:\/\/hawos.de\/da\/wp-json\/wp\/v2\/types\/product"}],"replies":[{"embeddable":true,"href":"https:\/\/hawos.de\/da\/wp-json\/wp\/v2\/comments?post=19105"}],"wp:featuredmedia":[{"embeddable":true,"href":"https:\/\/hawos.de\/da\/wp-json\/wp\/v2\/media\/27195"}],"wp:attachment":[{"href":"https:\/\/hawos.de\/da\/wp-json\/wp\/v2\/media?parent=19105"}],"wp:term":[{"taxonomy":"product_brand","embeddable":true,"href":"https:\/\/hawos.de\/da\/wp-json\/wp\/v2\/product_brand?post=19105"},{"taxonomy":"product_cat","embeddable":true,"href":"https:\/\/hawos.de\/da\/wp-json\/wp\/v2\/product_cat?post=19105"},{"taxonomy":"product_tag","embeddable":true,"href":"https:\/\/hawos.de\/da\/wp-json\/wp\/v2\/product_tag?post=19105"}],"curies":[{"name":"wp","href":"https:\/\/api.w.org\/{rel}","templated":true}]}}