{"id":19098,"date":"2017-04-16T16:09:52","date_gmt":"2017-04-16T14:09:52","guid":{"rendered":"https:\/\/hawos.de\/product\/hawos-getreidespeicher\/"},"modified":"2025-12-01T15:16:40","modified_gmt":"2025-12-01T14:16:40","slug":"hawos-getreidespeicher","status":"publish","type":"product","link":"https:\/\/hawos.de\/da\/produkte\/hawos-getreidespeicher\/","title":{"rendered":"hawos Getreidespeicher"},"content":{"rendered":"<p>Hawos kornkammer passer godt i hvert k\u00f8kken. Kornet kan opbevares sikkert og attraktivt, og du er altid godt informeret gennem ruden. En optisk stimulus skabes ogs\u00e5 af den forskellige kornfarve. Denne silo passer n\u00f8jagtigt ind i standardk\u00f8kkenet. Det betyder, at det forsvinder i en lille niche uden problemer. Se udvendige m\u00e5l nedenfor.<\/p>\n<p><strong>Tekniske specifikationer<\/strong><\/p>\n<div class=\"row\">\n<div class=\"col-xs-12 col-sm-11 col-md-8\">\n<table class=\"technical\" style=\"width: 66.4403%;\">\n<tbody>\n<tr>\n<td style=\"line-height: 1.42857; width: 18.5664%;\"><\/td>\n<td style=\"line-height: 1.42857; width: 30%;\">2er Getreidesilo<\/td>\n<td style=\"line-height: 1.42857; width: 30%;\">3er Getreidesilo<\/td>\n<\/tr>\n<tr>\n<td style=\"line-height: 1.42857; width: 18.5664%;\">Inhalt (Weizen)<\/td>\n<td style=\"line-height: 1.42857; width: 30%;\">2 x 5 kg<\/td>\n<td style=\"line-height: 1.42857; width: 30%;\">3 x 5 kg<\/td>\n<\/tr>\n<tr>\n<td style=\"line-height: 1.42857; width: 18.5664%;\">Holz<\/td>\n<td style=\"line-height: 1.42857; text-align: center; width: 60%;\" colspan=\"3\">Buche Vollholz (ged\u00e4mpft)<\/td>\n<\/tr>\n<tr>\n<td style=\"line-height: 1.42857; width: 18.5664%;\">Sichtfenster<\/td>\n<td style=\"line-height: 1.42857; text-align: center; width: 60%;\" colspan=\"2\">Glas, geschliffen<\/td>\n<\/tr>\n<tr>\n<td style=\"line-height: 1.42857; width: 18.5664%;\">Gewicht<\/td>\n<td style=\"line-height: 1.42857; width: 30%;\">6.4 kg<\/td>\n<td style=\"line-height: 1.42857; width: 30%;\">9.75 kg<\/td>\n<\/tr>\n<tr>\n<td style=\"line-height: 1.42857; width: 18.5664%;\">Au\u00dfenma\u00dfe (B x T x H)<\/td>\n<td style=\"line-height: 1.42857; width: 30%;\">297 x 197 x 457 mm<\/td>\n<td style=\"line-height: 1.42857; width: 30%;\">435 x 197 x 457 mm<\/td>\n<\/tr>\n<tr>\n<td style=\"line-height: 1.42857; width: 18.5664%;\">Oberfl\u00e4chenbehandlung<\/td>\n<td style=\"line-height: 1.42857; text-align: center; width: 60%;\" colspan=\"3\">Lein\u00f6lfirnis<\/td>\n<\/tr>\n<tr>\n<td style=\"line-height: 1.42857; width: 18.5664%;\">Garantie<\/td>\n<td style=\"line-height: 1.42857; text-align: center; width: 60%;\" colspan=\"3\">2 Jahre<\/td>\n<\/tr>\n<tr>\n<td style=\"line-height: 1.42857; width: 18.5664%;\">Besonderheiten<\/td>\n<td style=\"line-height: 1.42857; text-align: center; width: 30%;\">Tiefe gegen\u00fcber \u00e4lteren Silos hat sich ge\u00e4ndert.<\/td>\n<td style=\"line-height: 1.42857; text-align: center; width: 30%;\">&#8211;<\/td>\n<\/tr>\n<\/tbody>\n<\/table>\n<\/div>\n<div class=\"col-xs-0 col-sm-1 col-md-4\"><\/div>\n<\/div>\n","protected":false},"excerpt":{"rendered":"<p>Hawos kornkammer passer godt i hvert k\u00f8kken. Kornet kan opbevares sikkert og attraktivt, og du er altid godt informeret gennem ruden. En optisk stimulus skabes ogs\u00e5 af den forskellige kornfarve. Denne silo passer n\u00f8jagtigt ind i standardk\u00f8kkenet. Det betyder, at det forsvinder i en lille niche uden problemer. Se udvendige m\u00e5l nedenfor. Tekniske specifikationer 2er [&#8230;]\n","protected":false},"featured_media":21837,"comment_status":"open","ping_status":"closed","template":"","meta":{"_acf_changed":false,"_glsr_average":0,"_glsr_ranking":0,"_glsr_reviews":0},"product_brand":[],"product_cat":[602],"product_tag":[],"class_list":{"0":"post-19098","1":"product","2":"type-product","3":"status-publish","4":"has-post-thumbnail","6":"product_cat-getreidespeicher-da","7":"pa_model-getreidesilo-2-x-5-kg-da","8":"pa_model-getreidesilo-3-x-5-kg-da","10":"first","11":"instock","12":"taxable","13":"shipping-taxable","14":"purchasable","15":"product-type-variable"},"bundled_by":[],"bundle_stock_status":"instock","bundle_stock_quantity":null,"bundle_virtual":false,"bundle_layout":"","bundle_add_to_cart_form_location":"","bundle_editable_in_cart":false,"bundle_sold_individually_context":"","bundle_item_grouping":"","bundle_min_size":"","bundle_max_size":"","bundle_price":[],"bundled_items":[],"bundle_sell_ids":[],"exclude_global_add_ons":[],"addons":[],"acf":[],"_links":{"self":[{"href":"https:\/\/hawos.de\/da\/wp-json\/wp\/v2\/product\/19098","targetHints":{"allow":["GET"]}}],"collection":[{"href":"https:\/\/hawos.de\/da\/wp-json\/wp\/v2\/product"}],"about":[{"href":"https:\/\/hawos.de\/da\/wp-json\/wp\/v2\/types\/product"}],"replies":[{"embeddable":true,"href":"https:\/\/hawos.de\/da\/wp-json\/wp\/v2\/comments?post=19098"}],"wp:featuredmedia":[{"embeddable":true,"href":"https:\/\/hawos.de\/da\/wp-json\/wp\/v2\/media\/21837"}],"wp:attachment":[{"href":"https:\/\/hawos.de\/da\/wp-json\/wp\/v2\/media?parent=19098"}],"wp:term":[{"taxonomy":"product_brand","embeddable":true,"href":"https:\/\/hawos.de\/da\/wp-json\/wp\/v2\/product_brand?post=19098"},{"taxonomy":"product_cat","embeddable":true,"href":"https:\/\/hawos.de\/da\/wp-json\/wp\/v2\/product_cat?post=19098"},{"taxonomy":"product_tag","embeddable":true,"href":"https:\/\/hawos.de\/da\/wp-json\/wp\/v2\/product_tag?post=19098"}],"curies":[{"name":"wp","href":"https:\/\/api.w.org\/{rel}","templated":true}]}}