{"id":19077,"date":"2017-04-16T17:06:06","date_gmt":"2017-04-16T15:06:06","guid":{"rendered":"https:\/\/hawos.de\/product\/hawos-getreidesaecke\/"},"modified":"2025-04-28T11:06:03","modified_gmt":"2025-04-28T09:06:03","slug":"hawos-getreidesaecke","status":"publish","type":"product","link":"https:\/\/hawos.de\/da\/produkte\/hawos-getreidesaecke\/","title":{"rendered":"hawos Getreides\u00e4cke"},"content":{"rendered":"<h2>hawos Getreides\u00e4cke und Wandhalterung f\u00fcr 2 Getreides\u00e4cke<\/h2>\n<p>Die S\u00e4cke aus naturbelassener Baumwolle sind bis 60\u00b0C waschbar. Oben befinden sich zwei Halteschlaufen und die Nachf\u00fcll\u00f6ffnung. Unten sitzt der raffinierte Einhandverschlu\u00df, um das Getreide zu entnehmen.<\/p>\n<h3>Getreides\u00e4cke<\/h3>\n<div class=\"row\"  id=\"row-1096167120\">\n\n\t<div id=\"col-894061963\" class=\"col medium-8 small-12 large-8\"  >\n\t\t\t\t<div class=\"col-inner\"  >\n\t\t\t\n\t\t\t\n<table>\n<tbody>\n<tr>\n<td><\/td>\n<td><strong>3 kg<\/strong><\/td>\n<td><strong>5 kg<\/strong><\/td>\n<td><strong>10 kg<\/strong><\/td>\n<td><strong>25 kg<\/strong><\/td>\n<\/tr>\n<tr>\n<td><strong>Ma\u00dfe (B x T x H)<\/strong><\/td>\n<td>14 x 14 x 50 cm<\/td>\n<td>14 x 14 x 68 cm<\/td>\n<td>16 x 16 x 88 cm<\/td>\n<td>25 x 25 x 107 cm<\/td>\n<\/tr>\n<tr>\n<td><strong>Material<\/strong><\/td>\n<td style=\"background-color: #f2f2f2; text-align: center;\" colspan=\"4\">Naturbelassene und robuste Baumwolle<\/td>\n<\/tr>\n<tr>\n<td><strong>Gewicht<\/strong><\/td>\n<td>300 g<\/td>\n<td>300 g<\/td>\n<td>500 g<\/td>\n<td>500 g<\/td>\n<\/tr>\n<tr>\n<td><strong>Garantie<\/strong><\/td>\n<td style=\"background-color: #f2f2f2; text-align: center;\" colspan=\"4\">2 Jahre<\/td>\n<\/tr>\n<\/tbody>\n<\/table>\n\t\t<\/div>\n\t\t\t\t\t<\/div>\n\n\t\n<\/div>\n<div class=\"row\"  id=\"row-1944042245\">\n\n\t<div id=\"col-998654188\" class=\"col medium-8 small-12 large-8\"  >\n\t\t\t\t<div class=\"col-inner\"  >\n\t\t\t\n\t\t\t\n<h3>hawos Wandhalter f\u00fcr 2 Getreides\u00e4cke<\/h3>\n<table>\n<tbody>\n<tr>\n<td><strong>Material<\/strong><\/td>\n<td>Buche, ged\u00e4mpft<\/td>\n<\/tr>\n<tr>\n<td><strong>Gewicht<\/strong><\/td>\n<td>860 g<\/td>\n<\/tr>\n<tr>\n<td><strong>Ma\u00dfe ( B x T x H) &#8211; Tiefe inkl. Bolzen<\/strong><\/td>\n<td>30 x 16.5 x 7,5 cm<\/td>\n<\/tr>\n<tr>\n<td><strong>Garantie<\/strong><\/td>\n<td>2 Jahre<\/td>\n<\/tr>\n<\/tbody>\n<\/table>\n\t\t<\/div>\n\t\t\t\t\t<\/div>\n\n\t\n<\/div>\n","protected":false},"excerpt":{"rendered":"<p>Getreides\u00e4cke f\u00fcr 3, 5, 10 und 25 kg<br \/>\nLieferumfang: Getreides\u00e4cke ohne Wandhalterung, Wandhalterung ohne Getreides\u00e4cke.<\/p>\n","protected":false},"featured_media":19078,"comment_status":"open","ping_status":"closed","template":"","meta":{"_acf_changed":false,"_glsr_average":0,"_glsr_ranking":0,"_glsr_reviews":0},"product_brand":[],"product_cat":[602],"product_tag":[829,830,831,832,833],"class_list":{"0":"post-19077","1":"product","2":"type-product","3":"status-publish","4":"has-post-thumbnail","6":"product_cat-getreidespeicher-da","7":"product_tag-hs027-da","8":"product_tag-hs028-da","9":"product_tag-hs029-da","10":"product_tag-hs030-da","11":"product_tag-hs031-da","12":"pa_model-10-kg-da","13":"pa_model-25-kg-da","14":"pa_model-3-kg-da","15":"pa_model-5-kg-da","16":"pa_model-wandhalter-fuer-2-getreidesaecke-da","18":"first","19":"instock","20":"taxable","21":"shipping-taxable","22":"purchasable","23":"product-type-variable"},"bundled_by":[],"bundle_stock_status":"instock","bundle_stock_quantity":null,"bundle_virtual":false,"bundle_layout":"","bundle_add_to_cart_form_location":"","bundle_editable_in_cart":false,"bundle_sold_individually_context":"","bundle_item_grouping":"","bundle_min_size":"","bundle_max_size":"","bundle_price":[],"bundled_items":[],"bundle_sell_ids":[],"exclude_global_add_ons":[],"addons":[],"acf":[],"_links":{"self":[{"href":"https:\/\/hawos.de\/da\/wp-json\/wp\/v2\/product\/19077","targetHints":{"allow":["GET"]}}],"collection":[{"href":"https:\/\/hawos.de\/da\/wp-json\/wp\/v2\/product"}],"about":[{"href":"https:\/\/hawos.de\/da\/wp-json\/wp\/v2\/types\/product"}],"replies":[{"embeddable":true,"href":"https:\/\/hawos.de\/da\/wp-json\/wp\/v2\/comments?post=19077"}],"wp:featuredmedia":[{"embeddable":true,"href":"https:\/\/hawos.de\/da\/wp-json\/wp\/v2\/media\/19078"}],"wp:attachment":[{"href":"https:\/\/hawos.de\/da\/wp-json\/wp\/v2\/media?parent=19077"}],"wp:term":[{"taxonomy":"product_brand","embeddable":true,"href":"https:\/\/hawos.de\/da\/wp-json\/wp\/v2\/product_brand?post=19077"},{"taxonomy":"product_cat","embeddable":true,"href":"https:\/\/hawos.de\/da\/wp-json\/wp\/v2\/product_cat?post=19077"},{"taxonomy":"product_tag","embeddable":true,"href":"https:\/\/hawos.de\/da\/wp-json\/wp\/v2\/product_tag?post=19077"}],"curies":[{"name":"wp","href":"https:\/\/api.w.org\/{rel}","templated":true}]}}