{"id":19072,"date":"2017-04-16T18:45:31","date_gmt":"2017-04-16T16:45:31","guid":{"rendered":"https:\/\/hawos.de\/product\/hawos-keimschalen\/"},"modified":"2022-09-29T10:39:50","modified_gmt":"2022-09-29T08:39:50","slug":"hawos-keimschalen","status":"publish","type":"product","link":"https:\/\/hawos.de\/da\/produkte\/hawos-keimschalen\/","title":{"rendered":"hawos Keimschalen"},"content":{"rendered":"<h2><span style=\"font-size: 100%;\">Hawos Sprossen- Toni &amp; Tonkeimer<\/span><\/h2>\n<p>Ernten Sie, wenn die Lebenskraft am h\u00f6chsten ist! Wie im Gartenboden liegen die Samenk\u00f6rner in hawos Toni und Tonkeimer: dunkel und feucht. Der gebrannte Ton kann 10 % seines Gewichts an Wasser aufnehmen und nach und nach an die Keimlinge weitergeben.<\/p>\n<p>Die Vitalstoffe vermehren sich wie in der Natur: die im Samen vorhandenen Enzyme werden aktiviert. Vitamine, Fermente, Eiwei\u00dfe und Kohlehydrate sind in gr\u00f6\u00dftm\u00f6glicher Menge vorhanden, wenn die Keime zu sprie\u00dfen beginnen.<\/p>\n<p>Der Natur abgeschaut: Keime und Sprossen im genialen Tonkeimer-System &#8211; t\u00e4glich frisch auf den Tisch<\/p>\n<h3><span style=\"font-size: 100%;\">Material:<\/span><\/h3>\n<p>Naturbelassener Ton aus dem Westerwald. Er wird bei einer solchen Temperatur gebrannt, dass er hart genug wird und dennoch offenporig bleibt. So kann der Ton 10 % seines Gewichts an Wasser aufnehmen. Die Bodenschalen sind innen mit einer bleifreien Glasur \u00fcberzogen und damit Wasserdicht.<\/p>\n<h3><span style=\"font-size: 100%;\">Keimbedingungen in hawos Keimger\u00e4ten:<\/span><\/h3>\n<p>Sie \u00e4hneln den nat\u00fcrlichen Gegebenheiten in der Erde. Eine gute Durchl\u00fcftung ist durch die Poren des Tons gew\u00e4hrleistet, die Saugf\u00e4higkeit des Materials sorgt f\u00fcr eine gleichm\u00e4\u00dfige Feuchtigkeit, ohne dass die Samen im Wasser liegen.<\/p>\n<h3>Die besten Ergebnisse:<\/h3>\n<p>Es sollte nur Saatgut aus kontrolliert biologischem Anbau verwendet werden da dieses nicht mit Chemikalien versetzt ist. Normales Leitungswasser ist ausreichend, die besten Ergebnisse erzielen Sie jedoch mit Wasser welches nitratfrei ist und wenig Kalk enth\u00e4lt (der Kalk k\u00f6nnte auf die Dauer die Poren verstopfen).<\/p>\n<h2>Anleitung hawos Keimschalen<\/h2>\n<p>Je nach Samen und Raumtemperatur dauert das Keimen bis zur Ernte der Sprossen 2 \u2013 7 Tage. Anstatt alle Keimschalen gleichzeitig mit Samen zu befu\u0308llen, k\u00f6nnen Sie die Samen auch u\u0308ber 3 Tage versetzt ansetzten um die Ernte u\u0308ber mehrere Tage zu verteilen.<br \/>\nIn der Regel sollten die Samen einmal T\u00e4glich unter flie\u00dfendem Wasser gespu\u0308lt werden, hierzu beachten Sie bitte die Richtlinien welche Ihrer Samen beiliegen, da einige Sorten \u00f6fter bew\u00e4ssert werden sollten.<\/p>\n<h3>Reinigung der Samen:<\/h3>\n<p>Befu\u0308llen Sie ein Gef\u00e4\u00df mit Wasser, geben Sie die Samen hinein und verru\u0308hren Sie diese, um eventuelle Pflanzenteile und -hu\u0308lsen oben einfach absch\u00f6pfen zu k\u00f6nnen. Es wird oft nur ein Essl\u00f6ffel an Samen ben\u00f6tigt um das Keimger\u00e4t komplett zu befu\u0308llen da die Samen sehr stark wachsen.<\/p>\n<h3>Einweichen der Tonkeimschale:<\/h3>\n<p>Die Keimschale wird ca. 10 Minuten ins Wasser gelegt, damit sich der Ton mit Wasser vollsaugt, was beim Keimen fu\u0308r ein gu\u0308nstiges Klima sorgt.<\/p>\n<h3>Einweichen der Samen notwendig?:<\/h3>\n<p>Die meisten Samen (ausgenommen z. B. Kresse und Hafer) ben\u00f6tigen ein l\u00e4ngeres Einweichen in Wasser vor der Aussaat. Dies erfolgt z.B. in einer Tasse oder einem Glas.<\/p>\n<h3>Samen verteilen:<\/h3>\n<p>Streuen Sie die Samen in das Keimger\u00e4t und spu\u0308len Sie die Schalen mit den darin befindlichen Samen unter flie\u00dfendem Wasser. Wenn Sie sehr kleine Samen verwenden welche die durch die Perforationen in den Keimschale fallen oder diese verstopfen k\u00f6nnen, legen Sie die Samen auf ein Stu\u0308ck K\u00e4setuch oder \u00e4hnliches welches sich nach dem Quellen leicht entfernen l\u00e4sst.<\/p>\n<h3>Der Deckel:<\/h3>\n<p>Der Deckel ist w\u00e4hrend des Keimens sinnvoll, um den natu\u0308rlichen Umraum wie in der Erde herzustellen. Um z. B. bei Kresse und Alfalfa gru\u0308ne &amp; chlorophyllhaltige Keimlinge zu erzielen, wird einen Tag vor der Ernte der Deckel entfernt und die einzelnen Keimschalen ans Licht gestellt.<\/p>\n<h3>Erntetag:<\/h3>\n<p>Sie haben in den Keimtagen durch das mehrmalige Durchspu\u0308len Ihre Keimlinge gut kennen gelernt und das Wachstum beobachtet. Der Geschmack der Keimlinge ver\u00e4ndert sich mit jedem Tag. Ihrem Geschmack entsprechend k\u00f6nnen Sie die Keimzeit jederzeit beenden. Die geernteten Keimlinge k\u00f6nnen einige Tage im Ku\u0308hlschrank aufbewahrt werden.<\/p>\n<h3>Reinigung des Keimger\u00e4tes:<\/h3>\n<p>Nach dem Ernten sollten die benutzten Schalen samt Bodenschale unter flie\u00dfendem Wasser mit einer harten Bu\u0308rste abgebu\u0308rstet werden. Farbver\u00e4nderungen im Ton beeintr\u00e4chtigen das Keimen nicht. Gelegentlich empfiehlt sich gru\u0308ndliches Auswaschen mit Essigwasser. Bei verstopften L\u00f6chern in den Keimschalen hilft eine Nadel!<\/p>\n\n\t<section class=\"section hide-for-small\" id=\"section_1807394835\">\n\t\t<div class=\"section-bg fill\" >\n\t\t\t\t\t\t\t\t\t\n\t\t\t\n\n\t\t<\/div>\n\n\t\t\n\n\t\t<div class=\"section-content relative\">\n\t\t\t\n<h3>Keimtabelle<\/h3>\n<p>Zur schnellen Referenz haben wir fu\u0308r Sie eine kleine Tabelle erstellt mit den h\u00e4ufigsten Samensorten und durchschnittliche Erntezeiten.<\/p>\n<table style=\"border-collapse: collapse; width: 100%;\">\n<tbody>\n<tr>\n<td style=\"text-align: center;\"><\/td>\n<td style=\"text-align: center;\">Alfalfa (Luzerne)<\/td>\n<td style=\"text-align: center;\">Bockshornklee<\/td>\n<td style=\"text-align: center;\">Kresse<\/td>\n<td style=\"text-align: center;\">Linsen<\/td>\n<td style=\"text-align: center;\">Mungbohnen<\/td>\n<td style=\"text-align: center;\">Radieschen<\/td>\n<td style=\"text-align: center;\">Rettich<\/td>\n<td style=\"text-align: center;\">Weizen<\/td>\n<\/tr>\n<tr>\n<td>Einweichzeit<\/td>\n<td style=\"text-align: center;\">6 Std.<\/td>\n<td style=\"text-align: center;\">6-8 Std.<\/td>\n<td style=\"text-align: center;\">keine<\/td>\n<td style=\"text-align: center;\">7 Std.<\/td>\n<td style=\"text-align: center;\">12 Std.<\/td>\n<td style=\"text-align: center;\">keine<\/td>\n<td style=\"text-align: center;\">keine<\/td>\n<td style=\"text-align: center;\">12 Std.<\/td>\n<\/tr>\n<tr>\n<td>Keimdauer<\/td>\n<td style=\"text-align: center;\">7 Tage<\/td>\n<td style=\"text-align: center;\">2 Tage<\/td>\n<td style=\"text-align: center;\">3 Tage<\/td>\n<td style=\"text-align: center;\">3 Tage<\/td>\n<td style=\"text-align: center;\">3-4 Tage<\/td>\n<td style=\"text-align: center;\">3-4 Tage<\/td>\n<td style=\"text-align: center;\">3-4 Tage<\/td>\n<td style=\"text-align: center;\">2-3 Tage<\/td>\n<\/tr>\n<tr>\n<td>Keiml\u00e4nge<\/td>\n<td style=\"text-align: center;\">1 cm<\/td>\n<td style=\"text-align: center;\">Samenl\u00e4nge<\/td>\n<td style=\"text-align: center;\">3 cm<\/td>\n<td style=\"text-align: center;\">2 cm<\/td>\n<td style=\"text-align: center;\">2-3 cm<\/td>\n<td style=\"text-align: center;\">0,5 cm<\/td>\n<td style=\"text-align: center;\">0,5 cm<\/td>\n<td style=\"width: 11.1111%; text-align: center;\">0,5 cm<\/td>\n<\/tr>\n<\/tbody>\n<\/table>\n\t\t<\/div>\n\n\t\t\n<style>\n#section_1807394835 {\n  padding-top: 30px;\n  padding-bottom: 30px;\n  background-color: rgb(243, 243, 243);\n}\n<\/style>\n\t<\/section>\n\t\n<div class=\"row\"  id=\"row-375232944\">\n\n\t<div id=\"col-2072672285\" class=\"col medium-5 small-12 large-5\"  >\n\t\t\t\t<div class=\"col-inner\"  >\n\t\t\t\n\t\t\t\n<h3>Technische Daten<\/h3>\n<table style=\"border-collapse: collapse; width: 100%; height: 114px;\">\n<tbody>\n<tr style=\"height: 19px;\">\n<td style=\"width: 36%; height: 19px;\"><\/td>\n<td style=\"width: 32%; height: 19px;\">hawos Toni<\/td>\n<td style=\"width: 32%; height: 19px;\">hawos Tonkeimer<\/td>\n<\/tr>\n<tr style=\"height: 19px;\">\n<td style=\"width: 33.3333%; height: 19px;\">Anwendungsbereich<\/td>\n<td style=\"width: 66.6666%; text-align: center; height: 19px;\" colspan=\"2\">Sprossen\/Keime<\/td>\n<\/tr>\n<tr style=\"height: 19px;\">\n<td style=\"width: 33.3333%; height: 19px;\">Material<\/td>\n<td style=\"width: 66.6666%; text-align: center; height: 19px;\" colspan=\"2\">Ton<\/td>\n<\/tr>\n<tr style=\"height: 19px;\">\n<td style=\"width: 33.3333%; height: 19px;\">Durchmesser:<br \/>\n&#8211; Keimschalen<br \/>\n&#8211; Bodenschale<br \/>\n&#8211; Deckel<\/td>\n<td style=\"width: 33.3333%; height: 19px;\">\n140 mm<br \/>\n140 mm<br \/>\n140 mm<\/td>\n<td style=\"width: 33.3333%; height: 19px;\">\n155 mm<br \/>\n180 mm<br \/>\n160 mm<\/td>\n<\/tr>\n<tr style=\"height: 19px;\">\n<td style=\"width: 33.3333%; height: 19px;\">Set Enth\u00e4lt<\/td>\n<td style=\"width: 66.6666%; height: 19px; text-align: center;\" colspan=\"2\">1x Bodenschale<br \/>\n3x Keimschale<br \/>\n1x Deckel<\/td>\n<\/tr>\n<tr style=\"height: 19px;\">\n<td style=\"width: 33.3333%; height: 19px;\">Garantie<\/td>\n<td style=\"width: 33.3333%; height: 19px; text-align: center;\" colspan=\"2\">2 Jahre<\/td>\n<\/tr>\n<\/tbody>\n<\/table>\n\t\t<\/div>\n\t\t\t\t\t<\/div>\n\n\t\n<\/div>\n","protected":false},"excerpt":{"rendered":"<p>Keime und Sprossen t\u00e4glich knackig frisch<\/p>\n","protected":false},"featured_media":19396,"comment_status":"closed","ping_status":"closed","template":"","meta":{"_acf_changed":false,"_glsr_average":0,"_glsr_ranking":0,"_glsr_reviews":0},"product_brand":[],"product_cat":[662],"product_tag":[],"class_list":{"0":"post-19072","1":"product","2":"type-product","3":"status-publish","4":"has-post-thumbnail","6":"product_cat-tonkeimer-da","7":"pa_model-toni-da","8":"pa_model-tonkeimer-da","10":"first","11":"instock","12":"taxable","13":"shipping-taxable","14":"purchasable","15":"product-type-variable"},"bundled_by":[],"bundle_stock_status":"instock","bundle_stock_quantity":790,"bundle_virtual":false,"bundle_layout":"","bundle_add_to_cart_form_location":"","bundle_editable_in_cart":false,"bundle_sold_individually_context":"","bundle_item_grouping":"","bundle_min_size":"","bundle_max_size":"","bundle_price":[],"bundled_items":[],"bundle_sell_ids":[],"exclude_global_add_ons":[],"addons":[],"acf":[],"_links":{"self":[{"href":"https:\/\/hawos.de\/da\/wp-json\/wp\/v2\/product\/19072","targetHints":{"allow":["GET"]}}],"collection":[{"href":"https:\/\/hawos.de\/da\/wp-json\/wp\/v2\/product"}],"about":[{"href":"https:\/\/hawos.de\/da\/wp-json\/wp\/v2\/types\/product"}],"replies":[{"embeddable":true,"href":"https:\/\/hawos.de\/da\/wp-json\/wp\/v2\/comments?post=19072"}],"wp:featuredmedia":[{"embeddable":true,"href":"https:\/\/hawos.de\/da\/wp-json\/wp\/v2\/media\/19396"}],"wp:attachment":[{"href":"https:\/\/hawos.de\/da\/wp-json\/wp\/v2\/media?parent=19072"}],"wp:term":[{"taxonomy":"product_brand","embeddable":true,"href":"https:\/\/hawos.de\/da\/wp-json\/wp\/v2\/product_brand?post=19072"},{"taxonomy":"product_cat","embeddable":true,"href":"https:\/\/hawos.de\/da\/wp-json\/wp\/v2\/product_cat?post=19072"},{"taxonomy":"product_tag","embeddable":true,"href":"https:\/\/hawos.de\/da\/wp-json\/wp\/v2\/product_tag?post=19072"}],"curies":[{"name":"wp","href":"https:\/\/api.w.org\/{rel}","templated":true}]}}