{"id":19067,"date":"2019-02-17T10:28:09","date_gmt":"2019-02-17T09:28:09","guid":{"rendered":"https:\/\/hawos.de\/product\/untergestell-pegasus\/"},"modified":"2025-10-05T22:11:13","modified_gmt":"2025-10-05T20:11:13","slug":"untergestell-pegasus","status":"publish","type":"product","link":"https:\/\/hawos.de\/da\/produkte\/untergestell-pegasus\/","title":{"rendered":"Untergestell Pegasus"},"content":{"rendered":"<h2>Untergestell f\u00fcr die Pegasus Getreidem\u00fchle<\/h2>\n<p><strong>H\u00f6he:<\/strong> 33 cm<br \/>\n<strong>Holzart:<\/strong> Buche Multiplex<br \/>\n<strong>Oberfl\u00e4chenbehandlung:<\/strong> Ge\u00f6lt<\/p>\n<p>Zum Unterstellen von gro\u00dfen Taschen oder S\u00e4cken ist eine individuell anpassbare Bodenplatte erh\u00e4ltlich.<\/p>\n","protected":false},"excerpt":{"rendered":"<p>Untergestell f\u00fcr die Pegasus Getreidem\u00fchle H\u00f6he: 33 cm Holzart: Buche Multiplex Oberfl\u00e4chenbehandlung: Ge\u00f6lt Zum Unterstellen von gro\u00dfen Taschen oder S\u00e4cken ist eine individuell anpassbare Bodenplatte erh\u00e4ltlich.<\/p>\n","protected":false},"featured_media":25750,"comment_status":"open","ping_status":"closed","template":"","meta":{"_acf_changed":false,"_glsr_average":0,"_glsr_ranking":0,"_glsr_reviews":0},"product_brand":[],"product_cat":[661],"product_tag":[],"class_list":{"0":"post-19067","1":"product","2":"type-product","3":"status-publish","4":"has-post-thumbnail","6":"product_cat-pegasus-zubehoer-da","8":"first","9":"instock","10":"taxable","11":"shipping-taxable","12":"purchasable","13":"product-type-simple"},"bundled_by":[],"bundle_stock_status":"instock","bundle_stock_quantity":2,"bundle_virtual":false,"bundle_layout":"","bundle_add_to_cart_form_location":"","bundle_editable_in_cart":false,"bundle_sold_individually_context":"","bundle_item_grouping":"","bundle_min_size":"","bundle_max_size":"","bundle_price":[],"bundled_items":[],"bundle_sell_ids":[],"exclude_global_add_ons":[],"addons":[],"acf":[],"_links":{"self":[{"href":"https:\/\/hawos.de\/da\/wp-json\/wp\/v2\/product\/19067","targetHints":{"allow":["GET"]}}],"collection":[{"href":"https:\/\/hawos.de\/da\/wp-json\/wp\/v2\/product"}],"about":[{"href":"https:\/\/hawos.de\/da\/wp-json\/wp\/v2\/types\/product"}],"replies":[{"embeddable":true,"href":"https:\/\/hawos.de\/da\/wp-json\/wp\/v2\/comments?post=19067"}],"wp:featuredmedia":[{"embeddable":true,"href":"https:\/\/hawos.de\/da\/wp-json\/wp\/v2\/media\/25750"}],"wp:attachment":[{"href":"https:\/\/hawos.de\/da\/wp-json\/wp\/v2\/media?parent=19067"}],"wp:term":[{"taxonomy":"product_brand","embeddable":true,"href":"https:\/\/hawos.de\/da\/wp-json\/wp\/v2\/product_brand?post=19067"},{"taxonomy":"product_cat","embeddable":true,"href":"https:\/\/hawos.de\/da\/wp-json\/wp\/v2\/product_cat?post=19067"},{"taxonomy":"product_tag","embeddable":true,"href":"https:\/\/hawos.de\/da\/wp-json\/wp\/v2\/product_tag?post=19067"}],"curies":[{"name":"wp","href":"https:\/\/api.w.org\/{rel}","templated":true}]}}