{"id":19064,"date":"2019-02-17T10:57:37","date_gmt":"2019-02-17T09:57:37","guid":{"rendered":"https:\/\/hawos.de\/product\/pegasus-trichtererhoehung\/"},"modified":"2025-10-05T22:24:40","modified_gmt":"2025-10-05T20:24:40","slug":"pegasus-trichtererhoehung","status":"publish","type":"product","link":"https:\/\/hawos.de\/da\/produkte\/pegasus-trichtererhoehung\/","title":{"rendered":"Pegasus Trichtererh\u00f6hung"},"content":{"rendered":"<h2>Trichtererh\u00f6hung stapelbar f\u00fcr Pegasus Getreidem\u00fchle<\/h2>\n<div class=\"row\"  id=\"row-1976243620\">\n\n\t<div id=\"col-926853163\" class=\"col medium-6 small-12 large-6\"  >\n\t\t\t\t<div class=\"col-inner\"  >\n\t\t\t\n\t\t\t\n<table style=\"border-collapse: collapse; width: 100%;\">\n<tbody>\n<tr>\n<td style=\"width: 50%;\"><strong>Kapazit\u00e4t<\/strong><\/td>\n<td style=\"width: 50%;\">1.8 kg<\/td>\n<\/tr>\n<tr>\n<td style=\"width: 50%;\"><strong>Gewicht<\/strong><\/td>\n<td style=\"width: 50%;\">0.6 kg<\/td>\n<\/tr>\n<tr>\n<td style=\"width: 50%;\"><strong>Ma\u00dfe (HxWxL)<\/strong><\/td>\n<td style=\"width: 50%;\">7 x 21.5 x 21.5 cm<\/td>\n<\/tr>\n<tr>\n<td style=\"width: 50%;\"><strong>Holzart<\/strong><\/td>\n<td style=\"width: 50%;\">Buche Multiplex<\/td>\n<\/tr>\n<tr>\n<td style=\"width: 50%;\"><strong>Oberfl\u00e4chenbehandlung<\/strong><\/td>\n<td style=\"width: 50%;\">Wasserbasierter Lack<\/td>\n<\/tr>\n<\/tbody>\n<\/table>\n\t\t<\/div>\n\t\t\t\t\t<\/div>\n\n\t\n<\/div>\n","protected":false},"excerpt":{"rendered":"<p>Trichtererh\u00f6hung stapelbar f\u00fcr Pegasus Getreidem\u00fchle<\/p>\n","protected":false},"featured_media":6703,"comment_status":"open","ping_status":"closed","template":"","meta":{"_acf_changed":false,"_glsr_average":0,"_glsr_ranking":0,"_glsr_reviews":0},"product_brand":[],"product_cat":[661],"product_tag":[],"class_list":{"0":"post-19064","1":"product","2":"type-product","3":"status-publish","4":"has-post-thumbnail","6":"product_cat-pegasus-zubehoer-da","8":"first","9":"outofstock","10":"taxable","11":"shipping-taxable","12":"purchasable","13":"product-type-simple"},"bundled_by":[],"bundle_stock_status":"outofstock","bundle_stock_quantity":0,"bundle_virtual":false,"bundle_layout":"","bundle_add_to_cart_form_location":"","bundle_editable_in_cart":false,"bundle_sold_individually_context":"","bundle_item_grouping":"","bundle_min_size":"","bundle_max_size":"","bundle_price":[],"bundled_items":[],"bundle_sell_ids":[],"exclude_global_add_ons":[],"addons":[],"acf":[],"_links":{"self":[{"href":"https:\/\/hawos.de\/da\/wp-json\/wp\/v2\/product\/19064","targetHints":{"allow":["GET"]}}],"collection":[{"href":"https:\/\/hawos.de\/da\/wp-json\/wp\/v2\/product"}],"about":[{"href":"https:\/\/hawos.de\/da\/wp-json\/wp\/v2\/types\/product"}],"replies":[{"embeddable":true,"href":"https:\/\/hawos.de\/da\/wp-json\/wp\/v2\/comments?post=19064"}],"wp:featuredmedia":[{"embeddable":true,"href":"https:\/\/hawos.de\/da\/wp-json\/wp\/v2\/media\/6703"}],"wp:attachment":[{"href":"https:\/\/hawos.de\/da\/wp-json\/wp\/v2\/media?parent=19064"}],"wp:term":[{"taxonomy":"product_brand","embeddable":true,"href":"https:\/\/hawos.de\/da\/wp-json\/wp\/v2\/product_brand?post=19064"},{"taxonomy":"product_cat","embeddable":true,"href":"https:\/\/hawos.de\/da\/wp-json\/wp\/v2\/product_cat?post=19064"},{"taxonomy":"product_tag","embeddable":true,"href":"https:\/\/hawos.de\/da\/wp-json\/wp\/v2\/product_tag?post=19064"}],"curies":[{"name":"wp","href":"https:\/\/api.w.org\/{rel}","templated":true}]}}