{"id":19051,"date":"2019-02-19T19:22:05","date_gmt":"2019-02-19T18:22:05","guid":{"rendered":"https:\/\/hawos.de\/product\/hawos-routine\/"},"modified":"2026-03-19T15:23:51","modified_gmt":"2026-03-19T14:23:51","slug":"hawos-routine","status":"publish","type":"product","link":"https:\/\/hawos.de\/da\/produkte\/hawos-routine\/","title":{"rendered":"Routine"},"content":{"rendered":"<div><em><strong>hawos<\/strong><\/em><strong>\u00a0Routine &#8211;\u00a0die vielseitige Tretm\u00fchle<\/strong><\/div>\n<div>Mit Pedalantrieb zum gesunden Fr\u00fchst\u00fcck.<\/div>\n<div>hawos Routine ersetzt das Trimmrad zu Hause und bietet gleichzeitig mehrfache Nutzungsm\u00f6glichkeiten. Entspannt Zeitung lesen, am PC arbeiten oder Fernsehen und dabei die Fitness steigern, nur einen bequemen Stuhl oder Sessel anstellen und schon kann es losgehen.\u00a0Der Kettenantrieb in Verbindung mit den 125 mm gro\u00dfen Mahlsteinen sorgt f\u00fcr lockeres, feines Mehl &#8211; nat\u00fcrlich auch aus Reis oder Mais &#8211; ohne gro\u00dfen Kraftaufwand. Die Pedale sind 3-fach in der L\u00e4nge verstellbar.<\/div>\n<p>Mittels <a href=\"https:\/\/hawos.de\/da\/produkte\/adapter-fuer-hawos-rotare-und-routine\/\">Adapter<\/a> vielseitig erweiterbar durch z. B. Flockenvorsatz, Reibevorsatz oder Pressvorsatz.<\/p>\n<p>&nbsp;<\/p>\n<table border=\"0\">\n<tbody>\n<tr>\n<td>\n<div><strong>Die &#8220;inneren Werte&#8221; in\u00a0<\/strong><\/div>\n<\/td>\n<td>\n<div><strong><em>hawos-<\/em>Qualit\u00e4t!<\/strong><\/div>\n<\/td>\n<\/tr>\n<tr>\n<td>\n<div>Geh\u00e4use<\/div>\n<\/td>\n<td>\n<div>Buche Multiplex<\/div>\n<\/td>\n<\/tr>\n<tr>\n<td>\n<div>\n<div>Mahlleistung (Weizen)<\/div>\n<div>-fein<\/div>\n<div>-grob<\/div>\n<\/div>\n<\/td>\n<td>\n<div><\/div>\n<div>ca. 75 g\/min<\/div>\n<div>ca. 170 g\/min<\/div>\n<\/td>\n<\/tr>\n<tr>\n<td>\n<div>Trichterf\u00fcllmenge (Weizen)<\/div>\n<\/td>\n<td>\n<div>ca. 3300 g<\/div>\n<\/td>\n<\/tr>\n<tr>\n<td>\n<div>Mahlstein \u00f8 (Korund Keramik Steine)<\/div>\n<\/td>\n<td>\n<div>125 mm<\/div>\n<\/td>\n<\/tr>\n<tr>\n<td>\n<div>Gewicht<\/div>\n<\/td>\n<td>\n<div>ca. 24 kg<\/div>\n<\/td>\n<\/tr>\n<tr>\n<td>\n<div>Unterstellh\u00f6he f\u00fcr Sch\u00fcssel<\/div>\n<\/td>\n<td>\n<div>\u00a028 cm<\/div>\n<\/td>\n<\/tr>\n<tr>\n<td>\n<div>Standfl\u00e4che mit Fu\u00df (B x T x H)<\/div>\n<\/td>\n<td>640 x 610 x 550 mm<\/td>\n<\/tr>\n<tr>\n<td>\n<div>Oberfl\u00e4chenbehandlung<\/div>\n<\/td>\n<td>\n<div>Lein\u00f6lfirnis<\/div>\n<\/td>\n<\/tr>\n<tr>\n<td>\n<div>Garantie<\/div>\n<\/td>\n<td>\n<div>10 Jahre bei privater Nutzung<\/div>\n<\/td>\n<\/tr>\n<tr>\n<td>\n<div>Besonderheiten<\/div>\n<\/td>\n<td>\n<div>Pedale 3-fach verstellbar<\/div>\n<\/td>\n<\/tr>\n<\/tbody>\n<\/table>\n<p><strong>Hinweis f\u00fcr Allergiker:<\/strong> Die hawos-Handm\u00fchlen werden nicht eingemahlen geliefert.<\/p>\n\n\t<section class=\"section hide-for-small\" id=\"section_198707754\">\n\t\t<div class=\"section-bg fill\" >\n\t\t\t<img decoding=\"async\" width=\"988\" height=\"438\" src=\"https:\/\/hawos.de\/wp-content\/uploads\/2022\/10\/Vollkorn-Backbuch-2.jpg\" class=\"bg attachment-original size-original\" alt=\"\" title=\"\">\t\t\t\t\t\t\n\t\t\t\n\n\t\t<\/div>\n\n\t\t\n\n\t\t<div class=\"section-content relative\">\n\t\t\t\n\n<div class=\"row hide-for-small\"  id=\"row-912407061\">\n\n\n\t<div id=\"col-1982174864\" class=\"col hide-for-small small-12 large-12\"  >\n\t\t\t\t<div class=\"col-inner\"  >\n\t\t\t\n\t\t\t\n\n\t<div id=\"text-578922347\" class=\"text\">\n\t\t\n\n<h4>Das k\u00f6nnte Dir auch gefallen<\/h4>\n\t\t\n<style>\n#text-578922347 {\n  font-size: 1rem;\n}\n<\/style>\n\t<\/div>\n\t\n<div class=\"is-divider divider clearfix\" style=\"margin-top:0px;margin-bottom:0px;max-width:50%;\"><\/div>\n\n\n\t\t<\/div>\n\t\t\t\t\t<\/div>\n\n\t\n\n\t<div id=\"col-2057794722\" class=\"col hide-for-small medium-12 small-12 large-6\"  >\n\t\t\t\t<div class=\"col-inner\"  >\n\t\t\t\n\t\t\t\n\n\t<div id=\"text-135605491\" class=\"text\">\n\t\t\n\n<h3 class=\"uppercase\">Das gro\u00dfe Vollkorn-Backbuch<\/h3>\n\t\t\n<style>\n#text-135605491 {\n  font-size: 1.65rem;\n  text-align: left;\n}\n<\/style>\n\t<\/div>\n\t\n\t<div id=\"text-3164722633\" class=\"text\">\n\t\t\n\n<p>Nat\u00fcrlich \u2022 Vollwertig \u2022 Bek\u00f6mmlich<br \/>von <strong>Ute Olk<\/strong><br \/>\u00a0<\/p>\n\t\t\n<style>\n#text-3164722633 {\n  font-size: 1rem;\n  text-align: left;\n}\n<\/style>\n\t<\/div>\n\t\n\t<div id=\"stack-2548365123\" class=\"stack stack-row justify-start items-stretch sm:stack-col\">\n\t\t\n\n<a href=\"https:\/\/hawos.de\/produkte\/das-grosse-vollkorn-backbuch\/\" class=\"button success\" style=\"padding:5px 30px 5px 30px;\">\n\t\t<span>zum Buch<\/span>\n\t<\/a>\n\n\n\n\t\t\n<style>\n#stack-2548365123 > * {\n  --stack-gap: 0.5rem;\n}\n<\/style>\n\t<\/div>\n\t\n\n\t\t<\/div>\n\t\t\t\t\n<style>\n#col-2057794722 > .col-inner {\n  padding: 0px 0px 0px 0;\n}\n@media (min-width:550px) {\n  #col-2057794722 > .col-inner {\n    padding: 0px 10% 0px 10%;\n  }\n}\n<\/style>\n\t<\/div>\n\n\t\n\n<\/div>\n\n\t\t<\/div>\n\n\t\t\n<style>\n#section_198707754 {\n  padding-top: 30px;\n  padding-bottom: 30px;\n  min-height: 350px;\n}\n#section_198707754 .section-bg-overlay {\n  background-color: rgba(255, 255, 255, 0.651);\n}\n#section_198707754 .section-bg img {\n  object-position: 79% 43%;\n}\n@media (min-width:550px) {\n  #section_198707754 .section-bg-overlay {\n    background-color: rgba(255, 255, 255, 0.5);\n  }\n}\n<\/style>\n\t<\/section>\n\t\n\n\t<section class=\"section show-for-small\" id=\"section_1053487829\">\n\t\t<div class=\"section-bg fill\" >\n\t\t\t\t\t\t\t\t\t\n\t\t\t\n\n\t\t<\/div>\n\n\t\t\n\n\t\t<div class=\"section-content relative\">\n\t\t\t\n\n<div class=\"row\"  id=\"row-1979803463\">\n\n\n\t<div id=\"col-31509944\" class=\"col medium-6 small-12 large-6\"  >\n\t\t\t\t<div class=\"col-inner\"  >\n\t\t\t\n\t\t\t\n\n<h4><b>Das k\u00f6nnte Dir auch gefallen<\/b><\/h4>\n\n\t\t<\/div>\n\t\t\t\t\t<\/div>\n\n\t\n\n\t<div id=\"col-1281301199\" class=\"col medium-6 small-6 large-6\"  >\n\t\t\t\t<div class=\"col-inner\"  >\n\t\t\t\n\t\t\t\n\n<h3><strong>Das gro\u00dfe Vollkorn-Backbuch<\/strong><\/h3>\n<p>Nat\u00fcrlich \u2022 Vollwertig \u2022 Bek\u00f6mmlich<\/p>\n<p>von <strong>UTE OLK<\/strong><\/p>\n\n\t\t<\/div>\n\t\t\t\t\t<\/div>\n\n\t\n\n\t<div id=\"col-344756580\" class=\"col medium-6 small-6 large-6\"  >\n\t\t\t\t<div class=\"col-inner\"  >\n\t\t\t\n\t\t\t\n\n\t<div class=\"img has-hover x md-x lg-x y md-y lg-y\" id=\"image_1993385656\">\n\t\t\t\t\t\t\t\t<div class=\"img-inner dark\" >\n\t\t\t<img decoding=\"async\" width=\"1000\" height=\"1000\" src=\"https:\/\/hawos.de\/wp-content\/uploads\/2022\/10\/Vollkorn-Backbuch-Ute-Olk-BU004.jpg\" class=\"attachment-original size-original\" alt=\"Das gro\u00dfe Vollkorn-Backbuch von Ute Olk\" srcset=\"https:\/\/hawos.de\/wp-content\/uploads\/2022\/10\/Vollkorn-Backbuch-Ute-Olk-BU004.jpg 1000w, https:\/\/hawos.de\/wp-content\/uploads\/2022\/10\/Vollkorn-Backbuch-Ute-Olk-BU004-400x400.jpg 400w, https:\/\/hawos.de\/wp-content\/uploads\/2022\/10\/Vollkorn-Backbuch-Ute-Olk-BU004-800x800.jpg 800w, https:\/\/hawos.de\/wp-content\/uploads\/2022\/10\/Vollkorn-Backbuch-Ute-Olk-BU004-280x280.jpg 280w, https:\/\/hawos.de\/wp-content\/uploads\/2022\/10\/Vollkorn-Backbuch-Ute-Olk-BU004-768x768.jpg 768w, https:\/\/hawos.de\/wp-content\/uploads\/2022\/10\/Vollkorn-Backbuch-Ute-Olk-BU004-32x32.jpg 32w, https:\/\/hawos.de\/wp-content\/uploads\/2022\/10\/Vollkorn-Backbuch-Ute-Olk-BU004-510x510.jpg 510w, https:\/\/hawos.de\/wp-content\/uploads\/2022\/10\/Vollkorn-Backbuch-Ute-Olk-BU004-100x100.jpg 100w\" sizes=\"(max-width: 1000px) 100vw, 1000px\" title=\"\">\t\t\t\t\t\t\n\t\t\t\t\t<\/div>\n\t\t\t\t\t\t\t\t\n<style>\n#image_1993385656 {\n  width: 100%;\n}\n<\/style>\n\t<\/div>\n\t\n\n\n\t\t<\/div>\n\t\t\t\t\t<\/div>\n\n\t\n\n\t<div id=\"col-553386407\" class=\"col medium-6 small-12 large-6\"  >\n\t\t\t\t<div class=\"col-inner text-center\"  >\n\t\t\t\n\t\t\t\n\n<a href=\"https:\/\/hawos.de\/produkte\/das-grosse-vollkorn-backbuch\/\" class=\"button success expand\" >\n\t\t<span>ZUM Buch<\/span>\n\t<\/a>\n\n\n\n\t\t<\/div>\n\t\t\t\t\t<\/div>\n\n\t\n\n<\/div>\n\n\t\t<\/div>\n\n\t\t\n<style>\n#section_1053487829 {\n  padding-top: 30px;\n  padding-bottom: 30px;\n  background-color: rgb(249, 249, 249);\n}\n<\/style>\n\t<\/section>\n\t\n","protected":false},"excerpt":{"rendered":"<p>hawos\u00a0Routine &#8211;\u00a0die vielseitige Tretm\u00fchle Mit Pedalantrieb zum gesunden Fr\u00fchst\u00fcck. hawos Routine ersetzt das Trimmrad zu Hause und bietet gleichzeitig mehrfache Nutzungsm\u00f6glichkeiten. Entspannt Zeitung lesen, am PC arbeiten oder Fernsehen und dabei die Fitness steigern, nur einen bequemen Stuhl oder Sessel anstellen und schon kann es losgehen.\u00a0Der Kettenantrieb in Verbindung mit den 125 mm gro\u00dfen Mahlsteinen [&#8230;]\n","protected":false},"featured_media":19052,"comment_status":"open","ping_status":"closed","template":"","meta":{"_acf_changed":false,"_glsr_average":0,"_glsr_ranking":0,"_glsr_reviews":0},"product_brand":[],"product_cat":[659],"product_tag":[353],"class_list":{"0":"post-19051","1":"product","2":"type-product","3":"status-publish","4":"has-post-thumbnail","6":"product_cat-handmuehlen-da","7":"product_tag-routine-da","9":"first","10":"instock","11":"taxable","12":"shipping-taxable","13":"purchasable","14":"product-type-simple"},"bundled_by":[],"bundle_stock_status":"instock","bundle_stock_quantity":1,"bundle_virtual":false,"bundle_layout":"","bundle_add_to_cart_form_location":"","bundle_editable_in_cart":false,"bundle_sold_individually_context":"","bundle_item_grouping":"","bundle_min_size":"","bundle_max_size":"","bundle_price":[],"bundled_items":[],"bundle_sell_ids":[],"exclude_global_add_ons":[],"addons":[],"acf":[],"_links":{"self":[{"href":"https:\/\/hawos.de\/da\/wp-json\/wp\/v2\/product\/19051","targetHints":{"allow":["GET"]}}],"collection":[{"href":"https:\/\/hawos.de\/da\/wp-json\/wp\/v2\/product"}],"about":[{"href":"https:\/\/hawos.de\/da\/wp-json\/wp\/v2\/types\/product"}],"replies":[{"embeddable":true,"href":"https:\/\/hawos.de\/da\/wp-json\/wp\/v2\/comments?post=19051"}],"wp:featuredmedia":[{"embeddable":true,"href":"https:\/\/hawos.de\/da\/wp-json\/wp\/v2\/media\/19052"}],"wp:attachment":[{"href":"https:\/\/hawos.de\/da\/wp-json\/wp\/v2\/media?parent=19051"}],"wp:term":[{"taxonomy":"product_brand","embeddable":true,"href":"https:\/\/hawos.de\/da\/wp-json\/wp\/v2\/product_brand?post=19051"},{"taxonomy":"product_cat","embeddable":true,"href":"https:\/\/hawos.de\/da\/wp-json\/wp\/v2\/product_cat?post=19051"},{"taxonomy":"product_tag","embeddable":true,"href":"https:\/\/hawos.de\/da\/wp-json\/wp\/v2\/product_tag?post=19051"}],"curies":[{"name":"wp","href":"https:\/\/api.w.org\/{rel}","templated":true}]}}