{"id":19049,"date":"2020-01-27T13:42:30","date_gmt":"2020-01-27T12:42:30","guid":{"rendered":"https:\/\/hawos.de\/product\/aufhaengeblech-fuer-glassilo\/"},"modified":"2026-03-25T09:38:50","modified_gmt":"2026-03-25T08:38:50","slug":"aufhaengeblech-fuer-glassilo","status":"publish","type":"product","link":"https:\/\/hawos.de\/da\/produkte\/aufhaengeblech-fuer-glassilo\/","title":{"rendered":"Aufh\u00e4ngeblech f\u00fcr Glassilo"},"content":{"rendered":"<h2>Aufh\u00e4ngeblech f\u00fcr Glassilo<\/h2>\n<p>Optionale Aufh\u00e4ngung aus Edelstahl zum leichteren an- und abh\u00e4ngen der Lebensmittelspender, die Glassilos lassen sich frei positionieren<span style=\"font-size: 14.4px;\">.<\/span><\/p>\n<p>F\u00fcr die Aufh\u00e4ngung in eine Wandpaneele, das mit etwas Abstand zur Wand montiert wird oder in einem Regal.<br \/>\n<span style=\"font-size: 14.4px;\">Somit haben Sie die M\u00f6glichkeit eine indirekte Hintergrundbeleuchtung zu installieren und es entsteht mehr Freiraum unter dem Auslass des Silos.<\/span><\/p>\n<p>Die Ru\u0308ckwand kann entsprechend der zur Verfu\u0308gung stehenden Wandfl\u00e4che gefertigt werden, sodass Sie Ihren Verkaufsraum optimal nutzen k\u00f6nnen.<\/p>\n<p>Das Innenma\u00df des Blechs betr\u00e4gt 2cm.<\/p>\n","protected":false},"excerpt":{"rendered":"<p>Halterung zum aufh\u00e4ngen von Glassilos.<\/p>\n","protected":false},"featured_media":7217,"comment_status":"open","ping_status":"closed","template":"","meta":{"_acf_changed":false,"_glsr_average":0,"_glsr_ranking":0,"_glsr_reviews":0},"product_brand":[],"product_cat":[655],"product_tag":[],"class_list":{"0":"post-19049","1":"product","2":"type-product","3":"status-publish","4":"has-post-thumbnail","6":"product_cat-glassilo-zubehoer-da","8":"first","9":"instock","10":"taxable","11":"shipping-taxable","12":"purchasable","13":"product-type-simple"},"bundled_by":[],"bundle_stock_status":"instock","bundle_stock_quantity":100,"bundle_virtual":false,"bundle_layout":"","bundle_add_to_cart_form_location":"","bundle_editable_in_cart":false,"bundle_sold_individually_context":"","bundle_item_grouping":"","bundle_min_size":"","bundle_max_size":"","bundle_price":[],"bundled_items":[],"bundle_sell_ids":[],"exclude_global_add_ons":[],"addons":[],"acf":[],"_links":{"self":[{"href":"https:\/\/hawos.de\/da\/wp-json\/wp\/v2\/product\/19049","targetHints":{"allow":["GET"]}}],"collection":[{"href":"https:\/\/hawos.de\/da\/wp-json\/wp\/v2\/product"}],"about":[{"href":"https:\/\/hawos.de\/da\/wp-json\/wp\/v2\/types\/product"}],"replies":[{"embeddable":true,"href":"https:\/\/hawos.de\/da\/wp-json\/wp\/v2\/comments?post=19049"}],"wp:featuredmedia":[{"embeddable":true,"href":"https:\/\/hawos.de\/da\/wp-json\/wp\/v2\/media\/7217"}],"wp:attachment":[{"href":"https:\/\/hawos.de\/da\/wp-json\/wp\/v2\/media?parent=19049"}],"wp:term":[{"taxonomy":"product_brand","embeddable":true,"href":"https:\/\/hawos.de\/da\/wp-json\/wp\/v2\/product_brand?post=19049"},{"taxonomy":"product_cat","embeddable":true,"href":"https:\/\/hawos.de\/da\/wp-json\/wp\/v2\/product_cat?post=19049"},{"taxonomy":"product_tag","embeddable":true,"href":"https:\/\/hawos.de\/da\/wp-json\/wp\/v2\/product_tag?post=19049"}],"curies":[{"name":"wp","href":"https:\/\/api.w.org\/{rel}","templated":true}]}}