{"id":19039,"date":"2020-01-28T23:58:39","date_gmt":"2020-01-28T22:58:39","guid":{"rendered":"https:\/\/hawos.de\/product\/reinigungspuempel-fuer-glassilos\/"},"modified":"2021-10-05T10:12:06","modified_gmt":"2021-10-05T08:12:06","slug":"reinigungssystem-fuer-glassilos","status":"publish","type":"product","link":"https:\/\/hawos.de\/da\/produkte\/reinigungssystem-fuer-glassilos\/","title":{"rendered":"Reinigungssystem f\u00fcr Glassilo"},"content":{"rendered":"<p>Die Glasr\u00f6hren sind zur Reinigung einfach zu entnehmen.\u00a0 Dieses optionale Zubeh\u00f6r auf Mikrofaserbasis macht das Reinigen zu einer leichtigkeit.<\/p>\n<p>Passend hierzu, das <a href=\"https:\/\/hawos.de\/produkte\/fuellbrett-zur-leichten-befuellung-der-glassilos\/\">F\u00fcllbrett zur leichten Bef\u00fcllung der Glassilos.<\/a>\u00a0 Hierdurch k\u00f6nnen Sie das Glas auf angenehmer h\u00f6he einfach entnehmen, reinigen und anschlie\u00dfend das Silo bef\u00fcllen.<\/p>\n","protected":false},"excerpt":{"rendered":"<p>Die Glasr\u00f6hren sind zur Reinigung einfach zu entnehmen.\u00a0 Dieses optionale Zubeh\u00f6r auf Mikrofaserbasis macht das Reinigen zu einer leichtigkeit. Passend hierzu, das F\u00fcllbrett zur leichten Bef\u00fcllung der Glassilos.\u00a0 Hierdurch k\u00f6nnen Sie das Glas auf angenehmer h\u00f6he einfach entnehmen, reinigen und anschlie\u00dfend das Silo bef\u00fcllen.<\/p>\n","protected":false},"featured_media":21231,"comment_status":"open","ping_status":"closed","template":"","meta":{"_acf_changed":false,"_glsr_average":0,"_glsr_ranking":0,"_glsr_reviews":0},"product_brand":[],"product_cat":[655],"product_tag":[],"class_list":{"0":"post-19039","1":"product","2":"type-product","3":"status-publish","4":"has-post-thumbnail","6":"product_cat-glassilo-zubehoer-da","7":"pa_model-15-cm-da","8":"pa_model-20-cm-da","10":"first","11":"instock","12":"taxable","13":"shipping-taxable","14":"purchasable","15":"product-type-variable"},"bundled_by":[],"bundle_stock_status":"instock","bundle_stock_quantity":null,"bundle_virtual":false,"bundle_layout":"","bundle_add_to_cart_form_location":"","bundle_editable_in_cart":false,"bundle_sold_individually_context":"","bundle_item_grouping":"","bundle_min_size":"","bundle_max_size":"","bundle_price":[],"bundled_items":[],"bundle_sell_ids":[],"exclude_global_add_ons":[],"addons":[],"acf":[],"_links":{"self":[{"href":"https:\/\/hawos.de\/da\/wp-json\/wp\/v2\/product\/19039","targetHints":{"allow":["GET"]}}],"collection":[{"href":"https:\/\/hawos.de\/da\/wp-json\/wp\/v2\/product"}],"about":[{"href":"https:\/\/hawos.de\/da\/wp-json\/wp\/v2\/types\/product"}],"replies":[{"embeddable":true,"href":"https:\/\/hawos.de\/da\/wp-json\/wp\/v2\/comments?post=19039"}],"wp:featuredmedia":[{"embeddable":true,"href":"https:\/\/hawos.de\/da\/wp-json\/wp\/v2\/media\/21231"}],"wp:attachment":[{"href":"https:\/\/hawos.de\/da\/wp-json\/wp\/v2\/media?parent=19039"}],"wp:term":[{"taxonomy":"product_brand","embeddable":true,"href":"https:\/\/hawos.de\/da\/wp-json\/wp\/v2\/product_brand?post=19039"},{"taxonomy":"product_cat","embeddable":true,"href":"https:\/\/hawos.de\/da\/wp-json\/wp\/v2\/product_cat?post=19039"},{"taxonomy":"product_tag","embeddable":true,"href":"https:\/\/hawos.de\/da\/wp-json\/wp\/v2\/product_tag?post=19039"}],"curies":[{"name":"wp","href":"https:\/\/api.w.org\/{rel}","templated":true}]}}