{"id":19037,"date":"2020-01-28T23:58:55","date_gmt":"2020-01-28T22:58:55","guid":{"rendered":"https:\/\/hawos.de\/product\/fuellbrett-zur-leichten-befuellung-der-glassilos\/"},"modified":"2026-03-09T15:53:42","modified_gmt":"2026-03-09T14:53:42","slug":"fuellbrett-zur-leichten-befuellung-der-glassilos","status":"publish","type":"product","link":"https:\/\/hawos.de\/da\/produkte\/fuellbrett-zur-leichten-befuellung-der-glassilos\/","title":{"rendered":"F\u00fcllbrett zur leichten Bef\u00fcllung der Glassilos"},"content":{"rendered":"<div class=\"c-message_kit__gutter\">\n<div class=\"c-message_kit__gutter__right\" role=\"presentation\" data-qa=\"message_content\">\n<div class=\"c-message_kit__blocks c-message_kit__blocks--rich_text\">\n<div class=\"c-message__message_blocks c-message__message_blocks--rich_text\">\n<div class=\"p-block_kit_renderer\" data-qa=\"block-kit-renderer\">\n<div class=\"p-block_kit_renderer__block_wrapper p-block_kit_renderer__block_wrapper--first\">\n<div class=\"p-rich_text_block\" dir=\"auto\">\n<div class=\"p-rich_text_section\">Praktisches F\u00fcllbrett f\u00fcr ein leichtes Bef\u00fcllen der <a href=\"https:\/\/hawos.de\/da\/produkte\/hawos-glassilos\/\"><strong>hawos Glassilo Lebensmittelspender<\/strong><\/a> auf H\u00fcfth\u00f6he.<br \/>\nDie zwei Schraubzwingen sind im Lieferumfang enthalten.<\/div>\n<\/div>\n<\/div>\n<\/div>\n<\/div>\n<\/div>\n<\/div>\n<\/div>\n","protected":false},"excerpt":{"rendered":"<p>Praktisches F\u00fcllbrett f\u00fcr ein leichtes Bef\u00fcllen der hawos Glassilo Lebensmittelspender auf H\u00fcfth\u00f6he. Die zwei Schraubzwingen sind im Lieferumfang enthalten.<\/p>\n","protected":false},"featured_media":22946,"comment_status":"open","ping_status":"closed","template":"","meta":{"_acf_changed":false,"_glsr_average":0,"_glsr_ranking":0,"_glsr_reviews":0},"product_brand":[],"product_cat":[655],"product_tag":[],"class_list":{"0":"post-19037","1":"product","2":"type-product","3":"status-publish","4":"has-post-thumbnail","6":"product_cat-glassilo-zubehoer-da","8":"first","9":"instock","10":"taxable","11":"shipping-taxable","12":"purchasable","13":"product-type-simple"},"bundled_by":[],"bundle_stock_status":"instock","bundle_stock_quantity":5,"bundle_virtual":false,"bundle_layout":"","bundle_add_to_cart_form_location":"","bundle_editable_in_cart":false,"bundle_sold_individually_context":"","bundle_item_grouping":"","bundle_min_size":"","bundle_max_size":"","bundle_price":[],"bundled_items":[],"bundle_sell_ids":[],"exclude_global_add_ons":[],"addons":[],"acf":[],"_links":{"self":[{"href":"https:\/\/hawos.de\/da\/wp-json\/wp\/v2\/product\/19037","targetHints":{"allow":["GET"]}}],"collection":[{"href":"https:\/\/hawos.de\/da\/wp-json\/wp\/v2\/product"}],"about":[{"href":"https:\/\/hawos.de\/da\/wp-json\/wp\/v2\/types\/product"}],"replies":[{"embeddable":true,"href":"https:\/\/hawos.de\/da\/wp-json\/wp\/v2\/comments?post=19037"}],"wp:featuredmedia":[{"embeddable":true,"href":"https:\/\/hawos.de\/da\/wp-json\/wp\/v2\/media\/22946"}],"wp:attachment":[{"href":"https:\/\/hawos.de\/da\/wp-json\/wp\/v2\/media?parent=19037"}],"wp:term":[{"taxonomy":"product_brand","embeddable":true,"href":"https:\/\/hawos.de\/da\/wp-json\/wp\/v2\/product_brand?post=19037"},{"taxonomy":"product_cat","embeddable":true,"href":"https:\/\/hawos.de\/da\/wp-json\/wp\/v2\/product_cat?post=19037"},{"taxonomy":"product_tag","embeddable":true,"href":"https:\/\/hawos.de\/da\/wp-json\/wp\/v2\/product_tag?post=19037"}],"curies":[{"name":"wp","href":"https:\/\/api.w.org\/{rel}","templated":true}]}}