{"id":19035,"date":"2020-01-28T23:59:41","date_gmt":"2020-01-28T22:59:41","guid":{"rendered":"https:\/\/hawos.de\/product\/tisch-staender-zu-glassilo-fuer-1-x-xs\/"},"modified":"2025-11-17T14:39:00","modified_gmt":"2025-11-17T13:39:00","slug":"tisch-staender-zu-glassilo-fuer-1-x-xs","status":"publish","type":"product","link":"https:\/\/hawos.de\/da\/produkte\/tisch-staender-zu-glassilo-fuer-1-x-xs\/","title":{"rendered":"Tisch-St\u00e4nder f\u00fcr Glassilo (23cm h\u00f6he)"},"content":{"rendered":"<p><strong>Der Tischst\u00e4nder ist nur kompatibel mit unserem kleinen 12x12x23 cm Silo.<\/strong><\/p>\n<p>Ideal f\u00fcr Zuhause oder Hotelbars.<\/p>\n","protected":false},"excerpt":{"rendered":"<p>Bei den Tisch-St\u00e4nder sind die Glassilo nicht enthalten!<\/p>\n","protected":false},"featured_media":9816,"comment_status":"open","ping_status":"closed","template":"","meta":{"_acf_changed":false,"_glsr_average":0,"_glsr_ranking":0,"_glsr_reviews":0},"product_brand":[],"product_cat":[655],"product_tag":[],"class_list":{"0":"post-19035","1":"product","2":"type-product","3":"status-publish","4":"has-post-thumbnail","6":"product_cat-glassilo-zubehoer-da","8":"first","9":"instock","10":"taxable","11":"shipping-taxable","12":"purchasable","13":"product-type-simple"},"bundled_by":[],"bundle_stock_status":"instock","bundle_stock_quantity":99900,"bundle_virtual":false,"bundle_layout":"","bundle_add_to_cart_form_location":"","bundle_editable_in_cart":false,"bundle_sold_individually_context":"","bundle_item_grouping":"","bundle_min_size":"","bundle_max_size":"","bundle_price":[],"bundled_items":[],"bundle_sell_ids":[],"exclude_global_add_ons":[],"addons":[],"acf":[],"_links":{"self":[{"href":"https:\/\/hawos.de\/da\/wp-json\/wp\/v2\/product\/19035","targetHints":{"allow":["GET"]}}],"collection":[{"href":"https:\/\/hawos.de\/da\/wp-json\/wp\/v2\/product"}],"about":[{"href":"https:\/\/hawos.de\/da\/wp-json\/wp\/v2\/types\/product"}],"replies":[{"embeddable":true,"href":"https:\/\/hawos.de\/da\/wp-json\/wp\/v2\/comments?post=19035"}],"wp:featuredmedia":[{"embeddable":true,"href":"https:\/\/hawos.de\/da\/wp-json\/wp\/v2\/media\/9816"}],"wp:attachment":[{"href":"https:\/\/hawos.de\/da\/wp-json\/wp\/v2\/media?parent=19035"}],"wp:term":[{"taxonomy":"product_brand","embeddable":true,"href":"https:\/\/hawos.de\/da\/wp-json\/wp\/v2\/product_brand?post=19035"},{"taxonomy":"product_cat","embeddable":true,"href":"https:\/\/hawos.de\/da\/wp-json\/wp\/v2\/product_cat?post=19035"},{"taxonomy":"product_tag","embeddable":true,"href":"https:\/\/hawos.de\/da\/wp-json\/wp\/v2\/product_tag?post=19035"}],"curies":[{"name":"wp","href":"https:\/\/api.w.org\/{rel}","templated":true}]}}