{"id":18618,"date":"2020-11-09T09:30:23","date_gmt":"2020-11-09T08:30:23","guid":{"rendered":"https:\/\/hawos.de\/product\/gaerkorb-mit-motiv-herz-oval-1-kg\/"},"modified":"2025-10-05T22:05:28","modified_gmt":"2025-10-05T20:05:28","slug":"gaerkorb-mit-motiv-herz-oval-1-kg","status":"publish","type":"product","link":"https:\/\/hawos.de\/da\/produkte\/gaerkorb-mit-motiv-herz-oval-1-kg\/","title":{"rendered":"G\u00e4rkorb mit Motiv Herz oval 1 kg"},"content":{"rendered":"<h2>G\u00e4rkorb mit Motiv Herz oval f\u00fcr 1 kg Teig<\/h2>\n<p>G\u00e4rkorb aus Peddigrohr mit Holzboden.<\/p>\n<p>Motiv: Herz<\/p>\n<p>Form: oval<\/p>\n<p>Teigling bis: 1kg<\/p>\n<p>Ma\u00dfe (L\/B\/H): 25x16x7 cm<\/p>\n","protected":false},"excerpt":{"rendered":"<p>G\u00e4rkorb mit Motiv Herz oval f\u00fcr 1 kg Teig G\u00e4rkorb aus Peddigrohr mit Holzboden. Motiv: Herz Form: oval Teigling bis: 1kg Ma\u00dfe (L\/B\/H): 25x16x7 cm<\/p>\n","protected":false},"featured_media":18301,"comment_status":"open","ping_status":"closed","template":"","meta":{"_acf_changed":false,"_glsr_average":0,"_glsr_ranking":0,"_glsr_reviews":0},"product_brand":[],"product_cat":[631],"product_tag":[],"class_list":{"0":"post-18618","1":"product","2":"type-product","3":"status-publish","4":"has-post-thumbnail","6":"product_cat-gaerkoerbe-da","8":"first","9":"instock","10":"taxable","11":"shipping-taxable","12":"purchasable","13":"product-type-simple"},"bundled_by":[],"bundle_stock_status":"instock","bundle_stock_quantity":100,"bundle_virtual":false,"bundle_layout":"","bundle_add_to_cart_form_location":"","bundle_editable_in_cart":false,"bundle_sold_individually_context":"","bundle_item_grouping":"","bundle_min_size":"","bundle_max_size":"","bundle_price":[],"bundled_items":[],"bundle_sell_ids":[],"exclude_global_add_ons":[],"addons":[],"acf":[],"_links":{"self":[{"href":"https:\/\/hawos.de\/da\/wp-json\/wp\/v2\/product\/18618","targetHints":{"allow":["GET"]}}],"collection":[{"href":"https:\/\/hawos.de\/da\/wp-json\/wp\/v2\/product"}],"about":[{"href":"https:\/\/hawos.de\/da\/wp-json\/wp\/v2\/types\/product"}],"replies":[{"embeddable":true,"href":"https:\/\/hawos.de\/da\/wp-json\/wp\/v2\/comments?post=18618"}],"wp:featuredmedia":[{"embeddable":true,"href":"https:\/\/hawos.de\/da\/wp-json\/wp\/v2\/media\/18301"}],"wp:attachment":[{"href":"https:\/\/hawos.de\/da\/wp-json\/wp\/v2\/media?parent=18618"}],"wp:term":[{"taxonomy":"product_brand","embeddable":true,"href":"https:\/\/hawos.de\/da\/wp-json\/wp\/v2\/product_brand?post=18618"},{"taxonomy":"product_cat","embeddable":true,"href":"https:\/\/hawos.de\/da\/wp-json\/wp\/v2\/product_cat?post=18618"},{"taxonomy":"product_tag","embeddable":true,"href":"https:\/\/hawos.de\/da\/wp-json\/wp\/v2\/product_tag?post=18618"}],"curies":[{"name":"wp","href":"https:\/\/api.w.org\/{rel}","templated":true}]}}