{"id":18601,"date":"2020-11-09T09:35:34","date_gmt":"2020-11-09T08:35:34","guid":{"rendered":"https:\/\/hawos.de\/product\/gaerkorb-mit-motiv-hanfblatt-rund-075-kg\/"},"modified":"2025-11-25T11:38:29","modified_gmt":"2025-11-25T10:38:29","slug":"gaerkorb-mit-motiv-hanfblatt-rund-075-kg","status":"publish","type":"product","link":"https:\/\/hawos.de\/da\/produkte\/gaerkorb-mit-motiv-hanfblatt-rund-075-kg\/","title":{"rendered":"G\u00e4rkorb mit Motiv Hanfblatt rund 0,75 kg"},"content":{"rendered":"<h2>G\u00e4rkorb mit Motiv Hanfblatt rund f\u00fcr 0,75 kg Teig<\/h2>\n<p>G\u00e4rkorb aus Peddigrohr mit Holzboden.<\/p>\n<p>Motiv: Hanfblatt<\/p>\n<p>Form: rund<\/p>\n<p>Teigling bis: 0,75 kg<\/p>\n<p>Durchmesser: 20 cm<\/p>\n","protected":false},"excerpt":{"rendered":"<p>G\u00e4rkorb mit Motiv Hanfblatt rund f\u00fcr 0,75 kg Teig G\u00e4rkorb aus Peddigrohr mit Holzboden. Motiv: Hanfblatt Form: rund Teigling bis: 0,75 kg Durchmesser: 20 cm<\/p>\n","protected":false},"featured_media":18321,"comment_status":"open","ping_status":"closed","template":"","meta":{"_acf_changed":false,"_glsr_average":0,"_glsr_ranking":0,"_glsr_reviews":0},"product_brand":[],"product_cat":[631],"product_tag":[],"class_list":{"0":"post-18601","1":"product","2":"type-product","3":"status-publish","4":"has-post-thumbnail","6":"product_cat-gaerkoerbe-da","8":"first","9":"instock","10":"taxable","11":"shipping-taxable","12":"purchasable","13":"product-type-simple"},"bundled_by":[],"bundle_stock_status":"instock","bundle_stock_quantity":36,"bundle_virtual":false,"bundle_layout":"","bundle_add_to_cart_form_location":"","bundle_editable_in_cart":false,"bundle_sold_individually_context":"","bundle_item_grouping":"","bundle_min_size":"","bundle_max_size":"","bundle_price":[],"bundled_items":[],"bundle_sell_ids":[],"exclude_global_add_ons":[],"addons":[],"acf":[],"_links":{"self":[{"href":"https:\/\/hawos.de\/da\/wp-json\/wp\/v2\/product\/18601","targetHints":{"allow":["GET"]}}],"collection":[{"href":"https:\/\/hawos.de\/da\/wp-json\/wp\/v2\/product"}],"about":[{"href":"https:\/\/hawos.de\/da\/wp-json\/wp\/v2\/types\/product"}],"replies":[{"embeddable":true,"href":"https:\/\/hawos.de\/da\/wp-json\/wp\/v2\/comments?post=18601"}],"wp:featuredmedia":[{"embeddable":true,"href":"https:\/\/hawos.de\/da\/wp-json\/wp\/v2\/media\/18321"}],"wp:attachment":[{"href":"https:\/\/hawos.de\/da\/wp-json\/wp\/v2\/media?parent=18601"}],"wp:term":[{"taxonomy":"product_brand","embeddable":true,"href":"https:\/\/hawos.de\/da\/wp-json\/wp\/v2\/product_brand?post=18601"},{"taxonomy":"product_cat","embeddable":true,"href":"https:\/\/hawos.de\/da\/wp-json\/wp\/v2\/product_cat?post=18601"},{"taxonomy":"product_tag","embeddable":true,"href":"https:\/\/hawos.de\/da\/wp-json\/wp\/v2\/product_tag?post=18601"}],"curies":[{"name":"wp","href":"https:\/\/api.w.org\/{rel}","templated":true}]}}