{"id":18505,"date":"2020-11-09T10:02:11","date_gmt":"2020-11-09T09:02:11","guid":{"rendered":"https:\/\/hawos.de\/product\/gaerkorb-motiv-aehre-oval-lang-1-kg\/"},"modified":"2026-03-30T11:38:55","modified_gmt":"2026-03-30T09:38:55","slug":"gaerkorb-motiv-aehre-oval-lang-1-kg","status":"publish","type":"product","link":"https:\/\/hawos.de\/da\/produkte\/gaerkorb-motiv-aehre-oval-lang-1-kg\/","title":{"rendered":"G\u00e4rkorb Motiv \u00c4hre oval lang 1 kg"},"content":{"rendered":"<h2>G\u00e4rkorb mit Motiv \u00c4hre oval lang f\u00fcr 1 kg Teig<\/h2>\n<p>G\u00e4rkorb aus Peddigrohr mit Holzboden.<\/p>\n<p>Motiv: \u00c4hre<\/p>\n<p>Form: oval<\/p>\n<p>Teigling bis: 1 kg<\/p>\n<p>Ma\u00dfe (L\/B\/H): 30x14x7 cm<\/p>\n","protected":false},"excerpt":{"rendered":"<p>G\u00e4rkorb mit Motiv \u00c4hre oval lang f\u00fcr 1 kg Teig G\u00e4rkorb aus Peddigrohr mit Holzboden. Motiv: \u00c4hre Form: oval Teigling bis: 1 kg Ma\u00dfe (L\/B\/H): 30x14x7 cm<\/p>\n","protected":false},"featured_media":18441,"comment_status":"open","ping_status":"closed","template":"","meta":{"_acf_changed":false,"_glsr_average":0,"_glsr_ranking":0,"_glsr_reviews":0},"product_brand":[],"product_cat":[631],"product_tag":[],"class_list":{"0":"post-18505","1":"product","2":"type-product","3":"status-publish","4":"has-post-thumbnail","6":"product_cat-gaerkoerbe-da","8":"first","9":"instock","10":"taxable","11":"shipping-taxable","12":"purchasable","13":"product-type-simple"},"bundled_by":[],"bundle_stock_status":"instock","bundle_stock_quantity":18,"bundle_virtual":false,"bundle_layout":"","bundle_add_to_cart_form_location":"","bundle_editable_in_cart":false,"bundle_sold_individually_context":"","bundle_item_grouping":"","bundle_min_size":"","bundle_max_size":"","bundle_price":[],"bundled_items":[],"bundle_sell_ids":[],"exclude_global_add_ons":[],"addons":[],"acf":[],"_links":{"self":[{"href":"https:\/\/hawos.de\/da\/wp-json\/wp\/v2\/product\/18505","targetHints":{"allow":["GET"]}}],"collection":[{"href":"https:\/\/hawos.de\/da\/wp-json\/wp\/v2\/product"}],"about":[{"href":"https:\/\/hawos.de\/da\/wp-json\/wp\/v2\/types\/product"}],"replies":[{"embeddable":true,"href":"https:\/\/hawos.de\/da\/wp-json\/wp\/v2\/comments?post=18505"}],"wp:featuredmedia":[{"embeddable":true,"href":"https:\/\/hawos.de\/da\/wp-json\/wp\/v2\/media\/18441"}],"wp:attachment":[{"href":"https:\/\/hawos.de\/da\/wp-json\/wp\/v2\/media?parent=18505"}],"wp:term":[{"taxonomy":"product_brand","embeddable":true,"href":"https:\/\/hawos.de\/da\/wp-json\/wp\/v2\/product_brand?post=18505"},{"taxonomy":"product_cat","embeddable":true,"href":"https:\/\/hawos.de\/da\/wp-json\/wp\/v2\/product_cat?post=18505"},{"taxonomy":"product_tag","embeddable":true,"href":"https:\/\/hawos.de\/da\/wp-json\/wp\/v2\/product_tag?post=18505"}],"curies":[{"name":"wp","href":"https:\/\/api.w.org\/{rel}","templated":true}]}}