{"id":14751,"date":"2020-01-28T21:04:19","date_gmt":"2020-01-28T20:04:19","guid":{"rendered":"https:\/\/hawos.de\/product\/mehl-sieb-18-cm-oemaschenweite-05-mm\/"},"modified":"2026-03-30T11:38:52","modified_gmt":"2026-03-30T09:38:52","slug":"mehl-sieb-18-cm-oemaschenweite-05-mm","status":"publish","type":"product","link":"https:\/\/hawos.de\/da\/produkte\/mehl-sieb-18-cm-oemaschenweite-05-mm\/","title":{"rendered":"Mehl-Sieb 18 cm \u00f8,Maschenweite 0,5 mm"},"content":{"rendered":"<p>Mehlsiebe sind n\u00fctzlich, wenn Sie \u201cwei\u00dfes\u201d Mehl zum Backen verwenden m\u00f6chten. Die zur\u00fcckbleibende Kleie l\u00e4sst sich beim Kochen kreativ verwenden.<\/p>\n<p>Das Griesieb ist zum Trennen von Mehl und Kleie.<\/p>\n","protected":false},"excerpt":{"rendered":"<p>Mehlsiebe sind n\u00fctzlich, wenn Sie \u201cwei\u00dfes\u201d Mehl zum Backen verwenden m\u00f6chten. Die zur\u00fcckbleibende Kleie l\u00e4sst sich beim Kochen kreativ verwenden. Das Griesieb ist zum Trennen von Mehl und Kleie.<\/p>\n","protected":false},"featured_media":23308,"comment_status":"closed","ping_status":"closed","template":"","meta":{"_acf_changed":false,"_glsr_average":0,"_glsr_ranking":0,"_glsr_reviews":0},"product_brand":[],"product_cat":[731],"product_tag":[],"class_list":{"0":"post-14751","1":"product","2":"type-product","3":"status-publish","4":"has-post-thumbnail","6":"product_cat-sigter","8":"first","9":"instock","10":"taxable","11":"shipping-taxable","12":"purchasable","13":"product-type-simple"},"bundled_by":[],"bundle_stock_status":"instock","bundle_stock_quantity":100,"bundle_virtual":false,"bundle_layout":"","bundle_add_to_cart_form_location":"","bundle_editable_in_cart":false,"bundle_sold_individually_context":"","bundle_item_grouping":"","bundle_min_size":"","bundle_max_size":"","bundle_price":[],"bundled_items":[],"bundle_sell_ids":[],"exclude_global_add_ons":[],"addons":[],"acf":[],"_links":{"self":[{"href":"https:\/\/hawos.de\/da\/wp-json\/wp\/v2\/product\/14751","targetHints":{"allow":["GET"]}}],"collection":[{"href":"https:\/\/hawos.de\/da\/wp-json\/wp\/v2\/product"}],"about":[{"href":"https:\/\/hawos.de\/da\/wp-json\/wp\/v2\/types\/product"}],"replies":[{"embeddable":true,"href":"https:\/\/hawos.de\/da\/wp-json\/wp\/v2\/comments?post=14751"}],"wp:featuredmedia":[{"embeddable":true,"href":"https:\/\/hawos.de\/da\/wp-json\/wp\/v2\/media\/23308"}],"wp:attachment":[{"href":"https:\/\/hawos.de\/da\/wp-json\/wp\/v2\/media?parent=14751"}],"wp:term":[{"taxonomy":"product_brand","embeddable":true,"href":"https:\/\/hawos.de\/da\/wp-json\/wp\/v2\/product_brand?post=14751"},{"taxonomy":"product_cat","embeddable":true,"href":"https:\/\/hawos.de\/da\/wp-json\/wp\/v2\/product_cat?post=14751"},{"taxonomy":"product_tag","embeddable":true,"href":"https:\/\/hawos.de\/da\/wp-json\/wp\/v2\/product_tag?post=14751"}],"curies":[{"name":"wp","href":"https:\/\/api.w.org\/{rel}","templated":true}]}}