{"id":13949,"date":"2020-01-28T23:57:52","date_gmt":"2020-01-28T22:57:52","guid":{"rendered":"https:\/\/hawos.de\/product\/mehlauffangbehaelter-mit-rundausschnitt\/"},"modified":"2026-04-07T11:09:02","modified_gmt":"2026-04-07T09:09:02","slug":"mehlauffangbehaelter-mit-rundausschnitt","status":"publish","type":"product","link":"https:\/\/hawos.de\/da\/produkte\/mehlauffangbehaelter-mit-rundausschnitt\/","title":{"rendered":"Mehlauffangbeh\u00e4lter mit Rundausschnitt"},"content":{"rendered":"<p>Alles im Blick durch den transparenten Auffangbeh\u00e4lter aus schlagfestem Makrolon\u00ae.<br \/>\nDie Form passt sich perfekt an hawos Easy oder hawos Oktagon an, stabil, perfekt in H\u00f6he und Breite.<\/p>\n<p>Ma\u00dfe: B\/T\/H ca. 13,5\/9,5\/20 cm<br \/>\nEinf\u00fcllh\u00f6he f\u00fcr Mahlgut: ca. 12,5 cm.<\/p>\n","protected":false},"excerpt":{"rendered":"<p>Alles im Blick durch den transparenten Auffangbeh\u00e4lter aus schlagfestem Makrolon\u00ae. Die Form passt sich perfekt an hawos Easy oder hawos Oktagon an, stabil, perfekt in H\u00f6he und Breite. Ma\u00dfe: B\/T\/H ca. 13,5\/9,5\/20 cm Einf\u00fcllh\u00f6he f\u00fcr Mahlgut: ca. 12,5 cm.<\/p>\n","protected":false},"featured_media":9636,"comment_status":"closed","ping_status":"closed","template":"","meta":{"_acf_changed":false,"_glsr_average":0,"_glsr_ranking":0,"_glsr_reviews":0},"product_brand":[],"product_cat":[756],"product_tag":[],"class_list":{"0":"post-13949","1":"product","2":"type-product","3":"status-publish","4":"has-post-thumbnail","6":"product_cat-melfanger","8":"first","9":"instock","10":"taxable","11":"shipping-taxable","12":"purchasable","13":"product-type-simple"},"bundled_by":[],"bundle_stock_status":"instock","bundle_stock_quantity":100,"bundle_virtual":false,"bundle_layout":"","bundle_add_to_cart_form_location":"","bundle_editable_in_cart":false,"bundle_sold_individually_context":"","bundle_item_grouping":"","bundle_min_size":"","bundle_max_size":"","bundle_price":[],"bundled_items":[],"bundle_sell_ids":[],"exclude_global_add_ons":[],"addons":[],"acf":[],"_links":{"self":[{"href":"https:\/\/hawos.de\/da\/wp-json\/wp\/v2\/product\/13949","targetHints":{"allow":["GET"]}}],"collection":[{"href":"https:\/\/hawos.de\/da\/wp-json\/wp\/v2\/product"}],"about":[{"href":"https:\/\/hawos.de\/da\/wp-json\/wp\/v2\/types\/product"}],"replies":[{"embeddable":true,"href":"https:\/\/hawos.de\/da\/wp-json\/wp\/v2\/comments?post=13949"}],"wp:featuredmedia":[{"embeddable":true,"href":"https:\/\/hawos.de\/da\/wp-json\/wp\/v2\/media\/9636"}],"wp:attachment":[{"href":"https:\/\/hawos.de\/da\/wp-json\/wp\/v2\/media?parent=13949"}],"wp:term":[{"taxonomy":"product_brand","embeddable":true,"href":"https:\/\/hawos.de\/da\/wp-json\/wp\/v2\/product_brand?post=13949"},{"taxonomy":"product_cat","embeddable":true,"href":"https:\/\/hawos.de\/da\/wp-json\/wp\/v2\/product_cat?post=13949"},{"taxonomy":"product_tag","embeddable":true,"href":"https:\/\/hawos.de\/da\/wp-json\/wp\/v2\/product_tag?post=13949"}],"curies":[{"name":"wp","href":"https:\/\/api.w.org\/{rel}","templated":true}]}}