{"id":13340,"date":"2020-01-28T23:59:41","date_gmt":"2020-01-28T22:59:41","guid":{"rendered":"https:\/\/hawos.de\/product\/rotor-pegasus-profi-rotare-in-weiss\/"},"modified":"2025-10-05T22:28:50","modified_gmt":"2025-10-05T20:28:50","slug":"rotor-pegasus-profi-rotare-in-weiss","status":"publish","type":"product","link":"https:\/\/hawos.de\/da\/produkte\/rotor-pegasus-profi-rotare-in-weiss\/","title":{"rendered":"Rotor, Pegasus, Profi, Rotare in wei\u00df"},"content":{"rendered":"<h2><strong>Wichtig<\/strong><\/h2>\n<p>Fr\u00fcher war alles besser &#8211; au\u00dfer bei uns.\u00a0 Wir entwickeln immer weiter und haben nun ein Buchsenloses System bei den hawos M\u00fchlen.<br \/>\nIhre M\u00fchle ben\u00f6tigt jedoch noch beim rotierendem Stein (Rotor) eine Buchse und diese ist angepasst an ihre spezielle M\u00fchle.\u00a0 Ohne das &#8220;Buchsenma\u00df&#8221; zu wissen k\u00f6nnen wir Ihre Bestellung nicht bearbeiten.<\/p>\n<p><strong>Wir ben\u00f6tigen die L\u00e4nge der glatten Innenseite dieser Buchse.\u00a0 <\/strong><\/p>\n<p>Siehe Bilder unten.<br \/>\nDiese ist zwischen <strong>8-12 mm<\/strong> und kann nur gemessen werden wenn der Stein aus der M\u00fchle ausgebaut wurde.<\/p>\n<p>Wir empfehlen immer beide Steine gleichzeitig auszutauschen.<br \/>\nDen passenden Stator (nicht-drehender Stein) finden Sie <a href=\"https:\/\/hawos.de\/produkte\/stator-pegasus-rotare-in-weiss\/\">hier<\/a>.<\/p>\n<div class=\"row\"  id=\"row-997974131\">\n\n\t<div id=\"col-1822675958\" class=\"col medium-6 small-12 large-6\"  >\n\t\t\t\t<div class=\"col-inner\"  >\n\t\t\t\n\t\t\t\n\t<div class=\"img has-hover x md-x lg-x y md-y lg-y\" id=\"image_967428883\">\n\t\t\t\t\t\t\t\t<div class=\"img-inner image-cover dark\" style=\"padding-top:56.25%;\">\n\t\t\t<img decoding=\"async\" width=\"940\" height=\"800\" src=\"https:\/\/hawos.de\/wp-content\/uploads\/2020\/01\/Buchsenmass-stein-1-940x800.jpeg\" class=\"attachment-large size-large\" alt=\"\" srcset=\"https:\/\/hawos.de\/wp-content\/uploads\/2020\/01\/Buchsenmass-stein-1-940x800.jpeg 940w, https:\/\/hawos.de\/wp-content\/uploads\/2020\/01\/Buchsenmass-stein-1-470x400.jpeg 470w, https:\/\/hawos.de\/wp-content\/uploads\/2020\/01\/Buchsenmass-stein-1-768x654.jpeg 768w, https:\/\/hawos.de\/wp-content\/uploads\/2020\/01\/Buchsenmass-stein-1-1536x1308.jpeg 1536w, https:\/\/hawos.de\/wp-content\/uploads\/2020\/01\/Buchsenmass-stein-1-400x341.jpeg 400w, https:\/\/hawos.de\/wp-content\/uploads\/2020\/01\/Buchsenmass-stein-1-510x434.jpeg 510w, https:\/\/hawos.de\/wp-content\/uploads\/2020\/01\/Buchsenmass-stein-1.jpeg 1959w\" sizes=\"(max-width: 940px) 100vw, 940px\" title=\"\">\t\t\t\t\t\t\n\t\t\t\t\t<\/div>\n\t\t\t\t\t\t\t\t\n<style>\n#image_967428883 {\n  width: 100%;\n}\n<\/style>\n\t<\/div>\n\t\n\t\t<\/div>\n\t\t\t\t\t<\/div>\n\n\t\n\n\t<div id=\"col-1897943241\" class=\"col medium-6 small-12 large-6\"  >\n\t\t\t\t<div class=\"col-inner\"  >\n\t\t\t\n\t\t\t\n\t<div class=\"img has-hover x md-x lg-x y md-y lg-y\" id=\"image_1602285987\">\n\t\t\t\t\t\t\t\t<div class=\"img-inner image-cover dark\" style=\"padding-top:56.25%;\">\n\t\t\t<img decoding=\"async\" width=\"852\" height=\"471\" src=\"https:\/\/hawos.de\/wp-content\/uploads\/2020\/01\/Buchsenmas-deutsch-seite-real-1.jpeg\" class=\"attachment-large size-large\" alt=\"\" srcset=\"https:\/\/hawos.de\/wp-content\/uploads\/2020\/01\/Buchsenmas-deutsch-seite-real-1.jpeg 852w, https:\/\/hawos.de\/wp-content\/uploads\/2020\/01\/Buchsenmas-deutsch-seite-real-1-724x400.jpeg 724w, https:\/\/hawos.de\/wp-content\/uploads\/2020\/01\/Buchsenmas-deutsch-seite-real-1-768x425.jpeg 768w, https:\/\/hawos.de\/wp-content\/uploads\/2020\/01\/Buchsenmas-deutsch-seite-real-1-400x221.jpeg 400w, https:\/\/hawos.de\/wp-content\/uploads\/2020\/01\/Buchsenmas-deutsch-seite-real-1-510x282.jpeg 510w\" sizes=\"(max-width: 852px) 100vw, 852px\" title=\"\">\t\t\t\t\t\t\n\t\t\t\t\t<\/div>\n\t\t\t\t\t\t\t\t\n<style>\n#image_1602285987 {\n  width: 100%;\n}\n<\/style>\n\t<\/div>\n\t\n\t\t<\/div>\n\t\t\t\t\t<\/div>\n\n\t\n<\/div>\n<h3>Ausbau der Steine<\/h3>\n<ol>\n<li>Schrauben Sie den Trichter ab<\/li>\n<li>L\u00f6ssen Sie die 4 Schrauben auf den Geh\u00e4useoberteil.<\/li>\n<li>Heben Sie den Motor und das Geh\u00e4useoberteil aus dem Schubladenteil.<\/li>\n<li>Um die Steine ist ein Holzklotz mit einem runden Loch. Dies k\u00f6nnen Sie abschrauben. Die Schrauben sind meistens unter Mehlresten versteckt.<\/li>\n<li>Legen Sie die M\u00fchle nun so dass die Steine auf Sie deuten.<\/li>\n<li>Halten Sie die Motorwelle mit einem Inbusschl\u00fcssel fest und drehen Sie den Stein gegen den Uhrzeigersinn ab. Hilfreich kann es sein den Stein mit einem F\u00f6n etwas zu erw\u00e4rmen oder etwas \u00d6l auf die Welle zu machen.\u00a0 Nun haben Sie den Rotor erfolgreich ausgebaut und k\u00f6nnen das Buchsenma\u00df messen.<\/li>\n<\/ol>\n<p>Gerne k\u00f6nnen Sie nun auch den stehende Stein noch ausbauen, dieser ist mit 8 Schrauben zu l\u00f6sen.\u00a0 Der Einbau der Steine &amp; wieder zusammensetzen der M\u00fchle erfolgt in umgekehrter Reihenfolge.<\/p>\n<h3>Wie messe ich das Buchsenma\u00df ?<\/h3>\n<p>Nicht jeder hat einen Messschieber Zuhause, das ist aber kein Problem.\u00a0 Nehmen Sie z.B. ein Streichholz oder Zahnstocher und f\u00fchren es seitlich am inneren des Lochs ein bis es zum Widerstand kommt.\u00a0 Nun nehmen Sie einen Stift und markieren diese Stelle.\u00a0 Jetzt k\u00f6nnen Sie es bequem mit jedem Zollstock messen.\u00a0 Die Ma\u00dfe sollten relativ exakt sein, jedoch kommt es auf 1mm mehr oder weniger nicht an.\u00a0 Nicht also zu sehr Sorgen machen das die Ma\u00dfe nicht 100% stimmen.\u00a0 Wenn Ihr Ergebnis irgendwo zwischen 8 mm und 12 mm liegt, dann m\u00fcssten Sie alles richtig gemacht haben und brauchen uns dies nur noch mitteilen.<\/p>\n<h3>Was mache ich mit der mm Information?<\/h3>\n<p>Wenn Sie zwischen 8-12 mm gemessen haben, dann geben Sie das Buchsenma\u00df direkt im Bestellfeld an und legen danach den Artikel in den Warenkorb.\u00a0 Sobald die Zahlung eingetroffen ist wird dann der Artikel direkt versendet.<\/p>\n","protected":false},"excerpt":{"rendered":"<p>Wichtig Fr\u00fcher war alles besser &#8211; au\u00dfer bei uns.\u00a0 Wir entwickeln immer weiter und haben nun ein Buchsenloses System bei den hawos M\u00fchlen. Ihre M\u00fchle ben\u00f6tigt jedoch noch beim rotierendem Stein (Rotor) eine Buchse und diese ist angepasst an ihre spezielle M\u00fchle.\u00a0 Ohne das &#8220;Buchsenma\u00df&#8221; zu wissen k\u00f6nnen wir Ihre Bestellung nicht bearbeiten. Wir ben\u00f6tigen [&#8230;]\n","protected":false},"featured_media":21808,"comment_status":"closed","ping_status":"closed","template":"","meta":{"_acf_changed":false,"_glsr_average":0,"_glsr_ranking":0,"_glsr_reviews":0},"product_brand":[],"product_cat":[632],"product_tag":[],"class_list":{"0":"post-13340","1":"product","2":"type-product","3":"status-publish","4":"has-post-thumbnail","6":"product_cat-ersatzteile-da","8":"first","9":"instock","10":"taxable","11":"shipping-taxable","12":"purchasable","13":"product-type-simple"},"bundled_by":[],"bundle_stock_status":"instock","bundle_stock_quantity":100,"bundle_virtual":false,"bundle_layout":"","bundle_add_to_cart_form_location":"","bundle_editable_in_cart":false,"bundle_sold_individually_context":"","bundle_item_grouping":"","bundle_min_size":"","bundle_max_size":"","bundle_price":[],"bundled_items":[],"bundle_sell_ids":[],"exclude_global_add_ons":false,"addons":[{"name":"Buchsenma\u00df (zwischen 8-12 mm):","type":"custom_textarea","position":0,"required":true,"title_format":"label","default":"","description_enable":true,"description":"<p style=\"font-size:0.8em\">Siehe unten in der Beschreibung.<\/p>","placeholder_enable":false,"placeholder":"","display":"select","restrictions_type":"any_text","adjust_price":false,"price":"","price_type":"flat_fee","restrictions":false,"min":"0","max":"0","options":[],"id":1686140029}],"acf":[],"_links":{"self":[{"href":"https:\/\/hawos.de\/da\/wp-json\/wp\/v2\/product\/13340","targetHints":{"allow":["GET"]}}],"collection":[{"href":"https:\/\/hawos.de\/da\/wp-json\/wp\/v2\/product"}],"about":[{"href":"https:\/\/hawos.de\/da\/wp-json\/wp\/v2\/types\/product"}],"replies":[{"embeddable":true,"href":"https:\/\/hawos.de\/da\/wp-json\/wp\/v2\/comments?post=13340"}],"wp:featuredmedia":[{"embeddable":true,"href":"https:\/\/hawos.de\/da\/wp-json\/wp\/v2\/media\/21808"}],"wp:attachment":[{"href":"https:\/\/hawos.de\/da\/wp-json\/wp\/v2\/media?parent=13340"}],"wp:term":[{"taxonomy":"product_brand","embeddable":true,"href":"https:\/\/hawos.de\/da\/wp-json\/wp\/v2\/product_brand?post=13340"},{"taxonomy":"product_cat","embeddable":true,"href":"https:\/\/hawos.de\/da\/wp-json\/wp\/v2\/product_cat?post=13340"},{"taxonomy":"product_tag","embeddable":true,"href":"https:\/\/hawos.de\/da\/wp-json\/wp\/v2\/product_tag?post=13340"}],"curies":[{"name":"wp","href":"https:\/\/api.w.org\/{rel}","templated":true}]}}