{"id":3499,"date":"2009-12-07T17:49:16","date_gmt":"2009-12-07T16:49:16","guid":{"rendered":"https:\/\/wp.hawos.de\/?page_id=3499"},"modified":"2021-10-11T12:48:51","modified_gmt":"2021-10-11T10:48:51","slug":"support","status":"publish","type":"page","link":"https:\/\/hawos.de\/da\/support\/","title":{"rendered":"Support"},"content":{"rendered":"<h1>Service \u2013 Der Augenblick der Wahrheit<\/h1>\n<p>hawos Qualit\u00e4t zeichnet sich nicht nur aus durch die verwendeten hochwertigen Komponenten.<\/p>\n<p>Lange Zeit hat Ihre Getreidem\u00fchle gute Dienste getan, doch pl\u00f6tzlich \u2026<\/p>\n<p>In diesem Moment w\u00fcnscht man sich nur eines: schnelle und effektive Hilfe.<\/p>\n<p>Unser Team aus langj\u00e4hrigen und erfahrenen Mitarbeitern hilft mit Sachverstand und Einf\u00fchlungsverm\u00f6gen.<\/p>\n<p><strong>Sollten Sie unseren Service in Anspruch nehmen, ist es sinnvoll, auf einige Fragen vorbereitet zu sein:<\/strong><\/p>\n<ol>\n<li>Welches Modell haben Sie \u2013 es reicht nicht immer, wenn Sie sagen \u201eeine hawos\u201c<br \/>\nBesser ist die genaue Typbezeichnung, zum Beispiel Billy 100, M\u00fchle 1, Oktagon usw.<\/li>\n<li>Was genau funktioniert nicht mehr?<\/li>\n<li>Was haben Sie zuletzt gemahlen?<\/li>\n<li>Brauchen Sie vielleicht nur ein Ersatzteil, einen Gummifu\u00df oder eine Dichtung?<\/li>\n<\/ol>\n<p><strong>Unter dieser Nummer wird Ihnen geholfen:<\/strong><\/p>\n<p>Tel.: 06172 \u2013 4012040<\/p>\n<p>Mo-Fr. 8:00 \u2013 12:15 &amp; 12:45 \u2013 16:30 Uhr<\/p>\n<p>Mittagspause von 12.00 bis 13.00 Uhr<\/p>\n<p>Fragen zu Garantie, Wartung einer M\u00fchle oder Bedienungsanleitungen finden Sie durch einen Klick unten auf dieser Seite bei Service.<\/p>\n","protected":false},"excerpt":{"rendered":"<p>Service \u2013 Der Augenblick der Wahrheit hawos Qualit\u00e4t zeichnet sich nicht nur aus durch die verwendeten hochwertigen Komponenten. Lange Zeit hat Ihre Getreidem\u00fchle gute Dienste getan, doch pl\u00f6tzlich \u2026 In diesem Moment w\u00fcnscht man sich nur eines: schnelle und effektive Hilfe. Unser Team aus langj\u00e4hrigen und erfahrenen Mitarbeitern hilft mit Sachverstand und Einf\u00fchlungsverm\u00f6gen. Sollten Sie [&#8230;]\n","protected":false},"author":2,"featured_media":0,"parent":0,"menu_order":13,"comment_status":"closed","ping_status":"closed","template":"","meta":{"_acf_changed":false,"_glsr_average":0,"_glsr_ranking":0,"_glsr_reviews":0,"footnotes":""},"class_list":["post-3499","page","type-page","status-publish","hentry"],"acf":[],"_links":{"self":[{"href":"https:\/\/hawos.de\/da\/wp-json\/wp\/v2\/pages\/3499","targetHints":{"allow":["GET"]}}],"collection":[{"href":"https:\/\/hawos.de\/da\/wp-json\/wp\/v2\/pages"}],"about":[{"href":"https:\/\/hawos.de\/da\/wp-json\/wp\/v2\/types\/page"}],"author":[{"embeddable":true,"href":"https:\/\/hawos.de\/da\/wp-json\/wp\/v2\/users\/2"}],"replies":[{"embeddable":true,"href":"https:\/\/hawos.de\/da\/wp-json\/wp\/v2\/comments?post=3499"}],"version-history":[{"count":0,"href":"https:\/\/hawos.de\/da\/wp-json\/wp\/v2\/pages\/3499\/revisions"}],"wp:attachment":[{"href":"https:\/\/hawos.de\/da\/wp-json\/wp\/v2\/media?parent=3499"}],"curies":[{"name":"wp","href":"https:\/\/api.w.org\/{rel}","templated":true}]}}