{"id":26926,"date":"2023-05-08T10:15:05","date_gmt":"2023-05-08T08:15:05","guid":{"rendered":"https:\/\/hawos.de\/betalingsmetoder\/"},"modified":"2023-05-08T10:15:05","modified_gmt":"2023-05-08T08:15:05","slug":"betalingsmetoder","status":"publish","type":"page","link":"https:\/\/hawos.de\/da\/betalingsmetoder\/","title":{"rendered":"Betalingsmetoder"},"content":{"rendered":"<h2>Betalingsmetoder<\/h2>\n<p>Vi tilbyder f\u00f8lgende betalingsmetoder. Du skal blot v\u00e6lge den betalingsmetode, der passer bedst til dig. Forsendelsesomkostningerne er delvist afh\u00e6ngige af den valgte betalingsmetode. De priser, der er anf\u00f8rt i de respektive tilbud, er endelige priser. De omfatter alle priskomponenter inklusive eventuelle g\u00e6ldende afgifter som f.eks. moms. Kun i tilf\u00e6lde af gr\u00e6nseoverskridende levering kan der i enkelte tilf\u00e6lde betales yderligere afgifter (f.eks. ved k\u00f8b inden for F\u00e6llesskabet) og\/eller skatter (f.eks. told), men ikke til s\u00e6lgeren, men til de ansvarlige told- eller skattemyndigheder i det p\u00e5g\u00e6ldende land. Leverings- og forsendelsesomkostningerne er ikke inkluderet i k\u00f8bsprisen; de kan opkaldes via siden &#8220;Forsendelsesomkostninger&#8221;, vises s\u00e6rskilt i forbindelse med bestillingsprocessen og skal afholdes af dig yderligere.<\/p>\n<p><em><strong>Kreditkort<\/strong><\/em><\/p>\n<p>Du skal blot betale med kreditkort.<\/p>\n<p><em><strong>PayPal<\/strong><\/em><\/p>\n<p>Betal endnu hurtigere og mere sikkert med din PayPal-konto.<\/p>\n<p><em><strong>Forudbetaling<\/strong><\/em><\/p>\n<p>Gratis forsendelse inden for Tyskland (undtagen ekspresforsendelse)<\/p>\n<p>Overf\u00f8r venligst det samlede bel\u00f8b for din ordre til vores konto:<\/p>\n<p>Kontoindehaver: hawos Kornm\u00fchlen GmbH<br \/>\nIBAN: DE54 5105 0015 0159 0638 74<br \/>\nBIC: NASSDE55XXX<br \/>\nBank: Nassauische Sparkasse<\/p>\n<p><em><strong>Kontant betaling<\/strong><\/em><\/p>\n<p>Bestil online og afhent din bestilling i vores butik:<\/p>\n<p><strong>HAWOS KORNM\u00dcHLEN GMBH\u00a0<\/strong><br \/>\nMassenheimer vej 25<br \/>\n61352 Bad Homburg v.d.H.<br \/>\nTyskland<br \/>\nMan &#8211; fre 8:00 &#8211; 12:00, 13:00 &#8211; 17:00<\/p>\n","protected":false},"excerpt":{"rendered":"<p>Betalingsmetoder Vi tilbyder f\u00f8lgende betalingsmetoder. Du skal blot v\u00e6lge den betalingsmetode, der passer bedst til dig. Forsendelsesomkostningerne er delvist afh\u00e6ngige af den valgte betalingsmetode. De priser, der er anf\u00f8rt i de respektive tilbud, er endelige priser. De omfatter alle priskomponenter inklusive eventuelle g\u00e6ldende afgifter som f.eks. moms. Kun i tilf\u00e6lde af gr\u00e6nseoverskridende levering kan der [&#8230;]\n","protected":false},"author":28,"featured_media":0,"parent":0,"menu_order":0,"comment_status":"closed","ping_status":"closed","template":"","meta":{"_acf_changed":false,"_glsr_average":0,"_glsr_ranking":0,"_glsr_reviews":0,"footnotes":""},"class_list":["post-26926","page","type-page","status-publish","hentry"],"acf":[],"_links":{"self":[{"href":"https:\/\/hawos.de\/da\/wp-json\/wp\/v2\/pages\/26926","targetHints":{"allow":["GET"]}}],"collection":[{"href":"https:\/\/hawos.de\/da\/wp-json\/wp\/v2\/pages"}],"about":[{"href":"https:\/\/hawos.de\/da\/wp-json\/wp\/v2\/types\/page"}],"author":[{"embeddable":true,"href":"https:\/\/hawos.de\/da\/wp-json\/wp\/v2\/users\/28"}],"replies":[{"embeddable":true,"href":"https:\/\/hawos.de\/da\/wp-json\/wp\/v2\/comments?post=26926"}],"version-history":[{"count":0,"href":"https:\/\/hawos.de\/da\/wp-json\/wp\/v2\/pages\/26926\/revisions"}],"wp:attachment":[{"href":"https:\/\/hawos.de\/da\/wp-json\/wp\/v2\/media?parent=26926"}],"curies":[{"name":"wp","href":"https:\/\/api.w.org\/{rel}","templated":true}]}}