{"id":18989,"date":"2009-12-07T17:45:48","date_gmt":"2009-12-07T16:45:48","guid":{"rendered":"https:\/\/hawos.de\/rund-um-hawos\/"},"modified":"2020-12-03T10:55:11","modified_gmt":"2020-12-03T09:55:11","slug":"rund-um-hawos","status":"publish","type":"page","link":"https:\/\/hawos.de\/da\/rund-um-hawos\/","title":{"rendered":"Rund um hawos"},"content":{"rendered":"\n<h2>hawos\u00a0live auf der Biofach in N\u00fcrnberg<\/h2>\n<div class=\"row\"  id=\"row-1369217383\">\n\n\n\t<div id=\"col-2037442326\" class=\"col medium-9 small-12 large-9\"  >\n\t\t\t\t<div class=\"col-inner\"  >\n\t\t\t\n\t\t\t\n\n<h3>Die \u201cNeue\u201d von hawos stellt sich im Februar 2009 vor: Oktini!<\/h3>\n<p>hawos\u00a0pr\u00e4sentiert j\u00e4hrlich seine Innovationen und Neuheiten auf der Bio-Fach-Messe in N\u00fcrnberg.<\/p>\n<p>Auch in diesem Jahr stellten sich die hawos Mitarbeiter(innen) den wissensdurstigen fragen des Fachpublikum.<\/p>\n\t<div class=\"img has-hover x md-x lg-x y md-y lg-y\" id=\"image_1446971319\">\n\t\t\t\t\t\t\t\t<div class=\"img-inner dark\" >\n\t\t\t<img decoding=\"async\" width=\"450\" height=\"244\" src=\"https:\/\/hawos.de\/wp-content\/uploads\/2009\/12\/biofach1.jpg\" class=\"attachment-large size-large\" alt=\"\" srcset=\"https:\/\/hawos.de\/wp-content\/uploads\/2009\/12\/biofach1.jpg 450w, https:\/\/hawos.de\/wp-content\/uploads\/2009\/12\/biofach1-400x217.jpg 400w\" sizes=\"(max-width: 450px) 100vw, 450px\" title=\"\">\t\t\t\t\t\t\n\t\t\t\t\t<\/div>\n\t\t\t\t\t\t\t\t\n<style>\n#image_1446971319 {\n  width: 100%;\n}\n<\/style>\n\t<\/div>\n\t\n\n\n\t\t<\/div>\n\t\t\t\t\t<\/div>\n\n\t\n\n\t<div id=\"col-1785069293\" class=\"col medium-3 small-12 large-3\"  >\n\t\t\t\t<div class=\"col-inner\"  >\n\t\t\t\n\t\t\t\n\n\t<div class=\"img has-hover x md-x lg-x y md-y lg-y\" id=\"image_20901958\">\n\t\t\t\t\t\t\t\t<div class=\"img-inner dark\" >\n\t\t\t<img decoding=\"async\" width=\"90\" height=\"135\" src=\"https:\/\/hawos.de\/wp-content\/uploads\/2009\/12\/oktinihawoslive.jpg\" class=\"attachment-large size-large\" alt=\"\" title=\"\">\t\t\t\t\t\t\n\t\t\t\t\t<\/div>\n\t\t\t\t\t\t\t\t\n<style>\n#image_20901958 {\n  width: 40%;\n}\n<\/style>\n\t<\/div>\n\t\n\n<p> M\u00fchle mit 8 Ecken:\nhawos Oktini<\/p>\n\t<div class=\"img has-hover x md-x lg-x y md-y lg-y\" id=\"image_1996031261\">\n\t\t\t\t\t\t\t\t<div class=\"img-inner dark\" >\n\t\t\t<img decoding=\"async\" width=\"90\" height=\"145\" src=\"https:\/\/hawos.de\/wp-content\/uploads\/2009\/12\/engelmannhawoslive.jpg\" class=\"attachment-large size-large\" alt=\"\" title=\"\">\t\t\t\t\t\t\n\t\t\t\t\t<\/div>\n\t\t\t\t\t\t\t\t\n<style>\n#image_1996031261 {\n  width: 40%;\n}\n<\/style>\n\t<\/div>\n\t\n\n<p>Kundenberatung <br \/>durch die hawos Mitarbeiter(innen)<\/p>\n\n\t\t<\/div>\n\t\t\t\t\t<\/div>\n\n\t\n\n<\/div>\n<div class=\"row\"  id=\"row-969250012\">\n\n\n\t<div id=\"col-712342756\" class=\"col medium-3 small-12 large-3\"  >\n\t\t\t\t<div class=\"col-inner\"  >\n\t\t\t\n\t\t\t\n\n\t<div class=\"img has-hover x md-x lg-x y md-y lg-y\" id=\"image_1677512833\">\n\t\t\t\t\t\t\t\t<div class=\"img-inner dark\" >\n\t\t\t<img decoding=\"async\" width=\"618\" height=\"618\" src=\"https:\/\/hawos.de\/wp-content\/uploads\/2007\/07\/dzg.jpg\" class=\"attachment-large size-large\" alt=\"\" srcset=\"https:\/\/hawos.de\/wp-content\/uploads\/2007\/07\/dzg.jpg 618w, https:\/\/hawos.de\/wp-content\/uploads\/2007\/07\/dzg-280x280.jpg 280w, https:\/\/hawos.de\/wp-content\/uploads\/2007\/07\/dzg-400x400.jpg 400w, https:\/\/hawos.de\/wp-content\/uploads\/2007\/07\/dzg-510x510.jpg 510w, https:\/\/hawos.de\/wp-content\/uploads\/2007\/07\/dzg-100x100.jpg 100w\" sizes=\"(max-width: 618px) 100vw, 618px\" title=\"\">\t\t\t\t\t\t\n\t\t\t\t\t<\/div>\n\t\t\t\t\t\t\t\t\n<style>\n#image_1677512833 {\n  width: 40%;\n}\n<\/style>\n\t<\/div>\n\t\n\n<p>hawos Getreidem\u00fchlen werden glutenfrei eingemahlen geliefert.<\/p>\n\n\t\t<\/div>\n\t\t\t\t\t<\/div>\n\n\t\n\n\t<div id=\"col-319143908\" class=\"col medium-6 small-12 large-6\"  >\n\t\t\t\t<div class=\"col-inner\"  >\n\t\t\t\n\t\t\t\n\n<p>hawos Getreidem\u00fchlen werden glutenfrei eingemahlen geliefert.<\/p>\n<p>Wir liefern die gew\u00fcnschte Getreidem\u00fchle mit Mais oder Reis eingemahlen.<br \/>Dies ist besonders wichtig bei Menschen die unter Glutenunvertr\u00e4glichkeit<br \/>(Z\u00f6liakie\/Sprue) leiden und auf \u201eKlebereiwei\u00df\u201c allergisch reagieren.<\/p>\n<p>Ausf\u00fchrliche Information hierzu finden Sie unter folgendem Link:<\/p>\n<p><a href=\"https:\/\/www.dzg-online.de\/\" rel=\"noopener\">Deutsche Z\u00f6liakie-Gesellschaft e.V<\/a><\/p>\n\n\t\t<\/div>\n\t\t\t\t\t<\/div>\n\n\t\n\n\t<div id=\"col-2140602774\" class=\"col medium-3 small-12 large-3\"  >\n\t\t\t\t<div class=\"col-inner\"  >\n\t\t\t\n\t\t\t\n\n\t<div class=\"img has-hover x md-x lg-x y md-y lg-y\" id=\"image_2085320371\">\n\t\t\t\t\t\t\t\t<div class=\"img-inner dark\" >\n\t\t\t<img decoding=\"async\" width=\"100\" height=\"98\" src=\"https:\/\/hawos.de\/wp-content\/uploads\/2009\/12\/subventionsfrei100x100.gif\" class=\"attachment-large size-large\" alt=\"\" title=\"\">\t\t\t\t\t\t\n\t\t\t\t\t<\/div>\n\t\t\t\t\t\t\t\t\n<style>\n#image_2085320371 {\n  width: 40%;\n}\n<\/style>\n\t<\/div>\n\t\n\n<p>hawos arbeitet ohne staatliche Subventionen!<\/p>\n\n\t\t<\/div>\n\t\t\t\t\t<\/div>\n\n\t\n\n<\/div>\n\n","protected":false},"excerpt":{"rendered":"<p>hawos\u00a0live auf der Biofach in N\u00fcrnberg<\/p>\n","protected":false},"author":2,"featured_media":0,"parent":0,"menu_order":15,"comment_status":"closed","ping_status":"closed","template":"","meta":{"_acf_changed":false,"_glsr_average":0,"_glsr_ranking":0,"_glsr_reviews":0,"footnotes":""},"class_list":["post-18989","page","type-page","status-publish","hentry"],"acf":[],"_links":{"self":[{"href":"https:\/\/hawos.de\/da\/wp-json\/wp\/v2\/pages\/18989","targetHints":{"allow":["GET"]}}],"collection":[{"href":"https:\/\/hawos.de\/da\/wp-json\/wp\/v2\/pages"}],"about":[{"href":"https:\/\/hawos.de\/da\/wp-json\/wp\/v2\/types\/page"}],"author":[{"embeddable":true,"href":"https:\/\/hawos.de\/da\/wp-json\/wp\/v2\/users\/2"}],"replies":[{"embeddable":true,"href":"https:\/\/hawos.de\/da\/wp-json\/wp\/v2\/comments?post=18989"}],"version-history":[{"count":0,"href":"https:\/\/hawos.de\/da\/wp-json\/wp\/v2\/pages\/18989\/revisions"}],"wp:attachment":[{"href":"https:\/\/hawos.de\/da\/wp-json\/wp\/v2\/media?parent=18989"}],"curies":[{"name":"wp","href":"https:\/\/api.w.org\/{rel}","templated":true}]}}