{"id":18978,"date":"2009-12-07T17:46:52","date_gmt":"2009-12-07T16:46:52","guid":{"rendered":"https:\/\/hawos.de\/alt-neu\/philosophie\/"},"modified":"2020-12-10T13:46:39","modified_gmt":"2020-12-10T12:46:39","slug":"philosophie","status":"publish","type":"page","link":"https:\/\/hawos.de\/da\/alt-neu\/philosophie\/","title":{"rendered":"Philosophie"},"content":{"rendered":"\n\n  <div class=\"banner has-hover\" id=\"banner-1422543775\">\n          <div class=\"banner-inner fill\">\n        <div class=\"banner-bg fill\" >\n            <img decoding=\"async\" width=\"900\" height=\"600\" src=\"https:\/\/hawos.de\/wp-content\/uploads\/2020\/12\/hawos-denmark-glasilo-1.jpg\" class=\"bg attachment-large size-large\" alt=\"\" title=\"\">                        <div class=\"overlay\"><\/div>            \n                    <\/div>\n\t\t\n        <div class=\"banner-layers container\">\n            <div class=\"fill banner-link\"><\/div>            \n\n   <div id=\"text-box-1472317052\" class=\"text-box banner-layer x50 md-x50 lg-x50 y50 md-y50 lg-y50 res-text\">\n                                <div class=\"text-box-content text dark\">\n              \n              <div class=\"text-inner text-center\">\n                  \n\n<h3 class=\"uppercase\"><strong>\u00e6gte h\u00e5ndarbejde<\/strong><\/h3>\n\n              <\/div>\n           <\/div>\n                            \n<style>\n#text-box-1472317052 {\n  width: 60%;\n}\n#text-box-1472317052 .text-box-content {\n  font-size: 100%;\n}\n<\/style>\n    <\/div>\n \n\n        <\/div>\n      <\/div>\n\n            \n<style>\n#banner-1422543775 {\n  padding-top: 500px;\n}\n#banner-1422543775 .overlay {\n  background-color: rgba(0, 0, 0, 0.17);\n}\n<\/style>\n  <\/div>\n\n\n<div class=\"is-divider divider clearfix\" ><\/div>\n\n<h3 id=\"tw-target-text\" dir=\"ltr\" data-placeholder=\"\u00dcbersetzung\"><strong><span lang=\"da\" style=\"font-family: helvetica, arial, sans-serif; font-size: 115%;\">Filosofi fra hawos<\/span><\/strong><\/h3>\n<p><strong>Af m\u00f8ller og mennesker<\/strong><\/p>\n<p><strong>hawos st\u00e5r for h\u00e5ndarbejde af den h\u00f8jeste perfektion<\/strong><\/p>\n<p>Ralf Pigge har bygget kornfabrikker i over 30 \u00e5r. Af overbevisning. Han fokuserede p\u00e5 b\u00e6redygtighed &#8211; selvom dette udtryk f\u00f8rst lavede en karriere meget senere. M\u00f8llebyggeren havde succes af overbevisning lige fra starten. Ralf Pigges &#8216;ideer, som han indarbejdede i &#8220;hawos kornm\u00fchlen GmbH&#8221;, modtages godt. Dengang og nu. Pigge har v\u00e6ret administrerende direkt\u00f8r og ledet virksomheden siden 1992. Virksomheden er baseret i Bad Homburg \/ Taunus. Der er et udstillingsrum i bindingsv\u00e6rkshuset i Ober-Eschbach-distriktet. Alle enheder kan ses og afpr\u00f8ves her ved registrering.<\/p>\n<p>H\u00f8jkvalitetsmaterialer, pr\u00e6cist h\u00e5ndv\u00e6rk og de h\u00f8jeste sikkerhedsstandarder g\u00f8r Hawos til en af \u200b\u200bde f\u00f8rende producenter inden for kernesegmentet kornfabrikker. Tradition og innovation er i balance og bestemmer Ralf Pigges handlinger. Hemmeligheden bag succes afsl\u00f8res hurtigt og vanskelig at kopiere. Den lyder: V\u00e6r \u00e6rlig og p\u00e5lidelig, \u00e5rv\u00e5gen og modig. Arbejd med lidenskab, indtil resultatet overbeviser og g\u00f8r dig stolt.<\/p>\n<p>Mange af de langvarige m\u00f8ller fra hawos M\u00fchlen-Manufaktur b\u00e6rer Ralf Pigges personlige underskrift. De st\u00e5r for den h\u00f8jeste slibekomfort med perfekt h\u00e5ndv\u00e6rk. Enhederne fremstilles i et kvalificeret v\u00e6rksted for handicappede, fordi hawos er en socialt engageret virksomhed. Udviklings-, kvalitetssikrings- og serviceafdelingen er placeret i virksomhedens hovedkvarter i Bad Homburg. Slibehastighed, finhedsgrad og st\u00f8judvikling optimeres altid, indtil de opfylder de h\u00f8je kvalitetskrav fra hawos-m\u00e6rket. F\u00f8rst da kan enhederne bevise sig udenfor i livet. I mange \u00e5r har de v\u00e6ret sammen med mennesker, der \u00f8nsker at spise ansvarligt, og som stoler p\u00e5 kornets fulde kraft.<\/p>\n<h3>Godt og smukt &#8211; sikkert og st\u00e6rkt &#8211; holdbart og stille<\/h3>\n<p>hawos kombinerer pr\u00e6cis slibeydelse og holdbarhed med tidl\u00f8st design og materialer af h\u00f8j kvalitet. Tr\u00e6et, der bruges til corpus, kommer fra PEFC-certificerede skove, der forvaltes under overholdelse af \u00f8kologiske, sociale og \u00f8konomiske standarder.<\/p>\n<p>Hawos m\u00f8ller er velegnede til alle typer korn. Stensliberen er lavet af korund i keramik.<\/p>\n<p>Motoren specielt udviklet til hawos er beskyttet mod overophedning med et h\u00f8jt kobberindhold og en overbelastningsafbryder. Hawos m\u00f8ller er derfor ideelt udstyret til kontinuerlig drift. De har ti \u00e5rs garanti fra k\u00f8bsdatoen.<\/p>\n<p>Hawos kornfabrikker og flager f\u00e5s i naturlige f\u00f8devarebutikker og helsekostbutikker, i velassorterede husholdningsvarebutikker og i udvalgte stormagasiner.<br \/>De kan ogs\u00e5 bestilles p\u00e5 Internettet p\u00e5 www.hawos.de.<\/p>\n\n","protected":false},"excerpt":{"rendered":"","protected":false},"author":2,"featured_media":0,"parent":18918,"menu_order":14,"comment_status":"closed","ping_status":"closed","template":"","meta":{"_acf_changed":false,"_glsr_average":0,"_glsr_ranking":0,"_glsr_reviews":0,"footnotes":""},"class_list":["post-18978","page","type-page","status-publish","hentry"],"acf":[],"_links":{"self":[{"href":"https:\/\/hawos.de\/da\/wp-json\/wp\/v2\/pages\/18978","targetHints":{"allow":["GET"]}}],"collection":[{"href":"https:\/\/hawos.de\/da\/wp-json\/wp\/v2\/pages"}],"about":[{"href":"https:\/\/hawos.de\/da\/wp-json\/wp\/v2\/types\/page"}],"author":[{"embeddable":true,"href":"https:\/\/hawos.de\/da\/wp-json\/wp\/v2\/users\/2"}],"replies":[{"embeddable":true,"href":"https:\/\/hawos.de\/da\/wp-json\/wp\/v2\/comments?post=18978"}],"version-history":[{"count":0,"href":"https:\/\/hawos.de\/da\/wp-json\/wp\/v2\/pages\/18978\/revisions"}],"up":[{"embeddable":true,"href":"https:\/\/hawos.de\/da\/wp-json\/wp\/v2\/pages\/18918"}],"wp:attachment":[{"href":"https:\/\/hawos.de\/da\/wp-json\/wp\/v2\/media?parent=18978"}],"curies":[{"name":"wp","href":"https:\/\/api.w.org\/{rel}","templated":true}]}}