{"id":18973,"date":"2009-12-07T17:47:49","date_gmt":"2009-12-07T16:47:49","guid":{"rendered":"https:\/\/hawos.de\/warum-hawos\/"},"modified":"2020-12-10T14:00:22","modified_gmt":"2020-12-10T13:00:22","slug":"warum-hawos","status":"publish","type":"page","link":"https:\/\/hawos.de\/da\/warum-hawos\/","title":{"rendered":"Warum hawos"},"content":{"rendered":"\n<div class=\"row\"  id=\"row-321506730\">\n\n\n\t<div id=\"col-25533492\" class=\"col medium-8 small-12 large-8\"  >\n\t\t\t\t<div class=\"col-inner\"  >\n\t\t\t\n\t\t\t\n\n<h1>Hvorfor male frisk med en hawos kornm\u00f8lle?<\/h1>\n<p>\u00a0<\/p>\n<h2>Ma (h) doktrin\u00e6r!<br \/>Hvorn\u00e5r er kornfabrikken dine penge v\u00e6rd?<\/h2>\n<p>V\u00e6lg din kv\u00e6rn efter de vigtigste kriterier.<\/p>\n<p><strong>Levetid:<\/strong> lang! Fra hverdagen i hawos: En atten \u00e5r gammel m\u00f8lle blev sendt til inspektion. Det er blevet renset, testet og tjener fortsat sin ejer godt.<\/p>\n<p><strong>Krav:<\/strong> Formalekapaciteten skal v\u00e6re lidt h\u00f8jere end dit sk\u00f8n: det daglige behov for friskmalt mel vokser!<\/p>\n<p><strong>Modulstruktur:<\/strong> Kan du om n\u00f8dvendigt afmontere m\u00f8llen og udskifte dele? Eller skal enheden bortskaffes, n\u00e5r den f\u00f8rste fejl opst\u00e5r?<\/p>\n<p><strong>Tidl\u00f8st design:<\/strong> en god kv\u00e6rn holder i mange, mange \u00e5r.<br \/>Du skal altid v\u00e6re glad for dit udseende. Garanter for den stabile v\u00e6rdi af hawos m\u00f8ller er:<\/p>\n<ul>\n<li id=\"tw-target-text\" class=\"tw-data-text tw-text-large XcVN5d tw-ta\" dir=\"ltr\" data-placeholder=\"\u00dcbersetzung\"><span lang=\"da\">modul\u00e6r konstruktion<\/span><\/li>\n<li class=\"tw-data-text tw-text-large XcVN5d tw-ta\" dir=\"ltr\" data-placeholder=\"\u00dcbersetzung\"><span lang=\"da\">enkel\u00a0<\/span><span lang=\"da\">forst\u00e5elig teknologi <\/span><\/li>\n<li class=\"tw-data-text tw-text-large XcVN5d tw-ta\" dir=\"ltr\" data-placeholder=\"\u00dcbersetzung\"><span lang=\"da\">gennempr\u00f8vede\u00a0<\/span><span lang=\"da\">robuste r\u00e5materialer<\/span><\/li>\n<li class=\"tw-data-text tw-text-large XcVN5d tw-ta\" dir=\"ltr\" data-placeholder=\"\u00dcbersetzung\"><span lang=\"da\">tidl\u00f8st design<\/span><\/li>\n<\/ul>\n<p id=\"tw-target-text\" class=\"tw-data-text tw-text-large XcVN5d tw-ta\" dir=\"ltr\" data-placeholder=\"\u00dcbersetzung\">hawos kornfabrikker er produkter med lang levetid. De er resultatet af mange \u00e5rs konstruktion af m\u00f8ller. M\u00f8llebyggernes rigdom af ideer blev parret med praktisk erfaring. Derfor ofrer hawos ikke kvalitet bare for at v\u00e6re billigere. Fordi det sparer det forkerte sted.<br \/>Hawos m\u00f8llernes modulstruktur bidrager ogs\u00e5 til milj\u00f8venlighed: De er et erhverv for livet og ikke smidprodukter, n\u00e5r en del har haft sin dag!<\/p>\n\n\t\t<\/div>\n\t\t\t\t\t<\/div>\n\n\t\n\n\t<div id=\"col-1089223612\" class=\"col medium-4 small-12 large-4\"  >\n\t\t\t\t<div class=\"col-inner\"  >\n\t\t\t\n\t\t\t\n\n\t<div class=\"img has-hover x md-x lg-x y md-y lg-y\" id=\"image_517575397\">\n\t\t\t\t\t\t\t\t<div class=\"img-inner dark\" >\n\t\t\t<img decoding=\"async\" width=\"94\" height=\"94\" src=\"https:\/\/hawos.de\/wp-content\/uploads\/2009\/12\/garantie_ani.gif\" class=\"attachment-large size-large\" alt=\"\" title=\"\">\t\t\t\t\t\t\n\t\t\t\t\t<\/div>\n\t\t\t\t\t\t\t\t\n<style>\n#image_517575397 {\n  width: 40%;\n}\n<\/style>\n\t<\/div>\n\t\n\n\t<div class=\"img has-hover x md-x lg-x y md-y lg-y\" id=\"image_1386798874\">\n\t\t\t\t\t\t\t\t<div class=\"img-inner dark\" >\n\t\t\t<img decoding=\"async\" width=\"378\" height=\"529\" src=\"https:\/\/hawos.de\/wp-content\/uploads\/2009\/12\/oktagon_innen.jpg\" class=\"attachment-large size-large\" alt=\"\" srcset=\"https:\/\/hawos.de\/wp-content\/uploads\/2009\/12\/oktagon_innen.jpg 378w, https:\/\/hawos.de\/wp-content\/uploads\/2009\/12\/oktagon_innen-286x400.jpg 286w\" sizes=\"(max-width: 378px) 100vw, 378px\" title=\"\">\t\t\t\t\t\t\n\t\t\t\t\t<\/div>\n\t\t\t\t\t\t\t\t\n<style>\n#image_1386798874 {\n  width: 100%;\n}\n<\/style>\n\t<\/div>\n\t\n\n<p>Die wahre Qualit\u00e4t einer M\u00fchle zeigt sich, wenn es an das Auseinandernehmen und ans Reinigen geht oder gar ans Austauschen von Ersatzteilen.<\/p>\n\n\t\t<\/div>\n\t\t\t\t\t<\/div>\n\n\t\n\n<\/div>\n<div class=\"row\"  id=\"row-1436296971\">\n\n\n\t<div id=\"col-777691254\" class=\"col medium-8 small-12 large-8\"  >\n\t\t\t\t<div class=\"col-inner\"  >\n\t\t\t\n\t\t\t\n\n<h3>F\u00fcr nat\u00fcrliche Ern\u00e4hrung nat\u00fcrliche Ger\u00e4te:<\/h3>\n<p><strong>So wichtig wie Motor und Mahlwerk<\/strong><\/p>\n<p>hawos M\u00fchlen sind vorwiegend M\u00fchlen aus Holz: In hochqualifizierten Schreinereien entstehen hawos M\u00fchlenklassiker in vielen Arbeitsg\u00e4ngen aus massivem Holz, vorwiegend aus fein strukturiertem Buchenholz. Nach dem letzten Schliff werden sie mit erstklassigem Lein\u00f6lfirnis behandelt. Die handwerkliche Perfektion ist jeder M\u00fchle anzusehen. hawos M\u00fchlengeh\u00e4use aus Holz sind von nat\u00fcrlicher Sch\u00f6nheit und finden ihren Platz auch in farbigen K\u00fccheneinrichtungen. \u00dcberall bestechen sie durch ihre lebendige, individuelle Maserung.<\/p>\n<p>Beim Mahlraum, der das Mahlwerk umschlie\u00dft, hat sich hawos f\u00fcr lebensmittelechten Kunststoff entschieden \u2013 und nicht f\u00fcr Holz. In diesem hygienisch hochsensiblen Bereich kommt es auf extrem glatte Fl\u00e4chen und dauerhafte Sauberkeit an. Diese Materialkombination f\u00fcr Mahlraum und Verstelleinheit ist zwar teurer als Holz, entspricht jedoch hawos Qualit\u00e4tsanspr\u00fcchen.<\/p>\n\n\t\t<\/div>\n\t\t\t\t\t<\/div>\n\n\t\n\n\t<div id=\"col-271542904\" class=\"col medium-4 small-12 large-4\"  >\n\t\t\t\t<div class=\"col-inner\"  >\n\t\t\t\n\t\t\t\n\n\t<div class=\"img has-hover x md-x lg-x y md-y lg-y\" id=\"image_2002436073\">\n\t\t\t\t\t\t\t\t<div class=\"img-inner dark\" >\n\t\t\t<img decoding=\"async\" width=\"533\" height=\"800\" src=\"https:\/\/hawos.de\/wp-content\/uploads\/2020\/12\/hawos-kornkvaern-533x800.jpg\" class=\"attachment-large size-large\" alt=\"\" srcset=\"https:\/\/hawos.de\/wp-content\/uploads\/2020\/12\/hawos-kornkvaern-533x800.jpg 533w, https:\/\/hawos.de\/wp-content\/uploads\/2020\/12\/hawos-kornkvaern-267x400.jpg 267w, https:\/\/hawos.de\/wp-content\/uploads\/2020\/12\/hawos-kornkvaern-400x600.jpg 400w, https:\/\/hawos.de\/wp-content\/uploads\/2020\/12\/hawos-kornkvaern-510x765.jpg 510w, https:\/\/hawos.de\/wp-content\/uploads\/2020\/12\/hawos-kornkvaern.jpg 600w\" sizes=\"(max-width: 533px) 100vw, 533px\" title=\"\">\t\t\t\t\t\t\n\t\t\t\t\t<\/div>\n\t\t\t\t\t\t\t\t\n<style>\n#image_2002436073 {\n  width: 100%;\n}\n<\/style>\n\t<\/div>\n\t\n\n\n\t\t<\/div>\n\t\t\t\t\t<\/div>\n\n\t\n\n<\/div>\n<div class=\"container section-title-container\" style=\"margin-top:30px;\"><h3 class=\"section-title section-title-center\"><b aria-hidden=\"true\"><\/b><span class=\"section-title-main\" >Hvorfor v\u00e6re tilfreds med mindre?<\/span><b aria-hidden=\"true\"><\/b><\/h3><\/div>\n\n\n\t<section class=\"section\" id=\"section_980979921\">\n\t\t<div class=\"section-bg fill\" >\n\t\t\t\t\t\t\t\t\t\n\t\t\t\n\n\t\t<\/div>\n\n\t\t\n\n\t\t<div class=\"section-content relative\">\n\t\t\t\n\n<div class=\"row\"  id=\"row-1565320328\">\n\n\n\t<div id=\"col-1764994596\" class=\"col medium-4 small-12 large-4\"  >\n\t\t\t\t<div class=\"col-inner\"  >\n\t\t\t\n\t\t\t\n\n\t<div class=\"box has-hover   has-hover box-text-bottom\" >\n\n\t\t<div class=\"box-image\" >\n\t\t\t\t\t\t<div class=\"\" >\n\t\t\t\t<img decoding=\"async\" width=\"500\" height=\"272\" src=\"https:\/\/hawos.de\/wp-content\/uploads\/2007\/07\/hawos_oktagon1.jpg\" class=\"attachment- size-\" alt=\"\" srcset=\"https:\/\/hawos.de\/wp-content\/uploads\/2007\/07\/hawos_oktagon1.jpg 500w, https:\/\/hawos.de\/wp-content\/uploads\/2007\/07\/hawos_oktagon1-400x218.jpg 400w\" sizes=\"(max-width: 500px) 100vw, 500px\" title=\"\">\t\t\t\t\t\t\t\t\t\t\t<\/div>\n\t\t\t\t\t<\/div>\n\n\t\t<div class=\"box-text text-center\" >\n\t\t\t<div class=\"box-text-inner\">\n\t\t\t\t\n\n<h4>Blandt de otte melfabrikker, der blev testet af magasinet \u201cTestmagazin\u201d, nummer 3\/2010, var hawos Oktagon 1 testvinderen.<\/h4>\n\n\t\t\t<\/div>\n\t\t<\/div>\n\t<\/div>\n\t\n\n\t\t<\/div>\n\t\t\t\t\t<\/div>\n\n\t\n\n\t<div id=\"col-50267754\" class=\"col medium-4 small-12 large-4\"  >\n\t\t\t\t<div class=\"col-inner\"  >\n\t\t\t\n\t\t\t\n\n\t<div class=\"box has-hover   has-hover box-text-bottom\" >\n\n\t\t<div class=\"box-image\" >\n\t\t\t\t\t\t<div class=\"image-cover\" style=\"padding-top:56.25%;\">\n\t\t\t\t<img decoding=\"async\" width=\"1024\" height=\"682\" src=\"https:\/\/hawos.de\/wp-content\/uploads\/2019\/02\/II_7_MG-5428.jpg\" class=\"attachment- size-\" alt=\"\" srcset=\"https:\/\/hawos.de\/wp-content\/uploads\/2019\/02\/II_7_MG-5428.jpg 1024w, https:\/\/hawos.de\/wp-content\/uploads\/2019\/02\/II_7_MG-5428-600x400.jpg 600w, https:\/\/hawos.de\/wp-content\/uploads\/2019\/02\/II_7_MG-5428-768x512.jpg 768w, https:\/\/hawos.de\/wp-content\/uploads\/2019\/02\/II_7_MG-5428-1200x800.jpg 1200w, https:\/\/hawos.de\/wp-content\/uploads\/2019\/02\/II_7_MG-5428-400x267.jpg 400w, https:\/\/hawos.de\/wp-content\/uploads\/2019\/02\/II_7_MG-5428-510x340.jpg 510w\" sizes=\"(max-width: 1024px) 100vw, 1024px\" title=\"\">\t\t\t\t\t\t\t\t\t\t\t<\/div>\n\t\t\t\t\t<\/div>\n\n\t\t<div class=\"box-text text-center\" >\n\t\t\t<div class=\"box-text-inner\">\n\t\t\t\t\n\n<h4><strong>I \u00e5rtier har hawos v\u00e6ret vinderen af \u200b\u200bhjertetesten med sine loyale kunder. Se vores fotogalleri: &#8220;hawos sweetheart&#8221; og lad os overbevise dig.<\/strong><\/h4>\n\n\t\t\t<\/div>\n\t\t<\/div>\n\t<\/div>\n\t\n\n\t\t<\/div>\n\t\t\t\t\t<\/div>\n\n\t\n\n\t<div id=\"col-1293891853\" class=\"col medium-4 small-12 large-4\"  >\n\t\t\t\t<div class=\"col-inner\"  >\n\t\t\t\n\t\t\t\n\n\t<div class=\"box has-hover   has-hover box-text-bottom\" >\n\n\t\t<div class=\"box-image\" >\n\t\t\t\t\t\t<div class=\"image-cover\" style=\"padding-top:56.25%;\">\n\t\t\t\t<img decoding=\"async\" width=\"1024\" height=\"634\" src=\"https:\/\/hawos.de\/wp-content\/uploads\/2007\/07\/novum.jpg\" class=\"attachment- size-\" alt=\"\" srcset=\"https:\/\/hawos.de\/wp-content\/uploads\/2007\/07\/novum.jpg 1024w, https:\/\/hawos.de\/wp-content\/uploads\/2007\/07\/novum-646x400.jpg 646w, https:\/\/hawos.de\/wp-content\/uploads\/2007\/07\/novum-768x475.jpg 768w, https:\/\/hawos.de\/wp-content\/uploads\/2007\/07\/novum-1293x800.jpg 1293w, https:\/\/hawos.de\/wp-content\/uploads\/2007\/07\/novum-400x248.jpg 400w, https:\/\/hawos.de\/wp-content\/uploads\/2007\/07\/novum-510x316.jpg 510w\" sizes=\"(max-width: 1024px) 100vw, 1024px\" title=\"\">\t\t\t\t\t\t\t\t\t\t\t<\/div>\n\t\t\t\t\t<\/div>\n\n\t\t<div class=\"box-text text-center\" >\n\t\t\t<div class=\"box-text-inner\">\n\t\t\t\t\n\n<h4><strong>I magasinet &#8220;Haus &amp; Garten Test&#8221;, nummer 3\/2012, blev fem kornfabrikker testet fra forskellige producenter.<\/strong><\/h4>\n<h4><strong>hawos Novum blev udn\u00e6vnt til testvinderen med karakteren &#8220;meget god&#8221;!<\/strong><\/h4>\n\n\t\t\t<\/div>\n\t\t<\/div>\n\t<\/div>\n\t\n\n\t\t<\/div>\n\t\t\t\t\t<\/div>\n\n\t\n\n<\/div>\n\n\t\t<\/div>\n\n\t\t\n<style>\n#section_980979921 {\n  padding-top: 30px;\n  padding-bottom: 30px;\n}\n<\/style>\n\t<\/section>\n\t\n\n\t<section class=\"section\" id=\"section_805821968\">\n\t\t<div class=\"section-bg fill\" >\n\t\t\t<img decoding=\"async\" width=\"440\" height=\"250\" src=\"https:\/\/hawos.de\/wp-content\/uploads\/2010\/08\/indienmap.jpg\" class=\"bg attachment- size-\" alt=\"\" title=\"\">\t\t\t\t\t\t<div class=\"section-bg-overlay absolute fill\"><\/div>\n\t\t\t\n\n\t\t<\/div>\n\n\t\t\n\n\t\t<div class=\"section-content relative\">\n\t\t\t\n\n<div class=\"row align-middle\"  id=\"row-863610995\">\n\n\n\t<div id=\"col-653928572\" class=\"col medium-6 small-12 large-6 col-divided\"  >\n\t\t\t\t<div class=\"col-inner text-left\"  >\n\t\t\t\n\t\t\t\n\n<h3>I brug over hele verden<\/h3>\n<p>Du kan finde hawos m\u00f8ller i over 70 lande over hele verden!<br \/>Hawos m\u00f8ller er kendt for deres kvalitet og p\u00e5lidelighed ikke kun i Europa. Disse egenskaber er is\u00e6r vigtige, n\u00e5r folk vandrer i timevis for at bruge en hawos-m\u00f8lle. Du er ogs\u00e5 velkommen til at donere gennem vores butik.<\/p>\n\n\t\t<\/div>\n\t\t\t\t\t<\/div>\n\n\t\n\n\t<div id=\"col-2141230964\" class=\"col medium-6 large-6\"  >\n\t\t\t\t<div class=\"col-inner text-left\"  >\n\t\t\t\n\t\t\t\n\n\t<div class=\"img has-hover x md-x lg-x y md-y lg-y\" id=\"image_1902007132\">\n\t\t\t\t\t\t\t\t<div class=\"img-inner dark\" >\n\t\t\t<img decoding=\"async\" width=\"440\" height=\"250\" src=\"https:\/\/hawos.de\/wp-content\/uploads\/2010\/08\/indienmap.jpg\" class=\"attachment-large size-large\" alt=\"\" srcset=\"https:\/\/hawos.de\/wp-content\/uploads\/2010\/08\/indienmap.jpg 440w, https:\/\/hawos.de\/wp-content\/uploads\/2010\/08\/indienmap-400x227.jpg 400w\" sizes=\"(max-width: 440px) 100vw, 440px\" title=\"\">\t\t\t\t\t\t\n\t\t\t\t\t<\/div>\n\t\t\t\t\t\t\t\t\n<style>\n#image_1902007132 {\n  width: 100%;\n}\n<\/style>\n\t<\/div>\n\t\n\n\n\t\t<\/div>\n\t\t\t\t\t<\/div>\n\n\t\n\n<\/div>\n\n\t\t<\/div>\n\n\t\t\n<style>\n#section_805821968 {\n  padding-top: 0px;\n  padding-bottom: 0px;\n  background-color: rgb(208, 208, 208);\n}\n#section_805821968 .section-bg-overlay {\n  background-color: rgba(255, 255, 255, 0.85);\n}\n<\/style>\n\t<\/section>\n\t\n\n","protected":false},"excerpt":{"rendered":"","protected":false},"author":2,"featured_media":0,"parent":0,"menu_order":11,"comment_status":"closed","ping_status":"closed","template":"","meta":{"_acf_changed":false,"_glsr_average":0,"_glsr_ranking":0,"_glsr_reviews":0,"footnotes":""},"class_list":["post-18973","page","type-page","status-publish","hentry"],"acf":[],"_links":{"self":[{"href":"https:\/\/hawos.de\/da\/wp-json\/wp\/v2\/pages\/18973","targetHints":{"allow":["GET"]}}],"collection":[{"href":"https:\/\/hawos.de\/da\/wp-json\/wp\/v2\/pages"}],"about":[{"href":"https:\/\/hawos.de\/da\/wp-json\/wp\/v2\/types\/page"}],"author":[{"embeddable":true,"href":"https:\/\/hawos.de\/da\/wp-json\/wp\/v2\/users\/2"}],"replies":[{"embeddable":true,"href":"https:\/\/hawos.de\/da\/wp-json\/wp\/v2\/comments?post=18973"}],"version-history":[{"count":0,"href":"https:\/\/hawos.de\/da\/wp-json\/wp\/v2\/pages\/18973\/revisions"}],"wp:attachment":[{"href":"https:\/\/hawos.de\/da\/wp-json\/wp\/v2\/media?parent=18973"}],"curies":[{"name":"wp","href":"https:\/\/api.w.org\/{rel}","templated":true}]}}