{"id":18971,"date":"2009-12-07T17:48:44","date_gmt":"2009-12-07T16:48:44","guid":{"rendered":"https:\/\/hawos.de\/pressemeldungen\/"},"modified":"2009-12-07T17:48:44","modified_gmt":"2009-12-07T16:48:44","slug":"pressemeldungen","status":"publish","type":"page","link":"https:\/\/hawos.de\/da\/pressemeldungen\/","title":{"rendered":"Pressemeldungen"},"content":{"rendered":"<div>&nbsp;&nbsp; &nbsp; &nbsp; &nbsp; &nbsp; &nbsp; &nbsp; &nbsp; &nbsp; &nbsp; &nbsp; &nbsp; &nbsp; &nbsp;Hier finden Sie Pressetexte aus verschiedenen Quellen<\/div>\n<div style=\"text-align: left;\">&nbsp;<\/div>\n<div style=\"text-align: left;\">&nbsp;<\/div>\n<div style=\"text-align: left;\">&nbsp;<\/div>\n<table border=\"0\" style=\"text-align: left; width: 695px; height: 550px;\">\n<tbody style=\"text-align: left;\">\n<tr style=\"text-align: left;\">\n<td style=\"text-align: left;\">&nbsp;<\/td>\n<td style=\"text-align: left;\">\n<div style=\"text-align: left;\">&nbsp;<\/div>\n<p style=\"text-align: left;\"><span style=\"font-size: 14pt;\"><span style=\"text-decoration: underline;\">Online-Zeitschriften:<\/span><\/span><\/p>\n<\/td>\n<\/tr>\n<tr style=\"text-align: left;\">\n<td style=\"text-align: left;\">&nbsp;<\/td>\n<td style=\"text-align: left;\">\n<p><span style=\"font-size: 12pt;\"><a href=\"http:\/\/www.lookcook.net\/index2.php?artikel=5309&amp;typ=news\" target=\"_blank\" rel=\"noopener noreferrer\">Sch\u00e4tzchen Gesucht: Wer hat Deutschland&#8217;s \u00e4lteste hawos M\u00fchle?<\/a><\/span><\/p>\n<\/td>\n<\/tr>\n<tr style=\"text-align: left;\">\n<td style=\"text-align: left;\">&nbsp;<\/td>\n<td style=\"text-align: left;\">\n<div style=\"text-align: left;\">&nbsp;<\/div>\n<p style=\"margin: 0pt 0pt 5px; text-align: left;\"><span style=\"font-size: 12pt;\"><a href=\"http:\/\/www.genussmaenner.de\/index.php?id=174,8421,0,0,1,0&amp;highlight=m%C3%BCsli\" target=\"_blank\" rel=\"noopener noreferrer\">M\u00fcsli-Fans aufgepasst: hawos sucht den M\u00fcsli-Star 2010<\/a><a href=\"http:\/\/www.genussmaenner.de\/index.php?id=174,8421,0,0,1,0&amp;highlight=m%C3%BCsli\" target=\"_blank\" rel=\"noopener noreferrer\"> &#8211; www.genussmaenner.de 07.02.2010<\/a><\/span><\/p>\n<\/td>\n<\/tr>\n<tr style=\"text-align: left;\">\n<td style=\"text-align: left;\">&nbsp;<\/td>\n<td style=\"text-align: left;\">\n<div style=\"text-align: left;\">&nbsp;<\/div>\n<p style=\"margin: 0pt 0pt 5px; text-align: left;\"><span style=\"font-size: 12pt;\"><a href=\"http:\/\/www.bio-markt.info\/web\/Aktuelle_Kurzmeldungen\/Hersteller\/hawos\/15\/23\/0\/7099.html\" target=\"_blank\" rel=\"noopener noreferrer\">hawos sucht den M\u00fcsli-Star 2010 &#8211; Bio-Markt.info 01.02.2010<\/a><\/span><\/p>\n<\/td>\n<\/tr>\n<tr style=\"text-align: left;\">\n<td style=\"text-align: left;\">&nbsp;<\/td>\n<td style=\"text-align: left;\">\n<div style=\"text-align: left;\">&nbsp;<\/div>\n<p style=\"text-align: left;\"><span style=\"font-size: 12pt;\"><a href=\"http:\/\/www.eh-online.de\/index.php?id=49&amp;backPID=1&amp;tt_news=1223\" target=\"_blank\" rel=\"noopener noreferrer\">&#8220;Elekro H\u00e4ndler&#8221;: hawos Kornm\u00fchlen verdoppelt Garantiezeit 19.11.2009<\/a><\/span><\/p>\n<\/td>\n<\/tr>\n<tr style=\"text-align: left;\">\n<td style=\"text-align: left;\">&nbsp;<\/td>\n<td style=\"text-align: left;\">\n<h1 style=\"margin: 0pt 0pt 5px; text-align: center;\">&nbsp;<\/h1>\n<\/td>\n<\/tr>\n<tr style=\"text-align: left;\">\n<td style=\"text-align: left;\">&nbsp;<\/td>\n<td style=\"text-align: left;\">\n<div style=\"text-align: left;\">&nbsp;<\/div>\n<p style=\"text-align: left;\"><span style=\"font-size: 14pt;\"><span style=\"text-decoration: underline;\">Zeitschriften (PDF):<\/span><\/span><\/p>\n<\/td>\n<\/tr>\n<tr style=\"text-align: left;\">\n<td style=\"text-align: left;\">&nbsp;<\/td>\n<td style=\"text-align: left;\">\n<div style=\"text-align: left;\">&nbsp;<\/div>\n<p style=\"text-align: left;\"><span style=\"text-decoration: underline;\"><span style=\"font-size: 12pt;\"><a title=\"Bild der Frau\" href=\"https:\/\/hawos.de\/wp-content\/uploads\/2009\/12\/Beleg-Bild-der-Frau-Nov-Dez-20110001.pdf\"><strong>&#8220;Bild der Frau&#8221; &#8211; Nov-Dez 2011, Auflage: 1.240.000<\/strong><\/a><\/span><\/span><\/p>\n<p style=\"text-align: left;\"><span style=\"font-size: 12pt;\"><span style=\"text-decoration: underline;\"><a target=\"_blank\" href=\"https:\/\/hawos.de\/wp-content\/uploads\/2009\/12\/Beleg_Romantisch_Wohnen_Heft-11-12-2010.pdf\" rel=\"noopener noreferrer\">&#8220;Romantisch Wohnen&#8221;, Ausgabe 11-12-2010<\/a><\/span><\/span><\/p>\n<p style=\"text-align: left;\"><span style=\"font-size: 12pt;\"><span style=\"text-decoration: underline;\"><a target=\"_blank\" href=\"https:\/\/hawos.de\/wp-content\/uploads\/2009\/12\/Beleg-Freundin-18-2010.pdf\" rel=\"noopener noreferrer\">&#8220;Freundin&#8221;, Ausgabe 18-2010, Auflage: 645.600<\/a><\/span><\/span><\/p>\n<p style=\"text-align: left;\"><span style=\"font-size: 12pt;\"><span style=\"text-decoration: underline;\">&#8220;<a href=\"https:\/\/hawos.de\/wp-content\/uploads\/2009\/12\/Beleg.Genuss-Journal-2-2010.pdf\" target=\"_blank\" rel=\"noopener noreferrer\">Genuss Journal&#8221;, Ausgabe 2-2010, Auflage: 200.000<\/a><\/span><\/span><\/p>\n<p style=\"text-align: left;\"><span style=\"font-size: 12pt;\"><a target=\"_blank\" href=\"https:\/\/hawos.de\/wp-content\/uploads\/2009\/12\/wohlbefinden.pdf\" rel=\"noopener noreferrer\">&#8220;Frankfurter Stadtkurier&#8221;, Ausgabe 11.Mai 2010<\/a><\/span><\/p>\n<p style=\"text-align: left;\"><span style=\"font-size: 12pt;\"><a href=\"https:\/\/hawos.de\/wp-content\/uploads\/2009\/12\/Beleg-Vegetarisch-fit-01-2010.pdf\" target=\"_blank\" rel=\"noopener noreferrer\">&#8220;Vegetarisch fit&#8221;, Ausgabe 1-2010, Auflage: 70.000<\/a><\/span><\/p>\n<\/td>\n<\/tr>\n<tr style=\"text-align: left;\">\n<td style=\"text-align: left;\">&nbsp;<\/td>\n<td style=\"text-align: left;\">&nbsp;<\/td>\n<\/tr>\n<tr style=\"text-align: left;\">\n<td style=\"text-align: left;\">&nbsp;<\/td>\n<td style=\"text-align: left;\">\n<p>&nbsp;<\/p>\n<\/td>\n<\/tr>\n<tr style=\"text-align: left;\">\n<td style=\"text-align: left;\">&nbsp;<\/td>\n<td style=\"text-align: left;\">\n<div style=\"text-align: left;\">&nbsp;<\/div>\n<p style=\"text-align: left;\"><span style=\"font-size: 14pt;\"><span style=\"text-decoration: underline;\">Radio (MP3):<\/span><\/span><\/p>\n<\/td>\n<\/tr>\n<tr style=\"text-align: left;\">\n<td style=\"text-align: left;\">&nbsp;<\/td>\n<td style=\"text-align: left;\">\n<div style=\"text-align: left;\">&nbsp;<\/div>\n<p style=\"text-align: left;\"><a href=\"https:\/\/hawos.de\/wp-content\/uploads\/2009\/12\/hr4-090209.mp3\">hr4 regional in der Mittagssendung um 12.05 am 9. Februar 2009<\/a><\/p>\n<\/td>\n<\/tr>\n<tr style=\"text-align: left;\">\n<td style=\"text-align: left;\">&nbsp;<\/td>\n<td style=\"text-align: left;\">\n<p>&nbsp;<\/p>\n<p style=\"text-align: center;\">&nbsp;<\/p>\n<\/td>\n<\/tr>\n<tr style=\"text-align: left;\">\n<td style=\"text-align: left;\">&nbsp;<\/td>\n<td style=\"text-align: left;\">\n<div style=\"text-align: left;\">&nbsp;<\/div>\n<p style=\"text-align: left;\"><span style=\"font-size: 14pt;\"><span style=\"text-decoration: underline;\">Unsere Pressemeldungen (PDF):<\/span><\/span><\/p>\n<\/td>\n<\/tr>\n<tr style=\"text-align: left;\">\n<td style=\"text-align: left;\">&nbsp;<\/td>\n<td style=\"text-align: left;\">\n<p><span style=\"font-size: small;\"><a href=\"https:\/\/hawos.de\/wp-content\/uploads\/2009\/12\/muesli.pdf\" target=\"_blank\" rel=\"noopener noreferrer\">hawos sucht den M\u00fcsli-Star 2010<\/a><\/span><\/p>\n<p><a target=\"_blank\" href=\"https:\/\/hawos.de\/wp-content\/uploads\/2009\/12\/Pressetext_hawos_Garantie_10-Jahre.pdf\" rel=\"noopener noreferrer\">hawos verl\u00e4ngert Garantiezeit<\/a><\/p>\n<\/td>\n<\/tr>\n<tr style=\"text-align: left;\">\n<td style=\"text-align: left;\">&nbsp;<\/td>\n<td style=\"text-align: left;\">&nbsp;<\/td>\n<\/tr>\n<tr style=\"text-align: left;\">\n<td style=\"text-align: left;\">&nbsp;<\/td>\n<td style=\"text-align: left;\">&nbsp;<\/td>\n<\/tr>\n<tr style=\"text-align: left;\">\n<td style=\"text-align: left;\">&nbsp;<\/td>\n<td style=\"text-align: left;\">&nbsp;<\/td>\n<\/tr>\n<tr style=\"text-align: left;\">\n<td style=\"text-align: left;\">&nbsp;<\/td>\n<td style=\"text-align: left;\">&nbsp;<\/td>\n<\/tr>\n<tr style=\"text-align: left;\">\n<td style=\"text-align: left;\">&nbsp;<\/td>\n<td style=\"text-align: left;\">&nbsp;<\/td>\n<\/tr>\n<tr style=\"text-align: left;\">\n<td style=\"text-align: left;\">&nbsp;<\/td>\n<td style=\"text-align: left;\">&nbsp;<\/td>\n<\/tr>\n<tr style=\"text-align: left;\">\n<td style=\"text-align: left;\">&nbsp;<\/td>\n<td style=\"text-align: left;\">&nbsp;<\/td>\n<\/tr>\n<tr style=\"text-align: left;\">\n<td style=\"text-align: left;\">&nbsp;<\/td>\n<td style=\"text-align: left;\">&nbsp;<\/td>\n<\/tr>\n<\/tbody>\n<\/table>\n<div style=\"text-align: left;\">&nbsp;<\/div>\n<div style=\"text-align: left;\">&nbsp;<\/div>\n<div style=\"text-align: left;\">&nbsp;<\/div>\n<div style=\"text-align: left;\">&nbsp;<\/div>\n<div style=\"text-align: left;\">&nbsp;<\/div>\n<div style=\"text-align: left;\">&nbsp;<\/div>\n","protected":false},"excerpt":{"rendered":"<p>&nbsp;&nbsp; &nbsp; &nbsp; &nbsp; &nbsp; &nbsp; &nbsp; &nbsp; &nbsp; &nbsp; &nbsp; &nbsp; &nbsp; &nbsp;Hier finden Sie Pressetexte aus verschiedenen Quellen &nbsp; &nbsp; &nbsp; &nbsp; &nbsp; Online-Zeitschriften: &nbsp; Sch\u00e4tzchen Gesucht: Wer hat Deutschland&#8217;s \u00e4lteste hawos M\u00fchle? &nbsp; &nbsp; M\u00fcsli-Fans aufgepasst: hawos sucht den M\u00fcsli-Star 2010 &#8211; www.genussmaenner.de 07.02.2010 &nbsp; &nbsp; hawos sucht den M\u00fcsli-Star 2010 &#8211; [&#8230;]\n","protected":false},"author":2,"featured_media":0,"parent":0,"menu_order":4,"comment_status":"closed","ping_status":"closed","template":"","meta":{"_acf_changed":false,"_glsr_average":0,"_glsr_ranking":0,"_glsr_reviews":0,"footnotes":""},"class_list":["post-18971","page","type-page","status-publish","hentry"],"acf":[],"_links":{"self":[{"href":"https:\/\/hawos.de\/da\/wp-json\/wp\/v2\/pages\/18971","targetHints":{"allow":["GET"]}}],"collection":[{"href":"https:\/\/hawos.de\/da\/wp-json\/wp\/v2\/pages"}],"about":[{"href":"https:\/\/hawos.de\/da\/wp-json\/wp\/v2\/types\/page"}],"author":[{"embeddable":true,"href":"https:\/\/hawos.de\/da\/wp-json\/wp\/v2\/users\/2"}],"replies":[{"embeddable":true,"href":"https:\/\/hawos.de\/da\/wp-json\/wp\/v2\/comments?post=18971"}],"version-history":[{"count":0,"href":"https:\/\/hawos.de\/da\/wp-json\/wp\/v2\/pages\/18971\/revisions"}],"wp:attachment":[{"href":"https:\/\/hawos.de\/da\/wp-json\/wp\/v2\/media?parent=18971"}],"curies":[{"name":"wp","href":"https:\/\/api.w.org\/{rel}","templated":true}]}}