{"id":18937,"date":"2010-08-13T13:21:59","date_gmt":"2010-08-13T11:21:59","guid":{"rendered":"https:\/\/hawos.de\/unser-betrieb\/"},"modified":"2020-12-28T11:02:20","modified_gmt":"2020-12-28T10:02:20","slug":"unser-betrieb","status":"publish","type":"page","link":"https:\/\/hawos.de\/da\/unser-betrieb\/","title":{"rendered":"Unser Betrieb"},"content":{"rendered":"\n<div class=\"row\"  id=\"row-2116474012\">\n\n\n\t<div id=\"col-145745820\" class=\"col medium-10 small-12 large-10\"  >\n\t\t\t\t<div class=\"col-inner\"  >\n\t\t\t\n\t\t\t\n\n\t<div class=\"img has-hover x md-x lg-x y md-y lg-y\" id=\"image_1638342457\">\n\t\t\t\t\t\t\t\t<div class=\"img-inner dark\" >\n\t\t\t<img decoding=\"async\" width=\"800\" height=\"400\" src=\"https:\/\/hawos.de\/wp-content\/uploads\/2020\/04\/hawos_Neubau.jpg\" class=\"attachment-large size-large\" alt=\"\" srcset=\"https:\/\/hawos.de\/wp-content\/uploads\/2020\/04\/hawos_Neubau.jpg 800w, https:\/\/hawos.de\/wp-content\/uploads\/2020\/04\/hawos_Neubau-768x384.jpg 768w, https:\/\/hawos.de\/wp-content\/uploads\/2020\/04\/hawos_Neubau-400x200.jpg 400w, https:\/\/hawos.de\/wp-content\/uploads\/2020\/04\/hawos_Neubau-510x255.jpg 510w\" sizes=\"(max-width: 800px) 100vw, 800px\" title=\"\">\t\t\t\t\t\t\n\t\t\t\t\t<\/div>\n\t\t\t\t\t\t\t\t\n<style>\n#image_1638342457 {\n  width: 100%;\n}\n<\/style>\n\t<\/div>\n\t\n\n<p><strong>Unser Betrieb&#8230;<\/strong><\/p>\n<p>Seit dem Umzug vom Odenwald nach Bad Homburg im Jahre 1997 befand sich das B\u00fcro im Stadtteil Ober-Eschbach, unter einem Dach mit dem Gro\u00dfh\u00e4ndler LUBA GmbH. Die Bereiche Entwicklung, Lager und Service waren in den benachbarten Geb\u00e4uden untergebracht, baulich integriert in den alten Ortskern.\u00a0<\/p>\n<p><strong>Die Montage einiger Modelle erfolgt in einem integrativen Werk in \u00d6sterreich, von dem wir auch die Holzgeh\u00e4use beziehen.<\/strong><\/p>\n<p>Seit Oktober 2019 sind wir im zusammen mit LUBA, im neuen Hauptsitz, im Massenheimer Weg.<\/p>\n<p>Besuchen Sie doch einmal unseren Ausstellungsraum und erfahren Sie in einem Beratungsgespr\u00e4ch, z. B. warum unsere Getreidem\u00fchlen so &#8220;leise&#8221;und doch so kraftvoll arbeiten und warum es nur ganz ganz wenige Reklamationen oder<br \/>Garantief\u00e4lle bei unseren Produkten gibt.\u00a0<\/p>\n\n\t\t<\/div>\n\t\t\t\t\t<\/div>\n\n\t\n\n<\/div>\n<div class=\"row\"  id=\"row-799437669\">\n\n\n\t<div id=\"col-221350997\" class=\"col medium-6 small-12 large-6\"  >\n\t\t\t\t<div class=\"col-inner\"  >\n\t\t\t\n\t\t\t\n\n<p><em><strong>hawos<\/strong><\/em><strong> kornm\u00fchlen GmbH <\/strong><br \/>Massenheimer Weg 25 <br \/>D-61352 Bad Homburg <br \/>Telefon: +49&nbsp; 61 72 &nbsp;401 20-0 <br \/>Telefax: +49&nbsp; 61 72 &nbsp;401 20-19<\/p>\n<p>eMail: info@hawos.de<\/p>\n\n\t\t<\/div>\n\t\t\t\t\t<\/div>\n\n\t\n\n\t<div id=\"col-2052446884\" class=\"col medium-6 small-12 large-6\"  >\n\t\t\t\t<div class=\"col-inner\"  >\n\t\t\t\n\t\t\t\n\n<p><strong>Gesch\u00e4ftszeiten:<\/strong><br \/>Mo. &#8211; Fr.\u00a0 \u00a08.00 &#8211; 12.00 Uhr<br \/>Mo. &#8211; Fr. 13:00 &#8211; 16:30 Uhr<\/p>\n\n\t\t<\/div>\n\t\t\t\t\t<\/div>\n\n\t\n\n<\/div>\n<div class=\"row\"  id=\"row-414117672\">\n\n\n\t<div id=\"col-988378984\" class=\"col medium-4 small-12 large-4\"  >\n\t\t\t\t<div class=\"col-inner\"  >\n\t\t\t\n\t\t\t\n\n\t<div class=\"img has-hover x md-x lg-x y md-y lg-y\" id=\"image_835232736\">\n\t\t\t\t\t\t\t\t<div class=\"img-inner dark\" >\n\t\t\t<img decoding=\"async\" width=\"505\" height=\"360\" src=\"https:\/\/hawos.de\/wp-content\/uploads\/2010\/08\/R-und-S.jpg\" class=\"attachment-large size-large\" alt=\"\" srcset=\"https:\/\/hawos.de\/wp-content\/uploads\/2010\/08\/R-und-S.jpg 505w, https:\/\/hawos.de\/wp-content\/uploads\/2010\/08\/R-und-S-400x285.jpg 400w\" sizes=\"(max-width: 505px) 100vw, 505px\" title=\"\">\t\t\t\t\t\t\n\t\t\t\t\t<\/div>\n\t\t\t\t\t\t\t\t\n<style>\n#image_835232736 {\n  width: 100%;\n}\n<\/style>\n\t<\/div>\n\t\n\n<p style=\"text-align: left;\">Sebastian und Ralf Pigge<br \/>Gesch\u00e4ftsf\u00fchrer bei <em><strong>hawos<br \/><\/strong><\/em>Mit Freude bei der Arbeit<\/p>\n\n\t\t<\/div>\n\t\t\t\t\t<\/div>\n\n\t\n\n<\/div>\n\n","protected":false},"excerpt":{"rendered":"","protected":false},"author":2,"featured_media":0,"parent":0,"menu_order":6,"comment_status":"closed","ping_status":"closed","template":"","meta":{"_acf_changed":false,"_glsr_average":0,"_glsr_ranking":0,"_glsr_reviews":0,"footnotes":""},"class_list":["post-18937","page","type-page","status-publish","hentry"],"acf":[],"_links":{"self":[{"href":"https:\/\/hawos.de\/da\/wp-json\/wp\/v2\/pages\/18937","targetHints":{"allow":["GET"]}}],"collection":[{"href":"https:\/\/hawos.de\/da\/wp-json\/wp\/v2\/pages"}],"about":[{"href":"https:\/\/hawos.de\/da\/wp-json\/wp\/v2\/types\/page"}],"author":[{"embeddable":true,"href":"https:\/\/hawos.de\/da\/wp-json\/wp\/v2\/users\/2"}],"replies":[{"embeddable":true,"href":"https:\/\/hawos.de\/da\/wp-json\/wp\/v2\/comments?post=18937"}],"version-history":[{"count":0,"href":"https:\/\/hawos.de\/da\/wp-json\/wp\/v2\/pages\/18937\/revisions"}],"wp:attachment":[{"href":"https:\/\/hawos.de\/da\/wp-json\/wp\/v2\/media?parent=18937"}],"curies":[{"name":"wp","href":"https:\/\/api.w.org\/{rel}","templated":true}]}}