{"id":18934,"date":"2010-10-01T19:28:02","date_gmt":"2010-10-01T17:28:02","guid":{"rendered":"https:\/\/hawos.de\/umwelt76\/"},"modified":"2010-10-01T19:28:02","modified_gmt":"2010-10-01T17:28:02","slug":"umwelt76","status":"publish","type":"page","link":"https:\/\/hawos.de\/da\/umwelt76\/","title":{"rendered":"Umwelt"},"content":{"rendered":"<p>hawos bedeutet Nachhaltigkeit:<\/p>\n<p>Es f\u00e4ngt an beim Holz &#8211; Holzzertifikat, Bedeutung, Herkunft<\/p>\n<p>&nbsp;&nbsp; &nbsp; &nbsp; &nbsp; &nbsp; &nbsp; &nbsp; &nbsp; &nbsp; &nbsp; &nbsp; &nbsp; &nbsp;Plastik von der Novum, auf energiesparende Weise hergestellt. &nbsp;Hergestellt in Deutschland, streng kontrolliert.<\/p>\n<p>Korund-Keramik Mahlwerk &#8211; 100% aus nat\u00fcrlichen Materialien. &nbsp;Korundsteinchen in Fl\u00fcssigem Korund bei xxx\u00b0C gebacken und in Form gepresst. &nbsp;Keine Schadstoffe.<\/p>\n<p>Motor &#8211; Alle Motore sind auf Langlebigkeit gebaut. &nbsp;Nur 0,0001% defekte in 25 Jahren.<\/p>\n<p>\u00dcberlastschutzschalter &#8211; &nbsp;Stehen Sie w\u00e4hrend dem gesammten Mahlvorgang immer bei der&nbsp;Maschine? &nbsp;Bei 100g Feinstes Mehl die Minute sind das schonmal 10min f\u00fcr 1kg. &nbsp;Sollte die Maschine blockieren durch&nbsp;Unreinheiten&nbsp;im Getreide schaltet der \u00dcberlastschutzschalter den Motor automatisch nach 15 Sekunden ab. &nbsp;Dies verhindert ein \u00fcberhitzen des Motorblocks und tr\u00e4gt der langlebigkeit der M\u00fchle bei.<\/p>\n<p>Unsere Firmengeb\u00e4ude sind im Ortskern von Ober-Eschbach (Bad Homburg), wo der&nbsp;Gro\u00dfteil&nbsp;der Angestellten herkommt. &nbsp;Dadurch das unsere Angestellten kein Auto ben\u00f6tigen arbeiten wir CO2 freundlich.<\/p>\n","protected":false},"excerpt":{"rendered":"<p>hawos bedeutet Nachhaltigkeit: Es f\u00e4ngt an beim Holz &#8211; Holzzertifikat, Bedeutung, Herkunft &nbsp;&nbsp; &nbsp; &nbsp; &nbsp; &nbsp; &nbsp; &nbsp; &nbsp; &nbsp; &nbsp; &nbsp; &nbsp; &nbsp;Plastik von der Novum, auf energiesparende Weise hergestellt. &nbsp;Hergestellt in Deutschland, streng kontrolliert. Korund-Keramik Mahlwerk &#8211; 100% aus nat\u00fcrlichen Materialien. &nbsp;Korundsteinchen in Fl\u00fcssigem Korund bei xxx\u00b0C gebacken und in Form gepresst. [&#8230;]\n","protected":false},"author":2,"featured_media":0,"parent":0,"menu_order":5,"comment_status":"closed","ping_status":"closed","template":"","meta":{"_acf_changed":false,"_glsr_average":0,"_glsr_ranking":0,"_glsr_reviews":0,"footnotes":""},"class_list":["post-18934","page","type-page","status-publish","hentry"],"acf":[],"_links":{"self":[{"href":"https:\/\/hawos.de\/da\/wp-json\/wp\/v2\/pages\/18934","targetHints":{"allow":["GET"]}}],"collection":[{"href":"https:\/\/hawos.de\/da\/wp-json\/wp\/v2\/pages"}],"about":[{"href":"https:\/\/hawos.de\/da\/wp-json\/wp\/v2\/types\/page"}],"author":[{"embeddable":true,"href":"https:\/\/hawos.de\/da\/wp-json\/wp\/v2\/users\/2"}],"replies":[{"embeddable":true,"href":"https:\/\/hawos.de\/da\/wp-json\/wp\/v2\/comments?post=18934"}],"version-history":[{"count":0,"href":"https:\/\/hawos.de\/da\/wp-json\/wp\/v2\/pages\/18934\/revisions"}],"wp:attachment":[{"href":"https:\/\/hawos.de\/da\/wp-json\/wp\/v2\/media?parent=18934"}],"curies":[{"name":"wp","href":"https:\/\/api.w.org\/{rel}","templated":true}]}}