{"id":18933,"date":"2010-11-02T10:57:16","date_gmt":"2010-11-02T09:57:16","guid":{"rendered":"https:\/\/hawos.de\/was-kann-gemahlen-werden\/"},"modified":"2020-12-10T14:06:48","modified_gmt":"2020-12-10T13:06:48","slug":"was-kann-gemahlen-werden","status":"publish","type":"page","link":"https:\/\/hawos.de\/da\/was-kann-gemahlen-werden\/","title":{"rendered":"Was kann gemahlen werden"},"content":{"rendered":"\n<p style=\"border-collapse: collapse; color: #434941; font-family: Arial, Helvetica, sans-serif;\"><span style=\"font-size: 110%;\"><strong>Hvad kan males?<\/strong><\/span><\/p>\n<p style=\"border-collapse: collapse; color: #434941; font-family: Arial, Helvetica, sans-serif;\">I princippet kan alle t\u00f8rre korn formales til forskellige grader af finhed.<\/p>\n<p style=\"border-collapse: collapse; color: #434941; font-family: Arial, Helvetica, sans-serif;\"><strong>Med den fineste indstilling:<\/strong><\/p>\n<p style=\"border-collapse: collapse; color: #434941; font-family: Arial, Helvetica, sans-serif;\">Amaranth, boghvede, einkorn, emmer, byg, gr\u00f8n spelt, h\u00e5rd hvede, hirse, kamut, majs, quinoa, ris, sojab\u00f8nner og hvede.<\/p>\n<p style=\"border-collapse: collapse; color: #434941; font-family: Arial, Helvetica, sans-serif;\"><strong>Med fin til medium indstilling:<\/strong><\/p>\n<p style=\"border-collapse: collapse; color: #434941; font-family: Arial, Helvetica, sans-serif;\">\u00c6rter, havre, kik\u00e6rter og rug.<\/p>\n<p style=\"border-collapse: collapse; color: #434941; font-family: Arial, Helvetica, sans-serif;\">Olieholdige fr\u00f8, s\u00e5som sesam- eller valmuefr\u00f8, kan tilstoppe de \u00e5bne porer i slibestenene med den undslippende olie og dermed sm\u00f8re kv\u00e6rnen. Fr\u00f8, der indeholder olie, skal derfor kun formales sammen med t\u00f8rt korn (i et forhold p\u00e5 50:50).<\/p>\n<p style=\"border-collapse: collapse; color: #434941; font-family: Arial, Helvetica, sans-serif;\">Glutenfri korn s\u00e5som boghvede, majs, quinoa eller ris kan formales i den fineste indstilling.<\/p>\n<p>T\u00f8rre og h\u00e6ldbare urter og krydderier kan males blandet med kornet.<\/p>\n<p>Hvis du har andre krav eller anden genindl\u00e6sning, bedes du kontakte os.<\/p>\n<p>Listen over muligheder er enorm!<\/p>\n\n","protected":false},"excerpt":{"rendered":"","protected":false},"author":2,"featured_media":0,"parent":0,"menu_order":4,"comment_status":"closed","ping_status":"closed","template":"","meta":{"_acf_changed":false,"_glsr_average":0,"_glsr_ranking":0,"_glsr_reviews":0,"footnotes":""},"class_list":["post-18933","page","type-page","status-publish","hentry"],"acf":[],"_links":{"self":[{"href":"https:\/\/hawos.de\/da\/wp-json\/wp\/v2\/pages\/18933","targetHints":{"allow":["GET"]}}],"collection":[{"href":"https:\/\/hawos.de\/da\/wp-json\/wp\/v2\/pages"}],"about":[{"href":"https:\/\/hawos.de\/da\/wp-json\/wp\/v2\/types\/page"}],"author":[{"embeddable":true,"href":"https:\/\/hawos.de\/da\/wp-json\/wp\/v2\/users\/2"}],"replies":[{"embeddable":true,"href":"https:\/\/hawos.de\/da\/wp-json\/wp\/v2\/comments?post=18933"}],"version-history":[{"count":0,"href":"https:\/\/hawos.de\/da\/wp-json\/wp\/v2\/pages\/18933\/revisions"}],"wp:attachment":[{"href":"https:\/\/hawos.de\/da\/wp-json\/wp\/v2\/media?parent=18933"}],"curies":[{"name":"wp","href":"https:\/\/api.w.org\/{rel}","templated":true}]}}