{"id":18931,"date":"2010-11-30T15:34:24","date_gmt":"2010-11-30T14:34:24","guid":{"rendered":"https:\/\/hawos.de\/demontage\/"},"modified":"2010-11-30T15:34:24","modified_gmt":"2010-11-30T14:34:24","slug":"demontage","status":"publish","type":"page","link":"https:\/\/hawos.de\/da\/demontage\/","title":{"rendered":"Demontage"},"content":{"rendered":"\n<h1>Demontage der hawos-M\u00fchlen<\/h1>\n<p>Ob aus reiner Neugier, zur gr\u00fcndlichen Reinigung oder zum Pr\u00fcfen der Steine k\u00f6nnen Sie die M\u00fchle selbst zerlegen und wieder zusammensetzen. Sie finden daf\u00fcr eine Schritt-f\u00fcr-Schritt-Anweisung in ihrer Bedienungsanleitung.<\/p>\n<p>Das Zerlegen einer M\u00fchle ist nur n\u00f6tig, falls Fremdk\u00f6rper in das Mahlwerk geraten sind oder Sie die Mahlsteine nach vielen Jahren wechseln wollen. Die Korund-Keramik-Steine, die wir verwenden, sind sehr hart und halten bei normaler Nutzung ein Leben lang.<\/p>\n<p>\u00a0<\/p>\n<p><a href=\"https:\/\/hawos.de\/da\/anleitungen\/\">Bedienungsanleitungen<\/a>\u00a0&#8211; Hier finden Sie alle Anleitungen zum Download.<\/p>\n<p><a href=\"https:\/\/hawos.de\/da\/video-anleitungen\/\">Video Anleitungen<\/a>\u00a0&#8211;\u00a0Hier finden Sie hilfreiche Videos zum zerlegen der hawos M\u00fchlen.<\/p>\n\n","protected":false},"excerpt":{"rendered":"<p>Demontage der hawos-M\u00fchlen Ob aus reiner Neugier, zur gr\u00fcndlichen Reinigung oder zum Pr\u00fcfen der Steine k\u00f6nnen Sie die M\u00fchle selbst zerlegen und wieder zusammensetzen. Sie finden daf\u00fcr eine Schritt-f\u00fcr-Schritt-Anweisung in ihrer Bedienungsanleitung. Das Zerlegen einer M\u00fchle ist nur n\u00f6tig, falls Fremdk\u00f6rper in das Mahlwerk geraten sind oder Sie die Mahlsteine nach vielen Jahren wechseln wollen. [&#8230;]\n","protected":false},"author":2,"featured_media":0,"parent":0,"menu_order":5,"comment_status":"closed","ping_status":"closed","template":"","meta":{"_acf_changed":false,"_glsr_average":0,"_glsr_ranking":0,"_glsr_reviews":0,"footnotes":""},"class_list":["post-18931","page","type-page","status-publish","hentry"],"acf":[],"_links":{"self":[{"href":"https:\/\/hawos.de\/da\/wp-json\/wp\/v2\/pages\/18931","targetHints":{"allow":["GET"]}}],"collection":[{"href":"https:\/\/hawos.de\/da\/wp-json\/wp\/v2\/pages"}],"about":[{"href":"https:\/\/hawos.de\/da\/wp-json\/wp\/v2\/types\/page"}],"author":[{"embeddable":true,"href":"https:\/\/hawos.de\/da\/wp-json\/wp\/v2\/users\/2"}],"replies":[{"embeddable":true,"href":"https:\/\/hawos.de\/da\/wp-json\/wp\/v2\/comments?post=18931"}],"version-history":[{"count":0,"href":"https:\/\/hawos.de\/da\/wp-json\/wp\/v2\/pages\/18931\/revisions"}],"wp:attachment":[{"href":"https:\/\/hawos.de\/da\/wp-json\/wp\/v2\/media?parent=18931"}],"curies":[{"name":"wp","href":"https:\/\/api.w.org\/{rel}","templated":true}]}}