{"id":18930,"date":"2010-11-30T15:41:43","date_gmt":"2010-11-30T14:41:43","guid":{"rendered":"https:\/\/hawos.de\/ersatzteile\/"},"modified":"2024-06-10T11:00:29","modified_gmt":"2024-06-10T09:00:29","slug":"ersatzteile","status":"publish","type":"page","link":"https:\/\/hawos.de\/da\/ersatzteile\/","title":{"rendered":"Ersatzteile"},"content":{"rendered":"<h1>Ersatzteile f\u00fcr hawos Getreidem\u00fchlen<\/h1>\n<p>Wir haben nahezu alle Ersatzteile f\u00fcr hawos-M\u00fchlen auf Lager &#8211; egal wie alt Ihre M\u00fchle ist.<br \/>\nDies ist Teil unserer Firmenphilosophie. In der heutigen Wegwerf-Gesellschaft wird unn\u00f6tig M\u00fcll generiert, und nur noch wenig repariert.\u00a0 Wir reparieren Ihre M\u00fchle oder k\u00f6nnen Ihnen die gew\u00fcnschten Ersatzteile zusenden.\u00a0 Unsere Servicemitarbeiter helfen Ihnen gerne weiter, falls Sie weitere Informationen bez\u00fcglich Ihrer hawos-M\u00fchle ben\u00f6tigen.<\/p>\n<div class=\"row\"  id=\"row-404416862\">\n\n\t<div id=\"col-999012610\" class=\"col medium-6 small-12 large-6\"  >\n\t\t\t\t<div class=\"col-inner\"  >\n\t\t\t\n\t\t\t\n<h3>Technischer Support<\/h3>\n<p>Ersatzteile \/ Tel. Reparaturassistent<br \/>\nTel.: <a href=\"tel:+4961724012040\">+49 (0)6172 4012040<\/a><\/p>\n\t\t<\/div>\n\t\t\t\t\t<\/div>\n\n\t\n\n\t<div id=\"col-755660058\" class=\"col medium-6 small-12 large-6\"  >\n\t\t\t\t<div class=\"col-inner\"  >\n\t\t\t\n\t\t\t\n\t<div class=\"img has-hover x md-x lg-x y md-y lg-y\" id=\"image_1099319902\">\n\t\t\t\t\t\t\t\t<div class=\"img-inner dark\" >\n\t\t\t<img decoding=\"async\" width=\"378\" height=\"529\" src=\"https:\/\/hawos.de\/wp-content\/uploads\/2009\/12\/muehle1_innen.jpg\" class=\"attachment-large size-large\" alt=\"\" srcset=\"https:\/\/hawos.de\/wp-content\/uploads\/2009\/12\/muehle1_innen.jpg 378w, https:\/\/hawos.de\/wp-content\/uploads\/2009\/12\/muehle1_innen-286x400.jpg 286w\" sizes=\"(max-width: 378px) 100vw, 378px\" title=\"\">\t\t\t\t\t\t\n\t\t\t\t\t<\/div>\n\t\t\t\t\t\t\t\t\n<style>\n#image_1099319902 {\n  width: 100%;\n}\n<\/style>\n\t<\/div>\n\t\n\t\t<\/div>\n\t\t\t\t\t<\/div>\n\n\t\n<\/div>\n","protected":false},"excerpt":{"rendered":"<p>Ersatzteile f\u00fcr hawos Getreidem\u00fchlen Wir haben nahezu alle Ersatzteile f\u00fcr hawos-M\u00fchlen auf Lager &#8211; egal wie alt Ihre M\u00fchle ist. Dies ist Teil unserer Firmenphilosophie. In der heutigen Wegwerf-Gesellschaft wird unn\u00f6tig M\u00fcll generiert, und nur noch wenig repariert.\u00a0 Wir reparieren Ihre M\u00fchle oder k\u00f6nnen Ihnen die gew\u00fcnschten Ersatzteile zusenden.\u00a0 Unsere Servicemitarbeiter helfen Ihnen gerne weiter, [&#8230;]\n","protected":false},"author":2,"featured_media":0,"parent":0,"menu_order":4,"comment_status":"closed","ping_status":"closed","template":"","meta":{"_acf_changed":false,"_glsr_average":0,"_glsr_ranking":0,"_glsr_reviews":0,"footnotes":""},"class_list":["post-18930","page","type-page","status-publish","hentry"],"acf":[],"_links":{"self":[{"href":"https:\/\/hawos.de\/da\/wp-json\/wp\/v2\/pages\/18930","targetHints":{"allow":["GET"]}}],"collection":[{"href":"https:\/\/hawos.de\/da\/wp-json\/wp\/v2\/pages"}],"about":[{"href":"https:\/\/hawos.de\/da\/wp-json\/wp\/v2\/types\/page"}],"author":[{"embeddable":true,"href":"https:\/\/hawos.de\/da\/wp-json\/wp\/v2\/users\/2"}],"replies":[{"embeddable":true,"href":"https:\/\/hawos.de\/da\/wp-json\/wp\/v2\/comments?post=18930"}],"version-history":[{"count":0,"href":"https:\/\/hawos.de\/da\/wp-json\/wp\/v2\/pages\/18930\/revisions"}],"wp:attachment":[{"href":"https:\/\/hawos.de\/da\/wp-json\/wp\/v2\/media?parent=18930"}],"curies":[{"name":"wp","href":"https:\/\/api.w.org\/{rel}","templated":true}]}}