{"id":18929,"date":"2010-11-30T15:42:14","date_gmt":"2010-11-30T14:42:14","guid":{"rendered":"https:\/\/hawos.de\/wartung\/"},"modified":"2026-01-06T11:01:51","modified_gmt":"2026-01-06T10:01:51","slug":"wartung","status":"publish","type":"page","link":"https:\/\/hawos.de\/da\/wartung\/","title":{"rendered":"Wartung"},"content":{"rendered":"\r\n<p>hawos Getreidem\u00fchlen sind zu 100% wartungsfrei, jedoch pr\u00fcfen wir Ihre M\u00fchle gerne falls Sie das w\u00fcnschen.<\/p>\r\n<h3>Was wird bei der Wartung gemacht?<\/h3>\r\n<p>Es kommt im Einzelnen auf das eingeschickte Modell an.\u00a0\u00a0Grunds\u00e4tzlich wird jede Maschine probegemahlen und dabei auf Leistung und Mehlfeinheit getestet. Ein Hochspannungstest (Schutzleitertest) wird durchgef\u00fchrt und der Kondensator \u00a0gepr\u00fcft. Die allgemeine Verstellbarkeit sowie Schalter und Netzkabel werden kontrolliert, das Geh\u00e4use gesichtet und eventuell neu ge\u00f6lt. Kurz: alle Komponenten werden gecheckt.<\/p>\r\n<p>Je nach Absprache mit dem Kunden wird ein Kostenvoranschlag f\u00fcr den Austausch eventuell defekter Teile erstellt oder die M\u00fchle sofort wieder versandfertig gemacht.<\/p>\r\n<p>Wenn Sie den Eindruck haben, dass Ihre Getreidem\u00fchle langsamer mahlt als fr\u00fcher oder nicht mehr fein genug, z\u00f6gern Sie nicht: Kontaktieren Sie uns per Mail unter\u00a0<a href=\"mailto:service@hawos.de\">service@hawos.de<\/a> oder telefonisch unter 06172 40120-40.<\/p>\r\n","protected":false},"excerpt":{"rendered":"<p>hawos Getreidem\u00fchlen sind zu 100% wartungsfrei, jedoch pr\u00fcfen wir Ihre M\u00fchle gerne falls Sie das w\u00fcnschen. Was wird bei der Wartung gemacht? Es kommt im Einzelnen auf das eingeschickte Modell an.\u00a0\u00a0Grunds\u00e4tzlich wird jede Maschine probegemahlen und dabei auf Leistung und Mehlfeinheit getestet. Ein Hochspannungstest (Schutzleitertest) wird durchgef\u00fchrt und der Kondensator \u00a0gepr\u00fcft. Die allgemeine Verstellbarkeit sowie [&#8230;]\n","protected":false},"author":2,"featured_media":0,"parent":0,"menu_order":3,"comment_status":"closed","ping_status":"closed","template":"","meta":{"_acf_changed":false,"_glsr_average":0,"_glsr_ranking":0,"_glsr_reviews":0,"footnotes":""},"class_list":["post-18929","page","type-page","status-publish","hentry"],"acf":[],"_links":{"self":[{"href":"https:\/\/hawos.de\/da\/wp-json\/wp\/v2\/pages\/18929","targetHints":{"allow":["GET"]}}],"collection":[{"href":"https:\/\/hawos.de\/da\/wp-json\/wp\/v2\/pages"}],"about":[{"href":"https:\/\/hawos.de\/da\/wp-json\/wp\/v2\/types\/page"}],"author":[{"embeddable":true,"href":"https:\/\/hawos.de\/da\/wp-json\/wp\/v2\/users\/2"}],"replies":[{"embeddable":true,"href":"https:\/\/hawos.de\/da\/wp-json\/wp\/v2\/comments?post=18929"}],"version-history":[{"count":1,"href":"https:\/\/hawos.de\/da\/wp-json\/wp\/v2\/pages\/18929\/revisions"}],"predecessor-version":[{"id":32836,"href":"https:\/\/hawos.de\/da\/wp-json\/wp\/v2\/pages\/18929\/revisions\/32836"}],"wp:attachment":[{"href":"https:\/\/hawos.de\/da\/wp-json\/wp\/v2\/media?parent=18929"}],"curies":[{"name":"wp","href":"https:\/\/api.w.org\/{rel}","templated":true}]}}