{"id":18916,"date":"2012-10-11T17:53:47","date_gmt":"2012-10-11T15:53:47","guid":{"rendered":"https:\/\/hawos.de\/video-anleitungen\/"},"modified":"2012-10-11T17:53:47","modified_gmt":"2012-10-11T15:53:47","slug":"video-anleitungen","status":"publish","type":"page","link":"https:\/\/hawos.de\/da\/video-anleitungen\/","title":{"rendered":"Video Anleitungen"},"content":{"rendered":"\n<p>Hier finden Sie eine Liste mit Videos welche ihnen hilft ihre M\u00fchle genauer kennen zu lernen.<\/p>\n<p>Sollten Sie fragen haben rufen Sie uns bitte an. \u00a0Wir helfen ihnen gerne.<\/p>\n<h3><span style=\"font-size: 100%;\"><strong>hawos Getreidem\u00fchle Demontage &#8211; Billy Queen M\u00fchle\u00a0<\/strong><\/span><\/h3>\n<p>Sie k\u00f6nnen sich hier das Video eines unserer kleinsten Fans anschauen. Wir haben das Video auf Richtigkeit gepr\u00fcft und k\u00f6nnen es Ihnen herzlich empfehlen.<\/p>\n<p><a href=\"http:\/\/www.youtube.com\/watch?v=xo8cV81W4Ls&amp;feature=fvwrel\" target=\"_blank\" rel=\"noopener noreferrer\">Video &#8211; Demontage<\/a><\/p>\n<h3>Mahlwerk zerlegen<\/h3>\n<p>Bitte f\u00fchren Sie dies nur durch wenn unser Techniker ihnen dazu geraten hat. \u00a0Es kommt nur sehr selten vor das es n\u00f6tig ist das Mahlwerk zu zerlegen.<\/p>\n<p><a href=\"http:\/\/www.youtube.com\/watch?v=ymG3qIzxqII\" target=\"_blank\" rel=\"noopener noreferrer\">Video &#8211; Mahlwerk Zerlegen<\/a><\/p>\n<p>\u00a0<\/p>\n\n","protected":false},"excerpt":{"rendered":"<p>Hier finden Sie eine Liste mit Videos welche ihnen hilft ihre M\u00fchle genauer kennen zu lernen. Sollten Sie fragen haben rufen Sie uns bitte an. \u00a0Wir helfen ihnen gerne. hawos Getreidem\u00fchle Demontage &#8211; Billy Queen M\u00fchle\u00a0 Sie k\u00f6nnen sich hier das Video eines unserer kleinsten Fans anschauen. Wir haben das Video auf Richtigkeit gepr\u00fcft und [&#8230;]\n","protected":false},"author":2,"featured_media":0,"parent":0,"menu_order":1,"comment_status":"closed","ping_status":"closed","template":"","meta":{"_acf_changed":false,"_glsr_average":0,"_glsr_ranking":0,"_glsr_reviews":0,"footnotes":""},"class_list":["post-18916","page","type-page","status-publish","hentry"],"acf":[],"_links":{"self":[{"href":"https:\/\/hawos.de\/da\/wp-json\/wp\/v2\/pages\/18916","targetHints":{"allow":["GET"]}}],"collection":[{"href":"https:\/\/hawos.de\/da\/wp-json\/wp\/v2\/pages"}],"about":[{"href":"https:\/\/hawos.de\/da\/wp-json\/wp\/v2\/types\/page"}],"author":[{"embeddable":true,"href":"https:\/\/hawos.de\/da\/wp-json\/wp\/v2\/users\/2"}],"replies":[{"embeddable":true,"href":"https:\/\/hawos.de\/da\/wp-json\/wp\/v2\/comments?post=18916"}],"version-history":[{"count":0,"href":"https:\/\/hawos.de\/da\/wp-json\/wp\/v2\/pages\/18916\/revisions"}],"wp:attachment":[{"href":"https:\/\/hawos.de\/da\/wp-json\/wp\/v2\/media?parent=18916"}],"curies":[{"name":"wp","href":"https:\/\/api.w.org\/{rel}","templated":true}]}}