{"id":18913,"date":"2014-07-21T14:33:30","date_gmt":"2014-07-21T12:33:30","guid":{"rendered":"https:\/\/hawos.de\/produktion\/"},"modified":"2024-03-06T12:18:26","modified_gmt":"2024-03-06T11:18:26","slug":"produktion","status":"publish","type":"page","link":"https:\/\/hawos.de\/da\/produktion\/","title":{"rendered":"Produktion"},"content":{"rendered":"<p style=\"text-align: left;\"><span style=\"font-size: 14pt;\">Wie werden hawos Getreidem\u00fchlen gebaut?<\/span><\/p>\n<p style=\"text-align: left;\"><span style=\"font-size: 14pt;\">Die Frage wollen wir mit diesem Film beantworten.<\/span><\/p>\n<div style=\"width: 640px;\" class=\"wp-video\"><video class=\"wp-video-shortcode\" id=\"video-18913-1\" width=\"640\" height=\"360\" preload=\"metadata\" controls=\"controls\"><source type=\"video\/mp4\" src=\"https:\/\/hawos.de\/wp-content\/uploads\/videos\/hawos_Produktionsfilm.mp4?_=1\" \/><a href=\"https:\/\/hawos.de\/wp-content\/uploads\/videos\/hawos_Produktionsfilm.mp4\">https:\/\/hawos.de\/wp-content\/uploads\/videos\/hawos_Produktionsfilm.mp4<\/a><\/video><\/div>\n<p style=\"text-align: left;\"><a title=\"Produktionsfilm\" href=\"\/wp-content\/uploads\/videos\/hawos_Produktionsfilm.mp4\" target=\"_blank\" rel=\"noopener\">Unseren Produktionsfilm gibt es auch hier als download im mp4 Format.<\/a><\/p>\n<p><span style=\"font-size: 13px; line-height: 1.5;\">Von der Holzbearbeitung \u00fcber die Montage der Einzelteile bis zur Verpackung.<\/span><\/p>\n<p>Im integrativen Werk der gesch\u00fctzten Werkst\u00e4tte werden viele der hawos-Modelle gebaut.<br \/>\nEntwicklung, Qualit\u00e4tskontrolle, Verkauf und Service finden im Stammhaus in Bad Homburg statt.<\/p>\n<p>&nbsp;<\/p>\n<p>&nbsp;<\/p>\n","protected":false},"excerpt":{"rendered":"<p>Wie werden hawos Getreidem\u00fchlen gebaut? Die Frage wollen wir mit diesem Film beantworten. Unseren Produktionsfilm gibt es auch hier als download im mp4 Format. Von der Holzbearbeitung \u00fcber die Montage der Einzelteile bis zur Verpackung. Im integrativen Werk der gesch\u00fctzten Werkst\u00e4tte werden viele der hawos-Modelle gebaut. Entwicklung, Qualit\u00e4tskontrolle, Verkauf und Service finden im Stammhaus in [&#8230;]\n","protected":false},"author":3,"featured_media":19166,"parent":0,"menu_order":0,"comment_status":"closed","ping_status":"closed","template":"","meta":{"_acf_changed":false,"_glsr_average":0,"_glsr_ranking":0,"_glsr_reviews":0,"footnotes":""},"class_list":["post-18913","page","type-page","status-publish","has-post-thumbnail","hentry"],"acf":[],"_links":{"self":[{"href":"https:\/\/hawos.de\/da\/wp-json\/wp\/v2\/pages\/18913","targetHints":{"allow":["GET"]}}],"collection":[{"href":"https:\/\/hawos.de\/da\/wp-json\/wp\/v2\/pages"}],"about":[{"href":"https:\/\/hawos.de\/da\/wp-json\/wp\/v2\/types\/page"}],"author":[{"embeddable":true,"href":"https:\/\/hawos.de\/da\/wp-json\/wp\/v2\/users\/3"}],"replies":[{"embeddable":true,"href":"https:\/\/hawos.de\/da\/wp-json\/wp\/v2\/comments?post=18913"}],"version-history":[{"count":0,"href":"https:\/\/hawos.de\/da\/wp-json\/wp\/v2\/pages\/18913\/revisions"}],"wp:featuredmedia":[{"embeddable":true,"href":"https:\/\/hawos.de\/da\/wp-json\/wp\/v2\/media\/19166"}],"wp:attachment":[{"href":"https:\/\/hawos.de\/da\/wp-json\/wp\/v2\/media?parent=18913"}],"curies":[{"name":"wp","href":"https:\/\/api.w.org\/{rel}","templated":true}]}}