{"id":18894,"date":"2020-02-19T15:42:21","date_gmt":"2020-02-19T14:42:21","guid":{"rendered":"https:\/\/hawos.de\/affiliate-programm\/"},"modified":"2020-12-18T13:19:08","modified_gmt":"2020-12-18T12:19:08","slug":"affiliate-programm","status":"publish","type":"page","link":"https:\/\/hawos.de\/da\/affiliate-programm\/","title":{"rendered":"Affiliate Programm"},"content":{"rendered":"\n\n\n\n  <div class=\"banner has-hover\" id=\"banner-1575326276\">\n          <div class=\"banner-inner fill\">\n        <div class=\"banner-bg fill\" >\n                                    <div class=\"overlay\"><\/div>            \n                    <\/div>\n\t\t\n        <div class=\"banner-layers container\">\n            <div class=\"fill banner-link\"><\/div>            \n\n<\/p>\n   <div id=\"text-box-2028508192\" class=\"text-box banner-layer x50 md-x50 lg-x50 y50 md-y50 lg-y50 res-text\">\n                                <div class=\"text-box-content text dark\">\n              \n              <div class=\"text-inner text-center\">\n                  \n\n<\/p>\n<h3 class=\"LC20lb\">Kunden werben und Geld verdienen<\/h3>\n<h5>Empfehlen Sie die Produkte aus unserem Shop \u00fcber Ihre Website oder Ihren Blog und verdienen Sie 7% Provision mit jeder Bestellung!<\/h5>\n<p>\n\n              <\/div>\n           <\/div>\n                            \n<style>\n#text-box-2028508192 {\n  width: 60%;\n}\n#text-box-2028508192 .text-box-content {\n  font-size: 100%;\n}\n<\/style>\n    <\/div>\n \n<p>\n\n        <\/div>\n      <\/div>\n\n            \n<style>\n#banner-1575326276 {\n  padding-top: 300px;\n}\n#banner-1575326276 .overlay {\n  background-color: rgba(0,0,0,.5);\n}\n#banner-1575326276 .banner-bg img {\n  object-position: 55% 0%;\n}\n<\/style>\n  <\/div>\n\n\n<p>\u00a0<\/p>\n<h1 class=\"title\">Affiliate Programm<\/h1>\n<h3>So einfach funktioniert das Partnerprogramm:<\/h3>\n<p>Sie machen auf Ihrer Website Werbung f\u00fcr unsere Produkte durch einen Werbebanner oder Link und f\u00fcr jeden Kauf, welcher \u00fcber diese Werbung zustande kommt (und nicht sp\u00e4ter storniert wird), zahlt Ihnen hawos GmbH eine Provision. Die Anmeldung und Teilnahme am Partnerprogramm ist kostenlos.<\/p>\n<p><strong>So geht\u2019s:<\/strong><\/p>\n<ol>\n<li>Sie setzen einen Werbebanner oder Link auf Ihre Webseite welcher zu unserer Webseite f\u00fchrt.<\/li>\n<li><span style=\"color: #555555;\">Der potenzielle K\u00e4ufer klickt auf den Link\/Banner<\/span><\/li>\n<li><span style=\"color: #555555;\">Der potenzielle Kunde wird daraufhin auf unseren Shop geleitet<\/span><\/li>\n<li><span style=\"color: #555555;\">Wenn der Kunde etwas in unserem Shop kauft zahlt hawos GmbH Ihnen eine Provision.<\/span><\/li>\n<\/ol>\n<h3>Nehmen Sie an unserem Partner\/Affiliate-Programm teil<\/h3>\n<p>Klicken Sie auf \u201eRegistrieren\u201c und f\u00fcllen Sie das Anmeldeformular aus. Mit der Anmeldung zum Partnerprogramm erstellen Sie automatisch ein Benutzerkonto auf dieser Webseite. \u00a0Bevor Sie sich zum ersten Mal in unser Partnerprogramm einloggen k\u00f6nnen m\u00fcssen Sie den Aktivierungslink in Ihrer Willkommens-E-Mail best\u00e4tigen.<\/p>\n<p>Wenn Sie bereits ein Konto auf dieser Domain haben, melden Sie sich bitte mit Ihren Login-Daten ein. Sollten Sie mehrere Webseiten haben k\u00f6nnen Sie sich auch mit weiteren E-Mail-Adressen f\u00fcr das Partnerprogramm registrieren.<\/p>\n<h3>Vorgefertigte Links &amp; Banner<\/h3>\n<p>In Ihrem Affiliate-Bereich finden Sie verschiedene Textlinks und Banner zur Verwendung auf Ihrer Webseite. Kopieren Sie einfach den HTML-Code auf Ihrer Website welche das Tracking der Verk\u00e4ufe und die Berechnung Ihrer Provisionen erlaubt.<\/p>\n<p>Sobald ein Besucher auf die Werbung auf Ihrer Website klickt, wird er direkt zu unserem Online-Shop geleitet. Es wird dann ein 30-T\u00e4gier Cookie hinterlegt. \u00a0Kauft dieser Besucher innerhalb von 30 Tagen etwas in unserem Online-Shop, erhalten Sie auf diese Bestellung eine Provision. Ein tracking ist nicht m\u00f6glich wenn der Kunde \u201aDo not track\u2018 aktiviert hat. \u00a0In unserem Affiliate-System k\u00f6nnen Sie sehen wie oft Besucher auf Ihre Werbung klicken, und so verschiedene Link-Texte und Banner testen und herausfinden welche Ihnen die meisten Klicks und Ums\u00e4tze bringen!<\/p>\n<p>F\u00fcr jeden Kauf, der \u00fcber die Vermittlung Ihrer Website erfolgt ist \u2013 und der nicht innerhalb von 30 Tagen storniert wird \u2013 zahlen wir Ihnen eine Provision von 7% auf den Nettoverkaufspreis. Die Auszahlung Ihrer Provisionen kann per \u00dcberweisung auf Ihr Bankkonto oder per PayPal erfolgen. \u00a0Die Auszahlung geschieht 2 Monate nach qualifiziertem Verkauf (aufgerundet auf den letzten Tag im Monat). \u00a0Beispiel: S\u00e4mtliche Verk\u00e4ufe im Februar werden am 30. April ausgezahlt. \u00a0Unsere Allgemeinen Gesch\u00e4ftsbedingungen finden Sie <a href=\"https:\/\/hawos.de\/nutzungsbedingungen-partner-programm\/\">hier<\/a>.<\/p>\n<p>Wenn Sie Fragen zu unserem Partnerprogramm haben, wenden Sie sich bitte an <a href=\"mailto:partnerprogramm@hawos.de\">partnerprogramm@hawos.de<\/a>.<\/p>\n<p>\u00a0<\/p>\n<a href=\"\/affiliate-bereich\/\" class=\"button secondary is-outline\" style=\"border-radius:10px;\">\n\t\t<span>Registrieren<\/span>\n\t<\/a>\n\n\n<\/p>\n<p>Sie sind bereits Partner? <strong><a href=\"\/affiliate-bereich\/\">Log-in<\/a><\/strong><\/p>\n<div><\/div>\n\n","protected":false},"excerpt":{"rendered":"","protected":false},"author":28,"featured_media":0,"parent":0,"menu_order":0,"comment_status":"closed","ping_status":"closed","template":"","meta":{"_acf_changed":false,"_glsr_average":0,"_glsr_ranking":0,"_glsr_reviews":0,"footnotes":""},"class_list":["post-18894","page","type-page","status-publish","hentry"],"acf":[],"_links":{"self":[{"href":"https:\/\/hawos.de\/da\/wp-json\/wp\/v2\/pages\/18894","targetHints":{"allow":["GET"]}}],"collection":[{"href":"https:\/\/hawos.de\/da\/wp-json\/wp\/v2\/pages"}],"about":[{"href":"https:\/\/hawos.de\/da\/wp-json\/wp\/v2\/types\/page"}],"author":[{"embeddable":true,"href":"https:\/\/hawos.de\/da\/wp-json\/wp\/v2\/users\/28"}],"replies":[{"embeddable":true,"href":"https:\/\/hawos.de\/da\/wp-json\/wp\/v2\/comments?post=18894"}],"version-history":[{"count":0,"href":"https:\/\/hawos.de\/da\/wp-json\/wp\/v2\/pages\/18894\/revisions"}],"wp:attachment":[{"href":"https:\/\/hawos.de\/da\/wp-json\/wp\/v2\/media?parent=18894"}],"curies":[{"name":"wp","href":"https:\/\/api.w.org\/{rel}","templated":true}]}}