{"id":18893,"date":"2020-06-22T18:44:37","date_gmt":"2020-06-22T16:44:37","guid":{"rendered":"https:\/\/hawos.de\/rueckversand\/"},"modified":"2021-02-04T10:35:01","modified_gmt":"2021-02-04T09:35:01","slug":"rueckversand","status":"publish","type":"page","link":"https:\/\/hawos.de\/da\/rueckversand\/","title":{"rendered":"R\u00fcckversand"},"content":{"rendered":"\n<p>Sollten Sie Ihre M\u00fchle im Originalkarton einsenden, dann bitte befolgen Sie die unten stehenden Schritte um die M\u00fchle f\u00fcr den Transport gut zu sichern.  Versanddienstleister kommen nur f\u00fcr Sch\u00e4den auf wenn bewiesen werden kann das die Verpackte Ware einen Sturz von mindestens 1m h\u00f6he \u00fcberstehen sollte.  Hier also eine Anleitung wie die M\u00fchle im Normalfall 100% Schadensfrei bei uns eintrifft.<br><br>1. Transportsicherungsschrauben<br>Wenn Sie eine hawos Novum haben, k\u00f6nnen Sie diesen Schritt \u00fcberspringen.<br>Wir haben einen elastischen Aufbau entwickelt, bei dem Motor und Mahlwerk nicht direkt mit dem Holzgeh\u00e4use in Kontakt kommt was die M\u00fchle dadurch um ein vielfaches leiser macht.  F\u00fcr den Versand ist es jedoch wichtig die Mahlkammer mit 3 Schrauben mit dem Holzgeh\u00e4use zu verschrauben. Dies schrauben k\u00f6nnen Sie egal in welche der L\u00f6cher schrauben in dem Schwarzen Ring.<br><\/p>\n\n\n\n<figure class=\"wp-block-image size-large\"><img decoding=\"async\" width=\"811\" height=\"800\" src=\"https:\/\/hawos.de\/wp-content\/uploads\/2020\/06\/transportschrauben-811x800.png\" alt=\"\" class=\"wp-image-12909\" title=\"\" srcset=\"https:\/\/hawos.de\/wp-content\/uploads\/2020\/06\/transportschrauben-811x800.png 811w, https:\/\/hawos.de\/wp-content\/uploads\/2020\/06\/transportschrauben-406x400.png 406w, https:\/\/hawos.de\/wp-content\/uploads\/2020\/06\/transportschrauben-768x757.png 768w, https:\/\/hawos.de\/wp-content\/uploads\/2020\/06\/transportschrauben-400x394.png 400w, https:\/\/hawos.de\/wp-content\/uploads\/2020\/06\/transportschrauben-510x503.png 510w, https:\/\/hawos.de\/wp-content\/uploads\/2020\/06\/transportschrauben-100x100.png 100w, https:\/\/hawos.de\/wp-content\/uploads\/2020\/06\/transportschrauben.png 1278w\" sizes=\"(max-width: 811px) 100vw, 811px\" \/><figcaption>Der Schwarz Ring muss mit dem Holzgeh\u00e4use verbunden werden.<\/figcaption><\/figure>\n\n\n\n<hr class=\"wp-block-separator\"\/>\n\n\n\n<p>2. Verpackung<br>Unsere Verpackung h\u00e4lt so einiges aus, solange es richtig verpackt wird. Der Mehlauswurf ist im oberen Bereich vom Bild, der Verstellhebel ist links.<\/p>\n\n\n\n<figure class=\"wp-block-image size-large\"><img decoding=\"async\" width=\"600\" height=\"800\" src=\"https:\/\/hawos.de\/wp-content\/uploads\/2020\/06\/hawos-1-600x800.jpg\" alt=\"\" class=\"wp-image-12873\" title=\"\" srcset=\"https:\/\/hawos.de\/wp-content\/uploads\/2020\/06\/hawos-1-600x800.jpg 600w, https:\/\/hawos.de\/wp-content\/uploads\/2020\/06\/hawos-1-300x400.jpg 300w, https:\/\/hawos.de\/wp-content\/uploads\/2020\/06\/hawos-1-768x1024.jpg 768w, https:\/\/hawos.de\/wp-content\/uploads\/2020\/06\/hawos-1-1152x1536.jpg 1152w, https:\/\/hawos.de\/wp-content\/uploads\/2020\/06\/hawos-1-400x533.jpg 400w, https:\/\/hawos.de\/wp-content\/uploads\/2020\/06\/hawos-1-510x680.jpg 510w, https:\/\/hawos.de\/wp-content\/uploads\/2020\/06\/hawos-1-rotated.jpg 1224w\" sizes=\"(max-width: 600px) 100vw, 600px\" \/><figcaption>Schritt 1<\/figcaption><\/figure>\n\n\n\n<figure class=\"wp-block-image size-large\"><img decoding=\"async\" width=\"600\" height=\"800\" src=\"https:\/\/hawos.de\/wp-content\/uploads\/2020\/06\/hawos-2-600x800.jpg\" alt=\"\" class=\"wp-image-12882\" title=\"\" srcset=\"https:\/\/hawos.de\/wp-content\/uploads\/2020\/06\/hawos-2-600x800.jpg 600w, https:\/\/hawos.de\/wp-content\/uploads\/2020\/06\/hawos-2-300x400.jpg 300w, https:\/\/hawos.de\/wp-content\/uploads\/2020\/06\/hawos-2-768x1024.jpg 768w, https:\/\/hawos.de\/wp-content\/uploads\/2020\/06\/hawos-2-1152x1536.jpg 1152w, https:\/\/hawos.de\/wp-content\/uploads\/2020\/06\/hawos-2-400x533.jpg 400w, https:\/\/hawos.de\/wp-content\/uploads\/2020\/06\/hawos-2-510x680.jpg 510w, https:\/\/hawos.de\/wp-content\/uploads\/2020\/06\/hawos-2-rotated.jpg 1224w\" sizes=\"(max-width: 600px) 100vw, 600px\" \/><figcaption>Schritt 2<\/figcaption><\/figure>\n\n\n\n<figure class=\"wp-block-image size-large\"><img decoding=\"async\" width=\"600\" height=\"800\" src=\"https:\/\/hawos.de\/wp-content\/uploads\/2020\/06\/hawos-3-600x800.jpg\" alt=\"\" class=\"wp-image-12891\" title=\"\" srcset=\"https:\/\/hawos.de\/wp-content\/uploads\/2020\/06\/hawos-3-600x800.jpg 600w, https:\/\/hawos.de\/wp-content\/uploads\/2020\/06\/hawos-3-300x400.jpg 300w, https:\/\/hawos.de\/wp-content\/uploads\/2020\/06\/hawos-3-768x1024.jpg 768w, https:\/\/hawos.de\/wp-content\/uploads\/2020\/06\/hawos-3-1152x1536.jpg 1152w, https:\/\/hawos.de\/wp-content\/uploads\/2020\/06\/hawos-3-400x533.jpg 400w, https:\/\/hawos.de\/wp-content\/uploads\/2020\/06\/hawos-3-510x680.jpg 510w, https:\/\/hawos.de\/wp-content\/uploads\/2020\/06\/hawos-3-rotated.jpg 1224w\" sizes=\"(max-width: 600px) 100vw, 600px\" \/><figcaption>Schritt 3<\/figcaption><\/figure>\n\n\n\n<figure class=\"wp-block-image size-large\"><img decoding=\"async\" width=\"600\" height=\"800\" src=\"https:\/\/hawos.de\/wp-content\/uploads\/2020\/06\/hawos-4-600x800.jpg\" alt=\"\" class=\"wp-image-12900\" title=\"\" srcset=\"https:\/\/hawos.de\/wp-content\/uploads\/2020\/06\/hawos-4-600x800.jpg 600w, https:\/\/hawos.de\/wp-content\/uploads\/2020\/06\/hawos-4-300x400.jpg 300w, https:\/\/hawos.de\/wp-content\/uploads\/2020\/06\/hawos-4-768x1024.jpg 768w, https:\/\/hawos.de\/wp-content\/uploads\/2020\/06\/hawos-4-1152x1536.jpg 1152w, https:\/\/hawos.de\/wp-content\/uploads\/2020\/06\/hawos-4-400x533.jpg 400w, https:\/\/hawos.de\/wp-content\/uploads\/2020\/06\/hawos-4-510x680.jpg 510w, https:\/\/hawos.de\/wp-content\/uploads\/2020\/06\/hawos-4-rotated.jpg 1224w\" sizes=\"(max-width: 600px) 100vw, 600px\" \/><figcaption>Schritt 4<\/figcaption><\/figure>\n","protected":false},"excerpt":{"rendered":"<p>Sollten Sie Ihre M\u00fchle im Originalkarton einsenden, dann bitte befolgen Sie die unten stehenden Schritte um die M\u00fchle f\u00fcr den Transport gut zu sichern. Versanddienstleister kommen nur f\u00fcr Sch\u00e4den auf wenn bewiesen werden kann das die Verpackte Ware einen Sturz von mindestens 1m h\u00f6he \u00fcberstehen sollte. Hier also eine Anleitung wie die M\u00fchle im Normalfall [&#8230;]\n","protected":false},"author":1,"featured_media":0,"parent":0,"menu_order":0,"comment_status":"closed","ping_status":"closed","template":"","meta":{"_acf_changed":false,"_glsr_average":0,"_glsr_ranking":0,"_glsr_reviews":0,"footnotes":""},"class_list":["post-18893","page","type-page","status-publish","hentry"],"acf":[],"_links":{"self":[{"href":"https:\/\/hawos.de\/da\/wp-json\/wp\/v2\/pages\/18893","targetHints":{"allow":["GET"]}}],"collection":[{"href":"https:\/\/hawos.de\/da\/wp-json\/wp\/v2\/pages"}],"about":[{"href":"https:\/\/hawos.de\/da\/wp-json\/wp\/v2\/types\/page"}],"author":[{"embeddable":true,"href":"https:\/\/hawos.de\/da\/wp-json\/wp\/v2\/users\/1"}],"replies":[{"embeddable":true,"href":"https:\/\/hawos.de\/da\/wp-json\/wp\/v2\/comments?post=18893"}],"version-history":[{"count":0,"href":"https:\/\/hawos.de\/da\/wp-json\/wp\/v2\/pages\/18893\/revisions"}],"wp:attachment":[{"href":"https:\/\/hawos.de\/da\/wp-json\/wp\/v2\/media?parent=18893"}],"curies":[{"name":"wp","href":"https:\/\/api.w.org\/{rel}","templated":true}]}}