{"id":1463,"date":"2009-12-07T17:53:07","date_gmt":"2009-12-07T16:53:07","guid":{"rendered":"https:\/\/wp.hawos.de\/google_map_easy-id1\/"},"modified":"2021-09-06T15:55:27","modified_gmt":"2021-09-06T13:55:27","slug":"shops","status":"publish","type":"page","link":"https:\/\/hawos.de\/da\/shops\/","title":{"rendered":"Vertriebspunkte"},"content":{"rendered":"\r\n<p>Sie k\u00f6nnen sich hawos Getreidem\u00fchlen im Reformhaus, Naturkostladen oder bei einem Fachh\u00e4ndler f\u00fcr Produkte zur gesunden Ern\u00e4hrung vorf\u00fchren lassen.<\/p>\r\n<p>Einen H\u00e4ndler in Ihrer N\u00e4he k\u00f6nnen wir Ihnen telefonisch oder per E-Mail mitteilen. Sollten Sie bereits Ihre Wunschm\u00fchle ausgesucht haben, k\u00f6nnen wir Ihnen diese auch an den H\u00e4ndler in Ihrer N\u00e4he liefern oder oft auch mitteilen, wer die M\u00fchle vorr\u00e4tig hat. Die unten stehende Landkarte ist nicht vollst\u00e4ndig.<\/p>\r\n<style type=\"text\/css\" id=\"gmpMapStyles_1_90608\">\r\n\t#google_map_easy_1_90608 {\r\n        width: 100%;\r\n        height: 450px;\r\n\t\t\t\t\t\t    }\r\n\t#gmapControlsNum_1_90608 {\r\n\t\twidth:100%\t}\r\n\t.gmpMapDetailsContainer#gmpMapDetailsContainer_1_90608 {\r\n\t\theight:450px;\r\n\t}\r\n\t.gmp_MapPreview#google_map_easy_1_90608 {\r\n\t\t\/*position:absolute;*\/\r\n\t\twidth: 100%;\r\n\t}\r\n\t#mapConElem_1_90608{\r\n\t\twidth: 100%\t}\r\n    .gm-style .gm-style-iw-c{\r\n        padding: 12px!important;\r\n    }\r\n\t    <\/style>\r\n <div class=\"gmp_map_opts\" id=\"mapConElem_1_90608\" data-id=\"1\" data-view-id=\"1_90608\" > <div class=\"gmpMapDetailsContainer\" id=\"gmpMapDetailsContainer_1_90608\"> <i class=\"gmpKMLLayersPreloader fa fa-spinner fa-spin\" aria-hidden=\"true\" style=\"display: none;\"><\/i> <div class=\"gmp_MapPreview \" id=\"google_map_easy_1_90608\"><\/div> <\/div> <div class=\"gmpMapMarkerFilters\" id=\"gmpMapMarkerFilters_1_90608\"> <\/div> <div class=\"gmpMapProControlsCon\" id=\"gmpMapProControlsCon_1_90608\"> <a title=\"Google Maps Wordpress\" style=\"display:none;\" href=\"https:\/\/supsystic.com\/plugins\/google-maps-plugin\/?utm_medium=love_link_hide\" target=\"_blank\" rel=\"noopener\">Google Maps Wordpress<\/a><div style=\"clear: both;\"><\/div> <\/div> <div class=\"gmpMapProDirectionsCon\" id=\"gmpMapProDirectionsCon_1_90608\" > <\/div> <div class=\"gmpMapProKmlFilterCon\" id=\"gmpMapProKmlFilterCon_1_90608\" > <\/div> <div class=\"gmpSocialSharingShell gmpSocialSharingShell_1_90608\"> <\/div> <div style=\"clear: both;\"><\/div> <\/div> \r\n<p>Alternativ k\u00f6nnen Sie hawos Getreidem\u00fchlen auch online bestellen.<\/p>\r\n<p>Wir haben einige zertifizierte Online-H\u00e4ndler, die speziell durch uns geschult wurden und Sie entsprechend beraten k\u00f6nnen.<\/p>\r\n<p><a href=\"https:\/\/jopindo.de\/getreidemuehlen\/hawos\/\" rel=\"noopener\"><img decoding=\"async\" src=\"https:\/\/hawos.de\/wp-content\/uploads\/2009\/12\/Logo-Jopindo-mail.png\" alt=\"Logo Jopindo mail\" width=\"119\" height=\"71\" title=\"\"><\/a><\/p>\r\n<p>Das Start-Up\u00a0<a href=\"https:\/\/jopindo.de\/getreidemuehlen\/hawos\/\" rel=\"noopener\">Jopindo<\/a> ist ein zertifizierter Online-H\u00e4ndler welcher sich auf hawos M\u00fchlen spezialisiert hat und mit gro\u00dfem Fachwissen zu unseren M\u00fchlen Sie bestens beraten kann.<\/p>\r\n<p>&nbsp;<\/p>\r\n<p><strong>weitere authorisierte Fachh\u00e4ndler:<\/strong><\/p>\r\n<p><strong>\u00a0<a href=\"https:\/\/www.prodana.de\/Muehlen\" rel=\"noopener\"><img decoding=\"async\" class=\"\" src=\"https:\/\/hawos.de\/wp-content\/uploads\/2009\/12\/prodana.jpg\" alt=\"prodana\" width=\"182\" height=\"60\" title=\"\"><\/a>\u00a0\u00a0<\/strong><strong>\u00a0\u00a0<\/strong><a href=\"https:\/\/www.wagenstallermuehle.de\/getreidemuehlen.html\" rel=\"noopener\"><img decoding=\"async\" src=\"https:\/\/hawos.de\/wp-content\/uploads\/2009\/12\/wagenstaller.png\" alt=\"wagenstaller\" width=\"168\" height=\"48\" title=\"\"><\/a><strong>\u00a0 \u00a0 \u00a0 \u00a0 \u00a0 \u00a0 \u00a0<\/strong><a href=\"https:\/\/www.muehlenprofi.de\/Hawos-Getreidemuehlen\" target=\"_blank\" rel=\"noopener noreferrer\"><strong><img decoding=\"async\" src=\"https:\/\/hawos.de\/wp-content\/uploads\/2009\/12\/muehlenprofi.jpg\" alt=\"muehlenprofi\" width=\"192\" height=\"39\" title=\"\"><\/strong><\/a><\/p>\r\n<p>&nbsp;<\/p>\r\n<p><a href=\"http:\/\/www.getreidemuehlen.de\/Getreidemuehlen-Hawos\/13.html\" target=\"_blank\" rel=\"noopener noreferrer\"><strong><img decoding=\"async\" src=\"https:\/\/hawos.de\/wp-content\/uploads\/2009\/12\/getreidemuehlen.png\" alt=\"getreidemuehlen\" width=\"168\" height=\"43\" title=\"\"><\/strong><\/a>\u00a0 \u00a0 \u00a0 \u00a0<strong>\u00a0 \u00a0<\/strong>\u00a0 \u00a0 \u00a0<a href=\"https:\/\/www.famberg.de\/search\/searchpage.php5?q=hawos\" target=\"_blank\" rel=\"noopener noreferrer\"><img decoding=\"async\" src=\"https:\/\/hawos.de\/wp-content\/uploads\/2009\/12\/famberg.png\" alt=\"famberg\" width=\"170\" height=\"60\" title=\"\">\u00a0 \u00a0 \u00a0 \u00a0 \u00a0<\/a><a href=\"https:\/\/www.pastanoris.de\/catalogsearch\/result\/?q=hawos\" target=\"_blank\" rel=\"noopener noreferrer\"><img decoding=\"async\" src=\"https:\/\/hawos.de\/wp-content\/uploads\/2009\/12\/Pasta-Noris.png\" alt=\"Pasta-Noris\" width=\"160\" height=\"57\" title=\"\"><\/a><\/p>\r\n<p>\u00d6sterreich:<\/p>\r\n<p><a href=\"https:\/\/www.getreidemuehlen.at\/de\/getreidemuehlen\/hawos.html\" target=\"_blank\" rel=\"noopener noreferrer\"><img decoding=\"async\" src=\"https:\/\/hawos.de\/wp-content\/uploads\/2009\/12\/reisinger.png\" alt=\"reisinger\" width=\"168\" height=\"46\" title=\"\"><\/a><\/p>\r\n<p>Schweiz:<\/p>\r\n<p><a href=\"https:\/\/www.frohkost.ch\/\" target=\"_blank\" rel=\"noopener noreferrer\"><img decoding=\"async\" class=\"alignnone wp-image-12842 size-full\" src=\"https:\/\/hawos.de\/wp-content\/uploads\/2020\/06\/frohkost_acherschollae.png\" alt=\"frohkost.ch GmbH\" width=\"250\" height=\"42\" title=\"\"><\/a><\/p>\r\n<p>&nbsp;<\/p>\r\n<p>-Achten Sie beim Internetversandhandel auf dieses Zeichen-<\/p>\r\n<p><img decoding=\"async\" src=\"https:\/\/hawos.de\/wp-content\/uploads\/2009\/12\/hawos_zerti.gif\" alt=\"hawos_zerti\" width=\"115\" height=\"115\" title=\"\"><\/p>\r\n","protected":false},"excerpt":{"rendered":"<p>Sie k\u00f6nnen sich hawos Getreidem\u00fchlen im Reformhaus, Naturkostladen oder bei einem Fachh\u00e4ndler f\u00fcr Produkte zur gesunden Ern\u00e4hrung vorf\u00fchren lassen. Einen H\u00e4ndler in Ihrer N\u00e4he k\u00f6nnen wir Ihnen telefonisch oder per E-Mail mitteilen. Sollten Sie bereits Ihre Wunschm\u00fchle ausgesucht haben, k\u00f6nnen wir Ihnen diese auch an den H\u00e4ndler in Ihrer N\u00e4he liefern oder oft auch mitteilen, [&#8230;]\n","protected":false},"author":2,"featured_media":0,"parent":0,"menu_order":1,"comment_status":"closed","ping_status":"closed","template":"","meta":{"_acf_changed":false,"_glsr_average":0,"_glsr_ranking":0,"_glsr_reviews":0,"footnotes":""},"class_list":["post-1463","page","type-page","status-publish","hentry"],"acf":[],"_links":{"self":[{"href":"https:\/\/hawos.de\/da\/wp-json\/wp\/v2\/pages\/1463","targetHints":{"allow":["GET"]}}],"collection":[{"href":"https:\/\/hawos.de\/da\/wp-json\/wp\/v2\/pages"}],"about":[{"href":"https:\/\/hawos.de\/da\/wp-json\/wp\/v2\/types\/page"}],"author":[{"embeddable":true,"href":"https:\/\/hawos.de\/da\/wp-json\/wp\/v2\/users\/2"}],"replies":[{"embeddable":true,"href":"https:\/\/hawos.de\/da\/wp-json\/wp\/v2\/comments?post=1463"}],"version-history":[{"count":0,"href":"https:\/\/hawos.de\/da\/wp-json\/wp\/v2\/pages\/1463\/revisions"}],"wp:attachment":[{"href":"https:\/\/hawos.de\/da\/wp-json\/wp\/v2\/media?parent=1463"}],"curies":[{"name":"wp","href":"https:\/\/api.w.org\/{rel}","templated":true}]}}