{"id":1461,"date":"2009-12-07T17:51:58","date_gmt":"2009-12-07T16:51:58","guid":{"rendered":"https:\/\/wp.hawos.de\/prospekte\/"},"modified":"2020-12-03T10:54:51","modified_gmt":"2020-12-03T09:54:51","slug":"prospekte","status":"publish","type":"page","link":"https:\/\/hawos.de\/da\/prospekte\/","title":{"rendered":"Prospekte"},"content":{"rendered":"<p>Bitte w\u00e4hlen Sie ihre gew\u00fcnschte Sprache um umfassende Informationen \u00fcber unsere Produkte zu erhalten.<\/p>\n<p>Please choose your language to find detailed information about our products in our new product catalogue.<\/p>\n<table style=\"width: 592px; height: 65px;\" border=\"0\">\n<tbody style=\"text-align: left;\">\n<tr style=\"text-align: left;\">\n<td style=\"text-align: left; width: 306px;\">\n<p style=\"text-align: center;\"><img decoding=\"async\" class=\" size-full wp-image-409\" src=\"https:\/\/hawos.de\/wp-content\/uploads\/2009\/12\/muehlenkunde.jpg\" alt=\"muehlenkunde\" width=\"176\" height=\"250\" title=\"\"><\/p>\n<\/td>\n<td style=\"text-align: left; width: 270px;\"><a href=\"https:\/\/hawos.de\/wp-content\/uploads\/pdf\/prospekte\/hawos-catalogue-de.pdf\" target=\"_blank\" rel=\"noopener noreferrer\">Deutsch &#8211; German<\/a><\/p>\n<p><a href=\"https:\/\/hawos.de\/wp-content\/uploads\/pdf\/prospekte\/hawos-catalogue-en.pdf\" target=\"_blank\" rel=\"noopener noreferrer\">English<\/a><\/p>\n<p><a href=\"https:\/\/hawos.de\/wp-content\/uploads\/pdf\/prospekte\/hawos-catalogue-ru.pdf\" target=\"_blank\" rel=\"noopener noreferrer\">P\u0443\u0441\u0441\u043a\u0438\u0439 &#8211; Russian<\/a><\/p>\n<p><a href=\"https:\/\/hawos.de\/wp-content\/uploads\/pdf\/prospekte\/hawos-catalogue-da.pdf\" target=\"_blank\" rel=\"noopener noreferrer\">Dansk &#8211; Danish<\/a><\/p>\n<p><a href=\"https:\/\/hawos.de\/wp-content\/uploads\/pdf\/prospekte\/hawos-catalogue-fr.pdf\" target=\"_blank\" rel=\"noopener noreferrer\">Fran\u00e7ais &#8211; French<\/a><\/p>\n<p><a href=\"https:\/\/hawos.de\/wp-content\/uploads\/pdf\/prospekte\/hawos-catalogue-it.pdf\" target=\"_blank\" rel=\"noopener noreferrer\">Italiano &#8211; Italian<\/a><\/p>\n<p><a href=\"https:\/\/hawos.de\/wp-content\/uploads\/pdf\/prospekte\/hawos-catalogue-pt.pdf\" target=\"_blank\" rel=\"noopener noreferrer\">Portugu\u00eas &#8211; Portuguese<\/a><\/p>\n<p><a href=\"https:\/\/hawos.de\/wp-content\/uploads\/pdf\/prospekte\/hawos-catalogue-es.pdf\" target=\"_blank\" rel=\"noopener noreferrer\">Espa\u00f1ol &#8211;\u00a0Spanish<\/a><\/p>\n<p><a style=\"font-size: 13px; font-family: Verdana, Arial, Helvetica, sans-serif; line-height: normal;\" href=\"https:\/\/hawos.de\/wp-content\/uploads\/pdf\/prospekte\/hawos-catalogue-pl.pdf\" target=\"_blank\" rel=\"noopener noreferrer\">Polski &#8211; Polish<\/a><\/td>\n<\/tr>\n<\/tbody>\n<\/table>\n","protected":false},"excerpt":{"rendered":"<p>Bitte w\u00e4hlen Sie ihre gew\u00fcnschte Sprache um umfassende Informationen \u00fcber unsere Produkte zu erhalten. Please choose your language to find detailed information about our products in our new product catalogue. Deutsch &#8211; German English P\u0443\u0441\u0441\u043a\u0438\u0439 &#8211; Russian Dansk &#8211; Danish Fran\u00e7ais &#8211; French Italiano &#8211; Italian Portugu\u00eas &#8211; Portuguese Espa\u00f1ol &#8211;\u00a0Spanish Polski &#8211; Polish<\/p>\n","protected":false},"author":2,"featured_media":0,"parent":0,"menu_order":9,"comment_status":"closed","ping_status":"closed","template":"","meta":{"_acf_changed":false,"_glsr_average":0,"_glsr_ranking":0,"_glsr_reviews":0,"footnotes":""},"class_list":["post-1461","page","type-page","status-publish","hentry"],"acf":[],"_links":{"self":[{"href":"https:\/\/hawos.de\/da\/wp-json\/wp\/v2\/pages\/1461","targetHints":{"allow":["GET"]}}],"collection":[{"href":"https:\/\/hawos.de\/da\/wp-json\/wp\/v2\/pages"}],"about":[{"href":"https:\/\/hawos.de\/da\/wp-json\/wp\/v2\/types\/page"}],"author":[{"embeddable":true,"href":"https:\/\/hawos.de\/da\/wp-json\/wp\/v2\/users\/2"}],"replies":[{"embeddable":true,"href":"https:\/\/hawos.de\/da\/wp-json\/wp\/v2\/comments?post=1461"}],"version-history":[{"count":0,"href":"https:\/\/hawos.de\/da\/wp-json\/wp\/v2\/pages\/1461\/revisions"}],"wp:attachment":[{"href":"https:\/\/hawos.de\/da\/wp-json\/wp\/v2\/media?parent=1461"}],"curies":[{"name":"wp","href":"https:\/\/api.w.org\/{rel}","templated":true}]}}