{"id":1453,"date":"2007-07-07T09:54:06","date_gmt":"2007-07-07T07:54:06","guid":{"rendered":"https:\/\/wp.hawos.de\/?page_id=1453"},"modified":"2021-01-13T11:10:57","modified_gmt":"2021-01-13T10:10:57","slug":"startseite-de","status":"publish","type":"page","link":"https:\/\/hawos.de\/da\/","title":{"rendered":""},"content":{"rendered":"\n<div class=\"row\"  id=\"row-1968264185\">\n\n\n\t<div id=\"col-1522961266\" class=\"col small-12 large-12\"  >\n\t\t\t\t<div class=\"col-inner\"  >\n\t\t\t\n\t\t\t\n\n\n  <div class=\"banner has-hover has-parallax\" id=\"banner-1662764633\">\n          <div class=\"banner-inner fill\">\n        <div class=\"banner-bg fill\" data-parallax=\"-2\" data-parallax-container=\".banner\" data-parallax-background>\n            <img decoding=\"async\" width=\"900\" height=\"600\" src=\"https:\/\/hawos.de\/wp-content\/uploads\/2020\/12\/hawos-kornvaern.7.jpg\" class=\"bg attachment-large size-large\" alt=\"\" title=\"\">                        <div class=\"overlay\"><\/div>            \n                    <\/div>\n\t\t\n        <div class=\"banner-layers container\">\n            <div class=\"fill banner-link\"><\/div>            \n\n   <div id=\"text-box-1750326248\" class=\"text-box banner-layer x50 md-x50 lg-x50 y50 md-y50 lg-y50 res-text\">\n                                <div class=\"text-box-content text dark\">\n              \n              <div class=\"text-inner text-left\">\n                  \n\n\t<div id=\"text-4135841699\" class=\"text\">\n\t\t\n\n<h1>hawos kornkv\u00e6rn<\/h1>\n<p><span style=\"font-size: 180%;\"><strong><span lang=\"da\"> Perfektion og kvalitet <\/span><\/strong><\/span><\/p>\n<p><span style=\"font-size: 180%;\"><strong><span lang=\"da\">hawos st\u00e5r for h\u00e5ndarbejde af den h\u00f8jeste perfektion Det er vores filosofi &#8211; i mere end 30 \u00e5r.<\/span><\/strong><\/span><\/p>\n\t\t\n<style>\n#text-4135841699 {\n  text-align: left;\n}\n<\/style>\n\t<\/div>\n\t\n<a href=\"https:\/\/hawos.de\/da\/vare-kategori\/kornkvaern-da\/\" class=\"button white is-outline\" >\n\t\t<span>hawos shop<\/span>\n\t<\/a>\n\n\n\n              <\/div>\n           <\/div>\n                            \n<style>\n#text-box-1750326248 {\n  width: 95%;\n}\n#text-box-1750326248 .text-box-content {\n  font-size: 100%;\n}\n@media (min-width:550px) {\n  #text-box-1750326248 {\n    width: 78%;\n  }\n}\n<\/style>\n    <\/div>\n \n\n        <\/div>\n      <\/div>\n\n            \n<style>\n#banner-1662764633 {\n  padding-top: 500px;\n}\n#banner-1662764633 .overlay {\n  background-color: rgba(0, 0, 0, 0.36);\n}\n#banner-1662764633 .banner-bg img {\n  object-position: 49% 36%;\n}\n<\/style>\n  <\/div>\n\n\n<div class=\"container section-title-container\" ><h3 class=\"section-title section-title-center\"><b aria-hidden=\"true\"><\/b><span class=\"section-title-main\" style=\"color:rgb(89, 156, 138);\"><i class=\"icon-gift\" aria-hidden=\"true\"><\/i>Gratis forsendelse fra 100 euro<\/span><b aria-hidden=\"true\"><\/b><\/h3><\/div>\n\n\n\t\t<\/div>\n\t\t\t\t\t<\/div>\n\n\t\n\n\t<div id=\"col-373659942\" class=\"col small-12 large-12\"  >\n\t\t\t\t<div class=\"col-inner text-center\"  >\n\t\t\t\n\t\t\t\n\n\n  <div class=\"banner has-hover\" id=\"banner-1242088208\">\n          <div class=\"banner-inner fill\">\n        <div class=\"banner-bg fill\" >\n                                                \n                    <\/div>\n\t\t\n        <div class=\"banner-layers container\">\n            <div class=\"fill banner-link\"><\/div>            \n\n   <div id=\"text-box-34826059\" class=\"text-box banner-layer x50 md-x50 lg-x50 y50 md-y50 lg-y50 res-text\">\n                     <div data-animate=\"flipInY\">           <div class=\"text-box-content text dark\">\n              \n              <div class=\"text-inner text-center\">\n                  \n\n<h3 class=\"alt-font\">Godt nyt\u00e5r 2021<\/h3>\n<div class=\"is-divider divider clearfix\" ><\/div>\n\n<p class=\"h-large uppercase\"><span style=\"font-size: 180%;\"><strong>Gratis forsendelse fra 100 EUR<\/strong><\/span><\/p>\n<div class=\"is-divider divider clearfix\" ><\/div>\n\n<a href=\"https:\/\/hawos.de\/da\/vare\/hawos-oktagon\/\" class=\"button white is-outline\" >\n\t\t<span>hawos oktagon<\/span>\n\t<\/a>\n\n\n<a href=\"https:\/\/hawos.de\/da\/vare\/hawos-oktagon\/\" class=\"button white is-outline\" >\n\t\t<span>hawos M\u00fchle<\/span>\n\t<\/a>\n\n\n<a href=\"https:\/\/hawos.de\/da\/vare\/hawos-muehle\/\" class=\"button white is-outline\" >\n\t\t<span>hawos Queen<\/span>\n\t<\/a>\n\n\n\n              <\/div>\n           <\/div>\n       <\/div>                     \n<style>\n#text-box-34826059 {\n  width: 71%;\n}\n#text-box-34826059 .text-box-content {\n  font-size: 100%;\n}\n@media (min-width:550px) {\n  #text-box-34826059 {\n    width: 67%;\n  }\n}\n<\/style>\n    <\/div>\n \n\n        <\/div>\n      <\/div>\n\n            \n<style>\n#banner-1242088208 {\n  padding-top: 342px;\n  background-color: rgb(89, 156, 138);\n}\n<\/style>\n  <\/div>\n\n\n<div class=\"row align-right\"  id=\"row-1678619244\">\n\n\n\t<div id=\"col-1107274287\" class=\"col medium-4 small-12 large-4\"  >\n\t\t\t\t<div class=\"col-inner\"  >\n\t\t\t\n\t\t\t\n\n\n  <div class=\"banner has-hover\" id=\"banner-2112416554\">\n          <div class=\"banner-inner fill\">\n        <div class=\"banner-bg fill\" >\n            <img decoding=\"async\" width=\"533\" height=\"800\" src=\"https:\/\/hawos.de\/wp-content\/uploads\/2020\/12\/hawos-kornkvaern-533x800.jpg\" class=\"bg attachment-large size-large\" alt=\"\" title=\"\">                                    \n                    <\/div>\n\t\t\n        <div class=\"banner-layers container\">\n            <div class=\"fill banner-link\"><\/div>            \n\n\n        <\/div>\n      <\/div>\n\n            \n<style>\n#banner-2112416554 {\n  padding-top: 400px;\n}\n#banner-2112416554 .banner-bg img {\n  object-position: 39% 55%;\n}\n<\/style>\n  <\/div>\n\n\n\n\t\t<\/div>\n\t\t\t\t\t<\/div>\n\n\t\n\n\t<div id=\"col-367042022\" class=\"col medium-4 small-12 large-4\"  >\n\t\t\t\t<div class=\"col-inner\"  >\n\t\t\t\n\t\t\t\n\n\n  <div class=\"banner has-hover\" id=\"banner-60234576\">\n          <div class=\"banner-inner fill\">\n        <div class=\"banner-bg fill\" >\n            <img decoding=\"async\" width=\"533\" height=\"800\" src=\"https:\/\/hawos.de\/wp-content\/uploads\/2020\/12\/hawos-kornkavaern-2-533x800.jpg\" class=\"bg attachment-large size-large\" alt=\"\" title=\"\">                                    \n                    <\/div>\n\t\t\n        <div class=\"banner-layers container\">\n            <div class=\"fill banner-link\"><\/div>            \n\n\n        <\/div>\n      <\/div>\n\n            \n<style>\n#banner-60234576 {\n  padding-top: 400px;\n}\n<\/style>\n  <\/div>\n\n\n\n\t\t<\/div>\n\t\t\t\t\t<\/div>\n\n\t\n\n\t<div id=\"col-692192678\" class=\"col medium-4 small-12 large-4\"  >\n\t\t\t\t<div class=\"col-inner\"  >\n\t\t\t\n\t\t\t\n\n\n  <div class=\"banner has-hover\" id=\"banner-1366016437\">\n          <div class=\"banner-inner fill\">\n        <div class=\"banner-bg fill\" >\n            <img decoding=\"async\" width=\"533\" height=\"800\" src=\"https:\/\/hawos.de\/wp-content\/uploads\/2020\/12\/hawos-kornkavaern-3-533x800.jpg\" class=\"bg attachment-large size-large\" alt=\"\" title=\"\">                                    \n                    <\/div>\n\t\t\n        <div class=\"banner-layers container\">\n            <div class=\"fill banner-link\"><\/div>            \n\n\n        <\/div>\n      <\/div>\n\n            \n<style>\n#banner-1366016437 {\n  padding-top: 400px;\n}\n<\/style>\n  <\/div>\n\n\n\n\t\t<\/div>\n\t\t\t\t\t<\/div>\n\n\t\n\n<\/div>\n<h2><span style=\"font-size: 130%;\"><strong>Bra och vackert &#8211; sj\u00e4lvs\u00e4kert och starkt &#8211; l\u00e5nglivat och tyst<\/strong><\/span><\/h2>\n<p id=\"tw-target-text\" dir=\"ltr\" style=\"text-align: center;\" data-placeholder=\"\u00dcbersetzung\"><strong><span lang=\"da\">hawos kombinerer pr\u00e6cis slibeydelse og holdbarhed med tidl\u00f8st design og materialer af h\u00f8j kvalitet. Tr\u00e6et, der bruges til korpuset, kommer fra PEFC-certificerede skove (Program for Endorsement for Forest Certification Schemes), der forvaltes under overholdelse af \u00f8kologiske, sociale og \u00f8konomiske standarder.<\/span><\/strong><\/p>\n<p style=\"text-align: center;\"><strong>Hawos m\u00f8ller er velegnede til alle typer korn. Stensliberen er lavet af korund i keramik.<\/strong><\/p>\n<p id=\"tw-target-text\" class=\"tw-data-text tw-text-large XcVN5d tw-ta\" dir=\"ltr\" style=\"text-align: center;\" data-placeholder=\"\u00dcbersetzung\"><strong><span lang=\"da\">Motoren specielt udviklet til hawos er beskyttet mod overophedning med et h\u00f8jt kobberindhold og en overbelastningsafbryder. Hawos m\u00f8ller er derfor ideelt udstyret til kontinuerlig drift. De har ti \u00e5rs garanti fra k\u00f8bsdatoen.<\/span><\/strong><\/p>\n<div class=\"is-divider divider clearfix\" ><\/div>\n\n\n\t<section class=\"section dark\" id=\"section_375791759\">\n\t\t<div class=\"section-bg fill\" >\n\t\t\t<img decoding=\"async\" width=\"900\" height=\"600\" src=\"https:\/\/hawos.de\/wp-content\/uploads\/2020\/12\/glutenfree-backing.jpg\" class=\"bg attachment- size-\" alt=\"\" title=\"\">\t\t\t\t\t\t<div class=\"section-bg-overlay absolute fill\"><\/div>\n\t\t\t\n\n\t\t<\/div>\n\n\t\t\n\n\t\t<div class=\"section-content relative\">\n\t\t\t\n\n\t<div id=\"text-1647826323\" class=\"text\">\n\t\t\n\n<h4 style=\"text-align: center;\"><span style=\"font-size: 140%;\"><strong>St\u00e6rke m\u00f8ller &#8211; fint mel!<\/strong><\/span><\/h4>\n<p id=\"tw-target-text\" class=\"tw-data-text tw-text-large XcVN5d tw-ta\" dir=\"ltr\" style=\"text-align: center;\" data-placeholder=\"\u00dcbersetzung\"><strong><span lang=\"da\">Vi har bygget kornkv\u00e6rn under dette motto i mange \u00e5r. Uanset om det er den enkelte husstand eller den udvidede familie, er der en passende kornm\u00f8lle til ethvert behov, som p\u00e5lideligt vil ledsage dig i dit helf\u00f8dek\u00f8kken i mange \u00e5r. Materialer af h\u00f8j kvalitet, h\u00e5ndv\u00e6rket og vores mange \u00e5rs erfaring findes i hver af vores fabrikker. hawos kornkv\u00e6rn og flager opfylder de h\u00f8jeste kvalitetsstandarder &#8211; og de ser ogs\u00e5 godt ud. <\/span><\/strong><\/p>\n<p class=\"tw-data-text tw-text-large XcVN5d tw-ta\" dir=\"ltr\" style=\"text-align: center;\" data-placeholder=\"\u00dcbersetzung\"><strong><span lang=\"da\">Alle hawos kornkv\u00e6rn er ogs\u00e5 tilg\u00e6ngelige glutenfri.<\/span><\/strong><\/p>\n\t\t\n<style>\n#text-1647826323 {\n  text-align: center;\n}\n<\/style>\n\t<\/div>\n\t\n\n\t\t<\/div>\n\n\t\t\n<style>\n#section_375791759 {\n  padding-top: 143px;\n  padding-bottom: 143px;\n}\n#section_375791759 .section-bg-overlay {\n  background-color: rgba(0, 0, 0, 0.29);\n}\n<\/style>\n\t<\/section>\n\t\n<div class=\"row\"  id=\"row-2041407486\">\n\n\n\t<div id=\"col-1339319486\" class=\"col medium-6 small-12 large-6\"  >\n\t\t\t\t<div class=\"col-inner\"  >\n\t\t\t\n\t\t\t\n\n\t\n  \n    <div class=\"row large-columns-1 medium-columns- small-columns- row-small slider row-slider slider-nav-reveal slider-nav-push\"  data-flickity-options='{&quot;imagesLoaded&quot;: true, &quot;groupCells&quot;: &quot;100%&quot;, &quot;dragThreshold&quot; : 5, &quot;cellAlign&quot;: &quot;left&quot;,&quot;wrapAround&quot;: true,&quot;prevNextButtons&quot;: true,&quot;percentPosition&quot;: true,&quot;pageDots&quot;: false, &quot;rightToLeft&quot;: false, &quot;autoPlay&quot; : false}' >\n\n  \n\t     <div class=\"col\" >\n\t\t\t\t\t\t<div class=\"col-inner\">\n\t\t\t\t\t\t\n<div class=\"badge-container absolute left top z-1\">\n\n<\/div>\n\t\t\t\t\t\t<div class=\"product-small box has-hover box-normal box-text-bottom\">\n\t\t\t\t\t\t\t<div class=\"box-image\" >\n\t\t\t\t\t\t\t\t<div class=\"\" >\n\t\t\t\t\t\t\t\t\t<a href=\"https:\/\/hawos.de\/da\/produkte\/hawos-muehle\/\" aria-label=\"hawos M\u00fchle\">\n\t\t\t\t\t\t\t\t\t\t<img decoding=\"async\" width=\"400\" height=\"400\" src=\"https:\/\/hawos.de\/wp-content\/uploads\/2017\/04\/hawos-muehle-getreidemuehle-400x400.webp\" class=\"attachment-woocommerce_thumbnail size-woocommerce_thumbnail\" alt=\"Elektrische Getreidem\u00fchle M\u00fchle 1 und 2 von hawos\" srcset=\"https:\/\/hawos.de\/wp-content\/uploads\/2017\/04\/hawos-muehle-getreidemuehle-400x400.webp 400w, https:\/\/hawos.de\/wp-content\/uploads\/2017\/04\/hawos-muehle-getreidemuehle-800x800.webp 800w, https:\/\/hawos.de\/wp-content\/uploads\/2017\/04\/hawos-muehle-getreidemuehle-280x280.webp 280w, https:\/\/hawos.de\/wp-content\/uploads\/2017\/04\/hawos-muehle-getreidemuehle-768x768.webp 768w, https:\/\/hawos.de\/wp-content\/uploads\/2017\/04\/hawos-muehle-getreidemuehle-32x32.webp 32w, https:\/\/hawos.de\/wp-content\/uploads\/2017\/04\/hawos-muehle-getreidemuehle-510x510.webp 510w, https:\/\/hawos.de\/wp-content\/uploads\/2017\/04\/hawos-muehle-getreidemuehle-100x100.webp 100w, https:\/\/hawos.de\/wp-content\/uploads\/2017\/04\/hawos-muehle-getreidemuehle.webp 1000w\" sizes=\"(max-width: 400px) 100vw, 400px\" title=\"\">\t\t\t\t\t\t\t\t\t<\/a>\n\t\t\t\t\t\t\t\t\t\t\t\t\t\t\t\t\t\t \t\t\t\t\t\t\t\t<\/div>\n\t\t\t\t\t\t\t\t<div class=\"image-tools top right show-on-hover\">\n\t\t\t\t\t\t\t\t\t\t\t\t\t\t\t\t\t<\/div>\n\t\t\t\t\t\t\t\t\t\t\t\t\t\t\t\t\t<div class=\"image-tools grid-tools text-center hide-for-small bottom hover-slide-in show-on-hover\">\n\t\t\t\t\t\t\t\t\t\t<a href=\"#quick-view\" class=\"quick-view\" role=\"button\" data-prod=\"19165\" aria-haspopup=\"dialog\" aria-expanded=\"false\" data-flatsome-role-button>Vis<\/a>\t\t\t\t\t\t\t\t\t<\/div>\n\t\t\t\t\t\t\t\t\t\t\t\t\t\t\t\t\t\t\t\t\t\t\t<\/div>\n\n\t\t\t\t\t\t\t<div class=\"box-text text-center\" >\n\t\t\t\t\t\t\t\t<div class=\"title-wrapper\"><p class=\"name product-title woocommerce-loop-product__title\"><a href=\"https:\/\/hawos.de\/da\/produkte\/hawos-muehle\/\" class=\"woocommerce-LoopProduct-link woocommerce-loop-product__link\">hawos M\u00fchle<\/a><\/p>\n<\/div><div class=\"price-wrapper\"><div class=\"star-rating star-rating--inline\" role=\"img\" aria-label=\"Vurderet 5 ud af 5\"><span style=\"width:100%\">Vurderet <strong class=\"rating\">5<\/strong> ud af 5<\/span><\/div>\n\t<span class=\"price\"><span class=\"woocommerce-Price-amount amount\" aria-hidden=\"true\"><bdi>389<span class=\"woocommerce-Price-currencySymbol\">&euro;<\/span><\/bdi><\/span> <span aria-hidden=\"true\">&ndash;<\/span> <span class=\"woocommerce-Price-amount amount\" aria-hidden=\"true\"><bdi>489<span class=\"woocommerce-Price-currencySymbol\">&euro;<\/span><\/bdi><\/span><span class=\"screen-reader-text\">Prisinterval: 389&euro; til 489&euro;<\/span><\/span>\n<\/div>\t\t\t\t\t\t\t<\/div>\n\t\t\t\t\t\t<\/div>\n\t\t\t\t\t\t<\/div>\n\t\t\t\t\t<\/div><\/div>\n\n\n\t\t<\/div>\n\t\t\t\t\t<\/div>\n\n\t\n\n\t<div id=\"col-1982208292\" class=\"col medium-6 small-12 large-6\"  >\n\t\t\t\t<div class=\"col-inner\"  >\n\t\t\t\n\t\t\t\n\n\t\n  \n    <div class=\"row large-columns-1 medium-columns- small-columns- row-small slider row-slider slider-nav-reveal slider-nav-push\"  data-flickity-options='{&quot;imagesLoaded&quot;: true, &quot;groupCells&quot;: &quot;100%&quot;, &quot;dragThreshold&quot; : 5, &quot;cellAlign&quot;: &quot;left&quot;,&quot;wrapAround&quot;: true,&quot;prevNextButtons&quot;: true,&quot;percentPosition&quot;: true,&quot;pageDots&quot;: false, &quot;rightToLeft&quot;: false, &quot;autoPlay&quot; : false}' >\n\n  \n\t     <div class=\"col\" >\n\t\t\t\t\t\t<div class=\"col-inner\">\n\t\t\t\t\t\t\n<div class=\"badge-container absolute left top z-1\">\n\n<\/div>\n\t\t\t\t\t\t<div class=\"product-small box has-hover box-normal box-text-bottom\">\n\t\t\t\t\t\t\t<div class=\"box-image\" >\n\t\t\t\t\t\t\t\t<div class=\"\" >\n\t\t\t\t\t\t\t\t\t<a href=\"https:\/\/hawos.de\/da\/produkte\/hawos-queen\/\" aria-label=\"hawos Queen\">\n\t\t\t\t\t\t\t\t\t\t<img decoding=\"async\" width=\"400\" height=\"400\" src=\"https:\/\/hawos.de\/wp-content\/uploads\/2017\/04\/hawos-queen-elektrische-getreidemuehle-400x400.webp\" class=\"attachment-woocommerce_thumbnail size-woocommerce_thumbnail\" alt=\"hawos Queen elektrische Getreidem\u00fchle f\u00fcr zu Hause\" srcset=\"https:\/\/hawos.de\/wp-content\/uploads\/2017\/04\/hawos-queen-elektrische-getreidemuehle-400x400.webp 400w, https:\/\/hawos.de\/wp-content\/uploads\/2017\/04\/hawos-queen-elektrische-getreidemuehle-800x800.webp 800w, https:\/\/hawos.de\/wp-content\/uploads\/2017\/04\/hawos-queen-elektrische-getreidemuehle-280x280.webp 280w, https:\/\/hawos.de\/wp-content\/uploads\/2017\/04\/hawos-queen-elektrische-getreidemuehle-768x768.webp 768w, https:\/\/hawos.de\/wp-content\/uploads\/2017\/04\/hawos-queen-elektrische-getreidemuehle-32x32.webp 32w, https:\/\/hawos.de\/wp-content\/uploads\/2017\/04\/hawos-queen-elektrische-getreidemuehle-510x510.webp 510w, https:\/\/hawos.de\/wp-content\/uploads\/2017\/04\/hawos-queen-elektrische-getreidemuehle-100x100.webp 100w, https:\/\/hawos.de\/wp-content\/uploads\/2017\/04\/hawos-queen-elektrische-getreidemuehle.webp 1000w\" sizes=\"(max-width: 400px) 100vw, 400px\" title=\"\">\t\t\t\t\t\t\t\t\t<\/a>\n\t\t\t\t\t\t\t\t\t\t\t\t\t\t\t\t\t\t \t\t\t\t\t\t\t\t<\/div>\n\t\t\t\t\t\t\t\t<div class=\"image-tools top right show-on-hover\">\n\t\t\t\t\t\t\t\t\t\t\t\t\t\t\t\t\t<\/div>\n\t\t\t\t\t\t\t\t\t\t\t\t\t\t\t\t\t<div class=\"image-tools grid-tools text-center hide-for-small bottom hover-slide-in show-on-hover\">\n\t\t\t\t\t\t\t\t\t\t<a href=\"#quick-view\" class=\"quick-view\" role=\"button\" data-prod=\"19162\" aria-haspopup=\"dialog\" aria-expanded=\"false\" data-flatsome-role-button>Vis<\/a>\t\t\t\t\t\t\t\t\t<\/div>\n\t\t\t\t\t\t\t\t\t\t\t\t\t\t\t\t\t\t\t\t\t\t\t<\/div>\n\n\t\t\t\t\t\t\t<div class=\"box-text text-center\" >\n\t\t\t\t\t\t\t\t<div class=\"title-wrapper\"><p class=\"name product-title woocommerce-loop-product__title\"><a href=\"https:\/\/hawos.de\/da\/produkte\/hawos-queen\/\" class=\"woocommerce-LoopProduct-link woocommerce-loop-product__link\">hawos Queen<\/a><\/p>\n<\/div><div class=\"price-wrapper\"><div class=\"star-rating star-rating--inline\" role=\"img\" aria-label=\"Vurderet 5 ud af 5\"><span style=\"width:100%\">Vurderet <strong class=\"rating\">5<\/strong> ud af 5<\/span><\/div>\n\t<span class=\"price\"><span class=\"woocommerce-Price-amount amount\" aria-hidden=\"true\"><bdi>319<span class=\"woocommerce-Price-currencySymbol\">&euro;<\/span><\/bdi><\/span> <span aria-hidden=\"true\">&ndash;<\/span> <span class=\"woocommerce-Price-amount amount\" aria-hidden=\"true\"><bdi>419<span class=\"woocommerce-Price-currencySymbol\">&euro;<\/span><\/bdi><\/span><span class=\"screen-reader-text\">Prisinterval: 319&euro; til 419&euro;<\/span><\/span>\n<\/div>\t\t\t\t\t\t\t<\/div>\n\t\t\t\t\t\t<\/div>\n\t\t\t\t\t\t<\/div>\n\t\t\t\t\t<\/div><\/div>\n\n\n\t\t<\/div>\n\t\t\t\t\t<\/div>\n\n\t\n\n<\/div>\n<div class=\"is-divider divider clearfix\" ><\/div>\n\n  <div class=\"banner-grid-wrapper\">\n  <div id=\"banner-grid-340578899\" class=\"banner-grid row row-grid row-small\" data-packery-options=\"\">\n                      \n\n<div class=\"col grid-col small-15 large-6 grid-col-1\" ><div class=\"col-inner\">\n\n\n  <div class=\"banner has-hover\" id=\"banner-1915058708\">\n          <div class=\"banner-inner fill\">\n        <div class=\"banner-bg fill\" >\n            <img decoding=\"async\" width=\"533\" height=\"800\" src=\"https:\/\/hawos.de\/wp-content\/uploads\/2020\/12\/hawos-denmark-glasilo-5-533x800.jpg\" class=\"bg attachment-large size-large\" alt=\"\" title=\"\">                                    \n                    <\/div>\n\t\t\n        <div class=\"banner-layers container\">\n            <div class=\"fill banner-link\"><\/div>            \n\n\n        <\/div>\n      <\/div>\n\n            \n<style>\n#banner-1915058708 {\n  padding-top: 500px;\n}\n#banner-1915058708 .banner-bg img {\n  object-position: 46% 61%;\n}\n<\/style>\n  <\/div>\n\n\n\n<\/div><\/div>\n<div class=\"col grid-col small-13 large-6 grid-col-1-2\" ><div class=\"col-inner\">\n\n\n  <div class=\"banner has-hover\" id=\"banner-1521347984\">\n          <div class=\"banner-inner fill\">\n        <div class=\"banner-bg fill\" >\n                                                \n                    <\/div>\n\t\t\n        <div class=\"banner-layers container\">\n            <div class=\"fill banner-link\"><\/div>            \n\n   <div id=\"text-box-2089787931\" class=\"text-box banner-layer x50 md-x50 lg-x50 y50 md-y50 lg-y50 res-text\">\n                                <div class=\"text-box-content text dark\">\n              \n              <div class=\"text-inner text-center\">\n                  \n\n\t<div id=\"text-4085216626\" class=\"text\">\n\t\t\n\n<h2 class=\"uppercase\"><strong>HAWOS GLASSILO<\/strong><\/h2>\n<p id=\"tw-target-text\" class=\"tw-data-text tw-text-large XcVN5d tw-ta\" dir=\"ltr\" data-placeholder=\"\u00dcbersetzung\"><span lang=\"da\" style=\"font-size: 150%;\">Opbevaring og p\u00e5fyldning, hjemme eller i en butik, g\u00f8res let: hawos-glassiloer i forskellige st\u00f8rrelser til montering p\u00e5 v\u00e6ggen med afgangsbeslag i rustfrit st\u00e5l. Hygiejnisk, praktisk, elegant og kan udvides p\u00e5 mange m\u00e5der.<\/span><\/p>\n\t\t\n<style>\n#text-4085216626 {\n  text-align: left;\n}\n<\/style>\n\t<\/div>\n\t\n<a href=\"\/produkte\/hawos-glassilo\/\" class=\"button primary is-outline\" >\n\t\t<span>MEHR INFOS<\/span>\n\t<\/a>\n\n\n\n              <\/div>\n           <\/div>\n                            \n<style>\n#text-box-2089787931 {\n  width: 92%;\n}\n#text-box-2089787931 .text-box-content {\n  font-size: 100%;\n}\n@media (min-width:550px) {\n  #text-box-2089787931 {\n    width: 67%;\n  }\n}\n<\/style>\n    <\/div>\n \n\n        <\/div>\n      <\/div>\n\n            \n<style>\n#banner-1521347984 {\n  padding-top: 500px;\n  background-color: rgb(89, 156, 138);\n}\n<\/style>\n  <\/div>\n\n\n\n<\/div><\/div>\n<div class=\"col grid-col small-12 large-3 grid-col-1-2\" ><div class=\"col-inner\">\n\n\n  <div class=\"banner has-hover\" id=\"banner-350718202\">\n          <div class=\"banner-inner fill\">\n        <div class=\"banner-bg fill\" >\n            <img decoding=\"async\" width=\"533\" height=\"800\" src=\"https:\/\/hawos.de\/wp-content\/uploads\/2020\/12\/hawos-denmark-glasilo-2-533x800.jpg\" class=\"bg attachment-large size-large\" alt=\"\" title=\"\">                                    \n                    <\/div>\n\t\t\n        <div class=\"banner-layers container\">\n            <div class=\"fill banner-link\"><\/div>            \n\n\n        <\/div>\n      <\/div>\n\n            \n<style>\n#banner-350718202 {\n  padding-top: 500px;\n}\n<\/style>\n  <\/div>\n\n\n\n<\/div><\/div>\n<div class=\"col grid-col small-13 large-3 grid-col-3-4\" ><div class=\"col-inner\">\n\n\n  <div class=\"banner has-hover\" id=\"banner-1471173953\">\n          <div class=\"banner-inner fill\">\n        <div class=\"banner-bg fill\" >\n            <img decoding=\"async\" width=\"555\" height=\"800\" src=\"https:\/\/hawos.de\/wp-content\/uploads\/2020\/12\/hawos-denmark-glasilo-4-555x800.jpg\" class=\"bg attachment-large size-large\" alt=\"\" title=\"\">                                    \n                    <\/div>\n\t\t\n        <div class=\"banner-layers container\">\n            <div class=\"fill banner-link\"><\/div>            \n\n\n        <\/div>\n      <\/div>\n\n            \n<style>\n#banner-1471173953 {\n  padding-top: 500px;\n}\n<\/style>\n  <\/div>\n\n\n\n<\/div><\/div>\n<div class=\"col grid-col small-13 large-9 grid-col-1-4\" ><div class=\"col-inner\">\n\n\n  <div class=\"banner has-hover\" id=\"banner-280791490\">\n          <div class=\"banner-inner fill\">\n        <div class=\"banner-bg fill\" >\n                                                \n                    <\/div>\n\t\t\n        <div class=\"banner-layers container\">\n            <div class=\"fill banner-link\"><\/div>            \n\n   <div id=\"text-box-1182536649\" class=\"text-box banner-layer x50 md-x50 lg-x50 y50 md-y50 lg-y50 res-text\">\n                                <div class=\"text-box-content text dark\">\n              \n              <div class=\"text-inner text-center\">\n                  \n\n\t<div id=\"text-1841695751\" class=\"text\">\n\t\t\n\n<h3><span style=\"font-size: 130%;\">Vi st\u00e5r bag nul affaldsbev\u00e6gelse og er imod plastaffald og for b\u00e6redygtighed!<\/span><\/h3>\n\t\t\n<style>\n#text-1841695751 {\n  text-align: left;\n}\n<\/style>\n\t<\/div>\n\t\n\n              <\/div>\n           <\/div>\n                            \n<style>\n#text-box-1182536649 {\n  width: 92%;\n}\n#text-box-1182536649 .text-box-content {\n  font-size: 100%;\n}\n@media (min-width:550px) {\n  #text-box-1182536649 {\n    width: 81%;\n  }\n}\n<\/style>\n    <\/div>\n \n\n        <\/div>\n      <\/div>\n\n            \n<style>\n#banner-280791490 {\n  padding-top: 500px;\n  background-color: rgb(89, 156, 138);\n}\n<\/style>\n  <\/div>\n\n\n\n<\/div><\/div>\n\n            <\/div>\n    <style>\n    #banner-grid-340578899 .grid-col-1{height: 700px}\n    #banner-grid-340578899 .grid-col-1-2{height: 350px}\n    #banner-grid-340578899 .grid-col-1-3{height:233.33333333333px}\n    #banner-grid-340578899 .grid-col-2-3{height: 466.66666666667px}\n    #banner-grid-340578899 .grid-col-1-4{height: 175px}\n    #banner-grid-340578899 .grid-col-3-4{height: 525px}\n\n\n    \n    \n\n  <\/style>\n    <\/div>\n  \n\n  <div class=\"banner has-hover\" id=\"banner-1337885476\">\n          <div class=\"banner-inner fill\">\n        <div class=\"banner-bg fill\" >\n            <img decoding=\"async\" width=\"900\" height=\"600\" src=\"https:\/\/hawos.de\/wp-content\/uploads\/2020\/12\/hawos-denmark-glasilo-1.jpg\" class=\"bg attachment-large size-large\" alt=\"\" title=\"\">                                    \n                    <\/div>\n\t\t\n        <div class=\"banner-layers container\">\n            <div class=\"fill banner-link\"><\/div>            \n\n\n        <\/div>\n      <\/div>\n\n            \n<style>\n#banner-1337885476 {\n  padding-top: 500px;\n}\n<\/style>\n  <\/div>\n\n\n\n\t\t<\/div>\n\t\t\t\t\t<\/div>\n\n\t\n\n<\/div>\n\n","protected":false},"excerpt":{"rendered":"","protected":false},"author":2,"featured_media":31096,"parent":0,"menu_order":1,"comment_status":"closed","ping_status":"closed","template":"page-blank.php","meta":{"_acf_changed":false,"_glsr_average":0,"_glsr_ranking":0,"_glsr_reviews":0,"footnotes":""},"class_list":["post-1453","page","type-page","status-publish","has-post-thumbnail","hentry"],"acf":[],"_links":{"self":[{"href":"https:\/\/hawos.de\/da\/wp-json\/wp\/v2\/pages\/1453","targetHints":{"allow":["GET"]}}],"collection":[{"href":"https:\/\/hawos.de\/da\/wp-json\/wp\/v2\/pages"}],"about":[{"href":"https:\/\/hawos.de\/da\/wp-json\/wp\/v2\/types\/page"}],"author":[{"embeddable":true,"href":"https:\/\/hawos.de\/da\/wp-json\/wp\/v2\/users\/2"}],"replies":[{"embeddable":true,"href":"https:\/\/hawos.de\/da\/wp-json\/wp\/v2\/comments?post=1453"}],"version-history":[{"count":0,"href":"https:\/\/hawos.de\/da\/wp-json\/wp\/v2\/pages\/1453\/revisions"}],"wp:featuredmedia":[{"embeddable":true,"href":"https:\/\/hawos.de\/da\/wp-json\/wp\/v2\/media\/31096"}],"wp:attachment":[{"href":"https:\/\/hawos.de\/da\/wp-json\/wp\/v2\/media?parent=1453"}],"curies":[{"name":"wp","href":"https:\/\/api.w.org\/{rel}","templated":true}]}}